{"id":11,"date":"2024-11-24T02:08:14","date_gmt":"2024-11-24T02:08:14","guid":{"rendered":"https:\/\/wp.ull.es\/fpiem\/?page_id=11"},"modified":"2026-03-27T18:55:21","modified_gmt":"2026-03-27T18:55:21","slug":"portada","status":"publish","type":"page","link":"https:\/\/wp.ull.es\/fpiem\/","title":{"rendered":"PORTADA"},"content":{"rendered":"\n<div class=\"wp-block-group is-nowrap is-layout-flex wp-container-core-group-is-layout-ad2f72ca wp-block-group-is-layout-flex\">\n<h2 class=\"wp-block-heading\">N\u00famero m\u00e1s reciente:<\/h2>\n<\/div>\n\n\n\n<div class=\"wp-block-media-text has-media-on-the-right is-stacked-on-mobile\" style=\"grid-template-columns:auto 34%\"><div class=\"wp-block-media-text__content\">\n<h2 class=\"wp-block-heading\">VOLUMEN XVII<\/h2>\n\n\n\n<p>Este nuevo volumen de nuestra revista incorpora ocho trabajos de investigaci\u00f3n que son parte de los resultados de otras tantas investigaciones que se desarrollan en la actualidad y que han sido debatidas previamente durante la presentaci\u00f3n de las comunicaciones expuestas en la Decimoctava Reuni\u00f3n Interuniversitaria sobre Formaci\u00f3n del Profesorado e Investigaci\u00f3n en Educaci\u00f3n Matem\u00e1tica. Este a\u00f1o, la citada reuni\u00f3n se celebr\u00f3 en mayo de 2025, los d\u00edas 9 y 10, en el Seminario del Departamento de An\u00e1lisis Matem\u00e1tico de la Universidad de La Laguna, formando parte de la IV Semana de Investigaci\u00f3n Educativa. Los trabajos publicados incorporan algunas aportaciones y sugerencias del Comit\u00e9 Cient\u00edfico de las Jornadas que actu\u00f3 de \u00e1rbitro en los trabajos presentados, posteriores a su presentaci\u00f3n. En esta ocasi\u00f3n, particip\u00f3 en el evento el Doctor Fernando Hitt Espinosa (Universit\u00e9 du Qu\u00e9bec \u00e0 Montreal, Canad\u00e1), investigador de reconocido prestigio que ha colaborado en los \u00faltimos cinco a\u00f1os con el Grupo de Investigaci\u00f3n consolidado de la ULL Formulaci\u00f3n, Resoluci\u00f3n de Problemas y Tecnolog\u00eda en la Ense\u00f1anza y Aprendizaje de las Matem\u00e1ticas (FOREyTEAM).<\/p>\n<\/div><figure class=\"wp-block-media-text__media\"><img fetchpriority=\"high\" decoding=\"async\" width=\"736\" height=\"1024\" src=\"https:\/\/wp.ull.es\/fpiem\/wp-content\/uploads\/sites\/158\/2026\/03\/Portada-vol-17-1-pag.jpg\" alt=\"Portada del Vol. XVII\" class=\"wp-image-1102 size-full\" srcset=\"https:\/\/wp.ull.es\/fpiem\/wp-content\/uploads\/sites\/158\/2026\/03\/Portada-vol-17-1-pag.jpg 736w, https:\/\/wp.ull.es\/fpiem\/wp-content\/uploads\/sites\/158\/2026\/03\/Portada-vol-17-1-pag-216x300.jpg 216w, https:\/\/wp.ull.es\/fpiem\/wp-content\/uploads\/sites\/158\/2026\/03\/Portada-vol-17-1-pag-100x139.jpg 100w, https:\/\/wp.ull.es\/fpiem\/wp-content\/uploads\/sites\/158\/2026\/03\/Portada-vol-17-1-pag-150x209.jpg 150w, https:\/\/wp.ull.es\/fpiem\/wp-content\/uploads\/sites\/158\/2026\/03\/Portada-vol-17-1-pag-200x278.jpg 200w, https:\/\/wp.ull.es\/fpiem\/wp-content\/uploads\/sites\/158\/2026\/03\/Portada-vol-17-1-pag-300x417.jpg 300w, https:\/\/wp.ull.es\/fpiem\/wp-content\/uploads\/sites\/158\/2026\/03\/Portada-vol-17-1-pag-450x626.jpg 450w, https:\/\/wp.ull.es\/fpiem\/wp-content\/uploads\/sites\/158\/2026\/03\/Portada-vol-17-1-pag-600x835.jpg 600w\" sizes=\"(max-width: 736px) 100vw, 736px\" \/><\/figure><\/div>\n\n\n\n<div class=\"wp-block-buttons is-content-justification-center is-layout-flex wp-container-core-buttons-is-layout-16018d1d wp-block-buttons-is-layout-flex\">\n<div class=\"wp-block-button\"><a class=\"wp-block-button__link wp-element-button\">Ver el volumen \u25ba<\/a><\/div>\n<\/div>\n\n\n\n<p><\/p>\n","protected":false},"excerpt":{"rendered":"<p>N\u00famero m\u00e1s reciente: VOLUMEN XVII Este nuevo volumen de nuestra revista incorpora ocho trabajos de investigaci\u00f3n que son parte de los resultados de otras tantas investigaciones que se desarrollan en la actualidad y que han sido debatidas previamente durante la &hellip;<\/p>\n<p class=\"read-more\"> <a class=\"more-link\" href=\"https:\/\/wp.ull.es\/fpiem\/\"> <span class=\"screen-reader-text\">PORTADA<\/span> Leer m\u00e1s \u00bb<\/a><\/p>\n","protected":false},"author":394,"featured_media":0,"parent":0,"menu_order":0,"comment_status":"closed","ping_status":"closed","template":"","meta":{"footnotes":""},"class_list":["post-11","page","type-page","status-publish","hentry"],"_links":{"self":[{"href":"https:\/\/wp.ull.es\/fpiem\/wp-json\/wp\/v2\/pages\/11","targetHints":{"allow":["GET"]}}],"collection":[{"href":"https:\/\/wp.ull.es\/fpiem\/wp-json\/wp\/v2\/pages"}],"about":[{"href":"https:\/\/wp.ull.es\/fpiem\/wp-json\/wp\/v2\/types\/page"}],"author":[{"embeddable":true,"href":"https:\/\/wp.ull.es\/fpiem\/wp-json\/wp\/v2\/users\/394"}],"replies":[{"embeddable":true,"href":"https:\/\/wp.ull.es\/fpiem\/wp-json\/wp\/v2\/comments?post=11"}],"version-history":[{"count":3,"href":"https:\/\/wp.ull.es\/fpiem\/wp-json\/wp\/v2\/pages\/11\/revisions"}],"predecessor-version":[{"id":1125,"href":"https:\/\/wp.ull.es\/fpiem\/wp-json\/wp\/v2\/pages\/11\/revisions\/1125"}],"wp:attachment":[{"href":"https:\/\/wp.ull.es\/fpiem\/wp-json\/wp\/v2\/media?parent=11"}],"curies":[{"name":"wp","href":"https:\/\/api.w.org\/{rel}","templated":true}]}}