{"id":50,"date":"2021-07-13T09:15:09","date_gmt":"2021-07-13T09:15:09","guid":{"rendered":"https:\/\/wp.ull.es\/fjvargas\/?page_id=50"},"modified":"2021-07-15T16:38:18","modified_gmt":"2021-07-15T15:38:18","slug":"patentes","status":"publish","type":"page","link":"https:\/\/wp.ull.es\/fjvargas\/patentes\/","title":{"rendered":"Patentes"},"content":{"rendered":"\n<div class=\"wp-block-columns is-layout-flex wp-container-core-columns-is-layout-9d6595d7 wp-block-columns-is-layout-flex\">\n<div class=\"wp-block-column is-layout-flow wp-block-column-is-layout-flow\">\n<div class=\"wp-block-columns is-layout-flex wp-container-core-columns-is-layout-9d6595d7 wp-block-columns-is-layout-flex\">\n<div class=\"wp-block-column is-layout-flow wp-block-column-is-layout-flow\">\n<p class=\"has-text-align-left\">1. <a href=\"https:\/\/consultas2.oepm.es\/pdf\/ES\/0000\/000\/02\/37\/76\/ES-2377689_B2.pdf\">Material que emite luz blanca y sintoniza el color&nbsp;<\/a>(2010)<\/p>\n\n\n\n<figure class=\"wp-block-image\"><img decoding=\"async\" width=\"312\" height=\"162\" src=\"https:\/\/wp.ull.es\/fjvargas\/wp-content\/uploads\/sites\/100\/2021\/07\/OEPM.jpeg\" alt=\"\" class=\"wp-image-174\" srcset=\"https:\/\/wp.ull.es\/fjvargas\/wp-content\/uploads\/sites\/100\/2021\/07\/OEPM.jpeg 312w, https:\/\/wp.ull.es\/fjvargas\/wp-content\/uploads\/sites\/100\/2021\/07\/OEPM-300x156.jpeg 300w\" sizes=\"(max-width: 312px) 100vw, 312px\" \/><\/figure>\n<\/div>\n\n\n\n<div class=\"wp-block-column is-layout-flow wp-block-column-is-layout-flow\">\n<p>2.&nbsp;<a href=\"http:\/\/www.oepm.es\/pdf\/ES\/0000\/000\/02\/37\/76\/ES-2377689_B2.pdf\">Material que convierte simult\u00e1neamente energ\u00eda UV e IR a Visible<\/a>&nbsp;(2012)<\/p>\n\n\n\n<figure class=\"wp-block-image\"><img decoding=\"async\" width=\"312\" height=\"162\" src=\"https:\/\/wp.ull.es\/fjvargas\/wp-content\/uploads\/sites\/100\/2021\/07\/OEPM.jpeg\" alt=\"\" class=\"wp-image-174\" srcset=\"https:\/\/wp.ull.es\/fjvargas\/wp-content\/uploads\/sites\/100\/2021\/07\/OEPM.jpeg 312w, https:\/\/wp.ull.es\/fjvargas\/wp-content\/uploads\/sites\/100\/2021\/07\/OEPM-300x156.jpeg 300w\" sizes=\"(max-width: 312px) 100vw, 312px\" \/><\/figure>\n<\/div>\n<\/div>\n<\/div>\n<\/div>\n\n\n\n<div class=\"wp-block-columns is-layout-flex wp-container-core-columns-is-layout-9d6595d7 wp-block-columns-is-layout-flex\">\n<div class=\"wp-block-column is-layout-flow wp-block-column-is-layout-flow\">\n<p class=\"has-text-align-left\">3. <a href=\"http:\/\/www.oepm.es\/pdf\/ES\/0000\/000\/02\/44\/67\/ES-2446719_B1.pdf\">Sistema para el aumento de la eficiencia en la producci\u00f3n de hidr\u00f3geno a trav\u00e9s de la fot\u00f3lisis del agua en una c\u00e9lula foto electroqu\u00edmica ampliando el rango de respuesta espectral del semiconductor catal\u00edtico<\/a> (2015)&nbsp;&nbsp;<\/p>\n\n\n\n<figure class=\"wp-block-image\"><img decoding=\"async\" width=\"312\" height=\"162\" src=\"https:\/\/wp.ull.es\/fjvargas\/wp-content\/uploads\/sites\/100\/2021\/07\/OEPM.jpeg\" alt=\"\" class=\"wp-image-174\" srcset=\"https:\/\/wp.ull.es\/fjvargas\/wp-content\/uploads\/sites\/100\/2021\/07\/OEPM.jpeg 312w, https:\/\/wp.ull.es\/fjvargas\/wp-content\/uploads\/sites\/100\/2021\/07\/OEPM-300x156.jpeg 300w\" sizes=\"(max-width: 312px) 100vw, 312px\" \/><\/figure>\n<\/div>\n\n\n\n<div class=\"wp-block-column is-layout-flow wp-block-column-is-layout-flow\">\n<p>4. <a href=\"http:\/\/www.oepm.es\/pdf\/ES\/0000\/000\/02\/56\/94\/ES-2569412_B2.pdf\">Material que genera luz blanca a partir de radiaci\u00f3n ultravioleta&nbsp; <\/a>(2016)<\/p>\n\n\n\n<figure class=\"wp-block-image\"><img decoding=\"async\" width=\"312\" height=\"162\" src=\"https:\/\/wp.ull.es\/fjvargas\/wp-content\/uploads\/sites\/100\/2021\/07\/OEPM.jpeg\" alt=\"\" class=\"wp-image-174\" srcset=\"https:\/\/wp.ull.es\/fjvargas\/wp-content\/uploads\/sites\/100\/2021\/07\/OEPM.jpeg 312w, https:\/\/wp.ull.es\/fjvargas\/wp-content\/uploads\/sites\/100\/2021\/07\/OEPM-300x156.jpeg 300w\" sizes=\"(max-width: 312px) 100vw, 312px\" \/><\/figure>\n<\/div>\n<\/div>\n","protected":false},"excerpt":{"rendered":"<p>1. Material que emite luz blanca y sintoniza el color&nbsp;(2010) 2.&nbsp;Material que convierte simult\u00e1neamente energ\u00eda UV e IR a Visible&nbsp;(2012) 3. Sistema para el aumento de la eficiencia en la producci\u00f3n de hidr\u00f3geno a trav\u00e9s de la fot\u00f3lisis del agua en una c\u00e9lula foto electroqu\u00edmica ampliando el rango de respuesta espectral del semiconductor catal\u00edtico (2015)&nbsp;&nbsp; [&hellip;]<\/p>\n","protected":false},"author":254,"featured_media":0,"parent":0,"menu_order":0,"comment_status":"closed","ping_status":"closed","template":"","meta":{"ngg_post_thumbnail":0,"footnotes":""},"class_list":["post-50","page","type-page","status-publish","hentry"],"_links":{"self":[{"href":"https:\/\/wp.ull.es\/fjvargas\/wp-json\/wp\/v2\/pages\/50","targetHints":{"allow":["GET"]}}],"collection":[{"href":"https:\/\/wp.ull.es\/fjvargas\/wp-json\/wp\/v2\/pages"}],"about":[{"href":"https:\/\/wp.ull.es\/fjvargas\/wp-json\/wp\/v2\/types\/page"}],"author":[{"embeddable":true,"href":"https:\/\/wp.ull.es\/fjvargas\/wp-json\/wp\/v2\/users\/254"}],"replies":[{"embeddable":true,"href":"https:\/\/wp.ull.es\/fjvargas\/wp-json\/wp\/v2\/comments?post=50"}],"version-history":[{"count":1,"href":"https:\/\/wp.ull.es\/fjvargas\/wp-json\/wp\/v2\/pages\/50\/revisions"}],"predecessor-version":[{"id":176,"href":"https:\/\/wp.ull.es\/fjvargas\/wp-json\/wp\/v2\/pages\/50\/revisions\/176"}],"wp:attachment":[{"href":"https:\/\/wp.ull.es\/fjvargas\/wp-json\/wp\/v2\/media?parent=50"}],"curies":[{"name":"wp","href":"https:\/\/api.w.org\/{rel}","templated":true}]}}