{"id":30,"date":"2021-07-13T08:37:39","date_gmt":"2021-07-13T08:37:39","guid":{"rendered":"https:\/\/wp.ull.es\/fjvargas\/?page_id=30"},"modified":"2021-09-28T12:05:45","modified_gmt":"2021-09-28T11:05:45","slug":"docencia","status":"publish","type":"page","link":"https:\/\/wp.ull.es\/fjvargas\/docencia\/","title":{"rendered":"Docencia"},"content":{"rendered":"\n<p><strong><em>Tutor\u00edas<\/em><\/strong>: martes, mi\u00e9rcoles y jueves: 12.00-14.00h<\/p>\n\n\n\n<p>Presencial: Despacho 25, 4\u00aa Planta o Lab Nanomateriales, planta 0 Edif F\u00edsica-Matem\u00e1ticas<\/p>\n\n\n\n<p>Virtual: Google Meet (previa cita fjvargas@ull.edu.es)<\/p>\n\n\n\n<p><\/p>\n\n\n\n<p><strong><em>Docencia<\/em><\/strong>:<br><a href=\"https:\/\/campusvirtual.ull.es\/\">F\u00edsica II<\/a>\u00a0(1<sup>er<\/sup>\u00a0Curso,  2\u00ba\u00a0Cuatrimestre, Grado Ingenier\u00eda Electr\u00f3nica Industrial y Autom\u00e1tica, ULL)<\/p>\n\n\n\n<p><a href=\"https:\/\/campusvirtual.ull.es\/\">F\u00edsica I\u00a0<\/a>(1<sup>er<\/sup>\u00a0Curso,  1<sup>er<\/sup>\u00a0Cuatrimestre, Grado Ingenier\u00eda Qu\u00edmica Industrial, ULL)<\/p>\n\n\n\n<p><a href=\"https:\/\/campusvirtual.ull.es\/\">T\u00e9cnicas de Obtenci\u00f3n y Caracterizaci\u00f3n de Materiales<\/a>\u00a0(4\u00ba Curso, 2\u00ba\u00a0Cuatrimestre, Grado de F\u00edsica, ULL)<\/p>\n\n\n\n<p><a href=\"https:\/\/campusdoctoradoyposgrado.ull.es\/my\/\">Laboratorio II. S\u00edntesis y caracterizaci\u00f3n de Materiales Avanzados<\/a>. (2\u00ba Curso, 1<sup>er<\/sup>\u00a0Cuatrimestre ,M\u00e1ster Astrof\u00edsica)<\/p>\n\n\n\n<p><\/p>\n","protected":false},"excerpt":{"rendered":"<p>Tutor\u00edas: martes, mi\u00e9rcoles y jueves: 12.00-14.00h Presencial: Despacho 25, 4\u00aa Planta o Lab Nanomateriales, planta 0 Edif F\u00edsica-Matem\u00e1ticas Virtual: Google Meet (previa cita fjvargas@ull.edu.es) Docencia:F\u00edsica II\u00a0(1er\u00a0Curso, 2\u00ba\u00a0Cuatrimestre, Grado Ingenier\u00eda Electr\u00f3nica Industrial y Autom\u00e1tica, ULL) F\u00edsica I\u00a0(1er\u00a0Curso, 1er\u00a0Cuatrimestre, Grado Ingenier\u00eda Qu\u00edmica Industrial, ULL) T\u00e9cnicas de Obtenci\u00f3n y Caracterizaci\u00f3n de Materiales\u00a0(4\u00ba Curso, 2\u00ba\u00a0Cuatrimestre, Grado de F\u00edsica, ULL) [&hellip;]<\/p>\n","protected":false},"author":254,"featured_media":0,"parent":0,"menu_order":0,"comment_status":"closed","ping_status":"closed","template":"","meta":{"ngg_post_thumbnail":0,"footnotes":""},"class_list":["post-30","page","type-page","status-publish","hentry"],"_links":{"self":[{"href":"https:\/\/wp.ull.es\/fjvargas\/wp-json\/wp\/v2\/pages\/30","targetHints":{"allow":["GET"]}}],"collection":[{"href":"https:\/\/wp.ull.es\/fjvargas\/wp-json\/wp\/v2\/pages"}],"about":[{"href":"https:\/\/wp.ull.es\/fjvargas\/wp-json\/wp\/v2\/types\/page"}],"author":[{"embeddable":true,"href":"https:\/\/wp.ull.es\/fjvargas\/wp-json\/wp\/v2\/users\/254"}],"replies":[{"embeddable":true,"href":"https:\/\/wp.ull.es\/fjvargas\/wp-json\/wp\/v2\/comments?post=30"}],"version-history":[{"count":1,"href":"https:\/\/wp.ull.es\/fjvargas\/wp-json\/wp\/v2\/pages\/30\/revisions"}],"predecessor-version":[{"id":246,"href":"https:\/\/wp.ull.es\/fjvargas\/wp-json\/wp\/v2\/pages\/30\/revisions\/246"}],"wp:attachment":[{"href":"https:\/\/wp.ull.es\/fjvargas\/wp-json\/wp\/v2\/media?parent=30"}],"curies":[{"name":"wp","href":"https:\/\/api.w.org\/{rel}","templated":true}]}}