{"id":26,"date":"2021-07-13T08:36:41","date_gmt":"2021-07-13T08:36:41","guid":{"rendered":"https:\/\/wp.ull.es\/fjvargas\/?page_id=26"},"modified":"2021-09-28T11:44:20","modified_gmt":"2021-09-28T10:44:20","slug":"proyectos","status":"publish","type":"page","link":"https:\/\/wp.ull.es\/fjvargas\/proyectos\/","title":{"rendered":"Proyectos"},"content":{"rendered":"\n<ol class=\"wp-block-list\"><li>ProID2021010027. <strong>MAGEC REEmounts<\/strong>: Materiales para generaci\u00f3n de energ\u00eda, cat\u00e1lisis y fotos\u00edntesis artificial en Canarias y exploraci\u00f3n de tierras raras en carbonatitas suba\u00e9reas y en montes submarinos. Consejer\u00eda de Econom\u00eda, Conocimiento y Empleo, Gobierno de Canarias. (Miembro del equipo de Investigaci\u00f3n) (Mayo 2021-Abril 2023). <\/li><li><strong>NA<\/strong>nomateriales Luminiscentes para <strong>C<\/strong>recimiento <strong>SOS<\/strong>tenible con arquitectura \u00abCore-Shell\u00bb (<strong>NACSOS<\/strong>). IP Francisco Javier del Castillo Vargas (Septiembre 2020-Septiembre 2021)<\/li><li>MAT2014-57551-R. Nanomateriales Luminiscentes Foto-conversores para dispositivos generadores de luz blanca (Ministerio de Econom\u00eda y Competitividad MINECO <strong>W-LEDs<\/strong>) IP Francisco Javier del Castillo Vargas (Enero 2015-Septiembre 2017)<\/li><\/ol>\n\n\n\n<p><\/p>\n","protected":false},"excerpt":{"rendered":"<p>ProID2021010027. MAGEC REEmounts: Materiales para generaci\u00f3n de energ\u00eda, cat\u00e1lisis y fotos\u00edntesis artificial en Canarias y exploraci\u00f3n de tierras raras en carbonatitas suba\u00e9reas y en montes submarinos. Consejer\u00eda de Econom\u00eda, Conocimiento y Empleo, Gobierno de Canarias. (Miembro del equipo de Investigaci\u00f3n) (Mayo 2021-Abril 2023). NAnomateriales Luminiscentes para Crecimiento SOStenible con arquitectura \u00abCore-Shell\u00bb (NACSOS). IP Francisco Javier [&hellip;]<\/p>\n","protected":false},"author":254,"featured_media":0,"parent":0,"menu_order":0,"comment_status":"closed","ping_status":"closed","template":"","meta":{"ngg_post_thumbnail":0,"footnotes":""},"class_list":["post-26","page","type-page","status-publish","hentry"],"_links":{"self":[{"href":"https:\/\/wp.ull.es\/fjvargas\/wp-json\/wp\/v2\/pages\/26","targetHints":{"allow":["GET"]}}],"collection":[{"href":"https:\/\/wp.ull.es\/fjvargas\/wp-json\/wp\/v2\/pages"}],"about":[{"href":"https:\/\/wp.ull.es\/fjvargas\/wp-json\/wp\/v2\/types\/page"}],"author":[{"embeddable":true,"href":"https:\/\/wp.ull.es\/fjvargas\/wp-json\/wp\/v2\/users\/254"}],"replies":[{"embeddable":true,"href":"https:\/\/wp.ull.es\/fjvargas\/wp-json\/wp\/v2\/comments?post=26"}],"version-history":[{"count":1,"href":"https:\/\/wp.ull.es\/fjvargas\/wp-json\/wp\/v2\/pages\/26\/revisions"}],"predecessor-version":[{"id":230,"href":"https:\/\/wp.ull.es\/fjvargas\/wp-json\/wp\/v2\/pages\/26\/revisions\/230"}],"wp:attachment":[{"href":"https:\/\/wp.ull.es\/fjvargas\/wp-json\/wp\/v2\/media?parent=26"}],"curies":[{"name":"wp","href":"https:\/\/api.w.org\/{rel}","templated":true}]}}