{"id":2,"date":"2021-07-05T09:27:26","date_gmt":"2021-07-05T09:27:26","guid":{"rendered":"https:\/\/wp.ull.es\/fjvargas\/?page_id=2"},"modified":"2022-01-25T17:44:48","modified_gmt":"2022-01-25T17:44:48","slug":"pagina-ejemplo","status":"publish","type":"page","link":"https:\/\/wp.ull.es\/fjvargas\/","title":{"rendered":"L\u00edneas de investigaci\u00f3n"},"content":{"rendered":"\n<div class=\"wp-block-columns is-layout-flex wp-container-core-columns-is-layout-9d6595d7 wp-block-columns-is-layout-flex\">\n<div class=\"wp-block-column is-layout-flow wp-block-column-is-layout-flow\">\n<ul class=\"wp-block-list\" id=\"block-980ff2f7-632b-415b-8df5-819ddba05ec1\"><li>Materiales luminiscentes (vitrocer\u00e1micos, nanopart\u00edculas,..)<\/li><li>S\u00edntesis hidrotermal, m\u00e9todo sol-gel, m\u00e9todo de co-precipitaci\u00f3n<\/li><li>Espectroscopia \u00d3ptica (UV-Visible-IR), Absorci\u00f3n, Medidas de fluorescencia.<\/li><li>T\u00e9cnicas de caracterizaci\u00f3n: Difracci\u00f3n de rayos X, An\u00e1lisis T\u00e9rmico: TG-DTA-DSC, Microscop\u00eda Electr\u00f3nica de Transmisi\u00f3n TEM-HRTEM, EDS.<\/li><\/ul>\n<\/div>\n\n\n\n<div class=\"wp-block-column is-layout-flow wp-block-column-is-layout-flow\">\n<div class=\"wp-block-columns is-layout-flex wp-container-core-columns-is-layout-9d6595d7 wp-block-columns-is-layout-flex\">\n<div class=\"wp-block-column is-layout-flow wp-block-column-is-layout-flow\" style=\"flex-basis:100%\">\n<div class=\"wp-block-columns is-layout-flex wp-container-core-columns-is-layout-9d6595d7 wp-block-columns-is-layout-flex\">\n<div class=\"wp-block-column is-vertically-aligned-top is-layout-flow wp-block-column-is-layout-flow\" style=\"flex-basis:100%\">\n<div class=\"wp-block-group\"><div class=\"wp-block-group__inner-container is-layout-flow wp-block-group-is-layout-flow\">\n<div class=\"wp-block-group\"><div class=\"wp-block-group__inner-container is-layout-flow wp-block-group-is-layout-flow\">\nngg_shortcode_0_placeholder\n<\/div><\/div>\n<\/div><\/div>\n<\/div>\n<\/div>\n<\/div>\n<\/div>\n<\/div>\n<\/div>\n","protected":false},"excerpt":{"rendered":"<p>Materiales luminiscentes (vitrocer\u00e1micos, nanopart\u00edculas,..) S\u00edntesis hidrotermal, m\u00e9todo sol-gel, m\u00e9todo de co-precipitaci\u00f3n Espectroscopia \u00d3ptica (UV-Visible-IR), Absorci\u00f3n, Medidas de fluorescencia. T\u00e9cnicas de caracterizaci\u00f3n: Difracci\u00f3n de rayos X, An\u00e1lisis T\u00e9rmico: TG-DTA-DSC, Microscop\u00eda Electr\u00f3nica de Transmisi\u00f3n TEM-HRTEM, EDS.<\/p>\n","protected":false},"author":254,"featured_media":0,"parent":0,"menu_order":0,"comment_status":"closed","ping_status":"open","template":"","meta":{"ngg_post_thumbnail":0,"footnotes":""},"class_list":["post-2","page","type-page","status-publish","hentry"],"_links":{"self":[{"href":"https:\/\/wp.ull.es\/fjvargas\/wp-json\/wp\/v2\/pages\/2","targetHints":{"allow":["GET"]}}],"collection":[{"href":"https:\/\/wp.ull.es\/fjvargas\/wp-json\/wp\/v2\/pages"}],"about":[{"href":"https:\/\/wp.ull.es\/fjvargas\/wp-json\/wp\/v2\/types\/page"}],"author":[{"embeddable":true,"href":"https:\/\/wp.ull.es\/fjvargas\/wp-json\/wp\/v2\/users\/254"}],"replies":[{"embeddable":true,"href":"https:\/\/wp.ull.es\/fjvargas\/wp-json\/wp\/v2\/comments?post=2"}],"version-history":[{"count":1,"href":"https:\/\/wp.ull.es\/fjvargas\/wp-json\/wp\/v2\/pages\/2\/revisions"}],"predecessor-version":[{"id":272,"href":"https:\/\/wp.ull.es\/fjvargas\/wp-json\/wp\/v2\/pages\/2\/revisions\/272"}],"wp:attachment":[{"href":"https:\/\/wp.ull.es\/fjvargas\/wp-json\/wp\/v2\/media?parent=2"}],"curies":[{"name":"wp","href":"https:\/\/api.w.org\/{rel}","templated":true}]}}