{"id":133,"date":"2021-07-13T12:06:31","date_gmt":"2021-07-13T12:06:31","guid":{"rendered":"https:\/\/wp.ull.es\/fjvargas\/?page_id=133"},"modified":"2021-09-28T12:55:40","modified_gmt":"2021-09-28T11:55:40","slug":"a-carlos-yanes-hernandez","status":"publish","type":"page","link":"https:\/\/wp.ull.es\/fjvargas\/a-carlos-yanes-hernandez\/","title":{"rendered":"A. Carlos Yanes Hern\u00e1ndez"},"content":{"rendered":"\n<p>Coordinador del Grupo de F\u00edsica de Materiales<\/p>\n\n\n\n<p>Catedr\u00e1tico de Universidad<\/p>\n\n\n\n<p>Departamento F\u00edsica <br>\u00c1rea F\u00edsica Aplicada<br>Despacho 35, 4\u00aa Planta Edif F\u00edsica-Matem\u00e1ticas<\/p>\n\n\n\n<p>e-mail: ayanesh@ull.edu.es<\/p>\n","protected":false},"excerpt":{"rendered":"<p>Coordinador del Grupo de F\u00edsica de Materiales Catedr\u00e1tico de Universidad Departamento F\u00edsica \u00c1rea F\u00edsica AplicadaDespacho 35, 4\u00aa Planta Edif F\u00edsica-Matem\u00e1ticas e-mail: ayanesh@ull.edu.es<\/p>\n","protected":false},"author":254,"featured_media":0,"parent":0,"menu_order":0,"comment_status":"closed","ping_status":"closed","template":"","meta":{"ngg_post_thumbnail":0,"footnotes":""},"class_list":["post-133","page","type-page","status-publish","hentry"],"_links":{"self":[{"href":"https:\/\/wp.ull.es\/fjvargas\/wp-json\/wp\/v2\/pages\/133","targetHints":{"allow":["GET"]}}],"collection":[{"href":"https:\/\/wp.ull.es\/fjvargas\/wp-json\/wp\/v2\/pages"}],"about":[{"href":"https:\/\/wp.ull.es\/fjvargas\/wp-json\/wp\/v2\/types\/page"}],"author":[{"embeddable":true,"href":"https:\/\/wp.ull.es\/fjvargas\/wp-json\/wp\/v2\/users\/254"}],"replies":[{"embeddable":true,"href":"https:\/\/wp.ull.es\/fjvargas\/wp-json\/wp\/v2\/comments?post=133"}],"version-history":[{"count":2,"href":"https:\/\/wp.ull.es\/fjvargas\/wp-json\/wp\/v2\/pages\/133\/revisions"}],"predecessor-version":[{"id":269,"href":"https:\/\/wp.ull.es\/fjvargas\/wp-json\/wp\/v2\/pages\/133\/revisions\/269"}],"wp:attachment":[{"href":"https:\/\/wp.ull.es\/fjvargas\/wp-json\/wp\/v2\/media?parent=133"}],"curies":[{"name":"wp","href":"https:\/\/api.w.org\/{rel}","templated":true}]}}