{"id":2,"date":"2020-05-29T07:20:27","date_gmt":"2020-05-29T07:20:27","guid":{"rendered":"https:\/\/wp.ull.es\/evaluacion\/?page_id=2"},"modified":"2021-05-05T08:42:48","modified_gmt":"2021-05-05T08:42:48","slug":"pagina-ejemplo","status":"publish","type":"page","link":"https:\/\/wp.ull.es\/evaluaciones\/","title":{"rendered":"Incidencias durante proceso de Evaluaci\u00f3n ULL"},"content":{"rendered":"\n<p>Mensaje para el Profesorado:<\/p>\n\n\n\n<ul class=\"wp-block-list\"><li>Este canal es exclusivo para prestar asistencia al profesor durante la realizaci\u00f3n del examen en caso de incidencia.<\/li><\/ul>\n\n\n\n<ul class=\"wp-block-list\"><li>Si durante el examen, tiene una incidencia que pueda resolver UDV, p\u00f3ngase en contacto a trav\u00e9s del CHAT que encontrar\u00e1 en esta p\u00e1gina.<\/li><\/ul>\n\n\n\n<ul class=\"wp-block-list\"><li>Deber\u00e1 comunicar: el C\u00f3digo de Asignatura, T\u00edtulo de asignatura y la incidencia que se est\u00e1 produciendo..<\/li><\/ul>\n\n\n\n<ul class=\"wp-block-list\"><li>Se intentar\u00e1 dar soluci\u00f3n al problema en menos de 45 minutos desde que nos lo comunique.<\/li><\/ul>\n\n\n\n<ul class=\"wp-block-list\"><li>El profesorado avisar\u00e1 al alumnado a trav\u00e9s de los medios disponibles con el que est\u00e1 en contacto durante el examen (meet-google, aviso en aula virtual, chat\u2026) del aplazamiento temporal, indicando nueva hora.<\/li><\/ul>\n\n\n\n<p>Si no es posible solucionar la incidencia en el tiempo estipulado, deber\u00e1 comunicar a sus estudiantes que se aplicar\u00e1 el art\u00edculo 9 del Reglamento de Evaluaci\u00f3n y Calificaci\u00f3n de la Universidad de La Laguna (BOC n\u00ba11, de 19 de enero de 2016), que indica:<\/p>\n\n\n\n<blockquote class=\"wp-block-quote is-layout-flow wp-block-quote-is-layout-flow\"><p><strong><font size=\"-1\">5. En el caso de que una prueba final no se hubiese podido realizar en la fecha establecida por causas objetivas de car\u00e1cter sobrevenido, el centro fijar\u00e1 la nueva fecha y hora de la prueba, debiendo atenderse a todas las posibles incidencias que surgieran.<\/font><\/strong><\/p><\/blockquote>\n\n\n\n<blockquote class=\"wp-block-quote is-layout-flow wp-block-quote-is-layout-flow\"><p><strong><font size=\"-1\">6. El profesorado deber\u00e1 fijar una nueva fecha de examen, previa consulta con el alumnado que por circunstancias personales extraordinarias y justificadas no puedan asistir a las pruebas presenciales.\u201d<\/font><\/strong><\/p><\/blockquote>\n\n\n\n<p><\/p>\n","protected":false},"excerpt":{"rendered":"<p>Mensaje para el Profesorado: Este canal es exclusivo para prestar asistencia al profesor durante la realizaci\u00f3n del examen en caso de incidencia. Si durante el examen, tiene una incidencia que pueda resolver UDV, p\u00f3ngase en contacto a trav\u00e9s del CHAT que encontrar\u00e1 en esta p\u00e1gina. Deber\u00e1 comunicar: el C\u00f3digo de Asignatura, T\u00edtulo de asignatura y&#8230;<\/p>\n","protected":false},"author":150,"featured_media":0,"parent":0,"menu_order":0,"comment_status":"closed","ping_status":"open","template":"","meta":{"ngg_post_thumbnail":0,"footnotes":""},"class_list":["post-2","page","type-page","status-publish","hentry"],"_links":{"self":[{"href":"https:\/\/wp.ull.es\/evaluaciones\/wp-json\/wp\/v2\/pages\/2","targetHints":{"allow":["GET"]}}],"collection":[{"href":"https:\/\/wp.ull.es\/evaluaciones\/wp-json\/wp\/v2\/pages"}],"about":[{"href":"https:\/\/wp.ull.es\/evaluaciones\/wp-json\/wp\/v2\/types\/page"}],"author":[{"embeddable":true,"href":"https:\/\/wp.ull.es\/evaluaciones\/wp-json\/wp\/v2\/users\/150"}],"replies":[{"embeddable":true,"href":"https:\/\/wp.ull.es\/evaluaciones\/wp-json\/wp\/v2\/comments?post=2"}],"version-history":[{"count":1,"href":"https:\/\/wp.ull.es\/evaluaciones\/wp-json\/wp\/v2\/pages\/2\/revisions"}],"predecessor-version":[{"id":74,"href":"https:\/\/wp.ull.es\/evaluaciones\/wp-json\/wp\/v2\/pages\/2\/revisions\/74"}],"wp:attachment":[{"href":"https:\/\/wp.ull.es\/evaluaciones\/wp-json\/wp\/v2\/media?parent=2"}],"curies":[{"name":"wp","href":"https:\/\/api.w.org\/{rel}","templated":true}]}}