{"id":996,"date":"2025-01-05T18:48:46","date_gmt":"2025-01-05T18:48:46","guid":{"rendered":"https:\/\/wp.ull.es\/encapbio\/?page_id=996"},"modified":"2025-01-11T13:48:29","modified_gmt":"2025-01-11T13:48:29","slug":"news","status":"publish","type":"page","link":"https:\/\/wp.ull.es\/encapbio\/news\/","title":{"rendered":"News"},"content":{"rendered":"\n<h2 class=\"wp-block-heading\"><strong>UNIVERSIDAD DE LA LAGUNA AWARDS PROF. NICHOLAS A. PEPPAS AS DOCTOR HONORIS CAUSA.<\/strong><\/h2>\n\n\n\n<div style=\"height:21px\" aria-hidden=\"true\" class=\"wp-block-spacer\"><\/div>\n\n\n\n<p><strong><a href=\"https:\/\/www.bme.utexas.edu\/people\/faculty-directory\/peppas\">Prof. Nicholas Peppas<\/a> will be awarded Doctor Honoris Causa by the Universidad de La Laguna (ULL) on January 18th, 2025<\/strong>. Prof. Nicholas A. Peppas, PhD, is the Cockrell Family Regents Chair in Engineering with joint appointments in Chemical Engineering, Biomedical Engineering and Pediatrics, and courtesy appointments in Surgery and Perioperative Care, and Pharmacy at the University of Texas at Austin (USA).<\/p>\n\n\n\n<p><strong>The Induction Ceremony<\/strong>, chaired by the <strong>Rector <\/strong>of the Universidad de La Laguna (<strong><a href=\"https:\/\/www.ull.es\/la-universidad\/equipo-gobierno\/rector\/\">Prof. Francisco J. Garc\u00eda Rodr\u00edguez<\/a><\/strong>) <strong>will be held on Saturday, January 18, 2025, in the Paraninfo from 11 a.m. to 1 p.m<\/strong>. <a href=\"https:\/\/portalciencia.ull.es\/investigadores\/81143\/detalle\"><strong>Prof. Edgar P\u00e9rez-Herrero<\/strong><\/a> will be his godfather and will deliver the Laudatio in this well-deserved recognition for the tremendous contribution of Prof. Peppas to the advancement of science and his passion for training and mentoring thousands of scientists around the world.<\/p>\n\n\n\n<p>Program of the Induction Ceremony: <a href=\"https:\/\/drive.google.com\/file\/d\/1jAcj5YkUsLH3OfdJf-fGpgkYTVnJcLlS\/view\">https:\/\/drive.google.com\/file\/d\/1jAcj5YkUsLH3OfdJf-fGpgkYTVnJcLlS\/view<\/a><\/p>\n\n\n\n<div class=\"wp-block-columns is-layout-flex wp-container-core-columns-is-layout-9d6595d7 wp-block-columns-is-layout-flex\">\n<div class=\"wp-block-column is-layout-flow wp-block-column-is-layout-flow\" style=\"flex-basis:100%\">\n<div class=\"wp-block-group is-nowrap is-layout-flex wp-container-core-group-is-layout-ad2f72ca wp-block-group-is-layout-flex\">\n<figure class=\"wp-block-image size-full is-resized\"><img decoding=\"async\" width=\"750\" height=\"370\" src=\"https:\/\/wp.ull.es\/encapbio\/wp-content\/uploads\/sites\/131\/2025\/01\/Acto-de-investidura-de-doctoras-HC_Banner-eventos-3-2.jpg\" alt=\"\" class=\"wp-image-1014\" style=\"width:602px;height:auto\" srcset=\"https:\/\/wp.ull.es\/encapbio\/wp-content\/uploads\/sites\/131\/2025\/01\/Acto-de-investidura-de-doctoras-HC_Banner-eventos-3-2.jpg 750w, https:\/\/wp.ull.es\/encapbio\/wp-content\/uploads\/sites\/131\/2025\/01\/Acto-de-investidura-de-doctoras-HC_Banner-eventos-3-2-300x148.jpg 300w\" sizes=\"(max-width: 750px) 100vw, 750px\" \/><\/figure>\n\n\n\n<figure class=\"wp-block-image size-full is-resized\"><img decoding=\"async\" width=\"893\" height=\"1024\" src=\"https:\/\/wp.ull.es\/encapbio\/wp-content\/uploads\/sites\/131\/2025\/01\/Peppas-2023.jpg\" alt=\"\" class=\"wp-image-1031\" style=\"width:260px\" srcset=\"https:\/\/wp.ull.es\/encapbio\/wp-content\/uploads\/sites\/131\/2025\/01\/Peppas-2023.jpg 893w, https:\/\/wp.ull.es\/encapbio\/wp-content\/uploads\/sites\/131\/2025\/01\/Peppas-2023-262x300.jpg 262w, https:\/\/wp.ull.es\/encapbio\/wp-content\/uploads\/sites\/131\/2025\/01\/Peppas-2023-768x881.jpg 768w\" sizes=\"(max-width: 893px) 100vw, 893px\" \/><\/figure>\n<\/div>\n<\/div>\n<\/div>\n\n\n\n<div style=\"height:36px\" aria-hidden=\"true\" class=\"wp-block-spacer\"><\/div>\n\n\n\n<p>The day before, <strong>Friday, January 17, 2025, from 3 p.m. to 6 p.m., a scientific session in honor of Prof. Nicholas Peppas will take place in the Aula Magna of the Central Building of the University of La Laguna<\/strong>:<\/p>\n\n\n\n<ul class=\"wp-block-list\">\n<li><strong>15.00 &#8211; 15.15<\/strong>. Opening of the event and welcome to attendees by the <strong>Rector of the Universidad de La Laguna<\/strong>, <a href=\"https:\/\/www.ull.es\/la-universidad\/equipo-gobierno\/rector\/\"><strong>Prof. Francisco J. Garc\u00eda Rodr\u00edguez<\/strong><\/a>, and the <strong>Dean of the School of Pharmacy of the Universidad de La Laguna<\/strong>, <a href=\"https:\/\/portalciencia.ull.es\/investigadores\/81855\/detalle\"><strong>Prof. Susana Abdala Kuri<\/strong><\/a>.<\/li>\n<\/ul>\n\n\n\n<ul class=\"wp-block-list\">\n<li><strong>15.15 &#8211; 16.00<\/strong>. <strong>Plenary Conference<\/strong>. <strong><a href=\"https:\/\/www.bme.utexas.edu\/people\/faculty-directory\/peppas\">Prof. Nicholas A. Peppas<\/a><\/strong> (Full Professor, Cockrell Family Regents Chaired Professor in the Depts. of Chemical, Biomedical Engineering, Pediatrics, Surgery and Pharmacy, University of Texas at Austin, USA)<\/li>\n<\/ul>\n\n\n\n<p>\u00ab<em>Our Latest Protein Delivery Solutions for Treatment of Autoimmune Diseases<\/em>\u00ab<\/p>\n\n\n\n<p>The biomaterials and drug delivery world are changing drastically. New chemistries have created many exciting new materials. Engineering the molecular design of intelligent biomaterials by controlling structure, recognition and specificity is the first step in coordinating and duplicating complex biological and physiological processes. Here, he will summarize the latest work of his lab. This includes (1) Bypassing the BBB barrier for glioblastoma treatment. (2) Combined insulin delivery and glucose sensors for diabetic patients, (3) Nanoparticles for delivery of chemotherapeutic agents. (4) Codelivery for chemotherapy and gene therapy. (4) Use of micelles for RNA delivery. (5) Recent siRNA delivery particulate structures for Crohn\u2019s disease (6) Microfluidic devices for cancer treatment (7) Addressing diseases less studied: endometriosis, Alzheimer\u2019s disease. (8) Dementia. Addressing the future.<\/p>\n\n\n\n<ul class=\"wp-block-list\">\n<li><strong>16.00 &#8211; 16.30<\/strong>.<strong> Scientific Session Conference.<\/strong> <strong><a href=\"https:\/\/www.usc.gal\/grupos\/mjalonsolab\/\">Prof. Mar\u00eda J. Alonso<\/a><\/strong> (Full Professor, Dept. of Pharmacy and Pharmaceutical Technology, Center for Research in Molecular Medicine and Chronic Diseases, Universidad de Santiago de Compostela, Spain)<\/li>\n<\/ul>\n\n\n\n<p><em>\u00abNanotechnology and Drug Delivery: Inspired Pathways\u2014A Tribute to Prof. Peppas\u00bb<\/em><\/p>\n\n\n\n<p>In this special talk, she will reflect on her 39-year journey in Nanotechnology and Drug Delivery, which began in 1986 when she had the privilege of meeting Prof. Nicholas A. Peppas at the University of Paris-Sud. While her post-doctoral with Prof. Patrick Couvreur, she was fortunate to receive the mentorship of Prof. Peppas\u2014a guidance that has endured throughout the years. From him, she has gained not only invaluable insights into science and technology but also lessons in professional growth and leadership. This presentation is her tribute to Prof. Peppas, celebrating his profound influence on her career and on the field of drug delivery, and honoring his enduring legacy of inspiration and innovation.<\/p>\n\n\n\n<ul class=\"wp-block-list\">\n<li><strong>16.30 &#8211; 17.00<\/strong>. <strong>Scientific Session Conference. <a href=\"https:\/\/www.uanl.mx\/investigadores\/jose-ruben-morones-ramirez\/\">Prof. Rub\u00e9n Morones-Ramirez<\/a><\/strong> (Full Professor, Dept. of Chemical Engineering, Director, Research Center in Biotechnology and Nanotoxicology, Universidad Aut\u00f3noma de Nuevo Le\u00f3n, M\u00e9xico).<\/li>\n<\/ul>\n\n\n\n<p>\u00ab<em>Harnessing NanoBioMaterials for Infectious Disease Therapies<\/em>\u00ab<\/p>\n\n\n\n<p>The global health crisis posed by infectious diseases, especially those caused by antibiotic-resistant pathogens, calls for innovative therapeutic strategies that transcend conventional treatments. This talk will highlight recent advances in the rational design and synthesis of NanoBioMaterials for combating infectious diseases. By integrating principles of polymer science, nanotechnology, and molecular biology, Prof. Morones Lab has developed multifunctional platforms capable of targeted delivery, enhanced bioavailability, and controlled release of antimicrobial agents. Throughout the talk, Prof. Morones will discuss key examples of NanoBioMaterials\u2019 performance against multidrug-resistant bacteria in both in vitro and in vivo models and he will also explore avenues for translating these materials from bench to bedside, emphasizing challenges in scalability, regulatory pathways, and clinical implementation.<\/p>\n\n\n\n<ul class=\"wp-block-list\">\n<li><strong>17.00 &#8211; 18.00<\/strong>. <strong>Tribute <\/strong>to Prof. Peppas <strong>by friends and colleagues<\/strong>.<\/li>\n<\/ul>\n\n\n\n<div style=\"height:28px\" aria-hidden=\"true\" class=\"wp-block-spacer\"><\/div>\n\n\n<div class=\"wp-block-image\">\n<figure class=\"aligncenter size-full is-resized\"><img decoding=\"async\" width=\"1000\" height=\"666\" src=\"https:\/\/wp.ull.es\/encapbio\/wp-content\/uploads\/sites\/131\/2025\/01\/1537607021604k-2.jpg\" alt=\"\" class=\"wp-image-1022\" style=\"width:616px;height:auto\" srcset=\"https:\/\/wp.ull.es\/encapbio\/wp-content\/uploads\/sites\/131\/2025\/01\/1537607021604k-2.jpg 1000w, https:\/\/wp.ull.es\/encapbio\/wp-content\/uploads\/sites\/131\/2025\/01\/1537607021604k-2-300x200.jpg 300w, https:\/\/wp.ull.es\/encapbio\/wp-content\/uploads\/sites\/131\/2025\/01\/1537607021604k-2-768x511.jpg 768w\" sizes=\"(max-width: 1000px) 100vw, 1000px\" \/><\/figure>\n<\/div>","protected":false},"excerpt":{"rendered":"<p>UNIVERSIDAD DE LA LAGUNA AWARDS PROF. NICHOLAS A. PEPPAS AS DOCTOR HONORIS CAUSA. Prof. Nicholas Peppas will be awarded Doctor Honoris Causa by the Universidad de La Laguna (ULL) on January 18th, 2025. Prof. Nicholas A. Peppas, PhD, is the Cockrell Family Regents Chair in Engineering with joint appointments in Chemical Engineering, Biomedical Engineering and [&hellip;]<\/p>\n","protected":false},"author":322,"featured_media":0,"parent":0,"menu_order":0,"comment_status":"closed","ping_status":"closed","template":"fullwidth.php","meta":{"ngg_post_thumbnail":0,"footnotes":""},"class_list":["post-996","page","type-page","status-publish","hentry"],"_links":{"self":[{"href":"https:\/\/wp.ull.es\/encapbio\/wp-json\/wp\/v2\/pages\/996","targetHints":{"allow":["GET"]}}],"collection":[{"href":"https:\/\/wp.ull.es\/encapbio\/wp-json\/wp\/v2\/pages"}],"about":[{"href":"https:\/\/wp.ull.es\/encapbio\/wp-json\/wp\/v2\/types\/page"}],"author":[{"embeddable":true,"href":"https:\/\/wp.ull.es\/encapbio\/wp-json\/wp\/v2\/users\/322"}],"replies":[{"embeddable":true,"href":"https:\/\/wp.ull.es\/encapbio\/wp-json\/wp\/v2\/comments?post=996"}],"version-history":[{"count":2,"href":"https:\/\/wp.ull.es\/encapbio\/wp-json\/wp\/v2\/pages\/996\/revisions"}],"predecessor-version":[{"id":1053,"href":"https:\/\/wp.ull.es\/encapbio\/wp-json\/wp\/v2\/pages\/996\/revisions\/1053"}],"wp:attachment":[{"href":"https:\/\/wp.ull.es\/encapbio\/wp-json\/wp\/v2\/media?parent=996"}],"curies":[{"name":"wp","href":"https:\/\/api.w.org\/{rel}","templated":true}]}}