{"id":305,"date":"2023-08-28T11:41:55","date_gmt":"2023-08-28T11:41:55","guid":{"rendered":"https:\/\/wp.ull.es\/encapbio\/?page_id=305"},"modified":"2025-10-29T12:54:59","modified_gmt":"2025-10-29T12:54:59","slug":"phd-students","status":"publish","type":"page","link":"https:\/\/wp.ull.es\/encapbio\/phd-students\/","title":{"rendered":"PhD Students"},"content":{"rendered":"\n<div class=\"wp-block-group\"><div class=\"wp-block-group__inner-container is-layout-constrained wp-block-group-is-layout-constrained\">\n<div class=\"wp-block-group is-nowrap is-layout-flex wp-container-core-group-is-layout-ad2f72ca wp-block-group-is-layout-flex\">\n<figure class=\"wp-block-image size-full is-resized\"><img decoding=\"async\" width=\"306\" height=\"408\" src=\"https:\/\/wp.ull.es\/encapbio\/wp-content\/uploads\/sites\/131\/2025\/01\/Sara-Galvez-Rodriguez.jpg\" alt=\"\" class=\"wp-image-844\" style=\"width:120px\" srcset=\"https:\/\/wp.ull.es\/encapbio\/wp-content\/uploads\/sites\/131\/2025\/01\/Sara-Galvez-Rodriguez.jpg 306w, https:\/\/wp.ull.es\/encapbio\/wp-content\/uploads\/sites\/131\/2025\/01\/Sara-Galvez-Rodriguez-225x300.jpg 225w\" sizes=\"(max-width: 306px) 100vw, 306px\" \/><\/figure>\n\n\n\n<pre class=\"wp-block-preformatted has-black-color has-white-background-color has-text-color has-background has-link-color wp-elements-6f2696ed4a500c3321609518303acad3 wp-container-content-751e4e31\" style=\"font-size:17px;font-style:normal;font-weight:400\"><strong>Sara G\u00e1lvez Rodr\u00edguez (Pharmacy Degree - ULL)<br><\/strong><br><em>Development of new theragnostic targeted strategies for hematological cancers <\/em><br>    Keywords: antimicrobial peptides, targeted drug delivery; molecular<br>    imprinting; intracellular hyperthermia; multiple myeloma<br>DIRECTORS: Dr. Edgar P\u00e9rez-Herrero &amp; Dr. Jos\u00e9 M. P\u00e9rez de la Lastra <br><\/pre>\n<\/div>\n<\/div><\/div>\n\n\n\n<div style=\"height:38px\" aria-hidden=\"true\" class=\"wp-block-spacer\"><\/div>\n\n\n\n<div class=\"wp-block-group is-nowrap is-layout-flex wp-container-core-group-is-layout-ad2f72ca wp-block-group-is-layout-flex\">\n<figure class=\"wp-block-image size-full is-resized\"><img decoding=\"async\" width=\"681\" height=\"898\" src=\"https:\/\/wp.ull.es\/encapbio\/wp-content\/uploads\/sites\/131\/2025\/01\/Captura-de-Pantalla-2023-10-02-a-las-11.16.14-1-e1736086721174.jpg\" alt=\"\" class=\"wp-image-896\" style=\"width:120px\" srcset=\"https:\/\/wp.ull.es\/encapbio\/wp-content\/uploads\/sites\/131\/2025\/01\/Captura-de-Pantalla-2023-10-02-a-las-11.16.14-1-e1736086721174.jpg 681w, https:\/\/wp.ull.es\/encapbio\/wp-content\/uploads\/sites\/131\/2025\/01\/Captura-de-Pantalla-2023-10-02-a-las-11.16.14-1-e1736086721174-228x300.jpg 228w\" sizes=\"(max-width: 681px) 100vw, 681px\" \/><\/figure>\n\n\n\n<pre class=\"wp-block-preformatted has-white-background-color has-background wp-container-content-751e4e31\" style=\"font-size:17px\"><strong>Adama Pe\u00f1a Vera (Pharmacy Degree - ULL)<br><\/strong><br><em>Pharmacotherapeutic monitoring in hypertensive patients and statistical analysis of<\/em><br><em>the use of antihypertensive drugs in a pharmaceutical area of Santa Cruz de Tenerife<br><\/em>    Keywords: hypertension, pharmaceutical services, community pharmacist, pharmaceutical care<br>DIRECTORS: Dra. Susana Abdala Kuri &amp; Dra. Sandra D\u00e9vora Guti\u00e9rrez <\/pre>\n<\/div>\n\n\n\n<div style=\"height:42px\" aria-hidden=\"true\" class=\"wp-block-spacer\"><\/div>\n\n\n\n<div class=\"wp-block-group is-nowrap is-layout-flex wp-container-core-group-is-layout-ad2f72ca wp-block-group-is-layout-flex\">\n<figure class=\"wp-block-image size-full is-resized\"><img decoding=\"async\" width=\"768\" height=\"1024\" src=\"https:\/\/wp.ull.es\/encapbio\/wp-content\/uploads\/sites\/131\/2025\/01\/IMG_20230324_165911.jpg\" alt=\"\" class=\"wp-image-925\" style=\"width:120px\" srcset=\"https:\/\/wp.ull.es\/encapbio\/wp-content\/uploads\/sites\/131\/2025\/01\/IMG_20230324_165911.jpg 768w, https:\/\/wp.ull.es\/encapbio\/wp-content\/uploads\/sites\/131\/2025\/01\/IMG_20230324_165911-225x300.jpg 225w\" sizes=\"(max-width: 768px) 100vw, 768px\" \/><\/figure>\n\n\n\n<pre class=\"wp-block-preformatted has-white-background-color has-background wp-container-content-751e4e31\" style=\"font-size:17px\"><strong>Aitana Mart\u00edn Esca\u00f1o (Pharmacy Degree - ULL)<br><\/strong><br><em>Development of new platforms for the oral administration of biologics in the treatment of IBD<br><\/em>    Keywords: mucosal drug delivery; oral administration; targeted delivery;  biological drugs;<br>    inflammatory bowel disease (IBD)<br>DIRECTORS: Dr. Edgar P\u00e9rez-Herrero &amp; Dr. Juan M. Irache Garreta<\/pre>\n<\/div>\n\n\n\n<div style=\"height:38px\" aria-hidden=\"true\" class=\"wp-block-spacer\"><\/div>\n\n\n\n<div class=\"wp-block-group is-nowrap is-layout-flex wp-container-core-group-is-layout-ad2f72ca wp-block-group-is-layout-flex\">\n<figure class=\"wp-block-image size-full is-resized\"><img decoding=\"async\" width=\"380\" height=\"506\" src=\"https:\/\/wp.ull.es\/encapbio\/wp-content\/uploads\/sites\/131\/2025\/01\/IMG-20241015-WA0006.jpg\" alt=\"\" class=\"wp-image-933\" style=\"width:120px\" srcset=\"https:\/\/wp.ull.es\/encapbio\/wp-content\/uploads\/sites\/131\/2025\/01\/IMG-20241015-WA0006.jpg 380w, https:\/\/wp.ull.es\/encapbio\/wp-content\/uploads\/sites\/131\/2025\/01\/IMG-20241015-WA0006-225x300.jpg 225w\" sizes=\"(max-width: 380px) 100vw, 380px\" \/><\/figure>\n\n\n\n<pre class=\"wp-block-preformatted has-white-background-color has-background wp-container-content-751e4e31\" style=\"font-size:17px\"><strong>M. del Carmen G\u00f3mez de la Torre (Pharmacy Degree - ULL)<br><\/strong><br><em>Development of new strategies for the treatment of neurodegenerative diseases by means of the   delivery of bioactive molecules through the intranasal route<br><\/em>    Keywords: brain, intranasal drug delivery; blood-brain-barrier; Parkinson\u2019s disease<br>DIRECTORS: Dr. Edgar P\u00e9rez-Herrero &amp; Dra. Ingrid Morales-P\u00e9rez<\/pre>\n<\/div>\n\n\n\n<p><\/p>\n","protected":false},"excerpt":{"rendered":"<p>Sara G\u00e1lvez Rodr\u00edguez (Pharmacy Degree &#8211; ULL)Development of new theragnostic targeted strategies for hematological cancers Keywords: antimicrobial peptides, targeted drug delivery; molecular imprinting; intracellular hyperthermia; multiple myelomaDIRECTORS: Dr. Edgar P\u00e9rez-Herrero &amp; Dr. Jos\u00e9 M. P\u00e9rez de la Lastra Adama Pe\u00f1a Vera (Pharmacy Degree &#8211; ULL)Pharmacotherapeutic monitoring in hypertensive patients and statistical analysis ofthe use of [&hellip;]<\/p>\n","protected":false},"author":322,"featured_media":0,"parent":0,"menu_order":0,"comment_status":"closed","ping_status":"closed","template":"fullwidth.php","meta":{"ngg_post_thumbnail":0,"footnotes":""},"class_list":["post-305","page","type-page","status-publish","hentry"],"_links":{"self":[{"href":"https:\/\/wp.ull.es\/encapbio\/wp-json\/wp\/v2\/pages\/305","targetHints":{"allow":["GET"]}}],"collection":[{"href":"https:\/\/wp.ull.es\/encapbio\/wp-json\/wp\/v2\/pages"}],"about":[{"href":"https:\/\/wp.ull.es\/encapbio\/wp-json\/wp\/v2\/types\/page"}],"author":[{"embeddable":true,"href":"https:\/\/wp.ull.es\/encapbio\/wp-json\/wp\/v2\/users\/322"}],"replies":[{"embeddable":true,"href":"https:\/\/wp.ull.es\/encapbio\/wp-json\/wp\/v2\/comments?post=305"}],"version-history":[{"count":2,"href":"https:\/\/wp.ull.es\/encapbio\/wp-json\/wp\/v2\/pages\/305\/revisions"}],"predecessor-version":[{"id":1073,"href":"https:\/\/wp.ull.es\/encapbio\/wp-json\/wp\/v2\/pages\/305\/revisions\/1073"}],"wp:attachment":[{"href":"https:\/\/wp.ull.es\/encapbio\/wp-json\/wp\/v2\/media?parent=305"}],"curies":[{"name":"wp","href":"https:\/\/api.w.org\/{rel}","templated":true}]}}