{"id":19,"date":"2022-10-11T18:15:58","date_gmt":"2022-10-11T18:15:58","guid":{"rendered":"https:\/\/wp.ull.es\/encapbio\/?page_id=19"},"modified":"2025-01-05T18:56:56","modified_gmt":"2025-01-05T18:56:56","slug":"contact-us","status":"publish","type":"page","link":"https:\/\/wp.ull.es\/encapbio\/contact-us\/","title":{"rendered":"Contact Us"},"content":{"rendered":"\n<p style=\"font-size:18px\"><strong>Pharmaceutical Technology Area.<\/strong><\/p>\n\n\n\n<hr class=\"wp-block-separator has-alpha-channel-opacity is-style-default\" \/>\n\n\n\n<p style=\"font-size:16px\"><em><a href=\"https:\/\/wp.ull.es\/encapbio\/dr-edgar-perez-herrero\/\" data-type=\"page\" data-id=\"119\">Prof. Dr. Edgar P\u00e9rez-Herrero<\/a><\/em> (<a style=\"text-decoration:none\" href=\"mailto:eperezhe@ull.edu.es\" data-type=\"mailto\" data-id=\"mailto:eperezhe@ull.edu.es\">eperezhe@ull.edu.es<\/a>)<\/p>\n\n\n\n<h2 class=\"wp-block-heading\" style=\"font-size:16px\">HEAD OF ENCAPBIO<\/h2>\n\n\n\n<p style=\"font-size:16px\">Office phone: (+34) 922 31 65 02, ext. 6971<\/p>\n\n\n\n<p style=\"font-size:16px\">Lab. Phone: (+34) 922 31 65 02, ext. 6658<\/p>\n\n\n\n<p style=\"font-size:16px\">Department of Chemical Engineering and Pharmaceutical Technology, School of Pharmacy (office), Chemistry Section (lab), Universidad de La Laguna, Avenida Astrof\u00edsico Francisco S\u00e1nchez, s\/n, 38206, San Crist\u00f3bal de La Laguna, Santa Cruz de Tenerife, Espa\u00f1a.<\/p>\n\n\n\n<div style=\"height:50px\" aria-hidden=\"true\" class=\"wp-block-spacer\"><\/div>\n\n\n\n<p style=\"font-size:18px\"><strong>Pharmacology Area.<\/strong><\/p>\n\n\n\n<hr class=\"wp-block-separator has-alpha-channel-opacity\" \/>\n\n\n\n<p style=\"font-size:16px\"><em><a href=\"https:\/\/wp.ull.es\/encapbio\/dra-susana-abdala-kuri\/\" data-type=\"page\" data-id=\"165\">Prof. Dra. Susana Abdala Kuri<\/a><\/em> (<a style=\"text-decoration:none\" href=\"mailto:sabdala@ull.edu.es\">sabdala@ull.edu.es<\/a>)<\/p>\n\n\n\n<p style=\"font-size:16px\"><em><a href=\"https:\/\/wp.ull.es\/encapbio\/dra-sandra-devora-gutierrez\/\" data-type=\"page\" data-id=\"170\">Prof. Dra. Sandra D\u00e9vora Guti\u00e9rrez<\/a><\/em> (<a style=\"text-decoration:none\" href=\"mailto:sdevora@ull.edu.es\">sdevora@ull.edu.es<\/a>)<\/p>\n\n\n\n<p style=\"font-size:16px\">Department of Physical Medicine and Pharmacology, School of Pharmacy, Universidad de La Laguna, Avenida Astrof\u00edsico Francisco S\u00e1nchez, s\/n, 38206, San Crist\u00f3bal de La Laguna, Santa Cruz de Tenerife, Espa\u00f1a.<\/p>\n\n\n\n<div style=\"height:50px\" aria-hidden=\"true\" class=\"wp-block-spacer\"><\/div>\n\n\n\n<p style=\"font-size:18px\"><strong>Analytical Chemistry Area.<\/strong><\/p>\n\n\n\n<hr class=\"wp-block-separator has-alpha-channel-opacity\" \/>\n\n\n\n<p style=\"font-size:16px\"><em><a href=\"https:\/\/wp.ull.es\/encapbio\/dra-susana-abdala-kuri\/\" data-type=\"page\" data-id=\"165\">Prof. Dra. Eladia M. Pe\u00f1a M\u00e9ndez<\/a><\/em> (<a href=\"mailto:empena@ull.edu.es\">empena@ull.edu.es<\/a>)<\/p>\n\n\n\n<p style=\"font-size:16px\"><em><a href=\"https:\/\/wp.ull.es\/encapbio\/dra-sandra-devora-gutierrez\/\" data-type=\"page\" data-id=\"170\">Prof. Dr. Jos\u00e9 El\u00edas Conde Gonz\u00e1lez<\/a><\/em> (<a href=\"mailto:jconde@ull.edu.es\">jconde@ull.edu.es<\/a>)<\/p>\n\n\n\n<p style=\"font-size:16px\">Department of Chemistry, Faculty of Sciences, Chemistry Section, Universidad de La Laguna, Avenida Astrof\u00edsico Francisco S\u00e1nchez, s\/n, 38206, San Crist\u00f3bal de La Laguna, Santa Cruz de Tenerife, Espa\u00f1a.<\/p>\n","protected":false},"excerpt":{"rendered":"<p>Pharmaceutical Technology Area. Prof. Dr. Edgar P\u00e9rez-Herrero (eperezhe@ull.edu.es) HEAD OF ENCAPBIO Office phone: (+34) 922 31 65 02, ext. 6971 Lab. Phone: (+34) 922 31 65 02, ext. 6658 Department of Chemical Engineering and Pharmaceutical Technology, School of Pharmacy (office), Chemistry Section (lab), Universidad de La Laguna, Avenida Astrof\u00edsico Francisco S\u00e1nchez, s\/n, 38206, San Crist\u00f3bal [&hellip;]<\/p>\n","protected":false},"author":322,"featured_media":0,"parent":0,"menu_order":0,"comment_status":"closed","ping_status":"closed","template":"fullwidth.php","meta":{"ngg_post_thumbnail":0,"footnotes":""},"class_list":["post-19","page","type-page","status-publish","hentry"],"_links":{"self":[{"href":"https:\/\/wp.ull.es\/encapbio\/wp-json\/wp\/v2\/pages\/19","targetHints":{"allow":["GET"]}}],"collection":[{"href":"https:\/\/wp.ull.es\/encapbio\/wp-json\/wp\/v2\/pages"}],"about":[{"href":"https:\/\/wp.ull.es\/encapbio\/wp-json\/wp\/v2\/types\/page"}],"author":[{"embeddable":true,"href":"https:\/\/wp.ull.es\/encapbio\/wp-json\/wp\/v2\/users\/322"}],"replies":[{"embeddable":true,"href":"https:\/\/wp.ull.es\/encapbio\/wp-json\/wp\/v2\/comments?post=19"}],"version-history":[{"count":2,"href":"https:\/\/wp.ull.es\/encapbio\/wp-json\/wp\/v2\/pages\/19\/revisions"}],"predecessor-version":[{"id":1001,"href":"https:\/\/wp.ull.es\/encapbio\/wp-json\/wp\/v2\/pages\/19\/revisions\/1001"}],"wp:attachment":[{"href":"https:\/\/wp.ull.es\/encapbio\/wp-json\/wp\/v2\/media?parent=19"}],"curies":[{"name":"wp","href":"https:\/\/api.w.org\/{rel}","templated":true}]}}