{"id":15,"date":"2022-10-11T18:14:27","date_gmt":"2022-10-11T18:14:27","guid":{"rendered":"https:\/\/wp.ull.es\/encapbio\/?page_id=15"},"modified":"2025-10-29T12:58:36","modified_gmt":"2025-10-29T12:58:36","slug":"people","status":"publish","type":"page","link":"https:\/\/wp.ull.es\/encapbio\/people\/","title":{"rendered":"People"},"content":{"rendered":"\n<h2 class=\"wp-block-heading\">Senior Members<\/h2>\n\n\n\n<hr class=\"wp-block-separator has-alpha-channel-opacity\" \/>\n\n\n\n<div style=\"height:30px\" aria-hidden=\"true\" class=\"wp-block-spacer\"><\/div>\n\n\n\n<div class=\"wp-block-group\"><div class=\"wp-block-group__inner-container is-layout-flow wp-block-group-is-layout-flow\">\n<div class=\"wp-block-columns alignwide are-vertically-aligned-center is-style-rounded is-layout-flex wp-container-core-columns-is-layout-9d6595d7 wp-block-columns-is-layout-flex\">\n<div class=\"wp-block-column is-layout-flow wp-block-column-is-layout-flow\" style=\"flex-basis:15%\">\n<figure class=\"wp-block-image is-style-rounded\"><img decoding=\"async\" width=\"1024\" height=\"968\" src=\"https:\/\/wp.ull.es\/encapbio\/wp-content\/uploads\/sites\/131\/2022\/10\/IMG_20200128_175805-3-1024x968.jpg\" alt=\"\" class=\"wp-image-77\" style=\"aspect-ratio:1.073394495412844\" srcset=\"https:\/\/wp.ull.es\/encapbio\/wp-content\/uploads\/sites\/131\/2022\/10\/IMG_20200128_175805-3-1024x968.jpg 1024w, https:\/\/wp.ull.es\/encapbio\/wp-content\/uploads\/sites\/131\/2022\/10\/IMG_20200128_175805-3-300x284.jpg 300w, https:\/\/wp.ull.es\/encapbio\/wp-content\/uploads\/sites\/131\/2022\/10\/IMG_20200128_175805-3-768x726.jpg 768w, https:\/\/wp.ull.es\/encapbio\/wp-content\/uploads\/sites\/131\/2022\/10\/IMG_20200128_175805-3-1536x1452.jpg 1536w, https:\/\/wp.ull.es\/encapbio\/wp-content\/uploads\/sites\/131\/2022\/10\/IMG_20200128_175805-3.jpg 1600w\" sizes=\"(max-width: 1024px) 100vw, 1024px\" \/><\/figure>\n<\/div>\n\n\n\n<div class=\"wp-block-column is-layout-flow wp-block-column-is-layout-flow\" style=\"flex-basis:85%\">\n<p><\/p>\n\n\n\n<h4 class=\"wp-block-heading has-text-align-left\" style=\"font-style:normal;font-weight:700\"><a style=\"text-decoration:none\" href=\"https:\/\/wp.ull.es\/encapbio\/dr-edgar-perez-herrero\/\" data-type=\"URL\" data-id=\"https:\/\/wp.ull.es\/encapbio\/dr-edgar-perez-herrero\/\">Prof. Dr. Edgar P\u00e9rez Herrero<\/a><\/h4>\n\n\n\n<h4 class=\"wp-block-heading has-text-align-left\" style=\"font-size:18px;font-style:normal;font-weight:600\">Associate Professor<\/h4>\n\n\n\n<h4 class=\"wp-block-heading has-text-align-left\" style=\"font-size:18px;font-style:normal;font-weight:600\"><strong>   Head of ENCAPBIO<\/strong><\/h4>\n<\/div>\n<\/div>\n<\/div><\/div>\n\n\n\n<div style=\"height:42px\" aria-hidden=\"true\" class=\"wp-block-spacer\"><\/div>\n\n\n\n<div class=\"wp-block-group\"><div class=\"wp-block-group__inner-container is-layout-flow wp-block-group-is-layout-flow\">\n<div class=\"wp-block-columns alignwide are-vertically-aligned-center is-style-rounded is-layout-flex wp-container-core-columns-is-layout-9d6595d7 wp-block-columns-is-layout-flex\">\n<div class=\"wp-block-column is-layout-flow wp-block-column-is-layout-flow\" style=\"flex-basis:15%\">\n<figure class=\"wp-block-image size-full is-style-rounded\"><img decoding=\"async\" width=\"232\" height=\"244\" src=\"https:\/\/wp.ull.es\/encapbio\/wp-content\/uploads\/sites\/131\/2023\/08\/rector-decanos.jpg\" alt=\"\" class=\"wp-image-345\" \/><\/figure>\n<\/div>\n\n\n\n<div class=\"wp-block-column is-layout-flow wp-block-column-is-layout-flow\" style=\"flex-basis:85%\">\n<p><\/p>\n\n\n\n<h4 class=\"wp-block-heading\" style=\"font-style:normal;font-weight:700\"><a style=\"text-decoration:none\" href=\"https:\/\/wp.ull.es\/encapbio\/dra-susana-abdala-kuri\/\" data-type=\"URL\" data-id=\"https:\/\/wp.ull.es\/encapbio\/dra-susana-abdala-kuri\/\">Prof. Dra. Susana Abdala Kuri<\/a><\/h4>\n\n\n\n<h4 class=\"wp-block-heading\" style=\"font-size:18px;font-style:normal;font-weight:600\">Associate Professor<\/h4>\n<\/div>\n<\/div>\n<\/div><\/div>\n\n\n\n<div style=\"height:52px\" aria-hidden=\"true\" class=\"wp-block-spacer\"><\/div>\n\n\n\n<div class=\"wp-block-group\"><div class=\"wp-block-group__inner-container is-layout-flow wp-block-group-is-layout-flow\">\n<div class=\"wp-block-columns alignwide are-vertically-aligned-center is-style-rounded is-layout-flex wp-container-core-columns-is-layout-9d6595d7 wp-block-columns-is-layout-flex\">\n<div class=\"wp-block-column is-layout-flow wp-block-column-is-layout-flow\" style=\"flex-basis:15%\">\n<figure class=\"wp-block-image size-full is-style-rounded\"><img decoding=\"async\" width=\"984\" height=\"983\" src=\"https:\/\/wp.ull.es\/encapbio\/wp-content\/uploads\/sites\/131\/2023\/08\/Foto-carnet.jpg\" alt=\"\" class=\"wp-image-309\" srcset=\"https:\/\/wp.ull.es\/encapbio\/wp-content\/uploads\/sites\/131\/2023\/08\/Foto-carnet.jpg 984w, https:\/\/wp.ull.es\/encapbio\/wp-content\/uploads\/sites\/131\/2023\/08\/Foto-carnet-300x300.jpg 300w, https:\/\/wp.ull.es\/encapbio\/wp-content\/uploads\/sites\/131\/2023\/08\/Foto-carnet-150x150.jpg 150w, https:\/\/wp.ull.es\/encapbio\/wp-content\/uploads\/sites\/131\/2023\/08\/Foto-carnet-768x767.jpg 768w\" sizes=\"(max-width: 984px) 100vw, 984px\" \/><\/figure>\n<\/div>\n\n\n\n<div class=\"wp-block-column is-layout-flow wp-block-column-is-layout-flow\" style=\"flex-basis:85%\">\n<p><\/p>\n\n\n\n<h4 class=\"wp-block-heading\" style=\"font-style:normal;font-weight:700\"><a style=\"text-decoration:none\" href=\"https:\/\/wp.ull.es\/encapbio\/dra-sandra-devora-gutierrez\/\" data-type=\"URL\" data-id=\"https:\/\/wp.ull.es\/encapbio\/dra-sandra-devora-gutierrez\/\">Prof. Dra. Sandra D\u00e9vora Gutierrez<\/a><\/h4>\n\n\n\n<h4 class=\"wp-block-heading\" style=\"font-size:18px;font-style:normal;font-weight:600\">Associate Professor<\/h4>\n<\/div>\n<\/div>\n<\/div><\/div>\n\n\n\n<p><\/p>\n\n\n\n<div style=\"height:52px\" aria-hidden=\"true\" class=\"wp-block-spacer\"><\/div>\n\n\n\n<div class=\"wp-block-group\"><div class=\"wp-block-group__inner-container is-layout-flow wp-block-group-is-layout-flow\">\n<div class=\"wp-block-columns alignwide are-vertically-aligned-center is-style-rounded is-layout-flex wp-container-core-columns-is-layout-9d6595d7 wp-block-columns-is-layout-flex\">\n<div class=\"wp-block-column is-layout-flow wp-block-column-is-layout-flow\" style=\"flex-basis:15%\">\n<figure class=\"wp-block-image size-full is-resized is-style-rounded\"><img decoding=\"async\" width=\"512\" height=\"512\" src=\"https:\/\/wp.ull.es\/encapbio\/wp-content\/uploads\/sites\/131\/2025\/01\/Eladia-Pena-Mendez.jpg\" alt=\"\" class=\"wp-image-969\" style=\"aspect-ratio:1.073394495412844;width:227px;height:auto\" srcset=\"https:\/\/wp.ull.es\/encapbio\/wp-content\/uploads\/sites\/131\/2025\/01\/Eladia-Pena-Mendez.jpg 512w, https:\/\/wp.ull.es\/encapbio\/wp-content\/uploads\/sites\/131\/2025\/01\/Eladia-Pena-Mendez-300x300.jpg 300w, https:\/\/wp.ull.es\/encapbio\/wp-content\/uploads\/sites\/131\/2025\/01\/Eladia-Pena-Mendez-150x150.jpg 150w\" sizes=\"(max-width: 512px) 100vw, 512px\" \/><\/figure>\n<\/div>\n\n\n\n<div class=\"wp-block-column is-layout-flow wp-block-column-is-layout-flow\" style=\"flex-basis:85%\">\n<p><\/p>\n\n\n\n<h4 class=\"wp-block-heading has-text-align-left\" style=\"font-style:normal;font-weight:700\"><a href=\"https:\/\/wp.ull.es\/encapbio\/prof-dra-eladia-m-pena-mendez\/\" data-type=\"URL\" data-id=\"https:\/\/wp.ull.es\/encapbio\/dr-edgar-perez-herrero\/\">Prof. Dra. Eladia M. Pe\u00f1a M\u00e9ndez<\/a><\/h4>\n\n\n\n<h4 class=\"wp-block-heading has-text-align-left\" style=\"font-size:18px;font-style:normal;font-weight:600\">Associate Professor<\/h4>\n<\/div>\n<\/div>\n<\/div><\/div>\n\n\n\n<div style=\"height:42px\" aria-hidden=\"true\" class=\"wp-block-spacer\"><\/div>\n\n\n\n<div class=\"wp-block-group\"><div class=\"wp-block-group__inner-container is-layout-flow wp-block-group-is-layout-flow\">\n<div class=\"wp-block-columns alignwide are-vertically-aligned-center is-style-rounded is-layout-flex wp-container-core-columns-is-layout-9d6595d7 wp-block-columns-is-layout-flex\">\n<div class=\"wp-block-column is-layout-flow wp-block-column-is-layout-flow\" style=\"flex-basis:15%\">\n<figure class=\"wp-block-image size-full is-resized is-style-rounded\"><img decoding=\"async\" width=\"180\" height=\"199\" src=\"https:\/\/wp.ull.es\/encapbio\/wp-content\/uploads\/sites\/131\/2025\/01\/Foto-Jose-Elias.jpg\" alt=\"\" class=\"wp-image-970\" style=\"aspect-ratio:1.073394495412844;width:227px;height:auto\" \/><\/figure>\n<\/div>\n\n\n\n<div class=\"wp-block-column is-layout-flow wp-block-column-is-layout-flow\" style=\"flex-basis:85%\">\n<p><\/p>\n\n\n\n<h4 class=\"wp-block-heading has-text-align-left\" style=\"font-style:normal;font-weight:700\"><a href=\"https:\/\/wp.ull.es\/encapbio\/prof-dr-jose-elias-conde-gonzalez\/\" data-type=\"URL\" data-id=\"https:\/\/wp.ull.es\/encapbio\/dr-edgar-perez-herrero\/\">Prof. Dr. Jos\u00e9 El\u00edas Conde Gonz\u00e1lez<\/a><\/h4>\n\n\n\n<h4 class=\"wp-block-heading has-text-align-left\" style=\"font-size:18px;font-style:normal;font-weight:600\">Associate Professor<\/h4>\n<\/div>\n<\/div>\n<\/div><\/div>\n\n\n\n<div style=\"height:42px\" aria-hidden=\"true\" class=\"wp-block-spacer\"><\/div>\n\n\n\n<div class=\"wp-block-group\"><div class=\"wp-block-group__inner-container is-layout-flow wp-block-group-is-layout-flow\">\n<div class=\"wp-block-columns alignwide are-vertically-aligned-center is-style-rounded is-layout-flex wp-container-core-columns-is-layout-9d6595d7 wp-block-columns-is-layout-flex\">\n<div class=\"wp-block-column is-layout-flow wp-block-column-is-layout-flow\" style=\"flex-basis:15%\">\n<figure class=\"wp-block-image size-full is-style-rounded\"><img decoding=\"async\" width=\"500\" height=\"500\" src=\"https:\/\/wp.ull.es\/encapbio\/wp-content\/uploads\/sites\/131\/2023\/09\/A04857C2E775B4D3151F5BAD9085EFFC-1.jpg\" alt=\"\" class=\"wp-image-406\" srcset=\"https:\/\/wp.ull.es\/encapbio\/wp-content\/uploads\/sites\/131\/2023\/09\/A04857C2E775B4D3151F5BAD9085EFFC-1.jpg 500w, https:\/\/wp.ull.es\/encapbio\/wp-content\/uploads\/sites\/131\/2023\/09\/A04857C2E775B4D3151F5BAD9085EFFC-1-300x300.jpg 300w, https:\/\/wp.ull.es\/encapbio\/wp-content\/uploads\/sites\/131\/2023\/09\/A04857C2E775B4D3151F5BAD9085EFFC-1-150x150.jpg 150w\" sizes=\"(max-width: 500px) 100vw, 500px\" \/><\/figure>\n<\/div>\n\n\n\n<div class=\"wp-block-column is-layout-flow wp-block-column-is-layout-flow\" style=\"flex-basis:85%\">\n<p><\/p>\n\n\n\n<h4 class=\"wp-block-heading\" style=\"font-style:normal;font-weight:700\">Dra. Chaxiraxi de la Cruz Morales Marrero<\/h4>\n\n\n\n<h4 class=\"wp-block-heading\" style=\"font-size:18px;font-style:normal;font-weight:600\">Temporary Contracted Professor<\/h4>\n<\/div>\n<\/div>\n<\/div><\/div>\n\n\n\n<div style=\"height:85px\" aria-hidden=\"true\" class=\"wp-block-spacer\"><\/div>\n\n\n\n<p><\/p>\n\n\n\n<p><\/p>\n\n\n\n<h2 class=\"wp-block-heading\">PhD Students<\/h2>\n\n\n\n<hr class=\"wp-block-separator has-alpha-channel-opacity\" \/>\n\n\n\n<div class=\"wp-block-group\"><div class=\"wp-block-group__inner-container is-layout-constrained wp-block-group-is-layout-constrained\">\n<div class=\"wp-block-group is-nowrap is-layout-flex wp-container-core-group-is-layout-ad2f72ca wp-block-group-is-layout-flex\">\n<figure class=\"wp-block-image size-full is-resized\"><img decoding=\"async\" width=\"306\" height=\"408\" src=\"https:\/\/wp.ull.es\/encapbio\/wp-content\/uploads\/sites\/131\/2025\/01\/Sara-Galvez-Rodriguez.jpg\" alt=\"\" class=\"wp-image-844\" style=\"width:120px\" srcset=\"https:\/\/wp.ull.es\/encapbio\/wp-content\/uploads\/sites\/131\/2025\/01\/Sara-Galvez-Rodriguez.jpg 306w, https:\/\/wp.ull.es\/encapbio\/wp-content\/uploads\/sites\/131\/2025\/01\/Sara-Galvez-Rodriguez-225x300.jpg 225w\" sizes=\"(max-width: 306px) 100vw, 306px\" \/><\/figure>\n\n\n\n<pre class=\"wp-block-preformatted has-black-color has-white-background-color has-text-color has-background has-link-color wp-elements-6f2696ed4a500c3321609518303acad3 wp-container-content-751e4e31\" style=\"font-size:17px;font-style:normal;font-weight:400\"><strong>Sara G\u00e1lvez Rodr\u00edguez (Pharmacy Degree - ULL)<br><\/strong><br><em>Development of new theragnostic targeted strategies for hematological cancers <\/em><br>    Keywords: antimicrobial peptides, targeted drug delivery; molecular<br>    imprinting; intracellular hyperthermia; multiple myeloma<br>DIRECTORS: Dr. Edgar P\u00e9rez-Herrero &amp; Dr. Jos\u00e9 M. P\u00e9rez de la Lastra <br><\/pre>\n<\/div>\n<\/div><\/div>\n\n\n\n<div style=\"height:38px\" aria-hidden=\"true\" class=\"wp-block-spacer\"><\/div>\n\n\n\n<div class=\"wp-block-group is-nowrap is-layout-flex wp-container-core-group-is-layout-ad2f72ca wp-block-group-is-layout-flex\">\n<figure class=\"wp-block-image size-full is-resized\"><img decoding=\"async\" width=\"681\" height=\"898\" src=\"https:\/\/wp.ull.es\/encapbio\/wp-content\/uploads\/sites\/131\/2025\/01\/Captura-de-Pantalla-2023-10-02-a-las-11.16.14-1-e1736086721174.jpg\" alt=\"\" class=\"wp-image-896\" style=\"width:120px\" srcset=\"https:\/\/wp.ull.es\/encapbio\/wp-content\/uploads\/sites\/131\/2025\/01\/Captura-de-Pantalla-2023-10-02-a-las-11.16.14-1-e1736086721174.jpg 681w, https:\/\/wp.ull.es\/encapbio\/wp-content\/uploads\/sites\/131\/2025\/01\/Captura-de-Pantalla-2023-10-02-a-las-11.16.14-1-e1736086721174-228x300.jpg 228w\" sizes=\"(max-width: 681px) 100vw, 681px\" \/><\/figure>\n\n\n\n<pre class=\"wp-block-preformatted has-white-background-color has-background wp-container-content-751e4e31\" style=\"font-size:17px\"><strong>Adama Pe\u00f1a Vera (Pharmacy Degree - ULL)<br><\/strong><br><em>Pharmacotherapeutic monitoring in hypertensive patients and statistical analysis of<\/em><br><em>the use of antihypertensive drugs in a pharmaceutical area of Santa Cruz de Tenerife<br><\/em>    Keywords: hypertension, pharmaceutical services, community pharmacist, pharmaceutical care<br>DIRECTORS: Dra. Susana Abdala Kuri &amp; Dra. Sandra D\u00e9vora Guti\u00e9rrez <\/pre>\n<\/div>\n\n\n\n<div style=\"height:38px\" aria-hidden=\"true\" class=\"wp-block-spacer\"><\/div>\n\n\n\n<div class=\"wp-block-group is-nowrap is-layout-flex wp-container-core-group-is-layout-ad2f72ca wp-block-group-is-layout-flex\">\n<figure class=\"wp-block-image size-full is-resized\"><img decoding=\"async\" width=\"768\" height=\"1024\" src=\"https:\/\/wp.ull.es\/encapbio\/wp-content\/uploads\/sites\/131\/2025\/01\/IMG_20230324_165911.jpg\" alt=\"\" class=\"wp-image-925\" style=\"width:120px\" srcset=\"https:\/\/wp.ull.es\/encapbio\/wp-content\/uploads\/sites\/131\/2025\/01\/IMG_20230324_165911.jpg 768w, https:\/\/wp.ull.es\/encapbio\/wp-content\/uploads\/sites\/131\/2025\/01\/IMG_20230324_165911-225x300.jpg 225w\" sizes=\"(max-width: 768px) 100vw, 768px\" \/><\/figure>\n\n\n\n<pre class=\"wp-block-preformatted has-white-background-color has-background wp-container-content-751e4e31\" style=\"font-size:17px\"><strong>Aitana Mart\u00edn Esca\u00f1o (Pharmacy Degree - ULL)<br><\/strong><br><em>Development of new platforms for the oral administration of biologics in the treatment of IBD<br><\/em>    Keywords: mucosal drug delivery; oral administration; targeted delivery;  biological drugs;<br>    inflammatory bowel disease (IBD)<br>DIRECTORS: Dr. Edgar P\u00e9rez-Herrero &amp; Dr. Juan M. Irache Garreta<\/pre>\n<\/div>\n\n\n\n<div style=\"height:38px\" aria-hidden=\"true\" class=\"wp-block-spacer\"><\/div>\n\n\n\n<div class=\"wp-block-group is-nowrap is-layout-flex wp-container-core-group-is-layout-ad2f72ca wp-block-group-is-layout-flex\">\n<figure class=\"wp-block-image size-full is-resized\"><img decoding=\"async\" width=\"380\" height=\"506\" src=\"https:\/\/wp.ull.es\/encapbio\/wp-content\/uploads\/sites\/131\/2025\/01\/IMG-20241015-WA0006.jpg\" alt=\"\" class=\"wp-image-933\" style=\"width:120px\" srcset=\"https:\/\/wp.ull.es\/encapbio\/wp-content\/uploads\/sites\/131\/2025\/01\/IMG-20241015-WA0006.jpg 380w, https:\/\/wp.ull.es\/encapbio\/wp-content\/uploads\/sites\/131\/2025\/01\/IMG-20241015-WA0006-225x300.jpg 225w\" sizes=\"(max-width: 380px) 100vw, 380px\" \/><\/figure>\n\n\n\n<pre class=\"wp-block-preformatted has-white-background-color has-background wp-container-content-751e4e31\" style=\"font-size:17px\"><strong>M. del Carmen G\u00f3mez de la Torre (Pharmacy Degree - ULL)<br><\/strong><br><em>Development of new strategies for the treatment of neurodegenerative diseases by means of the   delivery of bioactive molecules through the intranasal route<br><\/em>    Keywords: brain, intranasal drug delivery; blood-brain-barrier; Parkinson\u2019s disease<br>DIRECTORS: Dr. Edgar P\u00e9rez-Herrero &amp; Dra. Ingrid Morales-P\u00e9rez<\/pre>\n<\/div>\n\n\n\n<p>&nbsp;<\/p>\n\n\n\n<p>&nbsp;&nbsp;<\/p>\n\n\n\n<h2 class=\"wp-block-heading\">Undergraduate Students<\/h2>\n\n\n\n<hr class=\"wp-block-separator has-alpha-channel-opacity\" \/>\n\n\n\n<div class=\"wp-block-group is-nowrap is-layout-flex wp-container-core-group-is-layout-ad2f72ca wp-block-group-is-layout-flex\">\n<pre class=\"wp-block-preformatted has-white-background-color has-background wp-container-content-827a083e\" style=\"font-size:17px\"><\/pre>\n<\/div>\n\n\n\n<div style=\"height:84px\" aria-hidden=\"true\" class=\"wp-block-spacer\"><\/div>\n\n\n\n<h2 class=\"wp-block-heading\">Previous Lab Members<\/h2>\n\n\n\n<hr class=\"wp-block-separator has-alpha-channel-opacity\" \/>\n\n\n\n<div class=\"wp-block-group is-nowrap is-layout-flex wp-container-core-group-is-layout-ad2f72ca wp-block-group-is-layout-flex\">\n<pre class=\"wp-block-preformatted has-white-background-color has-background wp-container-content-827a083e\" style=\"font-size:17px\">\u00c1lvaro Gonz\u00e1lez Castillo (Chemical Engineering Degree - ULL)<br>(research collaboration --- 2023-24)<br><br>Tamara Mart\u00ednez Jorge (Pharmacy Degree \u2013 ULL)<br>(collaboration scholarship and final degree project --- 2023-24)<br><br>Paula Melgarejo Mero\u00f1o (Pharmacy Degree - ULL)<br>(collaboration scholarship and final degree project --- 2024-25)<\/pre>\n<\/div>\n\n\n\n<p><\/p>\n","protected":false},"excerpt":{"rendered":"<p>Senior Members Prof. Dr. Edgar P\u00e9rez Herrero Associate Professor Head of ENCAPBIO Prof. Dra. Susana Abdala Kuri Associate Professor Prof. Dra. Sandra D\u00e9vora Gutierrez Associate Professor Prof. Dra. Eladia M. Pe\u00f1a M\u00e9ndez Associate Professor Prof. Dr. Jos\u00e9 El\u00edas Conde Gonz\u00e1lez Associate Professor Dra. Chaxiraxi de la Cruz Morales Marrero Temporary Contracted Professor PhD Students Sara [&hellip;]<\/p>\n","protected":false},"author":322,"featured_media":0,"parent":0,"menu_order":0,"comment_status":"closed","ping_status":"closed","template":"fullwidth.php","meta":{"ngg_post_thumbnail":0,"footnotes":""},"class_list":["post-15","page","type-page","status-publish","hentry"],"_links":{"self":[{"href":"https:\/\/wp.ull.es\/encapbio\/wp-json\/wp\/v2\/pages\/15","targetHints":{"allow":["GET"]}}],"collection":[{"href":"https:\/\/wp.ull.es\/encapbio\/wp-json\/wp\/v2\/pages"}],"about":[{"href":"https:\/\/wp.ull.es\/encapbio\/wp-json\/wp\/v2\/types\/page"}],"author":[{"embeddable":true,"href":"https:\/\/wp.ull.es\/encapbio\/wp-json\/wp\/v2\/users\/322"}],"replies":[{"embeddable":true,"href":"https:\/\/wp.ull.es\/encapbio\/wp-json\/wp\/v2\/comments?post=15"}],"version-history":[{"count":3,"href":"https:\/\/wp.ull.es\/encapbio\/wp-json\/wp\/v2\/pages\/15\/revisions"}],"predecessor-version":[{"id":1078,"href":"https:\/\/wp.ull.es\/encapbio\/wp-json\/wp\/v2\/pages\/15\/revisions\/1078"}],"wp:attachment":[{"href":"https:\/\/wp.ull.es\/encapbio\/wp-json\/wp\/v2\/media?parent=15"}],"curies":[{"name":"wp","href":"https:\/\/api.w.org\/{rel}","templated":true}]}}