{"id":118,"date":"2024-01-22T13:26:47","date_gmt":"2024-01-22T12:26:47","guid":{"rendered":"https:\/\/wp.ull.es\/dynamics\/?page_id=118"},"modified":"2025-03-27T17:11:28","modified_gmt":"2025-03-27T16:11:28","slug":"inicio","status":"publish","type":"page","link":"https:\/\/wp.ull.es\/dynamics\/","title":{"rendered":"Inicio"},"content":{"rendered":"<p><a href=\"https:\/\/wp.ull.es\/dynamics\/%20\"><br \/>\n\t\t\t  \t\t\t<\/a><br \/>\n\t\t\t\t\t\t\t\t\t\t\t\t\t<img decoding=\"async\" width=\"700\" height=\"203\" src=\"https:\/\/wp.ull.es\/dynamics\/wp-content\/uploads\/sites\/176\/2024\/10\/FSULL-Nombre-blanco.png\" alt=\"\" \/>\t\t\t\t\t\t\t\t\t\t\t\t\t<\/p>\n<h2>Ocho islas, tres colores<\/h2>\n<p>\t\t\t\t\t<a href=\"https:\/\/forms.gle\/zUAdzK1WxDvtT3Tt6\"><br \/>\n\t\t\t\t\t\t\t\t\t\u00fanete<br \/>\n\t\t\t\t\t<\/a><br \/>\n\t\t\t\t\t<a href=\"#\"><br \/>\n\t\t\t\t\t\t\t\t\tPatroc\u00ednanos<br \/>\n\t\t\t\t\t<\/a><\/p>\n<figure><img decoding=\"async\" src=\"https:\/\/wp.ull.es\/dynamics\/wp-content\/uploads\/sites\/176\/2024\/01\/mantenimiento-universidad-la-laguna-1536x600.png\" alt=\"mantenimiento-universidad-la-laguna\" \/><\/figure>\n<figure><img decoding=\"async\" src=\"https:\/\/wp.ull.es\/dynamics\/wp-content\/uploads\/sites\/176\/2024\/01\/descarga-e1706611722626.jpeg\" alt=\"descarga\" \/><\/figure>\n<figure><img decoding=\"async\" src=\"https:\/\/wp.ull.es\/dynamics\/wp-content\/uploads\/sites\/176\/2024\/01\/LOGO-fgull-1536x553.jpeg\" alt=\"LOGO-fgull\" \/><\/figure>\n<figure><img decoding=\"async\" src=\"https:\/\/wp.ull.es\/dynamics\/wp-content\/uploads\/sites\/176\/2024\/01\/logotipo-ayto-la-laguna.png_1865904952.png\" alt=\"logotipo-ayto-la-laguna.png_1865904952\" \/><\/figure>\n<figure><img decoding=\"async\" src=\"https:\/\/wp.ull.es\/dynamics\/wp-content\/uploads\/sites\/176\/2024\/01\/obrasocial-1536x499.png\" alt=\"obrasocial\" \/><\/figure>\n<figure><img decoding=\"async\" src=\"https:\/\/wp.ull.es\/dynamics\/wp-content\/uploads\/sites\/176\/2024\/01\/Captura-de-pantalla-2024-01-30-a-las-15.09.37.png\" alt=\"Captura de pantalla 2024-01-30 a las 15.09.37\" \/><\/figure>\n<figure><img decoding=\"async\" src=\"https:\/\/wp.ull.es\/dynamics\/wp-content\/uploads\/sites\/176\/2024\/01\/Captura-de-pantalla-2024-01-30-a-las-15.10.59.png\" alt=\"Captura de pantalla 2024-01-30 a las 15.10.59\" \/><\/figure>\n<figure><img decoding=\"async\" src=\"https:\/\/wp.ull.es\/dynamics\/wp-content\/uploads\/sites\/176\/2024\/01\/logo-brena-alta-1536x1536.jpeg\" alt=\"logo bren\u0303a alta\" \/><\/figure>\n<figure><img decoding=\"async\" src=\"https:\/\/wp.ull.es\/dynamics\/wp-content\/uploads\/sites\/176\/2024\/01\/Captura-de-pantalla-2024-01-30-a-las-15.09.02.png\" alt=\"Captura de pantalla 2024-01-30 a las 15.09.02\" \/><\/figure>\n<figure><img decoding=\"async\" src=\"https:\/\/wp.ull.es\/dynamics\/wp-content\/uploads\/sites\/176\/2024\/01\/Captura-de-pantalla-2024-01-30-a-las-15.09.21.png\" alt=\"Captura de pantalla 2024-01-30 a las 15.09.21\" \/><\/figure>\n<figure><img decoding=\"async\" src=\"https:\/\/wp.ull.es\/dynamics\/wp-content\/uploads\/sites\/176\/2024\/01\/Captura-de-pantalla-2024-01-30-a-las-15.10.06.png\" alt=\"Captura de pantalla 2024-01-30 a las 15.10.06\" \/><\/figure>\n<figure><img decoding=\"async\" src=\"https:\/\/wp.ull.es\/dynamics\/wp-content\/uploads\/sites\/176\/2024\/01\/Captura-de-pantalla-2024-01-30-a-las-15.11.05-e1706627762237.png\" alt=\"Captura de pantalla 2024-01-30 a las 15.11.05\" \/><\/figure>\n<figure><img decoding=\"async\" src=\"https:\/\/wp.ull.es\/dynamics\/wp-content\/uploads\/sites\/176\/2024\/01\/Captura-de-pantalla-2024-01-30-a-las-15.11.09.png\" alt=\"Captura de pantalla 2024-01-30 a las 15.11.09\" \/><\/figure>\n<figure><img decoding=\"async\" src=\"https:\/\/wp.ull.es\/dynamics\/wp-content\/uploads\/sites\/176\/2024\/01\/Captura-de-pantalla-2024-01-30-a-las-15.11.31.png\" alt=\"Captura de pantalla 2024-01-30 a las 15.11.31\" \/><\/figure>\n<figure><img decoding=\"async\" src=\"https:\/\/wp.ull.es\/dynamics\/wp-content\/uploads\/sites\/176\/2024\/01\/Captura-de-pantalla-2024-01-30-a-las-15.11.46.png\" alt=\"Captura de pantalla 2024-01-30 a las 15.11.46\" \/><\/figure>\n<figure><img decoding=\"async\" src=\"https:\/\/wp.ull.es\/dynamics\/wp-content\/uploads\/sites\/176\/2024\/01\/Captura-de-pantalla-2024-01-30-a-las-15.11.54.png\" alt=\"Captura de pantalla 2024-01-30 a las 15.11.54\" \/><\/figure>\n<figure><img decoding=\"async\" src=\"https:\/\/wp.ull.es\/dynamics\/wp-content\/uploads\/sites\/176\/2024\/01\/Captura-de-pantalla-2024-01-30-a-las-15.12.09.png\" alt=\"Captura de pantalla 2024-01-30 a las 15.12.09\" \/><\/figure>\n<figure><img decoding=\"async\" src=\"https:\/\/wp.ull.es\/dynamics\/wp-content\/uploads\/sites\/176\/2024\/01\/Captura-de-pantalla-2024-01-30-a-las-15.12.13.png\" alt=\"Captura de pantalla 2024-01-30 a las 15.12.13\" \/><\/figure>\n<h2>Sobre nosotros<\/h2>\n<p>\t\t\t\t\t\t\t\t\t\t\t\t\t<img decoding=\"async\" src=\"https:\/\/wp.ull.es\/dynamics\/wp-content\/uploads\/sites\/176\/2024\/01\/EHv3qF8X4AEcX5u-2.jpeg\" title=\"EHv3qF8X4AEcX5u\" alt=\"EHv3qF8X4AEcX5u\" loading=\"lazy\" \/>\t\t\t\t\t\t\t\t\t\t\t\t\t<\/p>\n<h1>ULL Dynamics: el primer equipo Canario de Formula Student <\/h1>\n<p>Formula Student ULL Dynamics es el equipo automovil\u00edstico de la Universidad de La Laguna. Desafiando fronteras hemos conseguido ser los primeros en representar a las ocho islas canarias en la FS, la m\u00e1xima competici\u00f3n estudiantil dentro del mundo del motor. Lo hemos logrado con un monoplaza el\u00e9ctrico capaz de sortear cualquier distancia, incluida la que nos separa de la pen\u00ednsula ib\u00e9rica.\u00a0<\/p>\n<p>La resiliencia y el coraje son rasgos propios de nuestra formaci\u00f3n, sin miedo a los obst\u00e1culos de la geograf\u00eda. Un equipo absolutamente interdisciplinar, cuyo coraz\u00f3n es la ingenier\u00eda, pero con la comunicaci\u00f3n y las finanzas como arterias. So\u00f1amos con que la innovaci\u00f3n automovil\u00edstica canaria consiga acelerar el futuro y el corremos hacia el \u00e9xito inspirados por la pasi\u00f3n y la determinaci\u00f3n. Crecemos gracias a aquellos que nos hacen grandes: todos los que creen que lo peque\u00f1o puede llegar a ser gigante. <\/p>\n<h2>\u00bfD\u00d3NDE COMPETIMOS?<\/h2>\n<p><strong>FSULL Dynamics<\/strong> compite en la cantera de la F\u00f3rmula 1, la <strong>F\u00f3rmula Student<\/strong>. En esta disciplina del motorsport, el estudiantado universitario dise\u00f1a y construye un monoplaza de competici\u00f3n, aplicando sus conocimientos te\u00f3rico-pr\u00e1cticos al mundo real. No solo es importante manufacturar desde cero el coche m\u00e1s r\u00e1pido, sino <strong>optimizar su rendimiento<\/strong> mediante el dise\u00f1o y la gesti\u00f3n de recursos, todo con un plan de viabilidad que garantice el \u00e9xito del proyecto.<\/p>\n<h2>M\u00c1S INFORMACI\u00d3N:<br \/>\n<\/h2>\n<h3><a href=\"http:\/\/www.formulastudent.com\">www.formulastudent.com<\/a><\/h3>\n<h3><a href=\"http:\/\/www.formulastudent.es\">www.formulastudent.es<\/a><\/h3>\n<p>\t\t\t\t\t\t\t\t\t\t\t\t\t<img decoding=\"async\" width=\"766\" height=\"1024\" src=\"https:\/\/wp.ull.es\/dynamics\/wp-content\/uploads\/sites\/176\/2024\/01\/20210808_154745-1-766x1024.jpg\" alt=\"\" \/>\t\t\t\t\t\t\t\t\t\t\t\t\t<\/p>\n<p>La Formula Student naci\u00f3 como una competici\u00f3n de monoplazas de combusti\u00f3n, pero los avances tecnol\u00f3gicos propiciaron que en 2010 naciese la categor\u00eda el\u00e9ctrica, en la encajamos a la perfecci\u00f3n por nuestro compromiso con la sostenibilidad.\u00a0<\/p>\n<p>Distintos pa\u00edses cuentan con su competici\u00f3n oficial, como es el caso de Espa\u00f1a. Nos honra nuestra experiencia en competiciones como la FS Spain (2020, 2022), que nos permiti\u00f3 rodar en el asfalto del Circuit de Barcelona-Catalunya, y en la Formula Imperial India (2024).\u00a0<\/p>\n<h3>Impacto Econ\u00f3mico<\/h3>\n<p>\t\t\tInversi\u00f3n Total Anual<br \/>\n\t\t\t\t+<br \/>\n\t\t\t\t0<br \/>\n\t\t\t\tM \u20ac<\/p>\n<p>\t\t\tInversi\u00f3n Promedio por Equipo<br \/>\n\t\t\t\t0<br \/>\n\t\t\t\tMil \u20ac<\/p>\n<p>\t\t\tCobertura internacional<br \/>\n\t\t\t\t+<br \/>\n\t\t\t\t Pa\u00edses<\/p>\n<h2>Gracias a nuestros Sponsors<\/h2>\n<figure><img data-src=\"https:\/\/wp.ull.es\/dynamics\/wp-content\/uploads\/sites\/176\/2024\/01\/descarga-e1706611722626.jpeg\" alt=\"descarga\" \/><\/figure>\n<figure><img data-src=\"https:\/\/wp.ull.es\/dynamics\/wp-content\/uploads\/sites\/176\/2024\/01\/LOGO-fgull-300x108.jpeg\" alt=\"LOGO-fgull\" \/><\/figure>\n<figure><img data-src=\"https:\/\/wp.ull.es\/dynamics\/wp-content\/uploads\/sites\/176\/2024\/01\/logotipo-ayto-la-laguna.png_1865904952-300x75.png\" alt=\"logotipo-ayto-la-laguna.png_1865904952\" \/><\/figure>\n<figure><img data-src=\"https:\/\/wp.ull.es\/dynamics\/wp-content\/uploads\/sites\/176\/2024\/01\/obrasocial-300x97.png\" alt=\"obrasocial\" \/><\/figure>\n<figure><img data-src=\"https:\/\/wp.ull.es\/dynamics\/wp-content\/uploads\/sites\/176\/2024\/01\/Captura-de-pantalla-2024-01-30-a-las-15.09.37-300x178.png\" alt=\"Captura de pantalla 2024-01-30 a las 15.09.37\" \/><\/figure>\n<figure><img data-src=\"https:\/\/wp.ull.es\/dynamics\/wp-content\/uploads\/sites\/176\/2024\/01\/Captura-de-pantalla-2024-01-30-a-las-15.10.59.png\" alt=\"Captura de pantalla 2024-01-30 a las 15.10.59\" \/><\/figure>\n<figure><img data-src=\"https:\/\/wp.ull.es\/dynamics\/wp-content\/uploads\/sites\/176\/2024\/01\/logo-brena-alta-300x300.jpeg\" alt=\"logo bren\u0303a alta\" \/><\/figure>\n<figure><img data-src=\"https:\/\/wp.ull.es\/dynamics\/wp-content\/uploads\/sites\/176\/2024\/01\/Captura-de-pantalla-2024-01-30-a-las-15.09.02-300x129.png\" alt=\"Captura de pantalla 2024-01-30 a las 15.09.02\" \/><\/figure>\n<p>\t\t\t\t\t\t\t\t\t\t\t\t\t<img decoding=\"async\" width=\"246\" height=\"201\" src=\"https:\/\/wp.ull.es\/dynamics\/wp-content\/uploads\/sites\/176\/2024\/01\/escudo.png\" alt=\"\" \/>\t\t\t\t\t\t\t\t\t\t\t\t\t<\/p>\n<ul>\n<li>\n\t\t\t\t\t\t\t\t\t\t\t<a href=\"https:\/\/maps.app.goo.gl\/2KJp6tdoAgRLmeyJ9\"><\/p>\n<p>\t\t\t\t\t\t\t\t\t\tEscuela Superior de Ingenier\u00eda y Tecnolog\u00eda, Universidad de La Laguna.<br \/>\n\t\t\t\t\t\t\t\t\t\t\t<\/a>\n\t\t\t\t\t\t\t\t\t<\/li>\n<li>\n<p>\t\t\t\t\t\t\t\t\t\tull_dynamics@ull.edu.es\n\t\t\t\t\t\t\t\t\t<\/li>\n<\/ul>\n<p>\t\t\t\t\t<a href=\"https:\/\/www.instagram.com\/fsull_dynamics\/?hl=es\" target=\"_blank\" rel=\"noopener\"><br \/>\n\t\t\t\t\t\tInstagram<br \/>\n\t\t\t\t\t\t\t\t\t\t\t<\/a><br \/>\n\t\t\t\t\t<a href=\"https:\/\/www.tiktok.com\/@fsull_dynamics?lang=es\" target=\"_blank\" rel=\"noopener\"><br \/>\n\t\t\t\t\t\t\t\t\t\t\t<\/a><\/p>\n<h2>website by fsull dynamics <\/h2>\n","protected":false},"excerpt":{"rendered":"<p>Ocho islas, tres colores \u00fanete Patroc\u00ednanos Sobre nosotros ULL Dynamics: el primer equipo Canario de Formula Student Formula Student ULL Dynamics es el equipo automovil\u00edstico de la Universidad de La Laguna. Desafiando fronteras hemos conseguido ser los primeros en representar a las ocho islas canarias en la FS, la m\u00e1xima competici\u00f3n estudiantil dentro del mundo &hellip;<\/p>\n","protected":false},"author":432,"featured_media":0,"parent":0,"menu_order":0,"comment_status":"closed","ping_status":"closed","template":"elementor_canvas","meta":{"footnotes":""},"class_list":["post-118","page","type-page","status-publish","hentry"],"yoast_head":"<!-- This site is optimized with the Yoast SEO plugin v27.3 - https:\/\/yoast.com\/product\/yoast-seo-wordpress\/ -->\n<title>Dynamics ULL| Equipo canario de Formula Student<\/title>\n<meta name=\"description\" content=\"\u00danete al Primer equipo canario de Formula Student. Escribamos juntos un nuevo cap\u00edtulo en la competici\u00f3n. Ocho islas, tres colores.\" \/>\n<meta name=\"robots\" content=\"index, follow, max-snippet:-1, max-image-preview:large, max-video-preview:-1\" \/>\n<link rel=\"canonical\" href=\"https:\/\/wp.ull.es\/dynamics\/\" \/>\n<meta property=\"og:locale\" content=\"es_ES\" \/>\n<meta property=\"og:type\" content=\"article\" \/>\n<meta property=\"og:title\" content=\"Dynamics ULL| Equipo canario de Formula Student\" \/>\n<meta property=\"og:description\" content=\"\u00danete al Primer equipo canario de Formula Student. Escribamos juntos un nuevo cap\u00edtulo en la competici\u00f3n. Ocho islas, tres colores.\" \/>\n<meta property=\"og:url\" content=\"https:\/\/wp.ull.es\/dynamics\/\" \/>\n<meta property=\"og:site_name\" content=\"Fsull Dynamics\" \/>\n<meta property=\"article:modified_time\" content=\"2025-03-27T16:11:28+00:00\" \/>\n<meta property=\"og:image\" content=\"https:\/\/wp.ull.es\/dynamics\/wp-content\/uploads\/sites\/176\/2024\/10\/FSULL-Nombre-blanco.png\" \/>\n<meta name=\"twitter:card\" content=\"summary_large_image\" \/>\n<meta name=\"twitter:label1\" content=\"Tiempo de lectura\" \/>\n\t<meta name=\"twitter:data1\" content=\"14 minutos\" \/>\n<script type=\"application\/ld+json\" class=\"yoast-schema-graph\">{\"@context\":\"https:\\\/\\\/schema.org\",\"@graph\":[{\"@type\":\"WebPage\",\"@id\":\"https:\\\/\\\/wp.ull.es\\\/dynamics\\\/\",\"url\":\"https:\\\/\\\/wp.ull.es\\\/dynamics\\\/\",\"name\":\"Dynamics ULL| Equipo canario de Formula Student\",\"isPartOf\":{\"@id\":\"https:\\\/\\\/wp.ull.es\\\/dynamics\\\/#website\"},\"primaryImageOfPage\":{\"@id\":\"https:\\\/\\\/wp.ull.es\\\/dynamics\\\/#primaryimage\"},\"image\":{\"@id\":\"https:\\\/\\\/wp.ull.es\\\/dynamics\\\/#primaryimage\"},\"thumbnailUrl\":\"https:\\\/\\\/wp.ull.es\\\/dynamics\\\/wp-content\\\/uploads\\\/sites\\\/176\\\/2024\\\/10\\\/FSULL-Nombre-blanco.png\",\"datePublished\":\"2024-01-22T12:26:47+00:00\",\"dateModified\":\"2025-03-27T16:11:28+00:00\",\"description\":\"\u00danete al Primer equipo canario de Formula Student. Escribamos juntos un nuevo cap\u00edtulo en la competici\u00f3n. Ocho islas, tres colores.\",\"breadcrumb\":{\"@id\":\"https:\\\/\\\/wp.ull.es\\\/dynamics\\\/#breadcrumb\"},\"inLanguage\":\"es\",\"potentialAction\":[{\"@type\":\"ReadAction\",\"target\":[\"https:\\\/\\\/wp.ull.es\\\/dynamics\\\/\"]}]},{\"@type\":\"ImageObject\",\"inLanguage\":\"es\",\"@id\":\"https:\\\/\\\/wp.ull.es\\\/dynamics\\\/#primaryimage\",\"url\":\"https:\\\/\\\/wp.ull.es\\\/dynamics\\\/wp-content\\\/uploads\\\/sites\\\/176\\\/2024\\\/10\\\/FSULL-Nombre-blanco.png\",\"contentUrl\":\"https:\\\/\\\/wp.ull.es\\\/dynamics\\\/wp-content\\\/uploads\\\/sites\\\/176\\\/2024\\\/10\\\/FSULL-Nombre-blanco.png\",\"width\":700,\"height\":203},{\"@type\":\"BreadcrumbList\",\"@id\":\"https:\\\/\\\/wp.ull.es\\\/dynamics\\\/#breadcrumb\",\"itemListElement\":[{\"@type\":\"ListItem\",\"position\":1,\"name\":\"Portada\",\"item\":\"https:\\\/\\\/wp.ull.es\\\/dynamics\\\/\"},{\"@type\":\"ListItem\",\"position\":2,\"name\":\"Inicio\"}]},{\"@type\":\"WebSite\",\"@id\":\"https:\\\/\\\/wp.ull.es\\\/dynamics\\\/#website\",\"url\":\"https:\\\/\\\/wp.ull.es\\\/dynamics\\\/\",\"name\":\"Fsull Dynamics\",\"description\":\"Formula Student Team Universidad de La Laguna\",\"publisher\":{\"@id\":\"https:\\\/\\\/wp.ull.es\\\/dynamics\\\/#organization\"},\"potentialAction\":[{\"@type\":\"SearchAction\",\"target\":{\"@type\":\"EntryPoint\",\"urlTemplate\":\"https:\\\/\\\/wp.ull.es\\\/dynamics\\\/?s={search_term_string}\"},\"query-input\":{\"@type\":\"PropertyValueSpecification\",\"valueRequired\":true,\"valueName\":\"search_term_string\"}}],\"inLanguage\":\"es\"},{\"@type\":\"Organization\",\"@id\":\"https:\\\/\\\/wp.ull.es\\\/dynamics\\\/#organization\",\"name\":\"Fsull Dynamics\",\"url\":\"https:\\\/\\\/wp.ull.es\\\/dynamics\\\/\",\"logo\":{\"@type\":\"ImageObject\",\"inLanguage\":\"es\",\"@id\":\"https:\\\/\\\/wp.ull.es\\\/dynamics\\\/#\\\/schema\\\/logo\\\/image\\\/\",\"url\":\"https:\\\/\\\/wp.ull.es\\\/dynamics\\\/wp-content\\\/uploads\\\/sites\\\/176\\\/2024\\\/10\\\/Escudo.svg\",\"contentUrl\":\"https:\\\/\\\/wp.ull.es\\\/dynamics\\\/wp-content\\\/uploads\\\/sites\\\/176\\\/2024\\\/10\\\/Escudo.svg\",\"width\":100,\"height\":1024,\"caption\":\"Fsull Dynamics\"},\"image\":{\"@id\":\"https:\\\/\\\/wp.ull.es\\\/dynamics\\\/#\\\/schema\\\/logo\\\/image\\\/\"},\"sameAs\":[\"https:\\\/\\\/www.instagram.com\\\/fsull_dynamics\\\/?hl=es\"]}]}<\/script>\n<!-- \/ Yoast SEO plugin. -->","yoast_head_json":{"title":"Dynamics ULL| Equipo canario de Formula Student","description":"\u00danete al Primer equipo canario de Formula Student. Escribamos juntos un nuevo cap\u00edtulo en la competici\u00f3n. Ocho islas, tres colores.","robots":{"index":"index","follow":"follow","max-snippet":"max-snippet:-1","max-image-preview":"max-image-preview:large","max-video-preview":"max-video-preview:-1"},"canonical":"https:\/\/wp.ull.es\/dynamics\/","og_locale":"es_ES","og_type":"article","og_title":"Dynamics ULL| Equipo canario de Formula Student","og_description":"\u00danete al Primer equipo canario de Formula Student. Escribamos juntos un nuevo cap\u00edtulo en la competici\u00f3n. Ocho islas, tres colores.","og_url":"https:\/\/wp.ull.es\/dynamics\/","og_site_name":"Fsull Dynamics","article_modified_time":"2025-03-27T16:11:28+00:00","og_image":[{"url":"https:\/\/wp.ull.es\/dynamics\/wp-content\/uploads\/sites\/176\/2024\/10\/FSULL-Nombre-blanco.png","type":"","width":"","height":""}],"twitter_card":"summary_large_image","twitter_misc":{"Tiempo de lectura":"14 minutos"},"schema":{"@context":"https:\/\/schema.org","@graph":[{"@type":"WebPage","@id":"https:\/\/wp.ull.es\/dynamics\/","url":"https:\/\/wp.ull.es\/dynamics\/","name":"Dynamics ULL| Equipo canario de Formula Student","isPartOf":{"@id":"https:\/\/wp.ull.es\/dynamics\/#website"},"primaryImageOfPage":{"@id":"https:\/\/wp.ull.es\/dynamics\/#primaryimage"},"image":{"@id":"https:\/\/wp.ull.es\/dynamics\/#primaryimage"},"thumbnailUrl":"https:\/\/wp.ull.es\/dynamics\/wp-content\/uploads\/sites\/176\/2024\/10\/FSULL-Nombre-blanco.png","datePublished":"2024-01-22T12:26:47+00:00","dateModified":"2025-03-27T16:11:28+00:00","description":"\u00danete al Primer equipo canario de Formula Student. Escribamos juntos un nuevo cap\u00edtulo en la competici\u00f3n. Ocho islas, tres colores.","breadcrumb":{"@id":"https:\/\/wp.ull.es\/dynamics\/#breadcrumb"},"inLanguage":"es","potentialAction":[{"@type":"ReadAction","target":["https:\/\/wp.ull.es\/dynamics\/"]}]},{"@type":"ImageObject","inLanguage":"es","@id":"https:\/\/wp.ull.es\/dynamics\/#primaryimage","url":"https:\/\/wp.ull.es\/dynamics\/wp-content\/uploads\/sites\/176\/2024\/10\/FSULL-Nombre-blanco.png","contentUrl":"https:\/\/wp.ull.es\/dynamics\/wp-content\/uploads\/sites\/176\/2024\/10\/FSULL-Nombre-blanco.png","width":700,"height":203},{"@type":"BreadcrumbList","@id":"https:\/\/wp.ull.es\/dynamics\/#breadcrumb","itemListElement":[{"@type":"ListItem","position":1,"name":"Portada","item":"https:\/\/wp.ull.es\/dynamics\/"},{"@type":"ListItem","position":2,"name":"Inicio"}]},{"@type":"WebSite","@id":"https:\/\/wp.ull.es\/dynamics\/#website","url":"https:\/\/wp.ull.es\/dynamics\/","name":"Fsull Dynamics","description":"Formula Student Team Universidad de La Laguna","publisher":{"@id":"https:\/\/wp.ull.es\/dynamics\/#organization"},"potentialAction":[{"@type":"SearchAction","target":{"@type":"EntryPoint","urlTemplate":"https:\/\/wp.ull.es\/dynamics\/?s={search_term_string}"},"query-input":{"@type":"PropertyValueSpecification","valueRequired":true,"valueName":"search_term_string"}}],"inLanguage":"es"},{"@type":"Organization","@id":"https:\/\/wp.ull.es\/dynamics\/#organization","name":"Fsull Dynamics","url":"https:\/\/wp.ull.es\/dynamics\/","logo":{"@type":"ImageObject","inLanguage":"es","@id":"https:\/\/wp.ull.es\/dynamics\/#\/schema\/logo\/image\/","url":"https:\/\/wp.ull.es\/dynamics\/wp-content\/uploads\/sites\/176\/2024\/10\/Escudo.svg","contentUrl":"https:\/\/wp.ull.es\/dynamics\/wp-content\/uploads\/sites\/176\/2024\/10\/Escudo.svg","width":100,"height":1024,"caption":"Fsull Dynamics"},"image":{"@id":"https:\/\/wp.ull.es\/dynamics\/#\/schema\/logo\/image\/"},"sameAs":["https:\/\/www.instagram.com\/fsull_dynamics\/?hl=es"]}]}},"_links":{"self":[{"href":"https:\/\/wp.ull.es\/dynamics\/wp-json\/wp\/v2\/pages\/118","targetHints":{"allow":["GET"]}}],"collection":[{"href":"https:\/\/wp.ull.es\/dynamics\/wp-json\/wp\/v2\/pages"}],"about":[{"href":"https:\/\/wp.ull.es\/dynamics\/wp-json\/wp\/v2\/types\/page"}],"author":[{"embeddable":true,"href":"https:\/\/wp.ull.es\/dynamics\/wp-json\/wp\/v2\/users\/432"}],"replies":[{"embeddable":true,"href":"https:\/\/wp.ull.es\/dynamics\/wp-json\/wp\/v2\/comments?post=118"}],"version-history":[{"count":3,"href":"https:\/\/wp.ull.es\/dynamics\/wp-json\/wp\/v2\/pages\/118\/revisions"}],"predecessor-version":[{"id":2027,"href":"https:\/\/wp.ull.es\/dynamics\/wp-json\/wp\/v2\/pages\/118\/revisions\/2027"}],"wp:attachment":[{"href":"https:\/\/wp.ull.es\/dynamics\/wp-json\/wp\/v2\/media?parent=118"}],"curies":[{"name":"wp","href":"https:\/\/api.w.org\/{rel}","templated":true}]}}