{"id":554,"date":"2019-09-11T12:22:05","date_gmt":"2019-09-11T12:22:05","guid":{"rendered":"https:\/\/wp.ull.es\/dibaf\/?page_id=554"},"modified":"2023-01-18T13:55:52","modified_gmt":"2023-01-18T13:55:52","slug":"accounting","status":"publish","type":"page","link":"https:\/\/wp.ull.es\/dibaf\/accounting\/","title":{"rendered":"Accounting &amp; Auditing"},"content":{"rendered":"\n<p>Welcome to the Accounting &amp; Auditing space<\/p>\n\n\n\n<h3 class=\"wp-block-heading\">Accounting<\/h3>\n\n\n\n<p> La <strong>Contabilidad<\/strong> es una materia que les va a ser de mucha utilidad en  vuestra carrera profesional. Les animamos a participar en este blog,  formando grupos de trabajo, para elaborar p\u00edldoras y v\u00eddeos, que  expliquen contenidos de la asignatura.<\/p>\n\n\n<div class=\"wp-block-image\">\n<figure class=\"aligncenter is-resized\"><img decoding=\"async\" src=\"https:\/\/personasproyectos.files.wordpress.com\/2016\/04\/puzzle_pieces_house_teamwork_1600_clr.png\" alt=\"\" width=\"301\" height=\"225\" \/><\/figure>\n<\/div>\n\n\n<h6 class=\"wp-block-heading\"><strong>Curso 2019-20<\/strong> <\/h6>\n\n\n\n<h5 class=\"wp-block-heading\"><strong>Principios Contables<\/strong><\/h5>\n\n\n\n<figure class=\"wp-block-embed is-type-video is-provider-youtube wp-block-embed-youtube wp-embed-aspect-16-9 wp-has-aspect-ratio\"><div class=\"wp-block-embed__wrapper\">\n<iframe loading=\"lazy\" title=\"PRINCIPIOS.  CARLA GONZALEZ, LAURA HERNANDEZ Y MARTA DELGADO.\" width=\"525\" height=\"295\" src=\"https:\/\/www.youtube.com\/embed\/kRrV9QQIk1k?feature=oembed\" frameborder=\"0\" allow=\"accelerometer; autoplay; clipboard-write; encrypted-media; gyroscope; picture-in-picture; web-share\" referrerpolicy=\"strict-origin-when-cross-origin\" allowfullscreen><\/iframe>\n<\/div><\/figure>\n\n\n\n<h5 class=\"wp-block-heading\"><strong>Conceptos B\u00e1sicos de Contabilidad<\/strong><\/h5>\n\n\n\n<figure class=\"wp-block-embed is-type-video is-provider-youtube wp-block-embed-youtube wp-embed-aspect-16-9 wp-has-aspect-ratio\"><div class=\"wp-block-embed__wrapper\">\n<iframe loading=\"lazy\" title=\"Conceptos b\u00e1sicos de contabilidad. El patrimonio.\" width=\"525\" height=\"295\" src=\"https:\/\/www.youtube.com\/embed\/0hVrEmNIUrI?feature=oembed\" frameborder=\"0\" allow=\"accelerometer; autoplay; clipboard-write; encrypted-media; gyroscope; picture-in-picture; web-share\" referrerpolicy=\"strict-origin-when-cross-origin\" allowfullscreen><\/iframe>\n<\/div><\/figure>\n\n\n\n<h5 class=\"wp-block-heading\">Impuesto General Indirecto Canario (IGIC)<\/h5>\n\n\n\n<figure class=\"wp-block-embed is-type-video is-provider-youtube wp-block-embed-youtube wp-embed-aspect-16-9 wp-has-aspect-ratio\"><div class=\"wp-block-embed__wrapper\">\n<iframe loading=\"lazy\" title=\"IGIC ADE ULL\" width=\"525\" height=\"295\" src=\"https:\/\/www.youtube.com\/embed\/1Aw1WamS2UQ?feature=oembed\" frameborder=\"0\" allow=\"accelerometer; autoplay; clipboard-write; encrypted-media; gyroscope; picture-in-picture; web-share\" referrerpolicy=\"strict-origin-when-cross-origin\" allowfullscreen><\/iframe>\n<\/div><\/figure>\n\n\n\n<h5 class=\"wp-block-heading\">Grupos del Plan General de Contabilidad<\/h5>\n\n\n\n<figure class=\"wp-block-embed is-type-video is-provider-youtube wp-block-embed-youtube wp-embed-aspect-16-9 wp-has-aspect-ratio\"><div class=\"wp-block-embed__wrapper\">\n<iframe loading=\"lazy\" title=\"Contabilidad Financiera. Grupos 1 - 7 del cuadro de cuentas del PGC.\" width=\"525\" height=\"295\" src=\"https:\/\/www.youtube.com\/embed\/dBkHvpfqEyA?start=72&#038;feature=oembed\" frameborder=\"0\" allow=\"accelerometer; autoplay; clipboard-write; encrypted-media; gyroscope; picture-in-picture; web-share\" referrerpolicy=\"strict-origin-when-cross-origin\" allowfullscreen><\/iframe>\n<\/div><\/figure>\n\n\n\n<h5 class=\"wp-block-heading\">Liquidando el IGIC en la ULL<\/h5>\n\n\n\n<figure class=\"wp-block-embed is-type-video is-provider-youtube wp-block-embed-youtube wp-embed-aspect-16-9 wp-has-aspect-ratio\"><div class=\"wp-block-embed__wrapper\">\n<iframe loading=\"lazy\" title=\"Liquidaci\u00f3n igic (correcto)\" width=\"525\" height=\"295\" src=\"https:\/\/www.youtube.com\/embed\/gEszsld9Rj4?start=17&#038;feature=oembed\" frameborder=\"0\" allow=\"accelerometer; autoplay; clipboard-write; encrypted-media; gyroscope; picture-in-picture; web-share\" referrerpolicy=\"strict-origin-when-cross-origin\" allowfullscreen><\/iframe>\n<\/div><\/figure>\n\n\n\n<h3 class=\"wp-block-heading\">Auditing<\/h3>\n\n\n\n<h6 class=\"wp-block-heading\"><mark style=\"background-color:#ffffff\" class=\"has-inline-color has-black-color\">2020-21<\/mark><\/h6>\n\n\n\n<p><a rel=\"noreferrer noopener\" href=\"https:\/\/wp.ull.es\/dibaf\/auditoria\/auditoria-videos-multimedia\/\" data-type=\"URL\" data-id=\"https:\/\/wp.ull.es\/dibaf\/auditoria\/auditoria-videos-multimedia\/\" target=\"_blank\"><mark style=\"background-color:#ffffff\" class=\"has-inline-color has-black-color\">Presentaciones multimedia sobre temas de inter\u00e9s en auditor\u00eda <\/mark><\/a><\/p>\n\n\n\n<p><a href=\"https:\/\/wp.ull.es\/dibaf\/auditoria\/audimemes\/\"><mark style=\"background-color:#ffffff\" class=\"has-inline-color has-black-color\">Audimemes<\/mark><\/a><a rel=\"noreferrer noopener\" href=\"https:\/\/wp.ull.es\/dibaf\/auditoria\/trabajos\/\" target=\"_blank\"><span id=\"mce_2_end\" style=\"overflow:hidden;line-height:0px\"><\/span><\/a><\/p>\n\n\n\n<p><a rel=\"noreferrer noopener\" href=\"https:\/\/wp.ull.es\/dibaf\/auditoria\/twitter\/\" target=\"_blank\"><span id=\"mce_6_start\" style=\"overflow:hidden;line-height:0px\"><mark style=\"background-color:#ffffff\" class=\"has-inline-color has-black-color\">AudiTuitor\u00eda<\/mark><\/span><\/a><\/p>\n\n\n\n<p><a rel=\"noreferrer noopener\" href=\"https:\/\/wp.ull.es\/dibaf\/revista-digital-de-divulgacion-profesional\/\" target=\"_blank\"><mark style=\"background-color:#ffffff\" class=\"has-inline-color has-black-color\">Revistas digitales de divulgaci\u00f3n profesional<\/mark><\/a><\/p>\n\n\n\n<h6 class=\"wp-block-heading\"><mark style=\"background-color:#ffffff\" class=\"has-inline-color has-black-color\">2019-20<\/mark><\/h6>\n\n\n\n<p><a href=\"https:\/\/wp.ull.es\/dibaf\/tag\/mujeres\/\"><mark style=\"background-color:#ffffff\" class=\"has-inline-color has-black-color\">El papel de las mujeres en la auditor\u00eda actual<\/mark><\/a><\/p>\n\n\n\n<p><a rel=\"noreferrer noopener\" href=\"https:\/\/wp.ull.es\/dibaf\/auditoria\/auditoria-videos-multimedia\/\" data-type=\"URL\" data-id=\"https:\/\/wp.ull.es\/dibaf\/auditoria\/auditoria-videos-multimedia\/\" target=\"_blank\">Presentaciones multimedia sobre temas de inter\u00e9s en auditor\u00eda <\/a><\/p>\n","protected":false},"excerpt":{"rendered":"<p>Welcome to the Accounting &amp; Auditing space Accounting La Contabilidad es una materia que les va a ser de mucha utilidad en vuestra carrera profesional. Les animamos a participar en este blog, formando grupos de trabajo, para elaborar p\u00edldoras y v\u00eddeos, que expliquen contenidos de la asignatura. Curso 2019-20 Principios Contables Conceptos B\u00e1sicos de Contabilidad &hellip; <\/p>\n<p class=\"link-more\"><a href=\"https:\/\/wp.ull.es\/dibaf\/accounting\/\" class=\"more-link\">Continuar leyendo<span class=\"screen-reader-text\"> \u00abAccounting &amp; Auditing\u00bb<\/span><\/a><\/p>\n","protected":false},"author":51,"featured_media":0,"parent":0,"menu_order":0,"comment_status":"closed","ping_status":"closed","template":"","meta":{"ngg_post_thumbnail":0,"footnotes":""},"class_list":["post-554","page","type-page","status-publish","hentry"],"_links":{"self":[{"href":"https:\/\/wp.ull.es\/dibaf\/wp-json\/wp\/v2\/pages\/554","targetHints":{"allow":["GET"]}}],"collection":[{"href":"https:\/\/wp.ull.es\/dibaf\/wp-json\/wp\/v2\/pages"}],"about":[{"href":"https:\/\/wp.ull.es\/dibaf\/wp-json\/wp\/v2\/types\/page"}],"author":[{"embeddable":true,"href":"https:\/\/wp.ull.es\/dibaf\/wp-json\/wp\/v2\/users\/51"}],"replies":[{"embeddable":true,"href":"https:\/\/wp.ull.es\/dibaf\/wp-json\/wp\/v2\/comments?post=554"}],"version-history":[{"count":2,"href":"https:\/\/wp.ull.es\/dibaf\/wp-json\/wp\/v2\/pages\/554\/revisions"}],"predecessor-version":[{"id":1945,"href":"https:\/\/wp.ull.es\/dibaf\/wp-json\/wp\/v2\/pages\/554\/revisions\/1945"}],"wp:attachment":[{"href":"https:\/\/wp.ull.es\/dibaf\/wp-json\/wp\/v2\/media?parent=554"}],"curies":[{"name":"wp","href":"https:\/\/api.w.org\/{rel}","templated":true}]}}