{"id":40,"date":"2018-10-24T08:29:03","date_gmt":"2018-10-24T08:29:03","guid":{"rendered":"https:\/\/wp.ull.es\/dibaf\/?page_id=40"},"modified":"2024-11-28T08:38:03","modified_gmt":"2024-11-28T08:38:03","slug":"twitter","status":"publish","type":"page","link":"https:\/\/wp.ull.es\/dibaf\/auditoria\/twitter\/","title":{"rendered":"AudiTuitor\u00eda"},"content":{"rendered":"\n<p><strong>CURSO 2020-2021<\/strong><\/p>\n\n\n\n<p class=\"has-medium-font-size\">Tuits humor\u00edsticos sobre auditores \/auditoras y la profesi\u00f3n de auditor\u00eda<\/p>\n\n\n\n<p> <br><br><\/p>\n\n\n\n<blockquote class=\"wp-block-quote is-style-large is-layout-flow wp-block-quote-is-layout-flow\"><p>\u2013 Pablo, \u00bfPor qu\u00e9 los auditores est\u00e1n tan calmados y relajados todo el tiempo?<\/p><p>\u2013 Porque tienen muchos controles internos, Pepe<\/p><cite>Autor :Enmanuel Vegas Acosta <\/cite><\/blockquote>\n\n\n\n<p><\/p>\n\n\n\n<blockquote class=\"wp-block-quote is-style-large is-layout-flow wp-block-quote-is-layout-flow\"><p>Entidad auditada: Si encuentras alguna incorrecci\u00f3n siempre va a ser por error<\/p><p>Auditor:  \u00bfPor qu\u00e9 ? <\/p><p>Entidad auditada:  Si hubiera fraudes y si no me acuerdo no pas\u00f3 , eso no pasooo\u00f3 .<\/p><cite>Autor: Pedro Berruezo Su\u00e1rez<\/cite><\/blockquote>\n\n\n\n<blockquote class=\"wp-block-quote is-style-large is-layout-flow wp-block-quote-is-layout-flow\"><p>-Oye\u2026<\/p><p>-Dime<\/p><p>-No quiero asustarte, pero por ah\u00ed viene el auditor<\/p><cite>Autora: Yolanda Gonz\u00e1lez Torres<\/cite><\/blockquote>\n\n\n\n<blockquote class=\"wp-block-quote is-style-large is-layout-flow wp-block-quote-is-layout-flow\"><p>\u2013 Terminaron por asesinar al auditor\u2026<\/p><p>\u2013 \u00bf Y eso ?<\/p><p>\u2013 Un ajuste de cuentas\u2026<\/p><cite>Autor : Joel \u00c1vila Gil<\/cite><\/blockquote>\n\n\n\n<blockquote class=\"wp-block-quote is-style-large is-layout-flow wp-block-quote-is-layout-flow\"><p>-Un piropo de un auditor\u2026.<\/p><p>-Eres mi amor-tizaci\u00f3n.<\/p><cite>Autora: Ariadna P\u00e9rez  Sanabria<\/cite><\/blockquote>\n\n\n\n<blockquote class=\"wp-block-quote is-style-large is-layout-flow wp-block-quote-is-layout-flow\"><p>A veces me quiero ir temprano a casa, pero luego me acuerdo que soy un auditor y se me pasa<\/p><cite>Autor: Guillermo Jos\u00e9 Barroso Espinosa<\/cite><\/blockquote>\n\n\n\n<blockquote class=\"wp-block-quote is-style-large is-layout-flow wp-block-quote-is-layout-flow\"><p>Estudiante de finanzas:  No puedo esperar a graduarme y disfrutar mi juventud.<\/p><p>Primer empleo en auditor\u00eda: No<\/p><cite>Autora: Jhosette Carrasco Trincado<\/cite><\/blockquote>\n\n\n\n<p><strong>CURSO 2019-2020<\/strong><\/p>\n\n\n\n<blockquote class=\"wp-block-quote is-style-large is-layout-flow wp-block-quote-is-layout-flow\"><p>-Cari\u00f1o, te est\u00e1 afectando mucho eso de ser auditor<\/p><p>-Pero y ahora \u00bfpor qu\u00e9 dices eso? T\u00fa en esta relaci\u00f3n no ves m\u00e1s que salvedades<\/p><p>-Perdona cari\u00f1o, ser\u00e1n cosas m\u00edas<\/p><cite>Autora; Mar\u00eda Cancelaria Quintero Villoslada<\/cite><\/blockquote>\n\n\n\n<blockquote class=\"wp-block-quote is-style-large is-layout-flow wp-block-quote-is-layout-flow\"><p>C\u00f3nyuge del auditor\/auditora: Te quiero!!!<\/p><p>Auditor\/auditora: \u00bfTienes evidencia suficiente para respaldar esta opini\u00f3n?<\/p><cite>Autor : Borja de la Cruz Escuela<\/cite><\/blockquote>\n\n\n\n<blockquote class=\"wp-block-quote is-style-large is-layout-flow wp-block-quote-is-layout-flow\"><p>A veces pienso que en el trabajo todos me odian, luego recuerdo que soy el auditor y se me pasa.<\/p><cite>Autora: Eliana Mart\u00edn Hern\u00e1ndez<\/cite><\/blockquote>\n\n\n\n<blockquote class=\"wp-block-quote is-style-large is-layout-flow wp-block-quote-is-layout-flow\"><p>-\u00bfC\u00f3mo llamar\u00edas a un contable con una opini\u00f3n?<\/p><p>-Auditor<\/p><cite>Autor: Cristian Alonso<\/cite><\/blockquote>\n\n\n\n<p><\/p>\n\n\n\n<p class=\"has-large-font-size\"><\/p>\n\n\n\n<blockquote class=\"wp-block-quote is-style-large is-layout-flow wp-block-quote-is-layout-flow\"><p>Preocupaciones de la gente normal:<\/p><p>-Estoy gordo, no tengo novio\/a, no tengo dinero\u2026<\/p><p>Preocupaciones de un auditor:<\/p><p>&#8211; No me cuadra. Por que no tienen control interno? Por que no saben contabilizar? Por que no me han entregado la informaci\u00f3n???<\/p><cite>Autora: Isabela Guedez Escorche<\/cite><\/blockquote>\n\n\n\n<blockquote class=\"wp-block-quote is-layout-flow wp-block-quote-is-layout-flow\"><p><\/p><\/blockquote>\n","protected":false},"excerpt":{"rendered":"<p>CURSO 2020-2021 Tuits humor\u00edsticos sobre auditores \/auditoras y la profesi\u00f3n de auditor\u00eda \u2013 Pablo, \u00bfPor qu\u00e9 los auditores est\u00e1n tan calmados y relajados todo el tiempo? \u2013 Porque tienen muchos controles internos, Pepe Autor :Enmanuel Vegas Acosta Entidad auditada: Si encuentras alguna incorrecci\u00f3n siempre va a ser por error Auditor: \u00bfPor qu\u00e9 ? Entidad auditada: &hellip; <\/p>\n<p class=\"link-more\"><a href=\"https:\/\/wp.ull.es\/dibaf\/auditoria\/twitter\/\" class=\"more-link\">Continuar leyendo<span class=\"screen-reader-text\"> \u00abAudiTuitor\u00eda\u00bb<\/span><\/a><\/p>\n","protected":false},"author":52,"featured_media":0,"parent":11,"menu_order":0,"comment_status":"closed","ping_status":"closed","template":"","meta":{"ngg_post_thumbnail":0,"footnotes":""},"class_list":["post-40","page","type-page","status-publish","hentry"],"_links":{"self":[{"href":"https:\/\/wp.ull.es\/dibaf\/wp-json\/wp\/v2\/pages\/40","targetHints":{"allow":["GET"]}}],"collection":[{"href":"https:\/\/wp.ull.es\/dibaf\/wp-json\/wp\/v2\/pages"}],"about":[{"href":"https:\/\/wp.ull.es\/dibaf\/wp-json\/wp\/v2\/types\/page"}],"author":[{"embeddable":true,"href":"https:\/\/wp.ull.es\/dibaf\/wp-json\/wp\/v2\/users\/52"}],"replies":[{"embeddable":true,"href":"https:\/\/wp.ull.es\/dibaf\/wp-json\/wp\/v2\/comments?post=40"}],"version-history":[{"count":2,"href":"https:\/\/wp.ull.es\/dibaf\/wp-json\/wp\/v2\/pages\/40\/revisions"}],"predecessor-version":[{"id":1288,"href":"https:\/\/wp.ull.es\/dibaf\/wp-json\/wp\/v2\/pages\/40\/revisions\/1288"}],"up":[{"embeddable":true,"href":"https:\/\/wp.ull.es\/dibaf\/wp-json\/wp\/v2\/pages\/11"}],"wp:attachment":[{"href":"https:\/\/wp.ull.es\/dibaf\/wp-json\/wp\/v2\/media?parent=40"}],"curies":[{"name":"wp","href":"https:\/\/api.w.org\/{rel}","templated":true}]}}