{"id":1926,"date":"2023-01-18T13:25:41","date_gmt":"2023-01-18T13:25:41","guid":{"rendered":"https:\/\/wp.ull.es\/dibaf\/?page_id=1926"},"modified":"2023-01-18T13:40:26","modified_gmt":"2023-01-18T13:40:26","slug":"financial-slang","status":"publish","type":"page","link":"https:\/\/wp.ull.es\/dibaf\/financial-slang\/","title":{"rendered":"Financial slang"},"content":{"rendered":"\n<p>There is no doubt that to handle finances it is necessary to know the financial slang. Here we share a summary of the main terms in English, classified into the following 5 blocks, with Spanish translation and links to real examples of the different terms. Clic on the links to continue:<\/p>\n\n\n\n<p><a href=\"https:\/\/wp.ull.es\/dibaf\/2023\/01\/16\/derivatives\/\" target=\"_blank\" rel=\"noreferrer noopener\">DERIVATIVES<\/a><\/p>\n\n\n\n<p><a href=\"https:\/\/wp.ull.es\/dibaf\/2023\/01\/16\/economics\/\" target=\"_blank\" rel=\"noreferrer noopener\">ECONOMICS<\/a><\/p>\n\n\n\n<p><a href=\"https:\/\/wp.ull.es\/dibaf\/2023\/01\/16\/equity\/\" target=\"_blank\" rel=\"noreferrer noopener\">EQUITY<\/a><\/p>\n\n\n\n<p><a href=\"https:\/\/wp.ull.es\/dibaf\/2023\/01\/16\/fixed-income\/\" target=\"_blank\" rel=\"noreferrer noopener\">FIXED INCOME<\/a><\/p>\n\n\n\n<p><a href=\"https:\/\/wp.ull.es\/dibaf\/2023\/01\/16\/valuation\/\" target=\"_blank\" rel=\"noreferrer noopener\">VALUATION<\/a><\/p>\n\n\n\n<p>This dictionary is inspired by the masterclass given by the financial advisor, fellow graduate in Accounting and Finance, Borja de la Cruz, in October 2022. The students who have participated in the preparation are: Alberto Le\u00f3n, Omayra Gonz\u00e1lez, Sergio Sim\u00f3n and Jes\u00fas Moreno.<\/p>\n","protected":false},"excerpt":{"rendered":"<p>There is no doubt that to handle finances it is necessary to know the financial slang. Here we share a summary of the main terms in English, classified into the following 5 blocks, with Spanish translation and links to real examples of the different terms. Clic on the links to continue: DERIVATIVES ECONOMICS EQUITY FIXED &hellip; <\/p>\n<p class=\"link-more\"><a href=\"https:\/\/wp.ull.es\/dibaf\/financial-slang\/\" class=\"more-link\">Continuar leyendo<span class=\"screen-reader-text\"> \u00abFinancial slang\u00bb<\/span><\/a><\/p>\n","protected":false},"author":51,"featured_media":0,"parent":0,"menu_order":0,"comment_status":"closed","ping_status":"closed","template":"","meta":{"ngg_post_thumbnail":0,"footnotes":""},"class_list":["post-1926","page","type-page","status-publish","hentry"],"_links":{"self":[{"href":"https:\/\/wp.ull.es\/dibaf\/wp-json\/wp\/v2\/pages\/1926","targetHints":{"allow":["GET"]}}],"collection":[{"href":"https:\/\/wp.ull.es\/dibaf\/wp-json\/wp\/v2\/pages"}],"about":[{"href":"https:\/\/wp.ull.es\/dibaf\/wp-json\/wp\/v2\/types\/page"}],"author":[{"embeddable":true,"href":"https:\/\/wp.ull.es\/dibaf\/wp-json\/wp\/v2\/users\/51"}],"replies":[{"embeddable":true,"href":"https:\/\/wp.ull.es\/dibaf\/wp-json\/wp\/v2\/comments?post=1926"}],"version-history":[{"count":2,"href":"https:\/\/wp.ull.es\/dibaf\/wp-json\/wp\/v2\/pages\/1926\/revisions"}],"predecessor-version":[{"id":1936,"href":"https:\/\/wp.ull.es\/dibaf\/wp-json\/wp\/v2\/pages\/1926\/revisions\/1936"}],"wp:attachment":[{"href":"https:\/\/wp.ull.es\/dibaf\/wp-json\/wp\/v2\/media?parent=1926"}],"curies":[{"name":"wp","href":"https:\/\/api.w.org\/{rel}","templated":true}]}}