{"id":1787,"date":"2022-12-10T14:31:39","date_gmt":"2022-12-10T14:31:39","guid":{"rendered":"https:\/\/wp.ull.es\/dibaf\/?page_id=1787"},"modified":"2023-01-18T12:45:57","modified_gmt":"2023-01-18T12:45:57","slug":"masterclass-visits","status":"publish","type":"page","link":"https:\/\/wp.ull.es\/dibaf\/masterclass-visits\/","title":{"rendered":"Masterclass &amp; visits"},"content":{"rendered":"\n<p><a href=\"https:\/\/wp.ull.es\/dibaf\/2022\/12\/10\/financial-development-or-financialisation-the-two-sides-of-banking-activity\/\">Financial development or financialisation, the two sides of banking activity<\/a>, by Aitor D\u00edaz Garc\u00eda, Nov. 2022<\/p>\n\n\n\n<p><a href=\"https:\/\/wp.ull.es\/dibaf\/2022\/12\/08\/inversion-de-calidad-y-capitalizacion-compuesta\/\">Inversi\u00f3n de calidad y capitalizaci\u00f3n compuesta<\/a>, por Munesh Melwani en noviembre de 2022<\/p>\n\n\n\n<p><a href=\"https:\/\/wp.ull.es\/dibaf\/2021\/11\/30\/visita-de-miguel-diaz-exalumno-del-grado-de-cyf-actual-corporate-finance-en-afi\/\">Visita de Miguel D\u00edaz, exalumno del grado de CyF, actual Corporate Finance en AFI<\/a>, noviembre 2021, un art\u00edculo de Enmanuel Vegas y Silvia Herrera<\/p>\n\n\n\n<p><a href=\"https:\/\/wp.ull.es\/dibaf\/2021\/11\/23\/que-es-el-big-data-que-es-el-open-data\/\">\u00bfQu\u00e9 es el Big Data, qu\u00e9 es el Open Data?<\/a>, charla impartida por los profesores Marcos Colebrook&nbsp;y&nbsp;Jose Luis Roda de la&nbsp;<a rel=\"noreferrer noopener\" href=\"https:\/\/www.ull.es\/catedras\/catedrabob\/\" target=\"_blank\">C\u00e1tedra Big Data, Open Data y Blockchain<\/a>&nbsp;de la ULL, 2021<\/p>\n\n\n\n<h2 class=\"wp-block-heading\">Otras actividades<\/h2>\n\n\n\n<p>Rese\u00f1a sobre el debate \u00abLas dos caras de la actividad bancaria\u00bb, celebrado el 12 de enero de 2023, por Paula Gonz\u00e1lez y Laura Rodr\u00edguez<\/p>\n\n\n\n<p><a href=\"https:\/\/wp.ull.es\/dibaf\/2022\/11\/21\/x-foro-anual-de-finanzas-de-cross-capital\/\">X Foro Anual de Finanzas de Cross Capital<\/a>, un art\u00edculo de <em>Alberto Le\u00f3n P\u00e9rez<\/em> en nov. 2022<\/p>\n\n\n\n<p><a href=\"https:\/\/wp.ull.es\/dibaf\/2021\/02\/02\/resena-del-i-congreso-dibaf-sobre-blockchain-y-sus-aplicaciones\/\">Rese\u00f1a del I Congreso DIBAF sobre Blockchain y sus aplicaciones<\/a>, por Luis D\u00edaz en febrero de 2021<\/p>\n\n\n\n<p><\/p>\n\n\n\n<p><\/p>\n","protected":false},"excerpt":{"rendered":"<p>Financial development or financialisation, the two sides of banking activity, by Aitor D\u00edaz Garc\u00eda, Nov. 2022 Inversi\u00f3n de calidad y capitalizaci\u00f3n compuesta, por Munesh Melwani en noviembre de 2022 Visita de Miguel D\u00edaz, exalumno del grado de CyF, actual Corporate Finance en AFI, noviembre 2021, un art\u00edculo de Enmanuel Vegas y Silvia Herrera \u00bfQu\u00e9 es &hellip; <\/p>\n<p class=\"link-more\"><a href=\"https:\/\/wp.ull.es\/dibaf\/masterclass-visits\/\" class=\"more-link\">Continuar leyendo<span class=\"screen-reader-text\"> \u00abMasterclass &amp; visits\u00bb<\/span><\/a><\/p>\n","protected":false},"author":51,"featured_media":0,"parent":0,"menu_order":0,"comment_status":"closed","ping_status":"closed","template":"","meta":{"ngg_post_thumbnail":0,"footnotes":""},"class_list":["post-1787","page","type-page","status-publish","hentry"],"_links":{"self":[{"href":"https:\/\/wp.ull.es\/dibaf\/wp-json\/wp\/v2\/pages\/1787","targetHints":{"allow":["GET"]}}],"collection":[{"href":"https:\/\/wp.ull.es\/dibaf\/wp-json\/wp\/v2\/pages"}],"about":[{"href":"https:\/\/wp.ull.es\/dibaf\/wp-json\/wp\/v2\/types\/page"}],"author":[{"embeddable":true,"href":"https:\/\/wp.ull.es\/dibaf\/wp-json\/wp\/v2\/users\/51"}],"replies":[{"embeddable":true,"href":"https:\/\/wp.ull.es\/dibaf\/wp-json\/wp\/v2\/comments?post=1787"}],"version-history":[{"count":1,"href":"https:\/\/wp.ull.es\/dibaf\/wp-json\/wp\/v2\/pages\/1787\/revisions"}],"predecessor-version":[{"id":1919,"href":"https:\/\/wp.ull.es\/dibaf\/wp-json\/wp\/v2\/pages\/1787\/revisions\/1919"}],"wp:attachment":[{"href":"https:\/\/wp.ull.es\/dibaf\/wp-json\/wp\/v2\/media?parent=1787"}],"curies":[{"name":"wp","href":"https:\/\/api.w.org\/{rel}","templated":true}]}}