{"id":1772,"date":"2022-12-10T13:40:45","date_gmt":"2022-12-10T13:40:45","guid":{"rendered":"https:\/\/wp.ull.es\/dibaf\/?page_id=1772"},"modified":"2022-12-20T15:35:07","modified_gmt":"2022-12-20T15:35:07","slug":"congress-2021-22","status":"publish","type":"page","link":"https:\/\/wp.ull.es\/dibaf\/congress\/congress-2021-22\/","title":{"rendered":"II Congress"},"content":{"rendered":"\n<p><strong>II DIBAF VIRTUAL CONGRESS ON BIG DATA &amp; OPEN DATA AND ITS APPLICATIONS<\/strong><\/p>\n\n\n\n<p>Academic course 2021-22<\/p>\n\n\n\n<p><img decoding=\"async\" width=\"959\" height=\"548\" class=\"wp-image-956\" style=\"width: 150px\" src=\"https:\/\/wp.ull.es\/dibaf\/wp-content\/uploads\/sites\/46\/2020\/11\/blockchain.jpg\" alt=\"\" srcset=\"https:\/\/wp.ull.es\/dibaf\/wp-content\/uploads\/sites\/46\/2020\/11\/blockchain.jpg 959w, https:\/\/wp.ull.es\/dibaf\/wp-content\/uploads\/sites\/46\/2020\/11\/blockchain-300x171.jpg 300w, https:\/\/wp.ull.es\/dibaf\/wp-content\/uploads\/sites\/46\/2020\/11\/blockchain-768x439.jpg 768w\" sizes=\"(max-width: 767px) 89vw, (max-width: 1000px) 54vw, (max-width: 1071px) 543px, 580px\" \/><img decoding=\"async\" width=\"959\" height=\"548\" class=\"wp-image-956\" style=\"width: 150px\" src=\"https:\/\/wp.ull.es\/dibaf\/wp-content\/uploads\/sites\/46\/2020\/11\/blockchain.jpg\" alt=\"\" srcset=\"https:\/\/wp.ull.es\/dibaf\/wp-content\/uploads\/sites\/46\/2020\/11\/blockchain.jpg 959w, https:\/\/wp.ull.es\/dibaf\/wp-content\/uploads\/sites\/46\/2020\/11\/blockchain-300x171.jpg 300w, https:\/\/wp.ull.es\/dibaf\/wp-content\/uploads\/sites\/46\/2020\/11\/blockchain-768x439.jpg 768w\" sizes=\"(max-width: 767px) 89vw, (max-width: 1000px) 54vw, (max-width: 1071px) 543px, 580px\" \/><img decoding=\"async\" width=\"959\" height=\"548\" class=\"wp-image-956\" style=\"width: 150px\" src=\"https:\/\/wp.ull.es\/dibaf\/wp-content\/uploads\/sites\/46\/2020\/11\/blockchain.jpg\" alt=\"\" srcset=\"https:\/\/wp.ull.es\/dibaf\/wp-content\/uploads\/sites\/46\/2020\/11\/blockchain.jpg 959w, https:\/\/wp.ull.es\/dibaf\/wp-content\/uploads\/sites\/46\/2020\/11\/blockchain-300x171.jpg 300w, https:\/\/wp.ull.es\/dibaf\/wp-content\/uploads\/sites\/46\/2020\/11\/blockchain-768x439.jpg 768w\" sizes=\"(max-width: 767px) 89vw, (max-width: 1000px) 54vw, (max-width: 1071px) 543px, 580px\" \/><\/p>\n\n\n\n<p><strong>Date<\/strong>: 24<sup>th<\/sup> January, 2022<\/p>\n\n\n\n<p>We are pleased to announce the 2nd DIBAF Conference on Big Data &amp; Open Data and its applications.<\/p>\n\n\n\n<p>Participants at the conference will have the opportunity to explore, expound on, and extend the research on  Big Data &amp; Open Data  and its applications under the following <strong>topics<\/strong>:<\/p>\n\n\n\n<ul class=\"wp-block-list\"><li>Accounting and Auditing<\/li><li>Banking and Finance<\/li><li>Tourism and waste management<\/li><li>Mobility and sustainability<\/li><\/ul>\n\n\n\n<p>We expect to witness a vibrant scholarly session underscored by a profusion of thought-provoking ideas.<\/p>\n\n\n\n<p>Manuscripts accepted for presentation at the conference (in English or Spanish) will be considered for inclusion in the inaugural issue of the Journal \u2018Studies on  Big Data &amp; Open Data  and its Applications\u2019 that is scheduled to be published in June, 2022 in DIBAF platform.<\/p>\n\n\n\n<p>The conference will host a mix of students coming from different ULL faculties such as the Faculty of Economics, Business and Tourism and the Higher School of Engineering and Technology.<\/p>\n\n\n\n<p><strong>Important deadlines:<\/strong><\/p>\n\n\n\n<p>Send your abstract (1 page) before <em>17<sup>th<\/sup> December, 2021.<\/em><\/p>\n\n\n\n<p>Full manuscript (4-6 pages) version before <em>14<sup>th<\/sup> January, 2021<\/em>.<\/p>\n\n\n\n<h2 class=\"wp-block-heading\"><strong>To whom is it addressed?<\/strong><\/h2>\n\n\n\n<p>ULL students who are taking one of the following subjects:<\/p>\n\n\n\n<ul class=\"wp-block-list\"><li>Econom\u00eda, 1\u00ba curso del Grado en Turismo<\/li><li><span style=\"font-size: 1rem\">Fundamentos de Contabilidad Financiera, 2\u00ba curso del Grado en Administraci\u00f3n y Direcci\u00f3n de Empresas&nbsp;<\/span><\/li><li>Ingl\u00e9s Empresarial, 3\u00ba curso del Grado en Contabilidad y Finanzas<\/li><li>Gesti\u00f3n Bancaria, 4\u00ba curso del Grado en Contabilidad y Finanzas<\/li><li>Gesti\u00f3n del conocimiento en las organizaciones, 4\u00ba curso del Grado en&nbsp;Ingenier\u00eda&nbsp;Inform\u00e1tica<\/li><li>Normativa y Regulaci\u00f3n, 4\u00ba curso del Grado en&nbsp;Ingenier\u00eda&nbsp;Inform\u00e1tica<\/li><\/ul>\n\n\n\n<h2 class=\"wp-block-heading\"><strong>Objectives<\/strong><\/h2>\n\n\n\n<p>To deepen in the most current and impacting issues of  Big Data &amp; Open Data and its applications for \u2018Accounting\u2019, \u2018Auditing\u2019, \u2018Banking\u2019, \u2018Finance\u2019, \u2018<span style=\"font-size: revert\">Mobility and sustainability<\/span> \u2019 and \u2018Tourism and waste management\u2019, taking into account the latest relevant scientific publications in this subject, and to promote the exchange of knowledge between students of the different participating degrees and disciplines.<\/p>\n\n\n\n<h2 class=\"wp-block-heading\"><strong>Scientific committee<\/strong><\/h2>\n\n\n\n<p>It is formed by the following ULL lecturers:<\/p>\n\n\n\n<ul class=\"wp-block-list\"><li>Fabi\u00e1n Or\u00e1n Llarena, Dpto. de Filolog\u00eda Inglesa<\/li><li>Jos\u00e9 Luis Roda Garc\u00eda, Dpto. de Ingenier\u00eda Inform\u00e1tica y de Sistemas<\/li><li>Judit Mendoza Aguilar, Dpto. de Econom\u00eda, Contabilidad y Finanzas<\/li><li>Julio A. Brito Santana, Dpto. de Ingenier\u00eda Inform\u00e1tica y de Sistemas<\/li><li>Mar\u00eda del Carmen Hern\u00e1ndez Garc\u00eda, Dpto. de Econom\u00eda, Contabilidad y Finanzas<\/li><li>Mar\u00eda Gracia Rodr\u00edguez Brito, Dpto. de Econom\u00eda, Contabilidad y Finanzas<\/li><\/ul>\n","protected":false},"excerpt":{"rendered":"<p>II DIBAF VIRTUAL CONGRESS ON BIG DATA &amp; OPEN DATA AND ITS APPLICATIONS Academic course 2021-22 Date: 24th January, 2022 We are pleased to announce the 2nd DIBAF Conference on Big Data &amp; Open Data and its applications. Participants at the conference will have the opportunity to explore, expound on, and extend the research on &hellip; <\/p>\n<p class=\"link-more\"><a href=\"https:\/\/wp.ull.es\/dibaf\/congress\/congress-2021-22\/\" class=\"more-link\">Continuar leyendo<span class=\"screen-reader-text\"> \u00abII Congress\u00bb<\/span><\/a><\/p>\n","protected":false},"author":51,"featured_media":0,"parent":955,"menu_order":0,"comment_status":"closed","ping_status":"closed","template":"","meta":{"ngg_post_thumbnail":0,"footnotes":""},"class_list":["post-1772","page","type-page","status-publish","hentry"],"_links":{"self":[{"href":"https:\/\/wp.ull.es\/dibaf\/wp-json\/wp\/v2\/pages\/1772","targetHints":{"allow":["GET"]}}],"collection":[{"href":"https:\/\/wp.ull.es\/dibaf\/wp-json\/wp\/v2\/pages"}],"about":[{"href":"https:\/\/wp.ull.es\/dibaf\/wp-json\/wp\/v2\/types\/page"}],"author":[{"embeddable":true,"href":"https:\/\/wp.ull.es\/dibaf\/wp-json\/wp\/v2\/users\/51"}],"replies":[{"embeddable":true,"href":"https:\/\/wp.ull.es\/dibaf\/wp-json\/wp\/v2\/comments?post=1772"}],"version-history":[{"count":2,"href":"https:\/\/wp.ull.es\/dibaf\/wp-json\/wp\/v2\/pages\/1772\/revisions"}],"predecessor-version":[{"id":1844,"href":"https:\/\/wp.ull.es\/dibaf\/wp-json\/wp\/v2\/pages\/1772\/revisions\/1844"}],"up":[{"embeddable":true,"href":"https:\/\/wp.ull.es\/dibaf\/wp-json\/wp\/v2\/pages\/955"}],"wp:attachment":[{"href":"https:\/\/wp.ull.es\/dibaf\/wp-json\/wp\/v2\/media?parent=1772"}],"curies":[{"name":"wp","href":"https:\/\/api.w.org\/{rel}","templated":true}]}}