{"id":1182,"date":"2021-02-23T11:50:56","date_gmt":"2021-02-23T11:50:56","guid":{"rendered":"https:\/\/wp.ull.es\/dibaf\/?page_id=1182"},"modified":"2021-06-23T10:02:23","modified_gmt":"2021-06-23T10:02:23","slug":"auditoria-videos-multimedia","status":"publish","type":"page","link":"https:\/\/wp.ull.es\/dibaf\/auditoria\/auditoria-videos-multimedia\/","title":{"rendered":"Videos multimedia sobre diversos temas de auditor\u00eda"},"content":{"rendered":"\n<p class=\"has-medium-font-size\">Contenidos del Curso 2020-2021<\/p>\n\n\n\n<figure class=\"wp-block-embed is-type-video is-provider-youtube wp-block-embed-youtube wp-embed-aspect-16-9 wp-has-aspect-ratio\"><div class=\"wp-block-embed__wrapper\">\n<iframe loading=\"lazy\" title=\"Evoluci\u00f3n de la auditor\u00eda en Espa\u00f1a 2015-2019\" width=\"525\" height=\"295\" src=\"https:\/\/www.youtube.com\/embed\/9-jmmm_lCeE?feature=oembed\" frameborder=\"0\" allow=\"accelerometer; autoplay; clipboard-write; encrypted-media; gyroscope; picture-in-picture; web-share\" referrerpolicy=\"strict-origin-when-cross-origin\" allowfullscreen><\/iframe>\n<\/div><figcaption>T\u00edtulo: Evoluci\u00f3n de la Auditor\u00eda en Espa\u00f1a en los \u00faltimos 5 a\u00f1os. en este video se muestra una panor\u00e1mica en cifras de la  situaci\u00f3n de la Auditor\u00eda en Espa\u00f1a en el \u00faltimo lustro.<\/figcaption><\/figure>\n\n\n\n<p>Katherine Lizethe Carrasco Tafur\/Katherin Andrea Cifuentes Ruiz\/ Renny Jhonnatan Rojas Postigo<\/p>\n\n\n\n<p>&#8212;&#8212;&#8212;&#8212;&#8212;&#8212;&#8212;&#8212;&#8212;&#8212;&#8212;&#8212;&#8212;&#8212;&#8212;&#8212;&#8212;&#8212;&#8212;&#8212;&#8212;&#8212;&#8212;&#8212;&#8212;&#8212;&#8212;&#8212;&#8212;&#8212;&#8212;&#8212;&#8212;&#8212;&#8212;&#8212;&#8211;<\/p>\n\n\n\n<figure class=\"wp-block-embed is-type-video is-provider-youtube wp-block-embed-youtube wp-embed-aspect-16-9 wp-has-aspect-ratio\"><div class=\"wp-block-embed__wrapper\">\n<iframe loading=\"lazy\" title=\"CAUSAS DE INCOMPATIBILIDAD. ART. 18,19 Y 20 (LAC)\" width=\"525\" height=\"295\" src=\"https:\/\/www.youtube.com\/embed\/ns_ADiF6Bck?feature=oembed\" frameborder=\"0\" allow=\"accelerometer; autoplay; clipboard-write; encrypted-media; gyroscope; picture-in-picture; web-share\" referrerpolicy=\"strict-origin-when-cross-origin\" allowfullscreen><\/iframe>\n<\/div><figcaption>Titulo: Causas de Incompatibilidad del auditor. En este v\u00eddeo se analizan los articulo 18, 19 y 20 de la LAC y se ponen ejemplos sobre los mismos <\/figcaption><\/figure>\n\n\n\n<p>Daiana Dom\u00ednguez Rodr\u00edguez.\/Juliana Dom\u00ednguez Rodr\u00edguez,\/Alejandro Rodr\u00edguez Gonzalez<\/p>\n\n\n\n<p>&#8212;&#8212;&#8212;&#8212;&#8212;&#8212;&#8212;&#8212;&#8212;&#8212;&#8212;&#8212;&#8212;&#8212;&#8212;&#8212;&#8212;&#8212;&#8212;&#8212;&#8212;&#8212;&#8212;&#8212;&#8212;&#8212;&#8212;&#8212;&#8212;&#8212;&#8212;&#8212;&#8212;&#8212;&#8212;&#8212;&#8211;<\/p>\n\n\n\n<p><a href=\"https:\/\/www.emaze.com\/@AOTRTWZTQ\/auditoria\">https:\/\/www.emaze.com\/@AOTRTWZTQ\/auditoria<\/a><\/p>\n\n\n\n<p><em>T\u00edtulo: Otros trabajos de un auditor. En este video se exploran distintas actuaciones que puede realizar un Auditor que no son auditor\u00eda de cuentas<\/em><\/p>\n\n\n\n<hr class=\"wp-block-separator\" \/>\n\n\n\n<p>Paula Garc\u00eda Ramos\/Iv\u00e1n G\u00f3mez Santos\/Victoria Plasencia \u00c1lvarez<\/p>\n\n\n\n<p>&#8212;&#8212;&#8212;&#8212;&#8212;&#8212;&#8212;&#8212;&#8212;&#8212;&#8212;&#8212;&#8212;&#8212;&#8212;&#8212;&#8212;&#8212;&#8212;&#8212;&#8212;&#8212;&#8212;&#8212;&#8212;&#8212;&#8212;&#8212;&#8212;&#8212;&#8212;&#8212;&#8212;&#8212;&#8212;&#8212;&#8211;<\/p>\n\n\n\n<hr class=\"wp-block-separator\" \/>\n\n\n\n<figure class=\"wp-block-embed is-type-video is-provider-youtube wp-block-embed-youtube wp-embed-aspect-16-9 wp-has-aspect-ratio\"><div class=\"wp-block-embed__wrapper\">\n<iframe loading=\"lazy\" title=\"Trabajo Auditori\u0301a\" width=\"525\" height=\"295\" src=\"https:\/\/www.youtube.com\/embed\/xG9Hn_Nv2UM?feature=oembed\" frameborder=\"0\" allow=\"accelerometer; autoplay; clipboard-write; encrypted-media; gyroscope; picture-in-picture; web-share\" referrerpolicy=\"strict-origin-when-cross-origin\" allowfullscreen><\/iframe>\n<\/div><figcaption>T\u00edtulo: Causas de Incompatibilidad del auditor (Art\u00edculos 18, 19 y 20 LAC).En este video se analizan estos art\u00edculos y se ponen ejemplos clarificadores<\/figcaption><\/figure>\n\n\n\n<p>Guillermo Aymerich Cabrera\/Sonia Gonz\u00e1lez de Le\u00f3n\/ Rafael  Rogr\u00edguez Berm\u00fadez<\/p>\n\n\n\n<p>&#8212;&#8212;&#8212;&#8212;&#8212;&#8212;&#8212;&#8212;&#8212;&#8212;&#8212;&#8212;&#8212;&#8212;&#8212;&#8212;&#8212;&#8212;&#8212;&#8212;&#8212;&#8212;&#8212;&#8212;&#8212;&#8212;&#8212;&#8212;&#8212;&#8212;&#8212;&#8212;&#8212;&#8212;&#8212;&#8212;&#8211;<\/p>\n\n\n\n<figure class=\"wp-block-embed is-type-video is-provider-youtube wp-block-embed-youtube wp-embed-aspect-16-9 wp-has-aspect-ratio\"><div class=\"wp-block-embed__wrapper\">\n<iframe loading=\"lazy\" title=\"ENTREGA TRABAJO N\u00ba 4\" width=\"525\" height=\"295\" src=\"https:\/\/www.youtube.com\/embed\/DKTinXs1u_A?feature=oembed\" frameborder=\"0\" allow=\"accelerometer; autoplay; clipboard-write; encrypted-media; gyroscope; picture-in-picture; web-share\" referrerpolicy=\"strict-origin-when-cross-origin\" allowfullscreen><\/iframe>\n<\/div><figcaption>T\u00edtulo: El nuevo Estado de Informaci\u00f3n No Financiera.  Se analizan sus principales aspectos y un ejemplo real<\/figcaption><\/figure>\n\n\n\n<p>Lorena Antonieta Ambrosio Tacoronte\/ Aitor Jes\u00fas Fern\u00e1ndez Toledo\/ Gabriel Alejandro Salas Cabrera<\/p>\n\n\n\n<p>&#8212;&#8212;&#8212;&#8212;&#8212;&#8212;&#8212;&#8212;&#8212;&#8212;&#8212;&#8212;&#8212;&#8212;&#8212;&#8212;&#8212;&#8212;&#8212;&#8212;&#8212;&#8212;&#8212;&#8212;&#8212;&#8212;&#8212;&#8212;&#8212;&#8212;&#8212;&#8212;&#8212;&#8212;&#8212;&#8212;-<\/p>\n\n\n\n<hr class=\"wp-block-separator\" \/>\n\n\n\n<hr class=\"wp-block-separator\" \/>\n\n\n\n<figure class=\"wp-block-embed is-type-video is-provider-youtube wp-block-embed-youtube wp-embed-aspect-16-9 wp-has-aspect-ratio\"><div class=\"wp-block-embed__wrapper\">\nhttps:\/\/youtu.be\/1WNYGV4dOlA\n<\/div><figcaption>T\u00edtulo: Los otros trabajos del auditor En este video s<em>e exploran distintas actuaciones que puede realizar un Auditor que no son auditor\u00eda de cuentas<\/em><\/figcaption><\/figure>\n\n\n\n<p>Jhosette Carrasco Trincado\/Mar\u00eda  Atteneri Gonz\u00e1lez Gonz\u00e1lez\/Gabriela Andrea Zamora F\u00e9lix<\/p>\n\n\n\n<p>&#8212;&#8212;&#8212;&#8212;&#8212;&#8212;&#8212;&#8212;&#8212;&#8212;&#8212;&#8212;&#8212;&#8212;&#8212;&#8212;&#8212;&#8212;&#8212;&#8212;&#8212;&#8212;&#8212;&#8212;&#8212;&#8212;&#8212;&#8212;&#8212;&#8212;&#8212;&#8212;&#8212;&#8212;&#8212;&#8212;&#8211;<\/p>\n\n\n\n<figure class=\"wp-block-embed is-type-video is-provider-youtube wp-block-embed-youtube wp-embed-aspect-16-9 wp-has-aspect-ratio\"><div class=\"wp-block-embed__wrapper\">\n<iframe loading=\"lazy\" title=\"Honorarios Auditores Eima, Enmanuel, Domingo\" width=\"525\" height=\"295\" src=\"https:\/\/www.youtube.com\/embed\/59y-tGDlp5U?feature=oembed\" frameborder=\"0\" allow=\"accelerometer; autoplay; clipboard-write; encrypted-media; gyroscope; picture-in-picture; web-share\" referrerpolicy=\"strict-origin-when-cross-origin\" allowfullscreen><\/iframe>\n<\/div><\/figure>\n\n\n\n<p><em><sub>T\u00edtulo: Los Honorarios de los auditores. En este video se exploran distintos aspectos importantes relacionados con los honorarios de los auditores<\/sub><\/em><\/p>\n\n\n\n<p>Domingo Guti\u00e9rrez Garc\u00eda\/ Eima Salazar Moreno\/Enmanuel Vegas Acosta<\/p>\n\n\n\n<p>&#8212;&#8212;&#8212;&#8212;&#8212;&#8212;&#8212;&#8212;&#8212;&#8212;&#8212;&#8212;&#8212;&#8212;&#8212;&#8212;&#8212;&#8212;&#8212;&#8212;&#8212;&#8212;&#8212;&#8212;&#8212;&#8212;&#8212;&#8212;&#8212;&#8212;&#8212;&#8212;&#8212;&#8212;&#8212;&#8212;&#8211;<\/p>\n\n\n\n<p><\/p>\n\n\n\n<p class=\"has-medium-font-size\">Contenidos del curso 2019-2020<\/p>\n\n\n\n<figure class=\"wp-block-embed is-type-video is-provider-youtube wp-block-embed-youtube wp-embed-aspect-4-3 wp-has-aspect-ratio\"><div class=\"wp-block-embed__wrapper\">\nhttps:\/\/youtu.be\/SIdd-D2_4qo\n<\/div><figcaption>Autores: Aitor D\u00edaz  Garc\u00eda\/ Vicente Augusto Rodr\u00edguez Pulido\/  Carlos Su\u00e1rez Concepci\u00f3n<\/figcaption><\/figure>\n\n\n\n<p>&#8212;&#8212;&#8212;&#8212;&#8212;&#8212;&#8212;&#8212;&#8212;&#8212;&#8212;&#8212;&#8212;&#8212;&#8212;&#8212;&#8212;&#8212;&#8212;&#8212;&#8212;&#8212;&#8212;&#8212;&#8212;&#8212;&#8212;&#8212;&#8212;&#8212;&#8212;&#8212;&#8212;&#8212;&#8212;&#8212;-<\/p>\n\n\n\n<p><a href=\"https:\/\/www.emaze.com\/@AOZILCWCC\/due-diligence--procedimientos-acordados\">https:\/\/www.emaze.com\/@AOZILCWCC\/due-diligence&#8211;procedimientos-acordados<\/a><\/p>\n\n\n\n<p><em>Autores: Hanan Benabdellah Falankhe ,\/Cynthia Mart\u00ednez Alonso,\/Patricia del Castillo Gonz\u00e1lez<\/em><\/p>\n\n\n\n<p>&#8212;&#8212;&#8212;&#8212;&#8212;&#8212;&#8212;&#8212;&#8212;&#8212;&#8212;&#8212;&#8212;&#8212;&#8212;&#8212;&#8212;&#8212;&#8212;&#8212;&#8212;&#8212;&#8212;&#8212;&#8212;&#8212;&#8212;&#8212;&#8212;&#8212;&#8212;&#8212;&#8212;&#8212;&#8212;&#8212;&#8211;<\/p>\n\n\n\n<figure class=\"wp-block-embed is-type-wp-embed is-provider-genially wp-block-embed-genially\"><div class=\"wp-block-embed__wrapper\">\n<iframe class=\"wp-embedded-content\" sandbox=\"allow-scripts\" security=\"restricted\" title=\"EIP\" frameborder='0' width='1200' height='675' src='https:\/\/view.genial.ly\/5dd9842bffd09b0f706b7bfc#?secret=W9JiRGFqbk' data-secret='W9JiRGFqbk' scrolling='yes'><\/iframe>\n<\/div><figcaption><em>Autores: Juan Jos\u00e9 Esposito, \/Fidel Parra Molinas, \/Irene Rodr\u00edguez Hern\u00e1ndez<\/em><\/figcaption><\/figure>\n\n\n\n<p><\/p>\n","protected":false},"excerpt":{"rendered":"<p>Contenidos del Curso 2020-2021 Katherine Lizethe Carrasco Tafur\/Katherin Andrea Cifuentes Ruiz\/ Renny Jhonnatan Rojas Postigo &#8212;&#8212;&#8212;&#8212;&#8212;&#8212;&#8212;&#8212;&#8212;&#8212;&#8212;&#8212;&#8212;&#8212;&#8212;&#8212;&#8212;&#8212;&#8212;&#8212;&#8212;&#8212;&#8212;&#8212;&#8212;&#8212;&#8212;&#8212;&#8212;&#8212;&#8212;&#8212;&#8212;&#8212;&#8212;&#8212;&#8211; Daiana Dom\u00ednguez Rodr\u00edguez.\/Juliana Dom\u00ednguez Rodr\u00edguez,\/Alejandro Rodr\u00edguez Gonzalez &#8212;&#8212;&#8212;&#8212;&#8212;&#8212;&#8212;&#8212;&#8212;&#8212;&#8212;&#8212;&#8212;&#8212;&#8212;&#8212;&#8212;&#8212;&#8212;&#8212;&#8212;&#8212;&#8212;&#8212;&#8212;&#8212;&#8212;&#8212;&#8212;&#8212;&#8212;&#8212;&#8212;&#8212;&#8212;&#8212;&#8211; https:\/\/www.emaze.com\/@AOTRTWZTQ\/auditoria T\u00edtulo: Otros trabajos de un auditor. En este video se exploran distintas actuaciones que puede realizar un Auditor que no son auditor\u00eda de cuentas Paula Garc\u00eda Ramos\/Iv\u00e1n G\u00f3mez Santos\/Victoria Plasencia &hellip; <\/p>\n<p class=\"link-more\"><a href=\"https:\/\/wp.ull.es\/dibaf\/auditoria\/auditoria-videos-multimedia\/\" class=\"more-link\">Continuar leyendo<span class=\"screen-reader-text\"> \u00abVideos multimedia sobre diversos temas de auditor\u00eda\u00bb<\/span><\/a><\/p>\n","protected":false},"author":56,"featured_media":0,"parent":11,"menu_order":0,"comment_status":"closed","ping_status":"closed","template":"","meta":{"ngg_post_thumbnail":0,"footnotes":""},"class_list":["post-1182","page","type-page","status-publish","hentry"],"_links":{"self":[{"href":"https:\/\/wp.ull.es\/dibaf\/wp-json\/wp\/v2\/pages\/1182","targetHints":{"allow":["GET"]}}],"collection":[{"href":"https:\/\/wp.ull.es\/dibaf\/wp-json\/wp\/v2\/pages"}],"about":[{"href":"https:\/\/wp.ull.es\/dibaf\/wp-json\/wp\/v2\/types\/page"}],"author":[{"embeddable":true,"href":"https:\/\/wp.ull.es\/dibaf\/wp-json\/wp\/v2\/users\/56"}],"replies":[{"embeddable":true,"href":"https:\/\/wp.ull.es\/dibaf\/wp-json\/wp\/v2\/comments?post=1182"}],"version-history":[{"count":2,"href":"https:\/\/wp.ull.es\/dibaf\/wp-json\/wp\/v2\/pages\/1182\/revisions"}],"predecessor-version":[{"id":1323,"href":"https:\/\/wp.ull.es\/dibaf\/wp-json\/wp\/v2\/pages\/1182\/revisions\/1323"}],"up":[{"embeddable":true,"href":"https:\/\/wp.ull.es\/dibaf\/wp-json\/wp\/v2\/pages\/11"}],"wp:attachment":[{"href":"https:\/\/wp.ull.es\/dibaf\/wp-json\/wp\/v2\/media?parent=1182"}],"curies":[{"name":"wp","href":"https:\/\/api.w.org\/{rel}","templated":true}]}}