{"id":1166,"date":"2021-02-19T13:31:08","date_gmt":"2021-02-19T13:31:08","guid":{"rendered":"https:\/\/wp.ull.es\/dibaf\/?page_id=1166"},"modified":"2022-12-20T15:37:05","modified_gmt":"2022-12-20T15:37:05","slug":"papers","status":"publish","type":"page","link":"https:\/\/wp.ull.es\/dibaf\/congress\/papers\/","title":{"rendered":"I Congress &#8211; Papers"},"content":{"rendered":"\n<p><strong>I DIBAF VIRTUAL CONGRESS ON BLOCKCHAIN AND ITS APPLICATIONS<\/strong><\/p>\n\n\n\n<p>We share the best papers presented at the I DIBAF congress, corresponding to the academic year 2020-21. Clic on the link to read:<\/p>\n\n\n\n<h4 class=\"wp-block-heading\">Accounting<\/h4>\n\n\n\n<p><a href=\"https:\/\/drive.google.com\/file\/d\/1v2B1F5tclRkpnPtKmp-rYz9jtd0m00Pa\/view?usp=sharing\" data-type=\"URL\" data-id=\"https:\/\/drive.google.com\/file\/d\/1UWF0atP6KTlT5PwDCZkSe932LDZdKm82\/view?usp=sharing\" target=\"_blank\" rel=\"noreferrer noopener\">Blockchain: la nueva era de la Contabilidad<\/a><\/p>\n\n\n\n<h4 class=\"wp-block-heading\">Auditing<\/h4>\n\n\n\n<p><a href=\"https:\/\/drive.google.com\/file\/d\/1UWF0atP6KTlT5PwDCZkSe932LDZdKm82\/view?usp=sharing\" data-type=\"URL\" data-id=\"https:\/\/drive.google.com\/file\/d\/1UWF0atP6KTlT5PwDCZkSe932LDZdKm82\/view?usp=sharing\" target=\"_blank\" rel=\"noreferrer noopener\">La tecnolog\u00eda Blockchain: implicaciones y desaf\u00edos para la auditor\u00eda de cuentas<\/a><\/p>\n\n\n\n<h4 class=\"wp-block-heading\">Banking<\/h4>\n\n\n\n<p><a href=\"https:\/\/drive.google.com\/file\/d\/1JUxxktMUg6z0z434VuIMhZ-lT0avNCQa\/view?usp=sharing\" data-type=\"URL\" data-id=\"https:\/\/drive.google.com\/file\/d\/1JUxxktMUg6z0z434VuIMhZ-lT0avNCQa\/view?usp=sharing\" target=\"_blank\" rel=\"noreferrer noopener\">Benefits and risks of the use of Bolckchain technology in banking services<\/a><\/p>\n\n\n\n<p><a rel=\"noreferrer noopener\" href=\"https:\/\/drive.google.com\/file\/d\/1GCxSZFzQwc8G4QJ7C4-oZ_89MRYA9HpF\/view?usp=sharing\" data-type=\"URL\" data-id=\"https:\/\/drive.google.com\/file\/d\/1GCxSZFzQwc8G4QJ7C4-oZ_89MRYA9HpF\/view?usp=sharing\" target=\"_blank\">Smart contracts in Banking: overview, applications and future<\/a><\/p>\n\n\n\n<p><a rel=\"noreferrer noopener\" href=\"https:\/\/drive.google.com\/file\/d\/1k0TYh1zlxN5osrogX2XBcwqrpweCjAgQ\/view?usp=sharing\" data-type=\"URL\" data-id=\"https:\/\/drive.google.com\/file\/d\/1k0TYh1zlxN5osrogX2XBcwqrpweCjAgQ\/view?usp=sharing\" target=\"_blank\">Effects of Blockchain technology on the financial sector<\/a><\/p>\n\n\n\n<p><a rel=\"noreferrer noopener\" href=\"https:\/\/drive.google.com\/file\/d\/1o9beBLinPkNeg3EtNdGh-NGgPhfdvzYY\/view?usp=sharing\" target=\"_blank\">Applications of the Blockchain Technology in Payment Processing<\/a><\/p>\n\n\n\n<h4 class=\"wp-block-heading\">e-Government<\/h4>\n\n\n\n<p><a href=\"https:\/\/drive.google.com\/file\/d\/1Q4f2bO4RCcLCkcfhgftmJ8SlvsCp9G5r\/view?usp=sharing\" target=\"_blank\" rel=\"noreferrer noopener\">EBSI: la infraestructura p\u00fablica europea de Blockchain<\/a><\/p>\n","protected":false},"excerpt":{"rendered":"<p>I DIBAF VIRTUAL CONGRESS ON BLOCKCHAIN AND ITS APPLICATIONS We share the best papers presented at the I DIBAF congress, corresponding to the academic year 2020-21. Clic on the link to read: Accounting Blockchain: la nueva era de la Contabilidad Auditing La tecnolog\u00eda Blockchain: implicaciones y desaf\u00edos para la auditor\u00eda de cuentas Banking Benefits and &hellip; <\/p>\n<p class=\"link-more\"><a href=\"https:\/\/wp.ull.es\/dibaf\/congress\/papers\/\" class=\"more-link\">Continuar leyendo<span class=\"screen-reader-text\"> \u00abI Congress &#8211; Papers\u00bb<\/span><\/a><\/p>\n","protected":false},"author":51,"featured_media":0,"parent":955,"menu_order":0,"comment_status":"closed","ping_status":"closed","template":"","meta":{"ngg_post_thumbnail":0,"footnotes":""},"class_list":["post-1166","page","type-page","status-publish","hentry"],"_links":{"self":[{"href":"https:\/\/wp.ull.es\/dibaf\/wp-json\/wp\/v2\/pages\/1166","targetHints":{"allow":["GET"]}}],"collection":[{"href":"https:\/\/wp.ull.es\/dibaf\/wp-json\/wp\/v2\/pages"}],"about":[{"href":"https:\/\/wp.ull.es\/dibaf\/wp-json\/wp\/v2\/types\/page"}],"author":[{"embeddable":true,"href":"https:\/\/wp.ull.es\/dibaf\/wp-json\/wp\/v2\/users\/51"}],"replies":[{"embeddable":true,"href":"https:\/\/wp.ull.es\/dibaf\/wp-json\/wp\/v2\/comments?post=1166"}],"version-history":[{"count":1,"href":"https:\/\/wp.ull.es\/dibaf\/wp-json\/wp\/v2\/pages\/1166\/revisions"}],"predecessor-version":[{"id":1848,"href":"https:\/\/wp.ull.es\/dibaf\/wp-json\/wp\/v2\/pages\/1166\/revisions\/1848"}],"up":[{"embeddable":true,"href":"https:\/\/wp.ull.es\/dibaf\/wp-json\/wp\/v2\/pages\/955"}],"wp:attachment":[{"href":"https:\/\/wp.ull.es\/dibaf\/wp-json\/wp\/v2\/media?parent=1166"}],"curies":[{"name":"wp","href":"https:\/\/api.w.org\/{rel}","templated":true}]}}