{"id":1285,"date":"2023-03-18T20:12:27","date_gmt":"2023-03-18T20:12:27","guid":{"rendered":"https:\/\/wp.ull.es\/dgrapho\/?page_id=1285"},"modified":"2023-09-18T12:16:58","modified_gmt":"2023-09-18T12:16:58","slug":"comites","status":"publish","type":"page","link":"https:\/\/wp.ull.es\/dgrapho\/comites\/","title":{"rendered":"Comit\u00e9s"},"content":{"rendered":"<p>[et_pb_section fb_built=\u00bb1&#8243; admin_label=\u00bbPricing\u00bb _builder_version=\u00bb4.9.7&#8243; background_color=\u00bb#f4f4f4&#8243; custom_padding=\u00bb70px|0px|35px|0px||\u00bb][et_pb_row _builder_version=\u00bb4.9.7&#8243; background_size=\u00bbinitial\u00bb background_position=\u00bbtop_left\u00bb background_repeat=\u00bbrepeat\u00bb custom_padding=\u00bb27px|0px|45px|0px||\u00bb animation_style=\u00bbfade\u00bb animation_duration=\u00bb1150ms\u00bb custom_width_px=\u00bb710px\u00bb locked=\u00bboff\u00bb][et_pb_column type=\u00bb4_4&#8243; _builder_version=\u00bb3.25&#8243; background_position=\u00bbtop_left\u00bb custom_padding=\u00bb|||\u00bb custom_padding__hover=\u00bb|||\u00bb][et_pb_cta title=\u00bbComit\u00e9s\u00bb button_url=\u00bb#\u00bb admin_label=\u00bbFeature 01&#8243; _builder_version=\u00bb4.9.7&#8243; header_level=\u00bbh1&#8243; header_font=\u00bbInconsolata|800|||||||\u00bb header_text_color=\u00bb#1f1f1f\u00bb header_font_size=\u00bb42px\u00bb header_line_height=\u00bb1.2em\u00bb body_font_size=\u00bb16&#8243; body_line_height=\u00bb1.9em\u00bb use_background_color=\u00bboff\u00bb custom_button=\u00bbon\u00bb button_text_size=\u00bb18&#8243; button_text_color=\u00bb#ffffff\u00bb button_bg_color=\u00bb#6eba01&#8243; button_border_color=\u00bb#6eba01&#8243; button_border_radius=\u00bb0&#8243; button_letter_spacing=\u00bb2&#8243; button_font=\u00bbMontserrat|||on|\u00bb button_use_icon=\u00bboff\u00bb background_layout=\u00bblight\u00bb max_width=\u00bb60%\u00bb module_alignment=\u00bbcenter\u00bb custom_margin=\u00bb|||\u00bb custom_padding=\u00bb|||\u00bb animation_direction=\u00bbbottom\u00bb button_text_color_hover=\u00bb#6eba01&#8243; button_border_color_hover=\u00bb#6eba01&#8243; button_border_radius_hover=\u00bb0&#8243; button_letter_spacing_hover=\u00bb2&#8243; button_bg_color_hover=\u00bbrgba(0,0,0,0)\u00bb saved_tabs=\u00bball\u00bb locked=\u00bboff\u00bb button_text_size__hover_enabled=\u00bboff\u00bb button_one_text_size__hover_enabled=\u00bboff\u00bb button_two_text_size__hover_enabled=\u00bboff\u00bb button_text_color__hover_enabled=\u00bbon\u00bb button_text_color__hover=\u00bb#6eba01&#8243; button_one_text_color__hover_enabled=\u00bboff\u00bb button_two_text_color__hover_enabled=\u00bboff\u00bb button_border_width__hover_enabled=\u00bboff\u00bb button_one_border_width__hover_enabled=\u00bboff\u00bb button_two_border_width__hover_enabled=\u00bboff\u00bb button_border_color__hover_enabled=\u00bbon\u00bb button_border_color__hover=\u00bb#6eba01&#8243; button_one_border_color__hover_enabled=\u00bboff\u00bb button_two_border_color__hover_enabled=\u00bboff\u00bb button_border_radius__hover_enabled=\u00bbon\u00bb button_border_radius__hover=\u00bb0&#8243; button_one_border_radius__hover_enabled=\u00bboff\u00bb button_two_border_radius__hover_enabled=\u00bboff\u00bb button_letter_spacing__hover_enabled=\u00bbon\u00bb button_letter_spacing__hover=\u00bb2&#8243; button_one_letter_spacing__hover_enabled=\u00bboff\u00bb button_two_letter_spacing__hover_enabled=\u00bboff\u00bb button_bg_color__hover_enabled=\u00bbon\u00bb button_bg_color__hover=\u00bbrgba(0,0,0,0)\u00bb button_one_bg_color__hover_enabled=\u00bboff\u00bb button_two_bg_color__hover_enabled=\u00bboff\u00bb][\/et_pb_cta][\/et_pb_column][\/et_pb_row][\/et_pb_section][et_pb_section fb_built=\u00bb1&#8243; admin_label=\u00bbPricing\u00bb _builder_version=\u00bb4.9.7&#8243; background_enable_color=\u00bboff\u00bb custom_padding=\u00bb70px|0px|35px|0px||\u00bb][et_pb_row _builder_version=\u00bb4.9.7&#8243; _module_preset=\u00bbdefault\u00bb custom_margin=\u00bb92px|auto||auto||\u00bb][et_pb_column type=\u00bb4_4&#8243; _builder_version=\u00bb4.9.7&#8243; _module_preset=\u00bbdefault\u00bb][et_pb_text _builder_version=\u00bb4.9.7&#8243; _module_preset=\u00bbdefault\u00bb header_3_font=\u00bbInconsolata|800|||||||\u00bb header_3_font_size=\u00bb30px\u00bb]<\/p>\n<h3>Comit\u00e9 cient\u00edfico<\/h3>\n<p>[\/et_pb_text][\/et_pb_column][\/et_pb_row][et_pb_row column_structure=\u00bb1_2,1_2&#8243; _builder_version=\u00bb3.25&#8243; background_size=\u00bbinitial\u00bb background_position=\u00bbtop_left\u00bb background_repeat=\u00bbrepeat\u00bb custom_padding=\u00bb20px|0px|27px|0px\u00bb][et_pb_column type=\u00bb1_2&#8243; _builder_version=\u00bb3.25&#8243; custom_padding=\u00bb|||\u00bb custom_padding__hover=\u00bb|||\u00bb][et_pb_text admin_label=\u00bbTexto\u00bb _builder_version=\u00bb4.9.7&#8243; _module_preset=\u00bbdefault\u00bb]<\/p>\n<p><span><strong>Dr. Francisco Acosta<\/strong>. Universidad de Granada.<\/span><\/p>\n<p><span><strong>Dra. Eug\u00e9nia Agust\u00ed<\/strong>. Universidad de Barcelona.<\/span><span><strong><br \/><\/strong><\/span><\/p>\n<p><span><strong>Dra. Teresa Arozena<\/strong>. Universidad de La Laguna.<\/span><\/p>\n<p><span><strong>Dra. Juanita Bages<\/strong>. Universidad Complutense de Madrid.<\/span><\/p>\n<p><span><strong>Dr. Nono Bandera<\/strong>. Universidad de Vigo.<\/span><\/p>\n<p><span><strong>Dr. Ignacio Barcia<\/strong>. Universidad de Vigo.<\/span><\/p>\n<p><span><strong>Dra. Natividad Bermejo<\/strong>. Universidad de Vigo.<\/span><\/p>\n<p><span><strong>Dra. Stephanie Black<\/strong>. Kingston University, Londres.<\/span><\/p>\n<p><span><strong>Dr. Jos\u00e9 Mar\u00eda Bull\u00f3n<\/strong>. Universidad Complutense de Madrid.<\/span><\/p>\n<p><span><strong>Dr. Greig Burgoyne<\/strong>. University for the Creative Arts, Fraham.<\/span><\/p>\n<p><span><strong>Dra. Isabel Carralero<\/strong>. Universidad de Salamanca.<\/span><\/p>\n<p><span><strong>Dr. Ramiro Carrillo<\/strong>. Universidad de La Laguna.<\/span><\/p>\n<p><span><strong>Dr. Fernando Castro Fl\u00f3rez<\/strong>. Universidad Aut\u00f3noma de Madrid.<\/span><\/p>\n<p><span><strong>Dr. Alberto Chinch\u00f3n<\/strong>. Universidad Rey Juan Carlos.<\/span><\/p>\n<p><span><strong>Dra. Laura de la Colina<\/strong>. Universidad Complutense de Madrid.<\/span><\/p>\n<p><span><strong>Dr. Manuel Cruz<\/strong>. Universidad de La Laguna.<\/span><\/p>\n<p><span><strong>Dr. Drago D\u00edaz<\/strong>. Universidad de La Laguna.<\/span><\/p>\n<p><span><strong>Dra. Elisa D\u00edaz<\/strong>. Universidad de La Laguna.<\/span><\/p>\n<p><span><strong>Dr. Jos\u00e9 D\u00edaz Cuy\u00e1s<\/strong>. Universidad de La Laguna.<\/span><\/p>\n<p><span><strong>Dra. Laura Fern\u00e1ndez Gibellini<\/strong>. Universidad Complutense de Madrid.<\/span><\/p>\n<p><span><strong>Dra. Mar\u00eda Fern\u00e1ndez<\/strong>. Universidad Complutense de Madrid.<\/span><\/p>\n<p><span><strong>Dr. Alessandro Gallicchio<\/strong>. Sorbonne Universit\u00e9.\u00a0<\/span><\/p>\n<p><span><strong>Dra. Mar\u00eda Iracheta<\/strong>. Universidad Complutense de Madrid.<\/span><\/p>\n<p>&nbsp;<\/p>\n<p>[\/et_pb_text][\/et_pb_column][et_pb_column type=\u00bb1_2&#8243; _builder_version=\u00bb3.25&#8243; custom_padding=\u00bb|||\u00bb custom_padding__hover=\u00bb|||\u00bb][et_pb_text _builder_version=\u00bb4.9.7&#8243; _module_preset=\u00bbdefault\u00bb]<\/p>\n<p><span><strong>Dr. Borja Jaume<\/strong>. Universidad Complutense de Madrid.<\/span><\/p>\n<p><span><strong>Dr. Isidro L\u00f3pez Aparicio<\/strong>. Universidad de Granada.<\/span><\/p>\n<p><span><strong>Dr. Robert Luzar<\/strong>. Bath Spa University.<\/span><\/p>\n<p><span><strong>Dr. David Maroto<\/strong>. Edinburgh College of Art.<\/span><\/p>\n<p><span><strong>Dra. Rut Mart\u00edn<\/strong>. Universidad Complutense de Madrid.<\/span><\/p>\n<p><span><strong>Dr. Jos\u00e9 Enrique Mateo<\/strong>. Universidad Complutense de Madrid.<\/span><\/p>\n<p><span><strong>Dra. Emilia Mart\u00edn Fierro<\/strong>. Universidad de La Laguna.<\/span><\/p>\n<p><span><strong>Dra. Patricia Mayayo<\/strong>. Universidad Aut\u00f3noma de Madrid.<\/span><\/p>\n<p><span><strong>Dra. Mar Mendoza<\/strong>. Universidad Complutense de Madrid.<\/span><\/p>\n<p><span><strong>Dra. Raquel Monje<\/strong>. Universidad Complutense de Madrid.<\/span><\/p>\n<p><span><strong>Dr. Carlos T. Mori<\/strong>. Universidad de Salamanca.<\/span><\/p>\n<p><span><strong>Dra. Itahisa P\u00e9rez Conesa<\/strong>. Universidad de La Laguna.<\/span><\/p>\n<p><span><strong>Dr. Miguel \u00c1ngel Rego<\/strong>. Universidad Europea.<\/span><\/p>\n<p><span><strong>Dr. Ignacio Rodr\u00edguez<\/strong>. Universidad Complutense de Madrid.<\/span><\/p>\n<p><span><strong>Dr. Ram\u00f3n Salas<\/strong>. Universidad de La Laguna.<\/span><\/p>\n<p><span><strong>Dr. Pedro Juan S\u00e1nchez Bermejo<\/strong>. Universidad Complutense de Madrid.<\/span><\/p>\n<p><span><strong>Dra. Sandra Santana<\/strong>. Universidad de La Laguna.<\/span><\/p>\n<p><span><strong>Dra. Heather Schatz<\/strong>. Columbia University.<\/span><\/p>\n<p><span><strong>Dra. Anita Taylor<\/strong>. Dundee University.<\/span><\/p>\n<p><span><strong>Dr. Ignacio Tejedor<\/strong>. Universidad Complutense de Madrid.<\/span><\/p>\n<p><span><strong>Dra. Silvina Valesini<\/strong>. Universidad de La Plata.<\/span><\/p>\n<p><span><strong>Dr. Breixo Viejo<\/strong>. Columbia University.<\/span><\/p>\n<p>[\/et_pb_text][\/et_pb_column][\/et_pb_row][\/et_pb_section][et_pb_section fb_built=\u00bb1&#8243; admin_label=\u00bbPricing\u00bb _builder_version=\u00bb3.22&#8243; background_color=\u00bb#f4f4f4&#8243; custom_padding=\u00bb70px|0px|35px|0px||\u00bb][et_pb_row _builder_version=\u00bb4.9.7&#8243; _module_preset=\u00bbdefault\u00bb][et_pb_column type=\u00bb4_4&#8243; _builder_version=\u00bb4.9.7&#8243; _module_preset=\u00bbdefault\u00bb][et_pb_text _builder_version=\u00bb4.9.7&#8243; _module_preset=\u00bbdefault\u00bb header_3_font=\u00bbInconsolata|800|||||||\u00bb header_3_font_size=\u00bb30px\u00bb]<\/p>\n<h3>Organizaci\u00f3n<\/h3>\n<p>[\/et_pb_text][\/et_pb_column][\/et_pb_row][et_pb_row _builder_version=\u00bb4.9.7&#8243; _module_preset=\u00bbdefault\u00bb][et_pb_column type=\u00bb4_4&#8243; _builder_version=\u00bb4.9.7&#8243; _module_preset=\u00bbdefault\u00bb][et_pb_text _builder_version=\u00bb4.9.7&#8243; _module_preset=\u00bbdefault\u00bb]<\/p>\n<div class=\"elementor-element elementor-element-0cfa2bf elementor-widget elementor-widget-text-editor\" data-id=\"0cfa2bf\" data-element_type=\"widget\" data-widget_type=\"text-editor.default\">\n<div class=\"elementor-widget-container\"><b>Organizan los Grupos de Investigaci\u00f3n:<span>\u00a0<\/span><\/b>Dibujo Contempor\u00e1neo: Experiencia y Conocimiento. Universidad de La Laguna. Dibujo y Conocimiento. Universidad Complutense de Madrid.<\/div>\n<\/div>\n<p>[\/et_pb_text][\/et_pb_column][\/et_pb_row][et_pb_row column_structure=\u00bb1_2,1_2&#8243; _builder_version=\u00bb4.9.7&#8243; _module_preset=\u00bbdefault\u00bb][et_pb_column type=\u00bb1_2&#8243; _builder_version=\u00bb4.9.7&#8243; _module_preset=\u00bbdefault\u00bb][et_pb_text _builder_version=\u00bb4.9.7&#8243; _module_preset=\u00bbdefault\u00bb]<\/p>\n<div class=\"elementor-element elementor-element-0cfa2bf elementor-widget elementor-widget-text-editor\" data-id=\"0cfa2bf\" data-element_type=\"widget\" data-widget_type=\"text-editor.default\">\n<div class=\"elementor-widget-container\"><span style=\"color: #333333;font-size: 22px\">Presidencia<\/span><\/div>\n<\/div>\n<div class=\"elementor-element elementor-element-1cc6cad elementor-widget elementor-widget-text-editor\" data-id=\"1cc6cad\" data-element_type=\"widget\" data-widget_type=\"text-editor.default\">\n<div class=\"elementor-widget-container\">\n<p><strong><\/strong><\/p>\n<p><strong>Laura Mesa Lima<\/strong>. Universidad de La Laguna.<br \/><strong>Daniel Villegas Gonz\u00e1lez. <\/strong>Universidad de La Laguna.<span><br \/><\/span><strong>Ricardo Horcajada. <\/strong>Universidad Complutense de Madrid.<\/p>\n<p><strong><\/strong><\/p>\n<\/div>\n<\/div>\n<p>[\/et_pb_text][et_pb_text _builder_version=\u00bb4.9.7&#8243; _module_preset=\u00bbdefault\u00bb]<\/p>\n<div class=\"elementor-element elementor-element-77c6a67 elementor-widget elementor-widget-heading\" data-id=\"77c6a67\" data-element_type=\"widget\" data-widget_type=\"heading.default\">\n<div class=\"elementor-widget-container\">\n<div class=\"elementor-element elementor-element-1cc6cad elementor-widget elementor-widget-text-editor\" data-id=\"1cc6cad\" data-element_type=\"widget\" data-widget_type=\"text-editor.default\">\n<div class=\"elementor-widget-container\">\n<p><span style=\"color: #333333;font-size: 22px\">Secretar\u00eda<\/span><\/p>\n<\/div>\n<\/div>\n<div class=\"elementor-element elementor-element-144a16a elementor-widget elementor-widget-text-editor\" data-id=\"144a16a\" data-element_type=\"widget\" data-widget_type=\"text-editor.default\">\n<div class=\"elementor-widget-container\">\n<p><strong><\/strong><\/p>\n<p><strong>David Cort\u00e9s Santamarta. <\/strong>Universidad de La Laguna.<\/p>\n<\/div>\n<\/div>\n<div class=\"elementor-element elementor-element-77c6a67 elementor-widget elementor-widget-heading\" data-id=\"77c6a67\" data-element_type=\"widget\" data-widget_type=\"heading.default\">\n<div class=\"elementor-widget-container\"><\/div>\n<\/div>\n<div class=\"elementor-element elementor-element-6145a66 elementor-widget elementor-widget-text-editor\" data-id=\"6145a66\" data-element_type=\"widget\" data-widget_type=\"text-editor.default\">\n<div class=\"elementor-widget-container\">\n<p>&nbsp;<\/p>\n<\/div>\n<\/div>\n<\/div>\n<\/div>\n<div class=\"elementor-element elementor-element-6145a66 elementor-widget elementor-widget-text-editor\" data-id=\"6145a66\" data-element_type=\"widget\" data-widget_type=\"text-editor.default\">\n<div class=\"elementor-widget-container\">\n<p><span><\/span><\/p>\n<\/div>\n<\/div>\n<p>[\/et_pb_text][\/et_pb_column][et_pb_column type=\u00bb1_2&#8243; _builder_version=\u00bb4.9.7&#8243; _module_preset=\u00bbdefault\u00bb][et_pb_text _builder_version=\u00bb4.9.7&#8243; _module_preset=\u00bbdefault\u00bb]<\/p>\n<div class=\"elementor-element elementor-element-77c6a67 elementor-widget elementor-widget-heading\" data-id=\"77c6a67\" data-element_type=\"widget\" data-widget_type=\"heading.default\">\n<div class=\"elementor-widget-container\">\n<h3 class=\"elementor-heading-title elementor-size-default\">Comit\u00e9 organizador<\/h3>\n<\/div>\n<\/div>\n<div class=\"elementor-element elementor-element-6145a66 elementor-widget elementor-widget-text-editor\" data-id=\"6145a66\" data-element_type=\"widget\" data-widget_type=\"text-editor.default\">\n<div class=\"elementor-widget-container\">\n<p><span><strong>\u00a0<\/strong><\/span><\/p>\n<p><span><strong>Cristina Ning Belda Garc\u00eda<\/strong>. Universidad de La Laguna.<\/span><\/p>\n<p><span><strong>Mar\u00eda Luisa Bajo<\/strong>. Universidad de La Laguna.<\/span><\/p>\n<p><span><strong>Marcos Casero<\/strong>. Universidad Complutense de Madrid.<\/span><\/p>\n<p><span><strong>Tania Castellano<\/strong>. Universidad de La Laguna.<\/span><\/p>\n<p><span><strong>Eva Cruz<\/strong>. Universidad Complutense de Madrid.<\/span><\/p>\n<p><strong>Nereida Fuentes Guti\u00e9rrez<\/strong>.<b>\u00a0<\/b><span>EASD Fernando Est\u00e9vez.<\/span><\/p>\n<p><span><strong>Margarita Gonz\u00e1lez<\/strong>. Universidad Complutense de Madrid.<\/span><\/p>\n<p><span><strong>Jaime Hern\u00e1ndez Rodr\u00edguez<\/strong>.\u00a0<\/span><span>Universidad de La Laguna.\u00a0<\/span><\/p>\n<p><span><strong>Madeleine Lohrum Strancari<\/strong>. Universidad de La Laguna.<\/span><\/p>\n<p><span><strong>Alejandra Maeso Bem\u00fadez<\/strong>. Universidad de La Laguna.\u00a0<\/span><\/p>\n<p><span><strong>Oumaima Manchit Laorussi<\/strong>. Universidad de La Laguna.<\/span><\/p>\n<p><span><strong>Lu\u00eds Mayo Vega<\/strong>. Universidad Complutense de Madrid.<\/span><\/p>\n<p><span><strong>Erick Miraval<\/strong>. Universidad Complutense de Madrid.<\/span><\/p>\n<p><span><strong>Noa Real Garc\u00eda. <\/strong>Universidad de La Laguna.<\/span><\/p>\n<p><span><strong>Javier Sicilia<\/strong>. Universidad de La Laguna.<\/span><\/p>\n<p><span><strong>Jos\u00e9 \u00c1ngel Trujillo Padilla<\/strong>. EASD Fernando Est\u00e9vez.<\/span><\/p>\n<p><span><strong>Denica Veselinova<\/strong>. Universidad Complutense de Madrid.<\/span><\/p>\n<p><strong>Loida Su\u00e1rez Guerra.<\/strong> Universidad de La Laguna.<\/p>\n<p><strong>Mesner Ed\u00fa Sosa Rivera.<\/strong> Universidad de La Laguna.<\/p>\n<p><strong>Michelle Bello D\u00edaz.<\/strong> Universidad de La Laguna.<\/p>\n<p><span><\/span><\/p>\n<\/div>\n<\/div>\n<p>[\/et_pb_text][\/et_pb_column][\/et_pb_row][\/et_pb_section]<\/p>\n","protected":false},"excerpt":{"rendered":"<p>[et_pb_section fb_built=\u00bb1&#8243; admin_label=\u00bbPricing\u00bb _builder_version=\u00bb4.9.7&#8243; background_color=\u00bb#f4f4f4&#8243; custom_padding=\u00bb70px|0px|35px|0px||\u00bb][et_pb_row _builder_version=\u00bb4.9.7&#8243; background_size=\u00bbinitial\u00bb background_position=\u00bbtop_left\u00bb background_repeat=\u00bbrepeat\u00bb custom_padding=\u00bb27px|0px|45px|0px||\u00bb animation_style=\u00bbfade\u00bb animation_duration=\u00bb1150ms\u00bb custom_width_px=\u00bb710px\u00bb locked=\u00bboff\u00bb][et_pb_column type=\u00bb4_4&#8243; _builder_version=\u00bb3.25&#8243; background_position=\u00bbtop_left\u00bb custom_padding=\u00bb|||\u00bb custom_padding__hover=\u00bb|||\u00bb][et_pb_cta title=\u00bbComit\u00e9s\u00bb button_url=\u00bb#\u00bb admin_label=\u00bbFeature 01&#8243; _builder_version=\u00bb4.9.7&#8243; header_level=\u00bbh1&#8243; header_font=\u00bbInconsolata|800|||||||\u00bb header_text_color=\u00bb#1f1f1f\u00bb header_font_size=\u00bb42px\u00bb header_line_height=\u00bb1.2em\u00bb body_font_size=\u00bb16&#8243; body_line_height=\u00bb1.9em\u00bb use_background_color=\u00bboff\u00bb custom_button=\u00bbon\u00bb button_text_size=\u00bb18&#8243; button_text_color=\u00bb#ffffff\u00bb button_bg_color=\u00bb#6eba01&#8243; button_border_color=\u00bb#6eba01&#8243; button_border_radius=\u00bb0&#8243; button_letter_spacing=\u00bb2&#8243; button_font=\u00bbMontserrat|||on|\u00bb button_use_icon=\u00bboff\u00bb background_layout=\u00bblight\u00bb max_width=\u00bb60%\u00bb module_alignment=\u00bbcenter\u00bb custom_margin=\u00bb|||\u00bb custom_padding=\u00bb|||\u00bb animation_direction=\u00bbbottom\u00bb button_text_color_hover=\u00bb#6eba01&#8243; button_border_color_hover=\u00bb#6eba01&#8243; button_border_radius_hover=\u00bb0&#8243; button_letter_spacing_hover=\u00bb2&#8243; button_bg_color_hover=\u00bbrgba(0,0,0,0)\u00bb saved_tabs=\u00bball\u00bb locked=\u00bboff\u00bb [&hellip;]<\/p>\n","protected":false},"author":366,"featured_media":0,"parent":0,"menu_order":0,"comment_status":"closed","ping_status":"closed","template":"","meta":{"_et_pb_use_builder":"on","_et_pb_old_content":"","_et_gb_content_width":"","ngg_post_thumbnail":0,"footnotes":""},"class_list":["post-1285","page","type-page","status-publish","hentry"],"_links":{"self":[{"href":"https:\/\/wp.ull.es\/dgrapho\/wp-json\/wp\/v2\/pages\/1285","targetHints":{"allow":["GET"]}}],"collection":[{"href":"https:\/\/wp.ull.es\/dgrapho\/wp-json\/wp\/v2\/pages"}],"about":[{"href":"https:\/\/wp.ull.es\/dgrapho\/wp-json\/wp\/v2\/types\/page"}],"author":[{"embeddable":true,"href":"https:\/\/wp.ull.es\/dgrapho\/wp-json\/wp\/v2\/users\/366"}],"replies":[{"embeddable":true,"href":"https:\/\/wp.ull.es\/dgrapho\/wp-json\/wp\/v2\/comments?post=1285"}],"version-history":[{"count":1,"href":"https:\/\/wp.ull.es\/dgrapho\/wp-json\/wp\/v2\/pages\/1285\/revisions"}],"predecessor-version":[{"id":1380,"href":"https:\/\/wp.ull.es\/dgrapho\/wp-json\/wp\/v2\/pages\/1285\/revisions\/1380"}],"wp:attachment":[{"href":"https:\/\/wp.ull.es\/dgrapho\/wp-json\/wp\/v2\/media?parent=1285"}],"curies":[{"name":"wp","href":"https:\/\/api.w.org\/{rel}","templated":true}]}}