{"id":1249,"date":"2023-03-18T14:24:06","date_gmt":"2023-03-18T14:24:06","guid":{"rendered":"https:\/\/wp.ull.es\/dgrapho\/?page_id=1249"},"modified":"2023-05-02T17:00:11","modified_gmt":"2023-05-02T17:00:11","slug":"conferenciantes","status":"publish","type":"page","link":"https:\/\/wp.ull.es\/dgrapho\/conferenciantes\/","title":{"rendered":"Conferenciantes"},"content":{"rendered":"<p>[et_pb_section fb_built=\u00bb1&#8243; admin_label=\u00bbOur Team\u00bb _builder_version=\u00bb4.9.7&#8243; background_color=\u00bbrgba(0,0,0,0.04)\u00bb custom_padding=\u00bb5px||40px|||\u00bb][et_pb_row _builder_version=\u00bb3.25&#8243; background_size=\u00bbinitial\u00bb background_position=\u00bbtop_left\u00bb background_repeat=\u00bbrepeat\u00bb custom_padding=\u00bb81px|||||\u00bb custom_width_px=\u00bb710px\u00bb locked=\u00bboff\u00bb][et_pb_column type=\u00bb4_4&#8243; _builder_version=\u00bb3.25&#8243; background_position=\u00bbtop_left\u00bb custom_padding=\u00bb|||\u00bb custom_padding__hover=\u00bb|||\u00bb][et_pb_text admin_label=\u00bbTeam Section Title\u00bb _builder_version=\u00bb4.9.7&#8243; header_font=\u00bbInconsolata|800|||||||\u00bb header_text_color=\u00bb#1f1f1f\u00bb header_font_size=\u00bb40px\u00bb text_orientation=\u00bbcenter\u00bb max_width=\u00bb710px\u00bb module_alignment=\u00bbcenter\u00bb animation_style=\u00bbfade\u00bb animation_direction=\u00bbbottom\u00bb]<\/p>\n<h1>Conferenciantes<\/h1>\n<p>[\/et_pb_text][\/et_pb_column][\/et_pb_row][et_pb_row column_structure=\u00bb1_4,3_4&#8243; use_custom_gutter=\u00bbon\u00bb gutter_width=\u00bb2&#8243; _builder_version=\u00bb4.9.7&#8243; background_size=\u00bbinitial\u00bb background_position=\u00bbtop_left\u00bb background_repeat=\u00bbrepeat\u00bb custom_padding=\u00bb44px|0px|27px|0px\u00bb][et_pb_column type=\u00bb1_4&#8243; _builder_version=\u00bb3.25&#8243; custom_padding=\u00bb|||\u00bb custom_padding__hover=\u00bb|||\u00bb][et_pb_team_member name=\u00bbJoana P. R. Neves\u00bb image_url=\u00bbhttps:\/\/wp.ull.es\/dgrapho\/wp-content\/uploads\/sites\/144\/2023\/03\/Joana-p-r-neves.jpg\u00bb admin_label=\u00bbMember 01&#8243; _builder_version=\u00bb4.9.7&#8243; header_font=\u00bbMontserrat||||\u00bb header_text_color=\u00bb#1f1f1f\u00bb header_font_size=\u00bb22px\u00bb header_line_height=\u00bb2em\u00bb body_text_align=\u00bbcenter\u00bb body_text_color=\u00bb#666666&#8243; body_font_size=\u00bb16px\u00bb background_size=\u00bbinitial\u00bb background_position=\u00bbtop_left\u00bb background_repeat=\u00bbrepeat\u00bb text_orientation=\u00bbcenter\u00bb custom_padding=\u00bb|||\u00bb animation_style=\u00bbfade\u00bb animation_direction=\u00bbbottom\u00bb][\/et_pb_team_member][\/et_pb_column][et_pb_column type=\u00bb3_4&#8243; _builder_version=\u00bb3.25&#8243; custom_padding=\u00bb|||\u00bb custom_padding__hover=\u00bb|||\u00bb][et_pb_text _builder_version=\u00bb4.9.7&#8243; _module_preset=\u00bbdefault\u00bb]<\/p>\n<p><span>Joana P. R. Neves es escritora y comisaria independiente afincada en Londres (Fondation Ricard, CPIF, Mrac S\u00e9rignan, Frac Picardie, Drawing Lab&#8230;). <\/span><\/p>\n<p><span>En 2020 obtuvo su doctorado en Historia del Arte en la Universidad de Kingston,\u00a0<\/span><i>Siguiendo la l\u00ednea indexical<\/i><span>,\u00a0<\/span><i>Etienne-Jules Marey, Douglas Huebler, Sol LeWitt<\/i><span>. Entre sus publicaciones recientes se encuentran\u00a0<\/span><i>As One takes one&#8217;s pulse, The Technology of Asemantic Writing<\/i><span>, Centre d&#8217;art de Gen\u00e8ve (2019);\u00a0<\/span><i>Unskilled Beauty or Ugly Truth?<span>\u00a0<\/span><\/i><span>(Drawing, Research, Theory Practice, 2020), entre otros. Actualmente, es co-comisaria de la exposici\u00f3n individual itinerante BLANK, Irma Blank (Culturgest, Lisboa &amp; MAMCO, Ginebra 2019; CAPC, Burdeos &amp; CCA, Tel Aviv 2020; Museo Villa dei Cedri, Bellinzona &amp; Centre d&#8217;art Bombas gens Valencia 2021-22), de la que es co-editora del cat\u00e1logo hom\u00f3nimo (Koenig Books). Es la Directora Art\u00edstica de DRAWING NOW Art Fair desde 2018, y ha sido colaboradora habitual de publicaciones y cat\u00e1logos de arte contempor\u00e1neo. <\/span><\/p>\n<p><span>Su pr\u00f3ximo proyecto de investigaci\u00f3n explora el dibujo, la abstracci\u00f3n y la tecnolog\u00eda desde una perspectiva feminista. Joana P. R. Neves trabaj\u00f3, al principio de su carrera, como directora comercial en la Galerie Chantal Crousel (Par\u00eds), la galer\u00eda schleicher+lange (Par\u00eds) y Marlborough Contemporary (Londres). Es cofundadora del programa de proyectos y residencias Worlding (Elephant and Castle, Londres).<\/span><\/p>\n<p>[\/et_pb_text][\/et_pb_column][\/et_pb_row][\/et_pb_section][et_pb_section fb_built=\u00bb1&#8243; admin_label=\u00bbOur Team\u00bb _builder_version=\u00bb4.9.7&#8243; background_enable_color=\u00bboff\u00bb custom_padding=\u00bb5px||18px|||\u00bb][et_pb_row column_structure=\u00bb1_4,3_4&#8243; use_custom_gutter=\u00bbon\u00bb gutter_width=\u00bb2&#8243; _builder_version=\u00bb4.9.7&#8243; background_size=\u00bbinitial\u00bb background_position=\u00bbtop_left\u00bb background_repeat=\u00bbrepeat\u00bb custom_padding=\u00bb44px|0px|27px|0px\u00bb][et_pb_column type=\u00bb1_4&#8243; _builder_version=\u00bb3.25&#8243; custom_padding=\u00bb|||\u00bb custom_padding__hover=\u00bb|||\u00bb][et_pb_team_member name=\u00bbPaco Guill\u00e9n\u00bb image_url=\u00bbhttps:\/\/wp.ull.es\/dgrapho\/wp-content\/uploads\/sites\/144\/2023\/04\/PacoGuillen.jpg\u00bb admin_label=\u00bbMember 01&#8243; _builder_version=\u00bb4.9.7&#8243; header_font=\u00bbMontserrat||||\u00bb header_text_color=\u00bb#1f1f1f\u00bb header_font_size=\u00bb22px\u00bb header_line_height=\u00bb2em\u00bb body_text_align=\u00bbcenter\u00bb body_text_color=\u00bb#666666&#8243; body_font_size=\u00bb16px\u00bb background_size=\u00bbinitial\u00bb background_position=\u00bbtop_left\u00bb background_repeat=\u00bbrepeat\u00bb text_orientation=\u00bbcenter\u00bb custom_padding=\u00bb|||\u00bb animation_style=\u00bbfade\u00bb animation_direction=\u00bbbottom\u00bb][\/et_pb_team_member][\/et_pb_column][et_pb_column type=\u00bb3_4&#8243; _builder_version=\u00bb3.25&#8243; custom_padding=\u00bb|||\u00bb custom_padding__hover=\u00bb|||\u00bb][et_pb_text _builder_version=\u00bb4.9.7&#8243; _module_preset=\u00bbdefault\u00bb hover_enabled=\u00bb0&#8243; sticky_enabled=\u00bb0&#8243;]<\/p>\n<p style=\"font-weight: 400\">Licenciado en Bellas Artes, Paco Guill\u00e9n Abrante elige el dibujo como campo de experimentaci\u00f3n creando un particular universo influido por su entorno cultural y social. Los dibujos de Guill\u00e9n son concisos y sint\u00e9ticos, sin concesiones, con una est\u00e9tica absolutamente personal que profundiza en el campo del dibujo y para ello se vale de todos los recursos que este le brinda: dibujos sobre papel, sobre pared, v\u00eddeo animaciones, etc. Entiende el dibujo de una manera transversal y prueba de ello es su actividad profesional en el \u00e1mbito de la video animaci\u00f3n art\u00edstica realizando escenograf\u00edas, videoclips o las Video animaciones para festivales de m\u00fasica.<\/p>\n<p style=\"font-weight: 400\">\n<p style=\"font-weight: 400\">Guill\u00e9n Expone con regularidad desde finales de los noventa, desarrollando una intensa actividad profesional en los \u00faltimos a\u00f1os que le ha llevado a participar en exposiciones, bienales y ferias de \u00e1mbito internacional. Vinculado a las galer\u00edas Costantini Contemporary (Tur\u00edn) y Jos\u00e9delaFuente desde 2009, sus obras han estado presentes en pa\u00edses como M\u00e9xico, Cuba, Suiza, Senegal, Italia, Alemania, as\u00ed como dentro de nuestras fronteras, contando con obra en colecciones como la Fundaci\u00f3n Brasilea de Suiza, CAAM, Colecci\u00f3n Navacerrada, Colecci\u00f3n 9915, CA2M y Fundaci\u00f3n DKV.<\/p>\n<p>[\/et_pb_text][\/et_pb_column][\/et_pb_row][\/et_pb_section][et_pb_section fb_built=\u00bb1&#8243; admin_label=\u00bbOur Team\u00bb _builder_version=\u00bb4.9.7&#8243; background_color=\u00bbrgba(0,0,0,0.04)\u00bb custom_padding=\u00bb5px||40px|||\u00bb][et_pb_row column_structure=\u00bb1_4,3_4&#8243; use_custom_gutter=\u00bbon\u00bb gutter_width=\u00bb2&#8243; _builder_version=\u00bb4.9.7&#8243; background_size=\u00bbinitial\u00bb background_position=\u00bbtop_left\u00bb background_repeat=\u00bbrepeat\u00bb custom_padding=\u00bb44px|0px|27px|0px\u00bb][et_pb_column type=\u00bb1_4&#8243; _builder_version=\u00bb3.25&#8243; custom_padding=\u00bb|||\u00bb custom_padding__hover=\u00bb|||\u00bb][et_pb_team_member name=\u00bbEdouard Cabay\u00bb image_url=\u00bbhttps:\/\/wp.ull.es\/dgrapho\/wp-content\/uploads\/sites\/144\/2023\/02\/edouard_cabay.jpg\u00bb admin_label=\u00bbMember 01&#8243; _builder_version=\u00bb4.9.7&#8243; header_font=\u00bbMontserrat||||\u00bb header_text_color=\u00bb#1f1f1f\u00bb header_font_size=\u00bb22px\u00bb header_line_height=\u00bb2em\u00bb body_text_align=\u00bbcenter\u00bb body_text_color=\u00bb#666666&#8243; body_font_size=\u00bb16px\u00bb background_size=\u00bbinitial\u00bb background_position=\u00bbtop_left\u00bb background_repeat=\u00bbrepeat\u00bb text_orientation=\u00bbcenter\u00bb custom_padding=\u00bb|||\u00bb animation_style=\u00bbfade\u00bb animation_direction=\u00bbbottom\u00bb][\/et_pb_team_member][\/et_pb_column][et_pb_column type=\u00bb3_4&#8243; _builder_version=\u00bb3.25&#8243; custom_padding=\u00bb|||\u00bb custom_padding__hover=\u00bb|||\u00bb][et_pb_text _builder_version=\u00bb4.9.7&#8243; _module_preset=\u00bbdefault\u00bb]<\/p>\n<p>Edouard Cabay trabaja en la intersecci\u00f3n del arte y la arquitectura, utilizando el dibujo como medio central para explorar el control y la indeterminaci\u00f3n en los procesos creativos.<\/p>\n<p>Su trabajo consiste en el desarrollo de protocolos que integran energ\u00eda, c\u00f3digo, m\u00e1quinas, pero tambi\u00e9n lo manual y las personas, en actuaciones automatizadas que generan dibujos y mapas. Estos resultados emergentes nunca se conocen al principio de su realizaci\u00f3n, sino que van apareciendo poco a poco, encapsulando las sorpresas y la singularidad de lo que se crea entre diferentes actores, sean humanos o no. Edouard Cabay desarrolla desde 2015 Machinic Protocols, un proyecto de investigaci\u00f3n cuyas obras emergentes han sido ampliamente expuestas en lugares como Kanal, Centre Pompidou de Bruselas, Arts Santa Monica de Barcelona, Mysk Art Center de Riad, Arte Laguna de Venecia, Bienales de arquitectura de Venecia, Par\u00eds y Tallin, Expo Dubai y en el Barcelona Gallery Weekend.<\/p>\n<p>Actualmente imparte clases y dirige programas de investigaci\u00f3n en el Instituto de Arquitectura Avanzada de Catalu\u00f1a. Ha impartido cursos de dise\u00f1o experimental en la Architectural Association School of Architecture de Londres, en la Ecole Speciale d&#8217;Architecture de Par\u00eds, en la Ecole Polytechnique F\u00e9d\u00e9rale de Lausana y en el Cedim de Monterrey (M\u00e9xico).<\/p>\n<p>[\/et_pb_text][\/et_pb_column][\/et_pb_row][\/et_pb_section]<\/p>\n","protected":false},"excerpt":{"rendered":"<p>[et_pb_section fb_built=\u00bb1&#8243; admin_label=\u00bbOur Team\u00bb _builder_version=\u00bb4.9.7&#8243; background_color=\u00bbrgba(0,0,0,0.04)\u00bb custom_padding=\u00bb5px||40px|||\u00bb][et_pb_row _builder_version=\u00bb3.25&#8243; background_size=\u00bbinitial\u00bb background_position=\u00bbtop_left\u00bb background_repeat=\u00bbrepeat\u00bb custom_padding=\u00bb81px|||||\u00bb custom_width_px=\u00bb710px\u00bb locked=\u00bboff\u00bb][et_pb_column type=\u00bb4_4&#8243; _builder_version=\u00bb3.25&#8243; background_position=\u00bbtop_left\u00bb custom_padding=\u00bb|||\u00bb custom_padding__hover=\u00bb|||\u00bb][et_pb_text admin_label=\u00bbTeam Section Title\u00bb _builder_version=\u00bb4.9.7&#8243; header_font=\u00bbInconsolata|800|||||||\u00bb header_text_color=\u00bb#1f1f1f\u00bb header_font_size=\u00bb40px\u00bb text_orientation=\u00bbcenter\u00bb max_width=\u00bb710px\u00bb module_alignment=\u00bbcenter\u00bb animation_style=\u00bbfade\u00bb animation_direction=\u00bbbottom\u00bb] Conferenciantes [\/et_pb_text][\/et_pb_column][\/et_pb_row][et_pb_row column_structure=\u00bb1_4,3_4&#8243; use_custom_gutter=\u00bbon\u00bb gutter_width=\u00bb2&#8243; _builder_version=\u00bb4.9.7&#8243; background_size=\u00bbinitial\u00bb background_position=\u00bbtop_left\u00bb background_repeat=\u00bbrepeat\u00bb custom_padding=\u00bb44px|0px|27px|0px\u00bb][et_pb_column type=\u00bb1_4&#8243; _builder_version=\u00bb3.25&#8243; custom_padding=\u00bb|||\u00bb custom_padding__hover=\u00bb|||\u00bb][et_pb_team_member name=\u00bbJoana P. R. Neves\u00bb image_url=\u00bbhttps:\/\/wp.ull.es\/dgrapho\/wp-content\/uploads\/sites\/144\/2023\/03\/Joana-p-r-neves.jpg\u00bb admin_label=\u00bbMember 01&#8243; _builder_version=\u00bb4.9.7&#8243; header_font=\u00bbMontserrat||||\u00bb header_text_color=\u00bb#1f1f1f\u00bb [&hellip;]<\/p>\n","protected":false},"author":366,"featured_media":0,"parent":0,"menu_order":0,"comment_status":"closed","ping_status":"closed","template":"","meta":{"_et_pb_use_builder":"on","_et_pb_old_content":"","_et_gb_content_width":"","ngg_post_thumbnail":0,"footnotes":""},"class_list":["post-1249","page","type-page","status-publish","hentry"],"_links":{"self":[{"href":"https:\/\/wp.ull.es\/dgrapho\/wp-json\/wp\/v2\/pages\/1249","targetHints":{"allow":["GET"]}}],"collection":[{"href":"https:\/\/wp.ull.es\/dgrapho\/wp-json\/wp\/v2\/pages"}],"about":[{"href":"https:\/\/wp.ull.es\/dgrapho\/wp-json\/wp\/v2\/types\/page"}],"author":[{"embeddable":true,"href":"https:\/\/wp.ull.es\/dgrapho\/wp-json\/wp\/v2\/users\/366"}],"replies":[{"embeddable":true,"href":"https:\/\/wp.ull.es\/dgrapho\/wp-json\/wp\/v2\/comments?post=1249"}],"version-history":[{"count":2,"href":"https:\/\/wp.ull.es\/dgrapho\/wp-json\/wp\/v2\/pages\/1249\/revisions"}],"predecessor-version":[{"id":1368,"href":"https:\/\/wp.ull.es\/dgrapho\/wp-json\/wp\/v2\/pages\/1249\/revisions\/1368"}],"wp:attachment":[{"href":"https:\/\/wp.ull.es\/dgrapho\/wp-json\/wp\/v2\/media?parent=1249"}],"curies":[{"name":"wp","href":"https:\/\/api.w.org\/{rel}","templated":true}]}}