{"id":1235,"date":"2023-03-18T13:56:59","date_gmt":"2023-03-18T13:56:59","guid":{"rendered":"https:\/\/wp.ull.es\/dgrapho\/?page_id=1235"},"modified":"2023-03-20T10:59:34","modified_gmt":"2023-03-20T10:59:34","slug":"tasas","status":"publish","type":"page","link":"https:\/\/wp.ull.es\/dgrapho\/tasas\/","title":{"rendered":"Tasas"},"content":{"rendered":"<p>[et_pb_section fb_built=\u00bb1&#8243; admin_label=\u00bbPricing\u00bb _builder_version=\u00bb3.22&#8243; background_color=\u00bb#f4f4f4&#8243; custom_padding=\u00bb70px|0px|90px|0px||\u00bb][et_pb_row _builder_version=\u00bb4.9.7&#8243; background_size=\u00bbinitial\u00bb background_position=\u00bbtop_left\u00bb background_repeat=\u00bbrepeat\u00bb custom_padding=\u00bb27px|0px|45px|0px||\u00bb animation_style=\u00bbfade\u00bb animation_duration=\u00bb1150ms\u00bb custom_width_px=\u00bb710px\u00bb locked=\u00bboff\u00bb][et_pb_column type=\u00bb4_4&#8243; _builder_version=\u00bb3.25&#8243; background_position=\u00bbtop_left\u00bb custom_padding=\u00bb|||\u00bb custom_padding__hover=\u00bb|||\u00bb][et_pb_cta title=\u00bbTasas\u00bb button_url=\u00bb#\u00bb admin_label=\u00bbFeature 01&#8243; _builder_version=\u00bb4.9.7&#8243; header_level=\u00bbh1&#8243; header_font=\u00bbInconsolata|800|||||||\u00bb header_text_color=\u00bb#1f1f1f\u00bb header_font_size=\u00bb42px\u00bb header_line_height=\u00bb1.2em\u00bb body_font_size=\u00bb16&#8243; body_line_height=\u00bb1.9em\u00bb use_background_color=\u00bboff\u00bb custom_button=\u00bbon\u00bb button_text_size=\u00bb18&#8243; button_text_color=\u00bb#ffffff\u00bb button_bg_color=\u00bb#6eba01&#8243; button_border_color=\u00bb#6eba01&#8243; button_border_radius=\u00bb0&#8243; button_letter_spacing=\u00bb2&#8243; button_font=\u00bbMontserrat|||on|\u00bb button_use_icon=\u00bboff\u00bb background_layout=\u00bblight\u00bb max_width=\u00bb60%\u00bb module_alignment=\u00bbcenter\u00bb custom_margin=\u00bb|||\u00bb custom_padding=\u00bb|||\u00bb animation_direction=\u00bbbottom\u00bb button_text_color_hover=\u00bb#6eba01&#8243; button_border_color_hover=\u00bb#6eba01&#8243; button_border_radius_hover=\u00bb0&#8243; button_letter_spacing_hover=\u00bb2&#8243; button_bg_color_hover=\u00bbrgba(0,0,0,0)\u00bb saved_tabs=\u00bball\u00bb locked=\u00bboff\u00bb button_text_size__hover_enabled=\u00bboff\u00bb button_one_text_size__hover_enabled=\u00bboff\u00bb button_two_text_size__hover_enabled=\u00bboff\u00bb button_text_color__hover_enabled=\u00bbon\u00bb button_text_color__hover=\u00bb#6eba01&#8243; button_one_text_color__hover_enabled=\u00bboff\u00bb button_two_text_color__hover_enabled=\u00bboff\u00bb button_border_width__hover_enabled=\u00bboff\u00bb button_one_border_width__hover_enabled=\u00bboff\u00bb button_two_border_width__hover_enabled=\u00bboff\u00bb button_border_color__hover_enabled=\u00bbon\u00bb button_border_color__hover=\u00bb#6eba01&#8243; button_one_border_color__hover_enabled=\u00bboff\u00bb button_two_border_color__hover_enabled=\u00bboff\u00bb button_border_radius__hover_enabled=\u00bbon\u00bb button_border_radius__hover=\u00bb0&#8243; button_one_border_radius__hover_enabled=\u00bboff\u00bb button_two_border_radius__hover_enabled=\u00bboff\u00bb button_letter_spacing__hover_enabled=\u00bbon\u00bb button_letter_spacing__hover=\u00bb2&#8243; button_one_letter_spacing__hover_enabled=\u00bboff\u00bb button_two_letter_spacing__hover_enabled=\u00bboff\u00bb button_bg_color__hover_enabled=\u00bbon\u00bb button_bg_color__hover=\u00bbrgba(0,0,0,0)\u00bb button_one_bg_color__hover_enabled=\u00bboff\u00bb button_two_bg_color__hover_enabled=\u00bboff\u00bb]<\/p>\n<p>&nbsp;<\/p>\n<p>Como <strong>[d]Grapho<\/strong> se celebra en formato mixto, las tasas var\u00edan en funci\u00f3n de la participaci\u00f3n (ponente o asistente) o modalidad: presencial u online.<\/p>\n<p>[\/et_pb_cta][\/et_pb_column][\/et_pb_row][et_pb_row column_structure=\u00bb1_2,1_2&#8243; _builder_version=\u00bb3.25&#8243; background_size=\u00bbinitial\u00bb background_position=\u00bbtop_left\u00bb background_repeat=\u00bbrepeat\u00bb custom_padding=\u00bb20px|0px|27px|0px\u00bb][et_pb_column type=\u00bb1_2&#8243; _builder_version=\u00bb3.25&#8243; custom_padding=\u00bb|||\u00bb custom_padding__hover=\u00bb|||\u00bb][et_pb_pricing_tables header_background_color=\u00bbrgba(0,0,0,0)\u00bb featured_table_subheader_text_color=\u00bb#000000&#8243; show_bullet=\u00bboff\u00bb _builder_version=\u00bb4.9.7&#8243; subheader_text_color=\u00bbrgba(0,0,0,0.26)\u00bb header_text_color=\u00bb#6eba01&#8243; header_font=\u00bbMontserrat||||\u00bb body_font_size=\u00bb16px\u00bb subheader_font=\u00bbMontserrat||||\u00bb subheader_line_height=\u00bb2em\u00bb price_font=\u00bbMontserrat|on|||\u00bb background_color=\u00bb#ffffff\u00bb custom_button=\u00bbon\u00bb button_text_size=\u00bb18px\u00bb button_text_color=\u00bb#ffffff\u00bb button_bg_color=\u00bb#6eba01&#8243; button_border_color=\u00bb#6eba01&#8243; button_border_radius=\u00bb0px\u00bb button_letter_spacing=\u00bb2px\u00bb button_font=\u00bbMontserrat|||on|\u00bb button_use_icon=\u00bboff\u00bb custom_padding=\u00bb30px|||\u00bb animation_style=\u00bbfade\u00bb animation_direction=\u00bbbottom\u00bb animation_delay=\u00bb100ms\u00bb custom_css_pricing_top=\u00bbborder: none;\u00bb border_width_all=\u00bb0px\u00bb border_color_all=\u00bb#e02b20&#8243; border_style_all=\u00bbgroove\u00bb use_border_color=\u00bbon\u00bb border_color=\u00bb#e02b20&#8243; border_width=\u00bb0px\u00bb border_style=\u00bbgroove\u00bb button_text_color_hover=\u00bb#6eba01&#8243; button_letter_spacing_hover=\u00bb0&#8243; button_bg_color_hover=\u00bbrgba(0,0,0,0)\u00bb locked=\u00bboff\u00bb button_text_size__hover_enabled=\u00bboff\u00bb button_one_text_size__hover_enabled=\u00bboff\u00bb button_two_text_size__hover_enabled=\u00bboff\u00bb button_text_color__hover_enabled=\u00bbon\u00bb button_text_color__hover=\u00bb#6eba01&#8243; button_one_text_color__hover_enabled=\u00bboff\u00bb button_two_text_color__hover_enabled=\u00bboff\u00bb button_border_width__hover_enabled=\u00bboff\u00bb button_one_border_width__hover_enabled=\u00bboff\u00bb button_two_border_width__hover_enabled=\u00bboff\u00bb button_border_color__hover_enabled=\u00bboff\u00bb button_one_border_color__hover_enabled=\u00bboff\u00bb button_two_border_color__hover_enabled=\u00bboff\u00bb button_border_radius__hover_enabled=\u00bboff\u00bb button_one_border_radius__hover_enabled=\u00bboff\u00bb button_two_border_radius__hover_enabled=\u00bboff\u00bb button_letter_spacing__hover_enabled=\u00bbon\u00bb button_letter_spacing__hover=\u00bb0&#8243; button_one_letter_spacing__hover_enabled=\u00bboff\u00bb button_two_letter_spacing__hover_enabled=\u00bboff\u00bb button_bg_color__hover_enabled=\u00bbon\u00bb button_bg_color__hover=\u00bbrgba(0,0,0,0)\u00bb button_one_bg_color__hover_enabled=\u00bboff\u00bb button_two_bg_color__hover_enabled=\u00bboff\u00bb][et_pb_pricing_table featured=\u00bbon\u00bb title=\u00bbModalidad presencial\u00bb subtitle=\u00bbPonentes\u00bb sum=\u00bb120\u20ac\u00bb button_url=\u00bb#\u00bb _builder_version=\u00bb4.9.7&#8243; price_text_color=\u00bb#1f1f1f\u00bb header_level=\u00bbh2&#8243; subheader_font=\u00bbMontserrat|600||on|||||\u00bb subheader_text_color=\u00bb#7f7f7f\u00bb price_font=\u00bbOpen Sans||||\u00bb price_text_align=\u00bbcenter\u00bb text_orientation=\u00bbcenter\u00bb custom_padding=\u00bb|||\u00bb button_text_size__hover_enabled=\u00bboff\u00bb button_one_text_size__hover_enabled=\u00bboff\u00bb button_two_text_size__hover_enabled=\u00bboff\u00bb button_text_color__hover_enabled=\u00bboff\u00bb button_one_text_color__hover_enabled=\u00bboff\u00bb button_two_text_color__hover_enabled=\u00bboff\u00bb button_border_width__hover_enabled=\u00bboff\u00bb button_one_border_width__hover_enabled=\u00bboff\u00bb button_two_border_width__hover_enabled=\u00bboff\u00bb button_border_color__hover_enabled=\u00bboff\u00bb button_one_border_color__hover_enabled=\u00bboff\u00bb button_two_border_color__hover_enabled=\u00bboff\u00bb button_border_radius__hover_enabled=\u00bboff\u00bb button_one_border_radius__hover_enabled=\u00bboff\u00bb button_two_border_radius__hover_enabled=\u00bboff\u00bb button_letter_spacing__hover_enabled=\u00bboff\u00bb button_one_letter_spacing__hover_enabled=\u00bboff\u00bb button_two_letter_spacing__hover_enabled=\u00bboff\u00bb button_bg_color__hover_enabled=\u00bboff\u00bb button_one_bg_color__hover_enabled=\u00bboff\u00bb button_two_bg_color__hover_enabled=\u00bboff\u00bb sticky_transition=\u00bbon\u00bb]<\/p>\n<p>Estudiantes: 80\u20ac<\/p>\n<p>[\/et_pb_pricing_table][\/et_pb_pricing_tables][et_pb_pricing_tables header_background_color=\u00bbrgba(0,0,0,0)\u00bb featured_table_subheader_text_color=\u00bb#000000&#8243; show_bullet=\u00bboff\u00bb _builder_version=\u00bb4.9.7&#8243; subheader_text_color=\u00bbrgba(0,0,0,0.26)\u00bb header_text_color=\u00bb#4e5ed0&#8243; header_font=\u00bbMontserrat||||\u00bb body_font_size=\u00bb16px\u00bb subheader_font=\u00bbMontserrat||||\u00bb subheader_line_height=\u00bb2em\u00bb price_font=\u00bbMontserrat|on|||\u00bb background_color=\u00bb#ffffff\u00bb custom_button=\u00bbon\u00bb button_text_size=\u00bb18px\u00bb button_text_color=\u00bb#ffffff\u00bb button_bg_color=\u00bb#6eba01&#8243; button_border_color=\u00bb#6eba01&#8243; button_border_radius=\u00bb0px\u00bb button_letter_spacing=\u00bb2px\u00bb button_font=\u00bbMontserrat|||on|\u00bb button_use_icon=\u00bboff\u00bb custom_padding=\u00bb30px|||\u00bb animation_style=\u00bbfade\u00bb animation_direction=\u00bbbottom\u00bb animation_delay=\u00bb100ms\u00bb custom_css_pricing_top=\u00bbborder: none;\u00bb border_width_all=\u00bb0px\u00bb border_color_all=\u00bb#e02b20&#8243; border_style_all=\u00bbgroove\u00bb use_border_color=\u00bbon\u00bb border_color=\u00bb#e02b20&#8243; border_width=\u00bb0px\u00bb border_style=\u00bbgroove\u00bb button_text_color_hover=\u00bb#6eba01&#8243; button_letter_spacing_hover=\u00bb0&#8243; button_bg_color_hover=\u00bbrgba(0,0,0,0)\u00bb locked=\u00bboff\u00bb button_text_size__hover_enabled=\u00bboff\u00bb button_one_text_size__hover_enabled=\u00bboff\u00bb button_two_text_size__hover_enabled=\u00bboff\u00bb button_text_color__hover_enabled=\u00bbon\u00bb button_text_color__hover=\u00bb#6eba01&#8243; button_one_text_color__hover_enabled=\u00bboff\u00bb button_two_text_color__hover_enabled=\u00bboff\u00bb button_border_width__hover_enabled=\u00bboff\u00bb button_one_border_width__hover_enabled=\u00bboff\u00bb button_two_border_width__hover_enabled=\u00bboff\u00bb button_border_color__hover_enabled=\u00bboff\u00bb button_one_border_color__hover_enabled=\u00bboff\u00bb button_two_border_color__hover_enabled=\u00bboff\u00bb button_border_radius__hover_enabled=\u00bboff\u00bb button_one_border_radius__hover_enabled=\u00bboff\u00bb button_two_border_radius__hover_enabled=\u00bboff\u00bb button_letter_spacing__hover_enabled=\u00bbon\u00bb button_letter_spacing__hover=\u00bb0&#8243; button_one_letter_spacing__hover_enabled=\u00bboff\u00bb button_two_letter_spacing__hover_enabled=\u00bboff\u00bb button_bg_color__hover_enabled=\u00bbon\u00bb button_bg_color__hover=\u00bbrgba(0,0,0,0)\u00bb button_one_bg_color__hover_enabled=\u00bboff\u00bb button_two_bg_color__hover_enabled=\u00bboff\u00bb][et_pb_pricing_table featured=\u00bbon\u00bb title=\u00bbModalidad online\u00bb subtitle=\u00bbPonentes\u00bb sum=\u00bb100\u20ac\u00bb button_url=\u00bb#\u00bb _builder_version=\u00bb4.9.7&#8243; price_text_color=\u00bb#1f1f1f\u00bb subheader_font=\u00bbMontserrat|600||on|||||\u00bb subheader_text_color=\u00bb#7f7f7f\u00bb price_font=\u00bbOpen Sans||||\u00bb price_text_align=\u00bbcenter\u00bb text_orientation=\u00bbcenter\u00bb custom_padding=\u00bb|||\u00bb button_text_size__hover_enabled=\u00bboff\u00bb button_one_text_size__hover_enabled=\u00bboff\u00bb button_two_text_size__hover_enabled=\u00bboff\u00bb button_text_color__hover_enabled=\u00bboff\u00bb button_one_text_color__hover_enabled=\u00bboff\u00bb button_two_text_color__hover_enabled=\u00bboff\u00bb button_border_width__hover_enabled=\u00bboff\u00bb button_one_border_width__hover_enabled=\u00bboff\u00bb button_two_border_width__hover_enabled=\u00bboff\u00bb button_border_color__hover_enabled=\u00bboff\u00bb button_one_border_color__hover_enabled=\u00bboff\u00bb button_two_border_color__hover_enabled=\u00bboff\u00bb button_border_radius__hover_enabled=\u00bboff\u00bb button_one_border_radius__hover_enabled=\u00bboff\u00bb button_two_border_radius__hover_enabled=\u00bboff\u00bb button_letter_spacing__hover_enabled=\u00bboff\u00bb button_one_letter_spacing__hover_enabled=\u00bboff\u00bb button_two_letter_spacing__hover_enabled=\u00bboff\u00bb button_bg_color__hover_enabled=\u00bboff\u00bb button_one_bg_color__hover_enabled=\u00bboff\u00bb button_two_bg_color__hover_enabled=\u00bboff\u00bb sticky_transition=\u00bbon\u00bb]<\/p>\n<p>Estudiantes: 70\u20ac<\/p>\n<p>[\/et_pb_pricing_table][\/et_pb_pricing_tables][\/et_pb_column][et_pb_column type=\u00bb1_2&#8243; _builder_version=\u00bb3.25&#8243; custom_padding=\u00bb|||\u00bb custom_padding__hover=\u00bb|||\u00bb][et_pb_pricing_tables header_background_color=\u00bbrgba(0,0,0,0)\u00bb featured_table_subheader_text_color=\u00bb#000000&#8243; show_bullet=\u00bboff\u00bb _builder_version=\u00bb4.9.7&#8243; subheader_text_color=\u00bbrgba(0,0,0,0.26)\u00bb header_text_color=\u00bb#6eba01&#8243; header_font=\u00bbMontserrat||||\u00bb body_font_size=\u00bb16px\u00bb subheader_font=\u00bbMontserrat||||\u00bb subheader_line_height=\u00bb2em\u00bb price_font=\u00bbMontserrat|on|||\u00bb background_color=\u00bb#ffffff\u00bb custom_button=\u00bbon\u00bb button_text_size=\u00bb18px\u00bb button_text_color=\u00bb#ffffff\u00bb button_bg_color=\u00bb#6eba01&#8243; button_border_color=\u00bb#6eba01&#8243; button_border_radius=\u00bb0px\u00bb button_letter_spacing=\u00bb2px\u00bb button_font=\u00bbMontserrat|||on|\u00bb button_use_icon=\u00bboff\u00bb custom_padding=\u00bb30px|||\u00bb animation_style=\u00bbfade\u00bb animation_direction=\u00bbbottom\u00bb animation_delay=\u00bb100ms\u00bb custom_css_pricing_top=\u00bbborder: none;\u00bb border_width_all=\u00bb0px\u00bb border_color_all=\u00bb#e02b20&#8243; border_style_all=\u00bbgroove\u00bb use_border_color=\u00bbon\u00bb border_color=\u00bb#e02b20&#8243; border_width=\u00bb0px\u00bb border_style=\u00bbgroove\u00bb button_text_color_hover=\u00bb#6eba01&#8243; button_letter_spacing_hover=\u00bb0&#8243; button_bg_color_hover=\u00bbrgba(0,0,0,0)\u00bb locked=\u00bboff\u00bb button_text_size__hover_enabled=\u00bboff\u00bb button_one_text_size__hover_enabled=\u00bboff\u00bb button_two_text_size__hover_enabled=\u00bboff\u00bb button_text_color__hover_enabled=\u00bbon\u00bb button_text_color__hover=\u00bb#6eba01&#8243; button_one_text_color__hover_enabled=\u00bboff\u00bb button_two_text_color__hover_enabled=\u00bboff\u00bb button_border_width__hover_enabled=\u00bboff\u00bb button_one_border_width__hover_enabled=\u00bboff\u00bb button_two_border_width__hover_enabled=\u00bboff\u00bb button_border_color__hover_enabled=\u00bboff\u00bb button_one_border_color__hover_enabled=\u00bboff\u00bb button_two_border_color__hover_enabled=\u00bboff\u00bb button_border_radius__hover_enabled=\u00bboff\u00bb button_one_border_radius__hover_enabled=\u00bboff\u00bb button_two_border_radius__hover_enabled=\u00bboff\u00bb button_letter_spacing__hover_enabled=\u00bbon\u00bb button_letter_spacing__hover=\u00bb0&#8243; button_one_letter_spacing__hover_enabled=\u00bboff\u00bb button_two_letter_spacing__hover_enabled=\u00bboff\u00bb button_bg_color__hover_enabled=\u00bbon\u00bb button_bg_color__hover=\u00bbrgba(0,0,0,0)\u00bb button_one_bg_color__hover_enabled=\u00bboff\u00bb button_two_bg_color__hover_enabled=\u00bboff\u00bb][et_pb_pricing_table featured=\u00bbon\u00bb title=\u00bbModalidad presencial\u00bb subtitle=\u00bbASISTENTES\u00bb sum=\u00bb50\u20ac\u00bb button_url=\u00bb#\u00bb _builder_version=\u00bb4.9.7&#8243; price_text_color=\u00bb#1f1f1f\u00bb header_level=\u00bbh2&#8243; subheader_font=\u00bbMontserrat|600||on|||||\u00bb subheader_text_color=\u00bb#7f7f7f\u00bb price_font=\u00bbOpen Sans||||\u00bb price_text_align=\u00bbcenter\u00bb text_orientation=\u00bbcenter\u00bb custom_padding=\u00bb|||\u00bb button_text_size__hover_enabled=\u00bboff\u00bb button_one_text_size__hover_enabled=\u00bboff\u00bb button_two_text_size__hover_enabled=\u00bboff\u00bb button_text_color__hover_enabled=\u00bboff\u00bb button_one_text_color__hover_enabled=\u00bboff\u00bb button_two_text_color__hover_enabled=\u00bboff\u00bb button_border_width__hover_enabled=\u00bboff\u00bb button_one_border_width__hover_enabled=\u00bboff\u00bb button_two_border_width__hover_enabled=\u00bboff\u00bb button_border_color__hover_enabled=\u00bboff\u00bb button_one_border_color__hover_enabled=\u00bboff\u00bb button_two_border_color__hover_enabled=\u00bboff\u00bb button_border_radius__hover_enabled=\u00bboff\u00bb button_one_border_radius__hover_enabled=\u00bboff\u00bb button_two_border_radius__hover_enabled=\u00bboff\u00bb button_letter_spacing__hover_enabled=\u00bboff\u00bb button_one_letter_spacing__hover_enabled=\u00bboff\u00bb button_two_letter_spacing__hover_enabled=\u00bboff\u00bb button_bg_color__hover_enabled=\u00bboff\u00bb button_one_bg_color__hover_enabled=\u00bboff\u00bb button_two_bg_color__hover_enabled=\u00bboff\u00bb sticky_transition=\u00bbon\u00bb]<\/p>\n<p>Estudiantes: Gratuito<\/p>\n<p>[\/et_pb_pricing_table][\/et_pb_pricing_tables][et_pb_pricing_tables header_background_color=\u00bbrgba(0,0,0,0)\u00bb featured_table_subheader_text_color=\u00bb#000000&#8243; show_bullet=\u00bboff\u00bb _builder_version=\u00bb4.9.7&#8243; subheader_text_color=\u00bbrgba(0,0,0,0.26)\u00bb header_text_color=\u00bb#4e5ed0&#8243; header_font=\u00bbMontserrat||||\u00bb body_font_size=\u00bb16px\u00bb subheader_font=\u00bbMontserrat||||\u00bb subheader_line_height=\u00bb2em\u00bb price_font=\u00bbMontserrat|on|||\u00bb background_color=\u00bb#ffffff\u00bb custom_button=\u00bbon\u00bb button_text_size=\u00bb18px\u00bb button_text_color=\u00bb#ffffff\u00bb button_bg_color=\u00bb#6eba01&#8243; button_border_color=\u00bb#6eba01&#8243; button_border_radius=\u00bb0px\u00bb button_letter_spacing=\u00bb2px\u00bb button_font=\u00bbMontserrat|||on|\u00bb button_use_icon=\u00bboff\u00bb custom_padding=\u00bb30px|||\u00bb animation_style=\u00bbfade\u00bb animation_direction=\u00bbbottom\u00bb animation_delay=\u00bb100ms\u00bb custom_css_pricing_top=\u00bbborder: none;\u00bb border_width_all=\u00bb0px\u00bb border_color_all=\u00bb#e02b20&#8243; border_style_all=\u00bbgroove\u00bb use_border_color=\u00bbon\u00bb border_color=\u00bb#e02b20&#8243; border_width=\u00bb0px\u00bb border_style=\u00bbgroove\u00bb button_text_color_hover=\u00bb#6eba01&#8243; button_letter_spacing_hover=\u00bb0&#8243; button_bg_color_hover=\u00bbrgba(0,0,0,0)\u00bb locked=\u00bboff\u00bb button_text_size__hover_enabled=\u00bboff\u00bb button_one_text_size__hover_enabled=\u00bboff\u00bb button_two_text_size__hover_enabled=\u00bboff\u00bb button_text_color__hover_enabled=\u00bbon\u00bb button_text_color__hover=\u00bb#6eba01&#8243; button_one_text_color__hover_enabled=\u00bboff\u00bb button_two_text_color__hover_enabled=\u00bboff\u00bb button_border_width__hover_enabled=\u00bboff\u00bb button_one_border_width__hover_enabled=\u00bboff\u00bb button_two_border_width__hover_enabled=\u00bboff\u00bb button_border_color__hover_enabled=\u00bboff\u00bb button_one_border_color__hover_enabled=\u00bboff\u00bb button_two_border_color__hover_enabled=\u00bboff\u00bb button_border_radius__hover_enabled=\u00bboff\u00bb button_one_border_radius__hover_enabled=\u00bboff\u00bb button_two_border_radius__hover_enabled=\u00bboff\u00bb button_letter_spacing__hover_enabled=\u00bbon\u00bb button_letter_spacing__hover=\u00bb0&#8243; button_one_letter_spacing__hover_enabled=\u00bboff\u00bb button_two_letter_spacing__hover_enabled=\u00bboff\u00bb button_bg_color__hover_enabled=\u00bbon\u00bb button_bg_color__hover=\u00bbrgba(0,0,0,0)\u00bb button_one_bg_color__hover_enabled=\u00bboff\u00bb button_two_bg_color__hover_enabled=\u00bboff\u00bb][et_pb_pricing_table featured=\u00bbon\u00bb title=\u00bbModalidad online\u00bb subtitle=\u00bbASISTENTES\u00bb sum=\u00bb30\u20ac\u00bb button_url=\u00bb#\u00bb _builder_version=\u00bb4.9.7&#8243; price_text_color=\u00bb#1f1f1f\u00bb subheader_font=\u00bbMontserrat|600||on|||||\u00bb subheader_text_color=\u00bb#7f7f7f\u00bb price_font=\u00bbOpen Sans||||\u00bb price_text_align=\u00bbcenter\u00bb text_orientation=\u00bbcenter\u00bb custom_padding=\u00bb|||\u00bb button_text_size__hover_enabled=\u00bboff\u00bb button_one_text_size__hover_enabled=\u00bboff\u00bb button_two_text_size__hover_enabled=\u00bboff\u00bb button_text_color__hover_enabled=\u00bboff\u00bb button_one_text_color__hover_enabled=\u00bboff\u00bb button_two_text_color__hover_enabled=\u00bboff\u00bb button_border_width__hover_enabled=\u00bboff\u00bb button_one_border_width__hover_enabled=\u00bboff\u00bb button_two_border_width__hover_enabled=\u00bboff\u00bb button_border_color__hover_enabled=\u00bboff\u00bb button_one_border_color__hover_enabled=\u00bboff\u00bb button_two_border_color__hover_enabled=\u00bboff\u00bb button_border_radius__hover_enabled=\u00bboff\u00bb button_one_border_radius__hover_enabled=\u00bboff\u00bb button_two_border_radius__hover_enabled=\u00bboff\u00bb button_letter_spacing__hover_enabled=\u00bboff\u00bb button_one_letter_spacing__hover_enabled=\u00bboff\u00bb button_two_letter_spacing__hover_enabled=\u00bboff\u00bb button_bg_color__hover_enabled=\u00bboff\u00bb button_one_bg_color__hover_enabled=\u00bboff\u00bb button_two_bg_color__hover_enabled=\u00bboff\u00bb sticky_transition=\u00bbon\u00bb]<\/p>\n<p>Estudiantes: Gratuito<\/p>\n<p>[\/et_pb_pricing_table][\/et_pb_pricing_tables][\/et_pb_column][\/et_pb_row][\/et_pb_section]<\/p>\n","protected":false},"excerpt":{"rendered":"<p>[et_pb_section fb_built=\u00bb1&#8243; admin_label=\u00bbPricing\u00bb _builder_version=\u00bb3.22&#8243; background_color=\u00bb#f4f4f4&#8243; custom_padding=\u00bb70px|0px|90px|0px||\u00bb][et_pb_row _builder_version=\u00bb4.9.7&#8243; background_size=\u00bbinitial\u00bb background_position=\u00bbtop_left\u00bb background_repeat=\u00bbrepeat\u00bb custom_padding=\u00bb27px|0px|45px|0px||\u00bb animation_style=\u00bbfade\u00bb animation_duration=\u00bb1150ms\u00bb custom_width_px=\u00bb710px\u00bb locked=\u00bboff\u00bb][et_pb_column type=\u00bb4_4&#8243; _builder_version=\u00bb3.25&#8243; background_position=\u00bbtop_left\u00bb custom_padding=\u00bb|||\u00bb custom_padding__hover=\u00bb|||\u00bb][et_pb_cta title=\u00bbTasas\u00bb button_url=\u00bb#\u00bb admin_label=\u00bbFeature 01&#8243; _builder_version=\u00bb4.9.7&#8243; header_level=\u00bbh1&#8243; header_font=\u00bbInconsolata|800|||||||\u00bb header_text_color=\u00bb#1f1f1f\u00bb header_font_size=\u00bb42px\u00bb header_line_height=\u00bb1.2em\u00bb body_font_size=\u00bb16&#8243; body_line_height=\u00bb1.9em\u00bb use_background_color=\u00bboff\u00bb custom_button=\u00bbon\u00bb button_text_size=\u00bb18&#8243; button_text_color=\u00bb#ffffff\u00bb button_bg_color=\u00bb#6eba01&#8243; button_border_color=\u00bb#6eba01&#8243; button_border_radius=\u00bb0&#8243; button_letter_spacing=\u00bb2&#8243; button_font=\u00bbMontserrat|||on|\u00bb button_use_icon=\u00bboff\u00bb background_layout=\u00bblight\u00bb max_width=\u00bb60%\u00bb module_alignment=\u00bbcenter\u00bb custom_margin=\u00bb|||\u00bb custom_padding=\u00bb|||\u00bb animation_direction=\u00bbbottom\u00bb button_text_color_hover=\u00bb#6eba01&#8243; button_border_color_hover=\u00bb#6eba01&#8243; button_border_radius_hover=\u00bb0&#8243; button_letter_spacing_hover=\u00bb2&#8243; button_bg_color_hover=\u00bbrgba(0,0,0,0)\u00bb saved_tabs=\u00bball\u00bb locked=\u00bboff\u00bb [&hellip;]<\/p>\n","protected":false},"author":366,"featured_media":0,"parent":0,"menu_order":0,"comment_status":"closed","ping_status":"closed","template":"","meta":{"_et_pb_use_builder":"on","_et_pb_old_content":"","_et_gb_content_width":"","ngg_post_thumbnail":0,"footnotes":""},"class_list":["post-1235","page","type-page","status-publish","hentry"],"_links":{"self":[{"href":"https:\/\/wp.ull.es\/dgrapho\/wp-json\/wp\/v2\/pages\/1235","targetHints":{"allow":["GET"]}}],"collection":[{"href":"https:\/\/wp.ull.es\/dgrapho\/wp-json\/wp\/v2\/pages"}],"about":[{"href":"https:\/\/wp.ull.es\/dgrapho\/wp-json\/wp\/v2\/types\/page"}],"author":[{"embeddable":true,"href":"https:\/\/wp.ull.es\/dgrapho\/wp-json\/wp\/v2\/users\/366"}],"replies":[{"embeddable":true,"href":"https:\/\/wp.ull.es\/dgrapho\/wp-json\/wp\/v2\/comments?post=1235"}],"version-history":[{"count":2,"href":"https:\/\/wp.ull.es\/dgrapho\/wp-json\/wp\/v2\/pages\/1235\/revisions"}],"predecessor-version":[{"id":1306,"href":"https:\/\/wp.ull.es\/dgrapho\/wp-json\/wp\/v2\/pages\/1235\/revisions\/1306"}],"wp:attachment":[{"href":"https:\/\/wp.ull.es\/dgrapho\/wp-json\/wp\/v2\/media?parent=1235"}],"curies":[{"name":"wp","href":"https:\/\/api.w.org\/{rel}","templated":true}]}}