{"id":3073,"date":"2025-11-26T12:51:32","date_gmt":"2025-11-26T12:51:32","guid":{"rendered":"https:\/\/wp.ull.es\/coesbiol\/?page_id=3073"},"modified":"2026-04-08T13:32:57","modified_gmt":"2026-04-08T12:32:57","slug":"xiv-congreso-de-estudiantes-de-biologia","status":"publish","type":"page","link":"https:\/\/wp.ull.es\/coesbiol\/","title":{"rendered":"XIV CONGRESO DE ESTUDIANTES DE BIOLOG\u00cdA"},"content":{"rendered":"\n<p class=\"has-text-align-center has-custom-size\" style=\"font-size:25px\"><strong>\u00a1Bienvenido a la web oficial del Congreso de Estudiantes de Biolog\u00eda!<\/strong><\/p>\n\n\n\n<h3 class=\"wp-block-heading\"><small>Se trata de un evento organizado por y para los estudiantes, en colaboraci\u00f3n con el Profesorado, donde&nbsp;los propios alumnos hacen ponencias orales y elaboran p\u00f3steres cient\u00edficos sobre diferentes temas de diferentes ramas de conocimiento dentro de la Biolog\u00eda.<\/small><\/h3>\n\n\n\n<h3 class=\"wp-block-heading\"><small>Adem\u00e1s, investigadores dentro del \u00e1mbito biol\u00f3gico nos hablar\u00e1n de sus trabajos y especialidades en dos Ponencias Plenarias, que anunciaremos pr\u00f3ximamente.<\/small><\/h3>\n\n\n\n<h3 class=\"wp-block-heading\"><small>Todo la informaci\u00f3n relativa al evento la tienes disponible en esta plataforma web, accediendo a los diferentes apartados desde la barra superior de la p\u00e1gina, o desde el men\u00fa que se encuentra a tu derecha.<\/small><\/h3>\n\n\n\n<hr class=\"wp-block-separator has-alpha-channel-opacity\" \/>\n\n\n\n<p class=\"has-text-align-center\"><strong>\u00bfVas a venir al congreso? Reg\u00edstrate aqu\u00ed<\/strong> <strong>abajo <\/strong><\/p>\n\n\n\n<div class=\"wp-block-buttons is-content-justification-center is-layout-flex wp-container-core-buttons-is-layout-16018d1d wp-block-buttons-is-layout-flex\">\n<div class=\"wp-block-button\"><a class=\"wp-block-button__link wp-element-button\" href=\"https:\/\/docs.google.com\/forms\/d\/e\/1FAIpQLSfV0y4YxwSHMEM4HsdA1B3HhdhfCiuxgVDQrQWOzAVNmp2NaQ\/viewform?usp=sharing&amp;ouid=100929550979696198906\">Reg\u00edstrate<\/a><\/div>\n<\/div>\n\n\n\n<hr class=\"wp-block-separator has-alpha-channel-opacity\" \/>\n\n\n\n<p class=\"has-text-align-center has-custom-size\" style=\"font-size:16px\"><strong>\u00a1Para cualquier pregunta no dudes en consultarnos al correo coesbiol@ull.edu.es!<\/strong><\/p>\n","protected":false},"excerpt":{"rendered":"<p>\u00a1Bienvenido a la web oficial del Congreso de Estudiantes de Biolog\u00eda! Se trata de un evento organizado por y para los estudiantes, en colaboraci\u00f3n con el Profesorado, donde&nbsp;los propios alumnos hacen ponencias orales y elaboran p\u00f3steres cient\u00edficos sobre diferentes temas de diferentes ramas de conocimiento dentro de la Biolog\u00eda. Adem\u00e1s, investigadores dentro del \u00e1mbito biol\u00f3gico &hellip; <\/p>\n<p class=\"link-more\"><a href=\"https:\/\/wp.ull.es\/coesbiol\/\" class=\"more-link\">Continuar leyendo<span class=\"screen-reader-text\"> \u00abXIV CONGRESO DE ESTUDIANTES DE BIOLOG\u00cdA\u00bb<\/span><\/a><\/p>\n","protected":false},"author":237,"featured_media":0,"parent":0,"menu_order":0,"comment_status":"closed","ping_status":"closed","template":"","meta":{"kk_blocks_editor_width":"","_kiokenblocks_attr":"","_kiokenblocks_dimensions":"","ngg_post_thumbnail":0,"footnotes":""},"class_list":["post-3073","page","type-page","status-publish","hentry"],"_links":{"self":[{"href":"https:\/\/wp.ull.es\/coesbiol\/index.php?rest_route=\/wp\/v2\/pages\/3073","targetHints":{"allow":["GET"]}}],"collection":[{"href":"https:\/\/wp.ull.es\/coesbiol\/index.php?rest_route=\/wp\/v2\/pages"}],"about":[{"href":"https:\/\/wp.ull.es\/coesbiol\/index.php?rest_route=\/wp\/v2\/types\/page"}],"author":[{"embeddable":true,"href":"https:\/\/wp.ull.es\/coesbiol\/index.php?rest_route=\/wp\/v2\/users\/237"}],"replies":[{"embeddable":true,"href":"https:\/\/wp.ull.es\/coesbiol\/index.php?rest_route=%2Fwp%2Fv2%2Fcomments&post=3073"}],"version-history":[{"count":1,"href":"https:\/\/wp.ull.es\/coesbiol\/index.php?rest_route=\/wp\/v2\/pages\/3073\/revisions"}],"predecessor-version":[{"id":3250,"href":"https:\/\/wp.ull.es\/coesbiol\/index.php?rest_route=\/wp\/v2\/pages\/3073\/revisions\/3250"}],"wp:attachment":[{"href":"https:\/\/wp.ull.es\/coesbiol\/index.php?rest_route=%2Fwp%2Fv2%2Fmedia&parent=3073"}],"curies":[{"name":"wp","href":"https:\/\/api.w.org\/{rel}","templated":true}]}}