{"id":2687,"date":"2025-11-26T19:54:05","date_gmt":"2025-11-26T19:54:05","guid":{"rendered":"https:\/\/wp.ull.es\/coesbiol\/?page_id=2687"},"modified":"2025-11-27T21:44:26","modified_gmt":"2025-11-27T21:44:26","slug":"premios-2","status":"publish","type":"page","link":"https:\/\/wp.ull.es\/coesbiol\/?page_id=2687","title":{"rendered":"XIV Premios"},"content":{"rendered":"\n<p class=\"has-text-align-center has-black-color has-text-color has-link-color wp-elements-c6f11b07465dd96bf56db8fc1d42797b\" style=\"font-size:30px\"><strong>Premios<\/strong><\/p>\n\n\n\n<p class=\"has-text-align-center\"><mark class=\"has-inline-color has-vivid-red-color\">Estamos trabajando en actualizar la informaci\u00f3n para adaptarla a la presente edici\u00f3n <\/mark><\/p>\n\n\n\n<p><\/p>\n\n\n\n<p class=\"has-text-align-center has-black-color has-text-color has-link-color wp-elements-62aeec622ce7ad60406c4f0f072bf066\" style=\"font-size:30px\"><strong>\u00bfC\u00f3mo se eligen los ganadores?<\/strong><\/p>\n\n\n\n<p class=\"has-text-align-center has-black-color has-text-color has-link-color wp-elements-a0d6ce840b90d0e42253b807ebc71ac4\" style=\"font-size:16px\">Esta es la informaci\u00f3n que corresponde con el proceso de elecci\u00f3n de premiados\/as.*<\/p>\n\n\n\n<p class=\"has-text-align-center has-small-font-size\">*Cabe destacar que<strong> esta informaci\u00f3n es de la <em>edici\u00f3n anterior<\/em>, por lo que puede  sufrir alguna modificaci\u00f3n<\/strong> hasta el d\u00eda del evento, por lo que se recomienda<strong> consultarla de nuevo pocos d\u00edas antes del evento<\/strong>.<\/p>\n\n\n\n<p><\/p>\n\n\n\n<div class=\"wp-block-buttons is-content-justification-center is-layout-flex wp-container-core-buttons-is-layout-16018d1d wp-block-buttons-is-layout-flex\">\n<div class=\"wp-block-button\"><a class=\"wp-block-button__link has-white-color has-black-background-color has-text-color has-background has-link-color wp-element-button\" href=\"https:\/\/drive.google.com\/file\/d\/13KnZiZf9nkPjNu-2pltQCGewpXOHsmSm\/view?usp=sharing\">Elecci\u00f3n de Premiados<\/a><\/div>\n<\/div>\n\n\n\n<p><\/p>\n","protected":false},"excerpt":{"rendered":"<p>Premios Estamos trabajando en actualizar la informaci\u00f3n para adaptarla a la presente edici\u00f3n \u00bfC\u00f3mo se eligen los ganadores? Esta es la informaci\u00f3n que corresponde con el proceso de elecci\u00f3n de premiados\/as.* *Cabe destacar que esta informaci\u00f3n es de la edici\u00f3n anterior, por lo que puede sufrir alguna modificaci\u00f3n hasta el d\u00eda del evento, por lo &hellip; <\/p>\n<p class=\"link-more\"><a href=\"https:\/\/wp.ull.es\/coesbiol\/?page_id=2687\" class=\"more-link\">Continuar leyendo<span class=\"screen-reader-text\"> \u00abXIV Premios\u00bb<\/span><\/a><\/p>\n","protected":false},"author":237,"featured_media":0,"parent":0,"menu_order":0,"comment_status":"closed","ping_status":"closed","template":"","meta":{"kk_blocks_editor_width":"","_kiokenblocks_attr":"","_kiokenblocks_dimensions":"","ngg_post_thumbnail":0,"footnotes":""},"class_list":["post-2687","page","type-page","status-publish","hentry"],"_links":{"self":[{"href":"https:\/\/wp.ull.es\/coesbiol\/index.php?rest_route=\/wp\/v2\/pages\/2687","targetHints":{"allow":["GET"]}}],"collection":[{"href":"https:\/\/wp.ull.es\/coesbiol\/index.php?rest_route=\/wp\/v2\/pages"}],"about":[{"href":"https:\/\/wp.ull.es\/coesbiol\/index.php?rest_route=\/wp\/v2\/types\/page"}],"author":[{"embeddable":true,"href":"https:\/\/wp.ull.es\/coesbiol\/index.php?rest_route=\/wp\/v2\/users\/237"}],"replies":[{"embeddable":true,"href":"https:\/\/wp.ull.es\/coesbiol\/index.php?rest_route=%2Fwp%2Fv2%2Fcomments&post=2687"}],"version-history":[{"count":2,"href":"https:\/\/wp.ull.es\/coesbiol\/index.php?rest_route=\/wp\/v2\/pages\/2687\/revisions"}],"predecessor-version":[{"id":3152,"href":"https:\/\/wp.ull.es\/coesbiol\/index.php?rest_route=\/wp\/v2\/pages\/2687\/revisions\/3152"}],"wp:attachment":[{"href":"https:\/\/wp.ull.es\/coesbiol\/index.php?rest_route=%2Fwp%2Fv2%2Fmedia&parent=2687"}],"curies":[{"name":"wp","href":"https:\/\/api.w.org\/{rel}","templated":true}]}}