{"id":2632,"date":"2024-02-15T15:18:24","date_gmt":"2024-02-15T15:18:24","guid":{"rendered":"https:\/\/wp.ull.es\/coesbiol\/?page_id=2632"},"modified":"2025-11-27T21:46:27","modified_gmt":"2025-11-27T21:46:27","slug":"comitecientificoxii","status":"publish","type":"page","link":"https:\/\/wp.ull.es\/coesbiol\/?page_id=2632","title":{"rendered":"XIII Comit\u00e9 Cient\u00edfico"},"content":{"rendered":"\n<p class=\"has-text-align-center has-large-font-size has-black-color has-text-color has-link-color wp-elements-f4611de8afc9ad2ce7e92178378f9469\"><strong>Comit\u00e9 Cient\u00edfico XIII Edici\u00f3n<\/strong><\/p>\n\n\n\n<p class=\"has-text-align-center\"><mark class=\"has-inline-color has-vivid-red-color\">Estamos trabajando en actualizar la informaci\u00f3n para adaptarla a la presente edici\u00f3n <\/mark><\/p>\n\n\n\n<p><\/p>\n\n\n\n<p class=\"has-text-align-center has-black-color has-text-color has-link-color wp-elements-c10107b89bff3bc767d715760607d55e\" style=\"font-size:16px\">Les presentamos a nuestro comit\u00e9 de expertos que evaluar\u00e1n las ponencias y los p\u00f3steres:<\/p>\n\n\n\n<hr class=\"wp-block-separator has-css-opacity is-style-wide\" \/>\n\n\n\n<div class=\"wp-block-columns is-layout-flex wp-container-core-columns-is-layout-9d6595d7 wp-block-columns-is-layout-flex\">\n<div class=\"wp-block-column is-layout-flow wp-block-column-is-layout-flow\">\n<div class=\"wp-block-group\"><div class=\"wp-block-group__inner-container is-layout-flow wp-block-group-is-layout-flow\">\n<div class=\"wp-block-group\"><div class=\"wp-block-group__inner-container is-layout-flow wp-block-group-is-layout-flow\">\n<div class=\"wp-block-group alignwide\"><div class=\"wp-block-group__inner-container is-layout-flow wp-block-group-is-layout-flow\">\n<div class=\"wp-block-columns alignwide are-vertically-aligned-top is-layout-flex wp-container-core-columns-is-layout-9d6595d7 wp-block-columns-is-layout-flex\">\n<div class=\"wp-block-column is-layout-flow wp-block-column-is-layout-flow\" style=\"flex-basis:25%\"><div class=\"wp-block-image is-style-default\">\n<figure class=\"aligncenter size-full is-resized\"><img fetchpriority=\"high\" decoding=\"async\" width=\"288\" height=\"288\" src=\"https:\/\/wp.ull.es\/coesbiol\/wp-content\/uploads\/sites\/92\/2025\/03\/Imagen-de-WhatsApp-2025-03-20-a-las-16.05.40_d5b7139a-1.jpg\" alt=\"\" class=\"wp-image-3024\" style=\"object-fit:cover;width:150px;height:150px\" srcset=\"https:\/\/wp.ull.es\/coesbiol\/wp-content\/uploads\/sites\/92\/2025\/03\/Imagen-de-WhatsApp-2025-03-20-a-las-16.05.40_d5b7139a-1.jpg 288w, https:\/\/wp.ull.es\/coesbiol\/wp-content\/uploads\/sites\/92\/2025\/03\/Imagen-de-WhatsApp-2025-03-20-a-las-16.05.40_d5b7139a-1-150x150.jpg 150w, https:\/\/wp.ull.es\/coesbiol\/wp-content\/uploads\/sites\/92\/2025\/03\/Imagen-de-WhatsApp-2025-03-20-a-las-16.05.40_d5b7139a-1-100x100.jpg 100w\" sizes=\"(max-width: 288px) 100vw, 288px\" \/><\/figure>\n<\/div><\/div>\n\n\n\n<div class=\"wp-block-column is-layout-flow wp-block-column-is-layout-flow\" style=\"flex-basis:75%\">\n<p class=\"has-text-align-center has-black-color has-text-color\" style=\"font-size:15px\">Dr. <strong>David Bartolom\u00e9 Mart\u00edn<\/strong><\/p>\n\n\n\n<p class=\"has-text-align-center has-black-color has-text-color\" style=\"font-size:15px\"><em><em><em><em>Departamento de Bioqu\u00edmica, Microbiolog\u00eda, Biolog\u00eda Celular y Gen\u00e9tica<\/em><\/em><\/em><\/em><\/p>\n\n\n\n<div class=\"wp-block-buttons is-content-justification-center is-layout-flex wp-container-core-buttons-is-layout-16018d1d wp-block-buttons-is-layout-flex\">\n<div class=\"wp-block-button\"><a class=\"wp-block-button__link has-white-color has-text-color wp-element-button\" href=\"https:\/\/wp.ull.es\/coesbiol\/natalia-dominguez-reyes\/\">Saber m\u00e1s<\/a><\/div>\n<\/div>\n<\/div>\n<\/div>\n<\/div><\/div>\n\n\n\n<hr class=\"wp-block-separator has-css-opacity is-style-wide\" \/>\n\n\n\n<div class=\"wp-block-columns alignwide are-vertically-aligned-top is-layout-flex wp-container-core-columns-is-layout-9d6595d7 wp-block-columns-is-layout-flex\">\n<div class=\"wp-block-column is-layout-flow wp-block-column-is-layout-flow\" style=\"flex-basis:25%\"><div class=\"wp-block-image is-resized is-style-default\">\n<figure class=\"aligncenter size-large\"><img decoding=\"async\" src=\"https:\/\/wp.ull.es\/jocarher\/wp-content\/uploads\/sites\/39\/2018\/03\/sabrina.jpg\" alt=\"\" style=\"object-fit:cover;width:150px;height:150px\" \/><\/figure>\n<\/div><\/div>\n\n\n\n<div class=\"wp-block-column is-layout-flow wp-block-column-is-layout-flow\" style=\"flex-basis:75%\">\n<p class=\"has-text-align-center has-black-color has-text-color\" style=\"font-size:15px\">Dra. <strong>Mar\u00eda Sabrina Clemente Mart\u00edn<\/strong><\/p>\n\n\n\n<p class=\"has-text-align-center has-black-color has-text-color\" style=\"font-size:15px\"><em><em>Departamento de Biolog\u00eda Animal, Edafolog\u00eda y Geolog\u00eda<\/em><\/em><\/p>\n\n\n\n<div class=\"wp-block-buttons is-content-justification-center is-layout-flex wp-container-core-buttons-is-layout-16018d1d wp-block-buttons-is-layout-flex\">\n<div class=\"wp-block-button\"><a class=\"wp-block-button__link has-white-color has-text-color wp-element-button\" href=\"https:\/\/wp.ull.es\/coesbiol\/ana-galindo-gimenez\/\">Saber m\u00e1s<\/a><\/div>\n<\/div>\n<\/div>\n<\/div>\n\n\n\n<hr class=\"wp-block-separator has-css-opacity is-style-wide\" \/>\n\n\n\n<div class=\"wp-block-columns alignwide are-vertically-aligned-top is-layout-flex wp-container-core-columns-is-layout-9d6595d7 wp-block-columns-is-layout-flex\">\n<div class=\"wp-block-column is-layout-flow wp-block-column-is-layout-flow\" style=\"flex-basis:25%\"><div class=\"wp-block-image is-style-default\">\n<figure class=\"aligncenter size-large is-resized\"><img decoding=\"async\" src=\"https:\/\/portalciencia.ull.es\/img\/uploaded\/B9BB9FC0D3EE881194E660549CA38DFE.jpg\" alt=\"\" style=\"object-fit:cover;width:150px;height:150px\" \/><\/figure>\n<\/div><\/div>\n\n\n\n<div class=\"wp-block-column is-layout-flow wp-block-column-is-layout-flow\" style=\"flex-basis:75%\">\n<p class=\"has-text-align-center has-black-color has-text-color\" style=\"font-size:15px\">Dra. <strong>Cristina Gonz\u00e1lez Montelongo<\/strong><\/p>\n\n\n\n<p class=\"has-text-align-center has-black-color has-text-color\" style=\"font-size:15px\"><em><em>Departamento de Bot\u00e1nica, Ecolog\u00eda y Fisiolog\u00eda Vegetal<\/em><\/em><\/p>\n\n\n\n<div class=\"wp-block-buttons is-content-justification-center is-layout-flex wp-container-core-buttons-is-layout-16018d1d wp-block-buttons-is-layout-flex\">\n<div class=\"wp-block-button\"><a class=\"wp-block-button__link has-white-color has-text-color wp-element-button\" href=\"https:\/\/wp.ull.es\/coesbiol\/jonay-cubas-diaz\/\">Saber m\u00e1s<\/a><\/div>\n<\/div>\n<\/div>\n<\/div>\n\n\n\n<hr class=\"wp-block-separator has-css-opacity is-style-wide\" \/>\n\n\n\n<div class=\"wp-block-columns alignwide are-vertically-aligned-top is-layout-flex wp-container-core-columns-is-layout-9d6595d7 wp-block-columns-is-layout-flex\">\n<div class=\"wp-block-column is-layout-flow wp-block-column-is-layout-flow\" style=\"flex-basis:25%\"><div class=\"wp-block-image is-style-default\">\n<figure class=\"aligncenter size-full is-resized\"><img decoding=\"async\" width=\"765\" height=\"1024\" src=\"https:\/\/wp.ull.es\/coesbiol\/wp-content\/uploads\/sites\/92\/2025\/03\/Imagen-de-WhatsApp-2025-03-20-a-las-16.06.23_5eb2643d.jpg\" alt=\"\" class=\"wp-image-3026\" style=\"object-fit:cover;width:150px;height:150px\" srcset=\"https:\/\/wp.ull.es\/coesbiol\/wp-content\/uploads\/sites\/92\/2025\/03\/Imagen-de-WhatsApp-2025-03-20-a-las-16.06.23_5eb2643d.jpg 765w, https:\/\/wp.ull.es\/coesbiol\/wp-content\/uploads\/sites\/92\/2025\/03\/Imagen-de-WhatsApp-2025-03-20-a-las-16.06.23_5eb2643d-224x300.jpg 224w\" sizes=\"(max-width: 706px) 89vw, (max-width: 767px) 82vw, 740px\" \/><\/figure>\n<\/div><\/div>\n\n\n\n<div class=\"wp-block-column is-layout-flow wp-block-column-is-layout-flow\" style=\"flex-basis:75%\">\n<p class=\"has-text-align-center has-black-color has-text-color\" style=\"font-size:15px\">Dr. <strong>Juan Ram\u00f3n Hern\u00e1ndez Fernaud<\/strong><\/p>\n\n\n\n<p class=\"has-text-align-center has-black-color has-text-color\" style=\"font-size:15px\"><em>Departamento de Bioqu\u00edmica, Microbiolog\u00eda, Biolog\u00eda Celular y Gen\u00e9tica<\/em><\/p>\n\n\n\n<div class=\"wp-block-buttons is-content-justification-center is-layout-flex wp-container-core-buttons-is-layout-16018d1d wp-block-buttons-is-layout-flex\">\n<div class=\"wp-block-button\"><a class=\"wp-block-button__link has-white-color has-text-color wp-element-button\" href=\"https:\/\/wp.ull.es\/coesbiol\/eduardo-perez-roth\/\">Saber m\u00e1s<\/a><\/div>\n<\/div>\n<\/div>\n<\/div>\n\n\n\n<hr class=\"wp-block-separator has-css-opacity is-style-wide\" \/>\n\n\n\n<div class=\"wp-block-columns alignwide are-vertically-aligned-top is-layout-flex wp-container-core-columns-is-layout-9d6595d7 wp-block-columns-is-layout-flex\">\n<div class=\"wp-block-column is-layout-flow wp-block-column-is-layout-flow\" style=\"flex-basis:25%\"><div class=\"wp-block-image is-style-default\">\n<figure class=\"aligncenter size-large is-resized\"><img decoding=\"async\" src=\"https:\/\/www.ull.es\/portal\/cienciaull\/wp-content\/uploads\/sites\/24\/2022\/06\/Nuria-Esther-Macias.jpg\" alt=\"\" style=\"object-fit:cover;width:150px;height:150px\" \/><\/figure>\n<\/div><\/div>\n\n\n\n<div class=\"wp-block-column is-layout-flow wp-block-column-is-layout-flow\" style=\"flex-basis:75%\">\n<p class=\"has-text-align-center has-black-color has-text-color\" style=\"font-size:15px\">Dra. <strong>Nuria Esther Mac\u00edas Hern\u00e1ndez<\/strong><\/p>\n\n\n\n<p class=\"has-text-align-center has-black-color has-text-color\" style=\"font-size:15px\"><em>Departamento de Biolog\u00eda Animal, Edafolog\u00eda y Geolog\u00eda<\/em><\/p>\n\n\n\n<div class=\"wp-block-buttons is-content-justification-center is-layout-flex wp-container-core-buttons-is-layout-16018d1d wp-block-buttons-is-layout-flex\">\n<div class=\"wp-block-button\"><a class=\"wp-block-button__link has-white-color has-text-color wp-element-button\" href=\"https:\/\/wp.ull.es\/coesbiol\/luis-jesus-quijada-fumero\/\">Saber m\u00e1s<\/a><\/div>\n<\/div>\n<\/div>\n<\/div>\n\n\n\n<hr class=\"wp-block-separator has-css-opacity is-style-wide\" \/>\n<\/div><\/div>\n<\/div><\/div>\n<\/div>\n<\/div>\n\n\n\n<p><\/p>\n\n\n\n<p><\/p>\n","protected":false},"excerpt":{"rendered":"<p>Comit\u00e9 Cient\u00edfico XIII Edici\u00f3n Estamos trabajando en actualizar la informaci\u00f3n para adaptarla a la presente edici\u00f3n Les presentamos a nuestro comit\u00e9 de expertos que evaluar\u00e1n las ponencias y los p\u00f3steres: Dr. David Bartolom\u00e9 Mart\u00edn Departamento de Bioqu\u00edmica, Microbiolog\u00eda, Biolog\u00eda Celular y Gen\u00e9tica Dra. Mar\u00eda Sabrina Clemente Mart\u00edn Departamento de Biolog\u00eda Animal, Edafolog\u00eda y Geolog\u00eda Dra. &hellip; <\/p>\n<p class=\"link-more\"><a href=\"https:\/\/wp.ull.es\/coesbiol\/?page_id=2632\" class=\"more-link\">Continuar leyendo<span class=\"screen-reader-text\"> \u00abXIII Comit\u00e9 Cient\u00edfico\u00bb<\/span><\/a><\/p>\n","protected":false},"author":237,"featured_media":0,"parent":0,"menu_order":0,"comment_status":"closed","ping_status":"closed","template":"","meta":{"kk_blocks_editor_width":"","_kiokenblocks_attr":"","_kiokenblocks_dimensions":"","ngg_post_thumbnail":0,"footnotes":""},"class_list":["post-2632","page","type-page","status-publish","hentry"],"_links":{"self":[{"href":"https:\/\/wp.ull.es\/coesbiol\/index.php?rest_route=\/wp\/v2\/pages\/2632","targetHints":{"allow":["GET"]}}],"collection":[{"href":"https:\/\/wp.ull.es\/coesbiol\/index.php?rest_route=\/wp\/v2\/pages"}],"about":[{"href":"https:\/\/wp.ull.es\/coesbiol\/index.php?rest_route=\/wp\/v2\/types\/page"}],"author":[{"embeddable":true,"href":"https:\/\/wp.ull.es\/coesbiol\/index.php?rest_route=\/wp\/v2\/users\/237"}],"replies":[{"embeddable":true,"href":"https:\/\/wp.ull.es\/coesbiol\/index.php?rest_route=%2Fwp%2Fv2%2Fcomments&post=2632"}],"version-history":[{"count":2,"href":"https:\/\/wp.ull.es\/coesbiol\/index.php?rest_route=\/wp\/v2\/pages\/2632\/revisions"}],"predecessor-version":[{"id":3160,"href":"https:\/\/wp.ull.es\/coesbiol\/index.php?rest_route=\/wp\/v2\/pages\/2632\/revisions\/3160"}],"wp:attachment":[{"href":"https:\/\/wp.ull.es\/coesbiol\/index.php?rest_route=%2Fwp%2Fv2%2Fmedia&parent=2632"}],"curies":[{"name":"wp","href":"https:\/\/api.w.org\/{rel}","templated":true}]}}