{"id":4,"date":"2023-09-15T11:59:43","date_gmt":"2023-09-15T09:59:43","guid":{"rendered":"https:\/\/wp.ull.es\/calvarez\/?page_id=4"},"modified":"2023-10-26T11:53:02","modified_gmt":"2023-10-26T10:53:02","slug":"carlos-j-alvarez-gonzalez","status":"publish","type":"page","link":"https:\/\/wp.ull.es\/calvarez\/","title":{"rendered":"Carlos J. \u00c1lvarez Gonz\u00e1lez"},"content":{"rendered":"\n<p class=\"has-large-font-size\">Welcome to my site!<\/p>\n\n\n\n<div class=\"wp-block-group\"><div class=\"wp-block-group__inner-container is-layout-constrained wp-block-group-is-layout-constrained\">\n<p class=\"has-medium-font-size\">Doctor en Psicolog\u00eda (Ph.D.).<br>Catedr\u00e1tico de Psicolog\u00eda B\u00e1sica (Professor of Psychology)<br>Dpto. de Psicolog\u00eda Cognitiva, Social y Organizacional. <\/p>\n\n\n\n<p class=\"has-medium-font-size\">Facultad de Psicolog\u00eda y Logopedia.<br>Apdo. 456&nbsp;<br>38200 &#8211; La Laguna &nbsp;(Tenerife)<br>Spain<\/p>\n<\/div><\/div>\n\n\n\n<p class=\"has-medium-font-size\">Email:&nbsp;<a href=\"mailto:calvarez@ull.es\">calvarez@ull.edu.es<\/a><\/p>\n\n\n\n<p class=\"has-text-align-right has-vivid-red-color has-text-color has-medium-font-size\"><em>                                                        If something is in me which can be called religious,<\/em><br>                                                               <em> then it is the unbounded admiration for the structure<\/em><br>                                                               <em> of the world so far as our Science reveals it<\/em><\/p>\n\n\n\n<p class=\"has-text-align-right has-vivid-red-color has-text-color has-medium-font-size\" id=\"Investigaci\u00f3n-(research)\"><em>&nbsp;&nbsp;&nbsp;&nbsp;<\/em>                                                            <strong>Albert Einstein<\/strong><\/p>\n","protected":false},"excerpt":{"rendered":"<p>Welcome to my site! Doctor en Psicolog\u00eda (Ph.D.).Catedr\u00e1tico de Psicolog\u00eda B\u00e1sica (Professor of Psychology)Dpto. de Psicolog\u00eda Cognitiva, Social y Organizacional. Facultad de Psicolog\u00eda y Logopedia.Apdo. 456&nbsp;38200 &#8211; La Laguna &nbsp;(Tenerife)Spain Email:&nbsp;calvarez@ull.edu.es If something is in me which can be called religious, then it is the unbounded admiration for the structure of the world so far&hellip;<\/p>\n<p><a class=\"more-link\" href=\"https:\/\/wp.ull.es\/calvarez\/\" title=\"Seguir leyendo &lsquo;Carlos J. \u00c1lvarez Gonz\u00e1lez&rsquo;\">Sigue leyendo <span class=\"meta-nav\">&rarr;<\/span><\/a><\/p>\n","protected":false},"author":403,"featured_media":0,"parent":0,"menu_order":0,"comment_status":"closed","ping_status":"closed","template":"","meta":{"footnotes":""},"class_list":["post-4","page","type-page","status-publish","hentry"],"_links":{"self":[{"href":"https:\/\/wp.ull.es\/calvarez\/wp-json\/wp\/v2\/pages\/4","targetHints":{"allow":["GET"]}}],"collection":[{"href":"https:\/\/wp.ull.es\/calvarez\/wp-json\/wp\/v2\/pages"}],"about":[{"href":"https:\/\/wp.ull.es\/calvarez\/wp-json\/wp\/v2\/types\/page"}],"author":[{"embeddable":true,"href":"https:\/\/wp.ull.es\/calvarez\/wp-json\/wp\/v2\/users\/403"}],"replies":[{"embeddable":true,"href":"https:\/\/wp.ull.es\/calvarez\/wp-json\/wp\/v2\/comments?post=4"}],"version-history":[{"count":2,"href":"https:\/\/wp.ull.es\/calvarez\/wp-json\/wp\/v2\/pages\/4\/revisions"}],"predecessor-version":[{"id":235,"href":"https:\/\/wp.ull.es\/calvarez\/wp-json\/wp\/v2\/pages\/4\/revisions\/235"}],"wp:attachment":[{"href":"https:\/\/wp.ull.es\/calvarez\/wp-json\/wp\/v2\/media?parent=4"}],"curies":[{"name":"wp","href":"https:\/\/api.w.org\/{rel}","templated":true}]}}