{"id":1313,"date":"2025-09-19T10:57:05","date_gmt":"2025-09-19T10:57:05","guid":{"rendered":"https:\/\/wp.ull.es\/amoraditas\/?page_id=1313"},"modified":"2025-10-28T10:14:01","modified_gmt":"2025-10-28T10:14:01","slug":"aula-viva","status":"publish","type":"page","link":"https:\/\/wp.ull.es\/amoraditas\/aula-viva\/","title":{"rendered":"Aula Viva"},"content":{"rendered":"\t\t<div data-elementor-type=\"wp-page\" data-elementor-id=\"1313\" class=\"elementor elementor-1313\">\n\t\t\t\t\t\t<section class=\"elementor-section elementor-top-section elementor-element elementor-element-091110a elementor-section-boxed elementor-section-height-default elementor-section-height-default\" data-id=\"091110a\" data-element_type=\"section\" data-e-type=\"section\" data-settings=\"{&quot;background_background&quot;:&quot;classic&quot;}\">\n\t\t\t\t\t\t<div class=\"elementor-container elementor-column-gap-default\">\n\t\t\t\t\t<div class=\"elementor-column elementor-col-100 elementor-top-column elementor-element elementor-element-e028498\" data-id=\"e028498\" data-element_type=\"column\" data-e-type=\"column\">\n\t\t\t<div class=\"elementor-widget-wrap\">\n\t\t\t\t\t\t\t<\/div>\n\t\t<\/div>\n\t\t\t\t\t<\/div>\n\t\t<\/section>\n\t\t\t\t<section class=\"elementor-section elementor-top-section elementor-element elementor-element-a9b1059 elementor-section-full_width elementor-section-stretched elementor-section-height-default elementor-section-height-default\" data-id=\"a9b1059\" data-element_type=\"section\" data-e-type=\"section\" data-settings=\"{&quot;stretch_section&quot;:&quot;section-stretched&quot;}\">\n\t\t\t\t\t\t<div class=\"elementor-container elementor-column-gap-default\">\n\t\t\t\t\t<div class=\"elementor-column elementor-col-50 elementor-top-column elementor-element elementor-element-8c01532\" data-id=\"8c01532\" data-element_type=\"column\" data-e-type=\"column\">\n\t\t\t<div class=\"elementor-widget-wrap elementor-element-populated\">\n\t\t\t\t\t\t<div class=\"elementor-element elementor-element-13ac03b elementor-widget elementor-widget-heading\" data-id=\"13ac03b\" data-element_type=\"widget\" data-e-type=\"widget\" data-widget_type=\"heading.default\">\n\t\t\t\t<div class=\"elementor-widget-container\">\n\t\t\t\t\t<h2 class=\"elementor-heading-title elementor-size-default\">Somos<\/h2>\t\t\t\t<\/div>\n\t\t\t\t<\/div>\n\t\t\t\t<div class=\"elementor-element elementor-element-eeb684b elementor-widget elementor-widget-text-editor\" data-id=\"eeb684b\" data-element_type=\"widget\" data-e-type=\"widget\" data-widget_type=\"text-editor.default\">\n\t\t\t\t<div class=\"elementor-widget-container\">\n\t\t\t\t\t\t\t\t\t<p>Humildemente, nos gustar\u00eda dar continuidad a las acciones gestadas y realizadas desde el 2016 con motivo de la Semana del Dise\u00f1o de Tenerife (Tenerife Design Week, TDW) y el Proyecto ICI-TACO de Intervenci\u00f3n Comunitaria Intercultural, que finaliz\u00f3 el pasado mes de diciembre de 2020<\/p>\t\t\t\t\t\t\t\t<\/div>\n\t\t\t\t<\/div>\n\t\t\t\t<div class=\"elementor-element elementor-element-c07d6f4 elementor-widget elementor-widget-button\" data-id=\"c07d6f4\" data-element_type=\"widget\" data-e-type=\"widget\" data-widget_type=\"button.default\">\n\t\t\t\t<div class=\"elementor-widget-container\">\n\t\t\t\t\t\t\t\t\t<div class=\"elementor-button-wrapper\">\n\t\t\t\t\t<a class=\"elementor-button elementor-button-link elementor-size-sm\" href=\"https:\/\/wp.ull.es\/amoraditas\/somos\/\" target=\"_blank\">\n\t\t\t\t\t\t<span class=\"elementor-button-content-wrapper\">\n\t\t\t\t\t\t\t\t\t<span class=\"elementor-button-text\">Ver m\u00e1s<\/span>\n\t\t\t\t\t<\/span>\n\t\t\t\t\t<\/a>\n\t\t\t\t<\/div>\n\t\t\t\t\t\t\t\t<\/div>\n\t\t\t\t<\/div>\n\t\t\t\t\t<\/div>\n\t\t<\/div>\n\t\t\t\t<div class=\"elementor-column elementor-col-50 elementor-top-column elementor-element elementor-element-71f1f48\" data-id=\"71f1f48\" data-element_type=\"column\" data-e-type=\"column\" data-settings=\"{&quot;background_background&quot;:&quot;classic&quot;}\">\n\t\t\t<div class=\"elementor-widget-wrap elementor-element-populated\">\n\t\t\t\t\t\t<div class=\"elementor-element elementor-element-1200a29 elementor-widget__width-initial elementor-widget elementor-widget-image\" data-id=\"1200a29\" data-element_type=\"widget\" data-e-type=\"widget\" data-widget_type=\"image.default\">\n\t\t\t\t<div class=\"elementor-widget-container\">\n\t\t\t\t\t\t\t\t\t\t\t\t\t\t\t<img fetchpriority=\"high\" decoding=\"async\" width=\"750\" height=\"551\" src=\"https:\/\/wp.ull.es\/amoraditas\/wp-content\/uploads\/sites\/115\/2021\/11\/Pintura-previa-3-1-1024x752.jpg\" class=\"attachment-large size-large wp-image-544\" alt=\"\" srcset=\"https:\/\/wp.ull.es\/amoraditas\/wp-content\/uploads\/sites\/115\/2021\/11\/Pintura-previa-3-1-1024x752.jpg 1024w, https:\/\/wp.ull.es\/amoraditas\/wp-content\/uploads\/sites\/115\/2021\/11\/Pintura-previa-3-1-300x220.jpg 300w, https:\/\/wp.ull.es\/amoraditas\/wp-content\/uploads\/sites\/115\/2021\/11\/Pintura-previa-3-1-768x564.jpg 768w, https:\/\/wp.ull.es\/amoraditas\/wp-content\/uploads\/sites\/115\/2021\/11\/Pintura-previa-3-1-1536x1128.jpg 1536w, https:\/\/wp.ull.es\/amoraditas\/wp-content\/uploads\/sites\/115\/2021\/11\/Pintura-previa-3-1-2048x1503.jpg 2048w, https:\/\/wp.ull.es\/amoraditas\/wp-content\/uploads\/sites\/115\/2021\/11\/Pintura-previa-3-1-1080x793.jpg 1080w, https:\/\/wp.ull.es\/amoraditas\/wp-content\/uploads\/sites\/115\/2021\/11\/Pintura-previa-3-1-1280x940.jpg 1280w, https:\/\/wp.ull.es\/amoraditas\/wp-content\/uploads\/sites\/115\/2021\/11\/Pintura-previa-3-1-980x719.jpg 980w, https:\/\/wp.ull.es\/amoraditas\/wp-content\/uploads\/sites\/115\/2021\/11\/Pintura-previa-3-1-480x352.jpg 480w\" sizes=\"(max-width: 750px) 100vw, 750px\" style=\"width:100%;height:73.4%;max-width:2560px\" \/>\t\t\t\t\t\t\t\t\t\t\t\t\t\t\t<\/div>\n\t\t\t\t<\/div>\n\t\t\t\t\t<\/div>\n\t\t<\/div>\n\t\t\t\t\t<\/div>\n\t\t<\/section>\n\t\t\t\t<section class=\"elementor-section elementor-top-section elementor-element elementor-element-4c4138b elementor-section-boxed elementor-section-height-default elementor-section-height-default\" data-id=\"4c4138b\" data-element_type=\"section\" data-e-type=\"section\">\n\t\t\t\t\t\t<div class=\"elementor-container elementor-column-gap-default\">\n\t\t\t\t\t<div class=\"elementor-column elementor-col-100 elementor-top-column elementor-element elementor-element-391448e\" data-id=\"391448e\" data-element_type=\"column\" data-e-type=\"column\">\n\t\t\t<div class=\"elementor-widget-wrap elementor-element-populated\">\n\t\t\t\t\t\t<div class=\"elementor-element elementor-element-bf31ddb elementor-widget elementor-widget-image\" data-id=\"bf31ddb\" data-element_type=\"widget\" data-e-type=\"widget\" data-widget_type=\"image.default\">\n\t\t\t\t<div class=\"elementor-widget-container\">\n\t\t\t\t\t\t\t\t\t\t\t\t\t\t\t<img decoding=\"async\" width=\"600\" height=\"338\" src=\"https:\/\/wp.ull.es\/amoraditas\/wp-content\/uploads\/sites\/115\/2025\/09\/b23f4e83-ce8e-47bd-875a-d8bf978cb289.jpg\" class=\"attachment-large size-large wp-image-1308\" alt=\"\" srcset=\"https:\/\/wp.ull.es\/amoraditas\/wp-content\/uploads\/sites\/115\/2025\/09\/b23f4e83-ce8e-47bd-875a-d8bf978cb289.jpg 600w, https:\/\/wp.ull.es\/amoraditas\/wp-content\/uploads\/sites\/115\/2025\/09\/b23f4e83-ce8e-47bd-875a-d8bf978cb289-300x169.jpg 300w, https:\/\/wp.ull.es\/amoraditas\/wp-content\/uploads\/sites\/115\/2025\/09\/b23f4e83-ce8e-47bd-875a-d8bf978cb289-100x56.jpg 100w, https:\/\/wp.ull.es\/amoraditas\/wp-content\/uploads\/sites\/115\/2025\/09\/b23f4e83-ce8e-47bd-875a-d8bf978cb289-150x85.jpg 150w, https:\/\/wp.ull.es\/amoraditas\/wp-content\/uploads\/sites\/115\/2025\/09\/b23f4e83-ce8e-47bd-875a-d8bf978cb289-200x113.jpg 200w, https:\/\/wp.ull.es\/amoraditas\/wp-content\/uploads\/sites\/115\/2025\/09\/b23f4e83-ce8e-47bd-875a-d8bf978cb289-450x254.jpg 450w\" sizes=\"(max-width: 600px) 100vw, 600px\" style=\"width:100%;height:56.33%;max-width:600px\" \/>\t\t\t\t\t\t\t\t\t\t\t\t\t\t\t<\/div>\n\t\t\t\t<\/div>\n\t\t\t\t\t<\/div>\n\t\t<\/div>\n\t\t\t\t\t<\/div>\n\t\t<\/section>\n\t\t\t\t<section class=\"elementor-section elementor-top-section elementor-element elementor-element-4c01643 elementor-section-full_width elementor-section-stretched elementor-section-height-default elementor-section-height-default\" data-id=\"4c01643\" data-element_type=\"section\" data-e-type=\"section\" data-settings=\"{&quot;stretch_section&quot;:&quot;section-stretched&quot;}\">\n\t\t\t\t\t\t<div class=\"elementor-container elementor-column-gap-default\">\n\t\t\t\t\t<div class=\"elementor-column elementor-col-50 elementor-top-column elementor-element elementor-element-30b1151\" data-id=\"30b1151\" data-element_type=\"column\" data-e-type=\"column\" data-settings=\"{&quot;background_background&quot;:&quot;classic&quot;}\">\n\t\t\t<div class=\"elementor-widget-wrap elementor-element-populated\">\n\t\t\t\t\t\t<div class=\"elementor-element elementor-element-440b208 elementor-widget__width-initial elementor-widget elementor-widget-image\" data-id=\"440b208\" data-element_type=\"widget\" data-e-type=\"widget\" data-widget_type=\"image.default\">\n\t\t\t\t<div class=\"elementor-widget-container\">\n\t\t\t\t\t\t\t\t\t\t\t\t\t\t\t<img fetchpriority=\"high\" decoding=\"async\" width=\"750\" height=\"551\" src=\"https:\/\/wp.ull.es\/amoraditas\/wp-content\/uploads\/sites\/115\/2021\/11\/Pintura-previa-3-1-1024x752.jpg\" class=\"attachment-large size-large wp-image-544\" alt=\"\" srcset=\"https:\/\/wp.ull.es\/amoraditas\/wp-content\/uploads\/sites\/115\/2021\/11\/Pintura-previa-3-1-1024x752.jpg 1024w, https:\/\/wp.ull.es\/amoraditas\/wp-content\/uploads\/sites\/115\/2021\/11\/Pintura-previa-3-1-300x220.jpg 300w, https:\/\/wp.ull.es\/amoraditas\/wp-content\/uploads\/sites\/115\/2021\/11\/Pintura-previa-3-1-768x564.jpg 768w, https:\/\/wp.ull.es\/amoraditas\/wp-content\/uploads\/sites\/115\/2021\/11\/Pintura-previa-3-1-1536x1128.jpg 1536w, https:\/\/wp.ull.es\/amoraditas\/wp-content\/uploads\/sites\/115\/2021\/11\/Pintura-previa-3-1-2048x1503.jpg 2048w, https:\/\/wp.ull.es\/amoraditas\/wp-content\/uploads\/sites\/115\/2021\/11\/Pintura-previa-3-1-1080x793.jpg 1080w, https:\/\/wp.ull.es\/amoraditas\/wp-content\/uploads\/sites\/115\/2021\/11\/Pintura-previa-3-1-1280x940.jpg 1280w, https:\/\/wp.ull.es\/amoraditas\/wp-content\/uploads\/sites\/115\/2021\/11\/Pintura-previa-3-1-980x719.jpg 980w, https:\/\/wp.ull.es\/amoraditas\/wp-content\/uploads\/sites\/115\/2021\/11\/Pintura-previa-3-1-480x352.jpg 480w\" sizes=\"(max-width: 750px) 100vw, 750px\" style=\"width:100%;height:73.4%;max-width:2560px\" \/>\t\t\t\t\t\t\t\t\t\t\t\t\t\t\t<\/div>\n\t\t\t\t<\/div>\n\t\t\t\t\t<\/div>\n\t\t<\/div>\n\t\t\t\t<div class=\"elementor-column elementor-col-50 elementor-top-column elementor-element elementor-element-7e3715c\" data-id=\"7e3715c\" data-element_type=\"column\" data-e-type=\"column\">\n\t\t\t<div class=\"elementor-widget-wrap elementor-element-populated\">\n\t\t\t\t\t\t<div class=\"elementor-element elementor-element-fc43ea9 elementor-widget elementor-widget-heading\" data-id=\"fc43ea9\" data-element_type=\"widget\" data-e-type=\"widget\" data-widget_type=\"heading.default\">\n\t\t\t\t<div class=\"elementor-widget-container\">\n\t\t\t\t\t<h2 class=\"elementor-heading-title elementor-size-default\">Barrios por el Aprendizaje-Servicio ULL<\/h2>\t\t\t\t<\/div>\n\t\t\t\t<\/div>\n\t\t\t\t<div class=\"elementor-element elementor-element-a097b00 elementor-widget elementor-widget-text-editor\" data-id=\"a097b00\" data-element_type=\"widget\" data-e-type=\"widget\" data-widget_type=\"text-editor.default\">\n\t\t\t\t<div class=\"elementor-widget-container\">\n\t\t\t\t\t\t\t\t\t<p>Amoraditas lo promovemos alumnado y profesorado de la Facultad de Bellas Artes de La Universidad de La Laguna, conjuntamente con vecinas, vecinos y amigos del barrio. Es un proceso abierto al que todas y todos est\u00e1n invitadas e invitados a sumarse.<\/p><p><span class=\"citation-126 citation-end-126\">Cada a\u00f1o, durante el curso acad\u00e9mico visitamos el barrio en varias ocasiones con el alumnado de diferentes asignaturas, para relacionar lo que aprenden en el aula con la realidad de la calle, proponiendo acciones al servicio de l<\/span>a comunidad.<\/p><div class=\"source-inline-chip-container ng-star-inserted\">\u00a0<\/div>\t\t\t\t\t\t\t\t<\/div>\n\t\t\t\t<\/div>\n\t\t\t\t<div class=\"elementor-element elementor-element-591d85e elementor-widget elementor-widget-button\" data-id=\"591d85e\" data-element_type=\"widget\" data-e-type=\"widget\" data-widget_type=\"button.default\">\n\t\t\t\t<div class=\"elementor-widget-container\">\n\t\t\t\t\t\t\t\t\t<div class=\"elementor-button-wrapper\">\n\t\t\t\t\t<a class=\"elementor-button elementor-button-link elementor-size-sm\" href=\"https:\/\/www.ull.es\/portal\/aprendizajeservicio\/\" target=\"_blank\">\n\t\t\t\t\t\t<span class=\"elementor-button-content-wrapper\">\n\t\t\t\t\t\t\t\t\t<span class=\"elementor-button-text\">Ver m\u00e1s<\/span>\n\t\t\t\t\t<\/span>\n\t\t\t\t\t<\/a>\n\t\t\t\t<\/div>\n\t\t\t\t\t\t\t\t<\/div>\n\t\t\t\t<\/div>\n\t\t\t\t\t<\/div>\n\t\t<\/div>\n\t\t\t\t\t<\/div>\n\t\t<\/section>\n\t\t<div class=\"elementor-element elementor-element-e2bf06a e-flex e-con-boxed e-con e-parent\" data-id=\"e2bf06a\" data-element_type=\"container\" data-e-type=\"container\">\n\t\t\t\t\t<div class=\"e-con-inner\">\n\t\t\t\t<div class=\"elementor-element elementor-element-72d0468 elementor-widget elementor-widget-heading\" data-id=\"72d0468\" data-element_type=\"widget\" data-e-type=\"widget\" data-widget_type=\"heading.default\">\n\t\t\t\t<div class=\"elementor-widget-container\">\n\t\t\t\t\t<h2 class=\"elementor-heading-title elementor-size-default\">Repositorio de proyectos<\/h2>\t\t\t\t<\/div>\n\t\t\t\t<\/div>\n\t\t\t\t<div class=\"elementor-element elementor-element-27ea13b elementor-grid-4 elementor-grid-tablet-2 elementor-grid-mobile-1 elementor-widget elementor-widget-loop-grid\" data-id=\"27ea13b\" data-element_type=\"widget\" data-e-type=\"widget\" data-settings=\"{&quot;template_id&quot;:&quot;1441&quot;,&quot;columns&quot;:&quot;4&quot;,&quot;pagination_type&quot;:&quot;numbers&quot;,&quot;_skin&quot;:&quot;post&quot;,&quot;columns_tablet&quot;:&quot;2&quot;,&quot;columns_mobile&quot;:&quot;1&quot;,&quot;row_gap&quot;:{&quot;unit&quot;:&quot;px&quot;,&quot;size&quot;:&quot;&quot;,&quot;sizes&quot;:[]},&quot;row_gap_tablet&quot;:{&quot;unit&quot;:&quot;px&quot;,&quot;size&quot;:&quot;&quot;,&quot;sizes&quot;:[]},&quot;row_gap_mobile&quot;:{&quot;unit&quot;:&quot;px&quot;,&quot;size&quot;:&quot;&quot;,&quot;sizes&quot;:[]}}\" data-widget_type=\"loop-grid.post\">\n\t\t\t\t<div class=\"elementor-widget-container\">\n\t\t\t\t\t\t\t<div class=\"elementor-loop-container elementor-grid\">\n\t\t\t\t<\/div>\n\t\t\n\t\t\t\t<div class=\"e-load-more-anchor\" data-page=\"1\" data-max-page=\"2\" data-next-page=\"https:\/\/wp.ull.es\/amoraditas\/wp-json\/wp\/v2\/pages\/1313\/page\/2\/\"><\/div>\n\t\t\t\t<nav class=\"elementor-pagination\" aria-label=\"Pagination\">\n\t\t\t<span aria-current=\"page\" class=\"page-numbers current\"><span class=\"elementor-screen-only\">Page<\/span>1<\/span>\n<a class=\"page-numbers\" href=\"https:\/\/wp.ull.es\/amoraditas\/wp-json\/wp\/v2\/pages\/1313\/page\/2\/\"><span class=\"elementor-screen-only\">Page<\/span>2<\/a>\t\t<\/nav>\n\t\t\t\t\t\t<\/div>\n\t\t\t\t<\/div>\n\t\t\t\t\t<\/div>\n\t\t\t\t<\/div>\n\t\t<div class=\"elementor-element elementor-element-65c52b4 e-flex e-con-boxed e-con e-parent\" data-id=\"65c52b4\" data-element_type=\"container\" data-e-type=\"container\">\n\t\t\t\t\t<div class=\"e-con-inner\">\n\t\t\t\t<div class=\"elementor-element elementor-element-d100ebe elementor-widget elementor-widget-heading\" data-id=\"d100ebe\" data-element_type=\"widget\" data-e-type=\"widget\" data-widget_type=\"heading.default\">\n\t\t\t\t<div class=\"elementor-widget-container\">\n\t\t\t\t\t<h2 class=\"elementor-heading-title elementor-size-default\">Resultados de investigaci\u00f3n<\/h2>\t\t\t\t<\/div>\n\t\t\t\t<\/div>\n\t\t\t\t\t<\/div>\n\t\t\t\t<\/div>\n\t\t<div class=\"elementor-element elementor-element-6c153d3 e-flex e-con-boxed e-con e-parent\" data-id=\"6c153d3\" data-element_type=\"container\" data-e-type=\"container\">\n\t\t\t\t\t<div class=\"e-con-inner\">\n\t\t\t\t<div class=\"elementor-element elementor-element-45601d8 elementor-grid-4 elementor-grid-tablet-2 elementor-grid-mobile-1 elementor-widget elementor-widget-loop-grid\" data-id=\"45601d8\" data-element_type=\"widget\" data-e-type=\"widget\" data-settings=\"{&quot;template_id&quot;:&quot;1507&quot;,&quot;columns&quot;:&quot;4&quot;,&quot;_skin&quot;:&quot;post&quot;,&quot;columns_tablet&quot;:&quot;2&quot;,&quot;columns_mobile&quot;:&quot;1&quot;,&quot;row_gap&quot;:{&quot;unit&quot;:&quot;px&quot;,&quot;size&quot;:&quot;&quot;,&quot;sizes&quot;:[]},&quot;row_gap_tablet&quot;:{&quot;unit&quot;:&quot;px&quot;,&quot;size&quot;:&quot;&quot;,&quot;sizes&quot;:[]},&quot;row_gap_mobile&quot;:{&quot;unit&quot;:&quot;px&quot;,&quot;size&quot;:&quot;&quot;,&quot;sizes&quot;:[]}}\" data-widget_type=\"loop-grid.post\">\n\t\t\t\t<div class=\"elementor-widget-container\">\n\t\t\t\t\t\t\t<div class=\"elementor-loop-container elementor-grid\">\n\t\t<style id=\"loop-1507\">.elementor-1507 .elementor-element.elementor-element-41f8c7b4{--display:flex;--min-height:0px;--gap:10px 10px;--row-gap:10px;--column-gap:10px;}.elementor-1507 .elementor-element.elementor-element-17746c79{--display:flex;}.elementor-1507 .elementor-element.elementor-element-17746c79:not(.elementor-motion-effects-element-type-background), .elementor-1507 .elementor-element.elementor-element-17746c79 > .elementor-motion-effects-container > .elementor-motion-effects-layer{background-position:center center;background-size:cover;}\/* Start custom CSS for container, class: .elementor-element-17746c79 *\/.elementor-1507 .elementor-element.elementor-element-17746c79 { aspect-ratio: 1 \/ 1; }\/* End custom CSS *\/<\/style>\t\t<div data-elementor-type=\"loop-item\" data-elementor-id=\"1507\" class=\"elementor elementor-1507 e-loop-item-1520 e-loop-item\">\n\t\t\t\t\t<div class=\"elementor-section-wrap\">\n\t\t\t\t\t\t<div class=\"elementor-element elementor-element-41f8c7b4 e-flex e-con-boxed e-con e-parent\" data-id=\"41f8c7b4\" data-element_type=\"container\" data-e-type=\"container\">\n\t\t\t\t\t<div class=\"e-con-inner\">\n\t\t<a class=\"elementor-element elementor-element-17746c79 e-con-full e-flex e-con e-child\" data-id=\"17746c79\" data-element_type=\"container\" data-e-type=\"container\" data-settings=\"{&quot;background_background&quot;:&quot;classic&quot;}\" href=\"https:\/\/wp.ull.es\/amoraditas\/2025\/10\/28\/prueba-5-invest\/\">\n\t\t\t\t<\/a>\n\t\t\t\t\t<\/div>\n\t\t\t\t<\/div>\n\t\t\t\t\t\t\t<\/div>\n\t\t\t\t<\/div>\n\t\t\t\t<div data-elementor-type=\"loop-item\" data-elementor-id=\"1507\" class=\"elementor elementor-1507 e-loop-item-1518 e-loop-item\">\n\t\t\t\t\t<div class=\"elementor-section-wrap\">\n\t\t\t\t\t\t<div class=\"elementor-element elementor-element-41f8c7b4 e-flex e-con-boxed e-con e-parent\" data-id=\"41f8c7b4\" data-element_type=\"container\" data-e-type=\"container\">\n\t\t\t\t\t<div class=\"e-con-inner\">\n\t\t<a class=\"elementor-element elementor-element-17746c79 e-con-full e-flex e-con e-child\" data-id=\"17746c79\" data-element_type=\"container\" data-e-type=\"container\" data-settings=\"{&quot;background_background&quot;:&quot;classic&quot;}\" href=\"https:\/\/wp.ull.es\/amoraditas\/2025\/10\/28\/prueba-4-investigacion\/\">\n\t\t\t\t<\/a>\n\t\t\t\t\t<\/div>\n\t\t\t\t<\/div>\n\t\t\t\t\t\t\t<\/div>\n\t\t\t\t<\/div>\n\t\t\t\t<div data-elementor-type=\"loop-item\" data-elementor-id=\"1507\" class=\"elementor elementor-1507 e-loop-item-1516 e-loop-item\">\n\t\t\t\t\t<div class=\"elementor-section-wrap\">\n\t\t\t\t\t\t<div class=\"elementor-element elementor-element-41f8c7b4 e-flex e-con-boxed e-con e-parent\" data-id=\"41f8c7b4\" data-element_type=\"container\" data-e-type=\"container\">\n\t\t\t\t\t<div class=\"e-con-inner\">\n\t\t<a class=\"elementor-element elementor-element-17746c79 e-con-full e-flex e-con e-child\" data-id=\"17746c79\" data-element_type=\"container\" data-e-type=\"container\" data-settings=\"{&quot;background_background&quot;:&quot;classic&quot;}\" href=\"https:\/\/wp.ull.es\/amoraditas\/2025\/10\/28\/prueba-3-investigacion\/\">\n\t\t\t\t<\/a>\n\t\t\t\t\t<\/div>\n\t\t\t\t<\/div>\n\t\t\t\t\t\t\t<\/div>\n\t\t\t\t<\/div>\n\t\t\t\t<div data-elementor-type=\"loop-item\" data-elementor-id=\"1507\" class=\"elementor elementor-1507 e-loop-item-1514 e-loop-item\">\n\t\t\t\t\t<div class=\"elementor-section-wrap\">\n\t\t\t\t\t\t<div class=\"elementor-element elementor-element-41f8c7b4 e-flex e-con-boxed e-con e-parent\" data-id=\"41f8c7b4\" data-element_type=\"container\" data-e-type=\"container\">\n\t\t\t\t\t<div class=\"e-con-inner\">\n\t\t<a class=\"elementor-element elementor-element-17746c79 e-con-full e-flex e-con e-child\" data-id=\"17746c79\" data-element_type=\"container\" data-e-type=\"container\" data-settings=\"{&quot;background_background&quot;:&quot;classic&quot;}\" href=\"https:\/\/wp.ull.es\/amoraditas\/2025\/10\/28\/prueba-2-investigacion\/\">\n\t\t\t\t<\/a>\n\t\t\t\t\t<\/div>\n\t\t\t\t<\/div>\n\t\t\t\t\t\t\t<\/div>\n\t\t\t\t<\/div>\n\t\t\t\t<\/div>\n\t\t\n\t\t\t\t\t\t<\/div>\n\t\t\t\t<\/div>\n\t\t\t\t\t<\/div>\n\t\t\t\t<\/div>\n\t\t\t\t<\/div>\n\t\t","protected":false},"excerpt":{"rendered":"<p>Somos Humildemente, nos gustar\u00eda dar continuidad a las acciones gestadas y realizadas desde el 2016 con motivo de la Semana del Dise\u00f1o de Tenerife (Tenerife Design Week, TDW) y el Proyecto ICI-TACO de Intervenci\u00f3n Comunitaria Intercultural, que finaliz\u00f3 el pasado mes de diciembre de 2020 Ver m\u00e1s Barrios por el Aprendizaje-Servicio ULL Amoraditas lo promovemos&hellip; <a class=\"more-link\" href=\"https:\/\/wp.ull.es\/amoraditas\/2025\/10\/28\/prueba-2-investigacion\/\">Seguir leyendo <span class=\"screen-reader-text\">prueba 2 investigaci\u00f3n<\/span><\/a><\/p>\n","protected":false},"author":282,"featured_media":0,"parent":0,"menu_order":0,"comment_status":"closed","ping_status":"closed","template":"elementor_header_footer","meta":{"footnotes":""},"class_list":["post-1313","page","type-page","status-publish","hentry","entry"],"_links":{"self":[{"href":"https:\/\/wp.ull.es\/amoraditas\/wp-json\/wp\/v2\/pages\/1313","targetHints":{"allow":["GET"]}}],"collection":[{"href":"https:\/\/wp.ull.es\/amoraditas\/wp-json\/wp\/v2\/pages"}],"about":[{"href":"https:\/\/wp.ull.es\/amoraditas\/wp-json\/wp\/v2\/types\/page"}],"author":[{"embeddable":true,"href":"https:\/\/wp.ull.es\/amoraditas\/wp-json\/wp\/v2\/users\/282"}],"replies":[{"embeddable":true,"href":"https:\/\/wp.ull.es\/amoraditas\/wp-json\/wp\/v2\/comments?post=1313"}],"version-history":[{"count":2,"href":"https:\/\/wp.ull.es\/amoraditas\/wp-json\/wp\/v2\/pages\/1313\/revisions"}],"predecessor-version":[{"id":1555,"href":"https:\/\/wp.ull.es\/amoraditas\/wp-json\/wp\/v2\/pages\/1313\/revisions\/1555"}],"wp:attachment":[{"href":"https:\/\/wp.ull.es\/amoraditas\/wp-json\/wp\/v2\/media?parent=1313"}],"curies":[{"name":"wp","href":"https:\/\/api.w.org\/{rel}","templated":true}]}}