{"id":1284,"date":"2025-09-10T13:08:05","date_gmt":"2025-09-10T13:08:05","guid":{"rendered":"https:\/\/wp.ull.es\/amoraditas\/?page_id=1284"},"modified":"2025-09-19T10:55:53","modified_gmt":"2025-09-19T10:55:53","slug":"somos","status":"publish","type":"page","link":"https:\/\/wp.ull.es\/amoraditas\/somos\/","title":{"rendered":"Somos"},"content":{"rendered":"\t\t<div data-elementor-type=\"wp-page\" data-elementor-id=\"1284\" class=\"elementor elementor-1284\">\n\t\t\t\t\t\t<section class=\"elementor-section elementor-top-section elementor-element elementor-element-7d28ee0 elementor-section-boxed elementor-section-height-default elementor-section-height-default\" data-id=\"7d28ee0\" data-element_type=\"section\" data-e-type=\"section\" data-settings=\"{&quot;background_background&quot;:&quot;classic&quot;}\">\n\t\t\t\t\t\t<div class=\"elementor-container elementor-column-gap-default\">\n\t\t\t\t\t<div class=\"elementor-column elementor-col-100 elementor-top-column elementor-element elementor-element-fa1bb2e\" data-id=\"fa1bb2e\" data-element_type=\"column\" data-e-type=\"column\">\n\t\t\t<div class=\"elementor-widget-wrap\">\n\t\t\t\t\t\t\t<\/div>\n\t\t<\/div>\n\t\t\t\t\t<\/div>\n\t\t<\/section>\n\t\t\t\t<section class=\"elementor-section elementor-top-section elementor-element elementor-element-0b0dfb2 elementor-section-full_width elementor-section-stretched elementor-section-height-default elementor-section-height-default\" data-id=\"0b0dfb2\" data-element_type=\"section\" data-e-type=\"section\" data-settings=\"{&quot;stretch_section&quot;:&quot;section-stretched&quot;}\">\n\t\t\t\t\t\t<div class=\"elementor-container elementor-column-gap-default\">\n\t\t\t\t\t<div class=\"elementor-column elementor-col-50 elementor-top-column elementor-element elementor-element-c73801c\" data-id=\"c73801c\" data-element_type=\"column\" data-e-type=\"column\" data-settings=\"{&quot;background_background&quot;:&quot;classic&quot;}\">\n\t\t\t<div class=\"elementor-widget-wrap elementor-element-populated\">\n\t\t\t\t\t\t<div class=\"elementor-element elementor-element-b7dc272 elementor-widget__width-initial elementor-widget elementor-widget-image\" data-id=\"b7dc272\" data-element_type=\"widget\" data-e-type=\"widget\" data-widget_type=\"image.default\">\n\t\t\t\t<div class=\"elementor-widget-container\">\n\t\t\t\t\t\t\t\t\t\t\t\t\t\t\t<img fetchpriority=\"high\" decoding=\"async\" width=\"750\" height=\"551\" src=\"https:\/\/wp.ull.es\/amoraditas\/wp-content\/uploads\/sites\/115\/2021\/11\/Pintura-previa-3-1-1024x752.jpg\" class=\"attachment-large size-large wp-image-544\" alt=\"\" srcset=\"https:\/\/wp.ull.es\/amoraditas\/wp-content\/uploads\/sites\/115\/2021\/11\/Pintura-previa-3-1-1024x752.jpg 1024w, https:\/\/wp.ull.es\/amoraditas\/wp-content\/uploads\/sites\/115\/2021\/11\/Pintura-previa-3-1-300x220.jpg 300w, https:\/\/wp.ull.es\/amoraditas\/wp-content\/uploads\/sites\/115\/2021\/11\/Pintura-previa-3-1-768x564.jpg 768w, https:\/\/wp.ull.es\/amoraditas\/wp-content\/uploads\/sites\/115\/2021\/11\/Pintura-previa-3-1-1536x1128.jpg 1536w, https:\/\/wp.ull.es\/amoraditas\/wp-content\/uploads\/sites\/115\/2021\/11\/Pintura-previa-3-1-2048x1503.jpg 2048w, https:\/\/wp.ull.es\/amoraditas\/wp-content\/uploads\/sites\/115\/2021\/11\/Pintura-previa-3-1-1080x793.jpg 1080w, https:\/\/wp.ull.es\/amoraditas\/wp-content\/uploads\/sites\/115\/2021\/11\/Pintura-previa-3-1-1280x940.jpg 1280w, https:\/\/wp.ull.es\/amoraditas\/wp-content\/uploads\/sites\/115\/2021\/11\/Pintura-previa-3-1-980x719.jpg 980w, https:\/\/wp.ull.es\/amoraditas\/wp-content\/uploads\/sites\/115\/2021\/11\/Pintura-previa-3-1-480x352.jpg 480w\" sizes=\"(max-width: 750px) 100vw, 750px\" style=\"width:100%;height:73.4%;max-width:2560px\" \/>\t\t\t\t\t\t\t\t\t\t\t\t\t\t\t<\/div>\n\t\t\t\t<\/div>\n\t\t\t\t\t<\/div>\n\t\t<\/div>\n\t\t\t\t<div class=\"elementor-column elementor-col-50 elementor-top-column elementor-element elementor-element-ea3b13a\" data-id=\"ea3b13a\" data-element_type=\"column\" data-e-type=\"column\">\n\t\t\t<div class=\"elementor-widget-wrap elementor-element-populated\">\n\t\t\t\t\t\t<div class=\"elementor-element elementor-element-95708f6 elementor-widget elementor-widget-heading\" data-id=\"95708f6\" data-element_type=\"widget\" data-e-type=\"widget\" data-widget_type=\"heading.default\">\n\t\t\t\t<div class=\"elementor-widget-container\">\n\t\t\t\t\t<h2 class=\"elementor-heading-title elementor-size-default\">Somos<\/h2>\t\t\t\t<\/div>\n\t\t\t\t<\/div>\n\t\t\t\t<div class=\"elementor-element elementor-element-bfb144d elementor-widget elementor-widget-text-editor\" data-id=\"bfb144d\" data-element_type=\"widget\" data-e-type=\"widget\" data-widget_type=\"text-editor.default\">\n\t\t\t\t<div class=\"elementor-widget-container\">\n\t\t\t\t\t\t\t\t\t<p>Amoraditas lo promovemos alumnado y profesorado de la Facultad de Bellas Artes de La Universidad de La Laguna, conjuntamente con vecinas, vecinos y amigos del barrio. Es un proceso abierto al que todas y todos est\u00e1n invitadas e invitados a sumarse.<\/p><p><span class=\"citation-126 citation-end-126\">Cada a\u00f1o, durante el curso acad\u00e9mico visitamos el barrio en varias ocasiones con el alumnado de diferentes asignaturas, para relacionar lo que aprenden en el aula con la realidad de la calle, proponiendo acciones al servicio de l<\/span>a comunidad.<\/p><div class=\"source-inline-chip-container ng-star-inserted\">\u00a0<\/div>\t\t\t\t\t\t\t\t<\/div>\n\t\t\t\t<\/div>\n\t\t\t\t<div class=\"elementor-element elementor-element-f6c5d1c elementor-widget elementor-widget-button\" data-id=\"f6c5d1c\" data-element_type=\"widget\" data-e-type=\"widget\" data-widget_type=\"button.default\">\n\t\t\t\t<div class=\"elementor-widget-container\">\n\t\t\t\t\t\t\t\t\t<div class=\"elementor-button-wrapper\">\n\t\t\t\t\t<a class=\"elementor-button elementor-button-link elementor-size-sm\" href=\"https:\/\/portalciencia.ull.es\/grupos\/6516\/detalle\" target=\"_blank\">\n\t\t\t\t\t\t<span class=\"elementor-button-content-wrapper\">\n\t\t\t\t\t\t\t\t\t<span class=\"elementor-button-text\">Ver m\u00e1s<\/span>\n\t\t\t\t\t<\/span>\n\t\t\t\t\t<\/a>\n\t\t\t\t<\/div>\n\t\t\t\t\t\t\t\t<\/div>\n\t\t\t\t<\/div>\n\t\t\t\t\t<\/div>\n\t\t<\/div>\n\t\t\t\t\t<\/div>\n\t\t<\/section>\n\t\t\t\t<section class=\"elementor-section elementor-top-section elementor-element elementor-element-bd3f12b elementor-section-full_width elementor-section-stretched elementor-section-height-default elementor-section-height-default\" data-id=\"bd3f12b\" data-element_type=\"section\" data-e-type=\"section\" data-settings=\"{&quot;stretch_section&quot;:&quot;section-stretched&quot;}\">\n\t\t\t\t\t\t<div class=\"elementor-container elementor-column-gap-default\">\n\t\t\t\t\t<div class=\"elementor-column elementor-col-50 elementor-top-column elementor-element elementor-element-72844a3\" data-id=\"72844a3\" data-element_type=\"column\" data-e-type=\"column\">\n\t\t\t<div class=\"elementor-widget-wrap elementor-element-populated\">\n\t\t\t\t\t\t<div class=\"elementor-element elementor-element-db63bda elementor-widget elementor-widget-heading\" data-id=\"db63bda\" data-element_type=\"widget\" data-e-type=\"widget\" data-widget_type=\"heading.default\">\n\t\t\t\t<div class=\"elementor-widget-container\">\n\t\t\t\t\t<h2 class=\"elementor-heading-title elementor-size-default\">Somos<\/h2>\t\t\t\t<\/div>\n\t\t\t\t<\/div>\n\t\t\t\t<div class=\"elementor-element elementor-element-c34610a elementor-widget elementor-widget-text-editor\" data-id=\"c34610a\" data-element_type=\"widget\" data-e-type=\"widget\" data-widget_type=\"text-editor.default\">\n\t\t\t\t<div class=\"elementor-widget-container\">\n\t\t\t\t\t\t\t\t\t<p>Humildemente, nos gustar\u00eda dar continuidad a las acciones gestadas y realizadas desde el 2016 con motivo de la Semana del Dise\u00f1o de Tenerife (Tenerife Design Week, TDW) y el Proyecto ICI-TACO de Intervenci\u00f3n Comunitaria Intercultural, que finaliz\u00f3 el pasado mes de diciembre de 2020<\/p>\t\t\t\t\t\t\t\t<\/div>\n\t\t\t\t<\/div>\n\t\t\t\t<div class=\"elementor-element elementor-element-0f80a99 elementor-widget elementor-widget-button\" data-id=\"0f80a99\" data-element_type=\"widget\" data-e-type=\"widget\" data-widget_type=\"button.default\">\n\t\t\t\t<div class=\"elementor-widget-container\">\n\t\t\t\t\t\t\t\t\t<div class=\"elementor-button-wrapper\">\n\t\t\t\t\t<a class=\"elementor-button elementor-button-link elementor-size-sm\" href=\"https:\/\/elobservatoriosocial.fundacionlacaixa.org\/es\/-\/proyecto-de-intervencion-comunitaria-intercultural-ici\" target=\"_blank\">\n\t\t\t\t\t\t<span class=\"elementor-button-content-wrapper\">\n\t\t\t\t\t\t\t\t\t<span class=\"elementor-button-text\">Ver m\u00e1s<\/span>\n\t\t\t\t\t<\/span>\n\t\t\t\t\t<\/a>\n\t\t\t\t<\/div>\n\t\t\t\t\t\t\t\t<\/div>\n\t\t\t\t<\/div>\n\t\t\t\t\t<\/div>\n\t\t<\/div>\n\t\t\t\t<div class=\"elementor-column elementor-col-50 elementor-top-column elementor-element elementor-element-070a832\" data-id=\"070a832\" data-element_type=\"column\" data-e-type=\"column\" data-settings=\"{&quot;background_background&quot;:&quot;classic&quot;}\">\n\t\t\t<div class=\"elementor-widget-wrap elementor-element-populated\">\n\t\t\t\t\t\t<div class=\"elementor-element elementor-element-eb829ca elementor-widget__width-initial elementor-widget elementor-widget-image\" data-id=\"eb829ca\" data-element_type=\"widget\" data-e-type=\"widget\" data-widget_type=\"image.default\">\n\t\t\t\t<div class=\"elementor-widget-container\">\n\t\t\t\t\t\t\t\t\t\t\t\t\t\t\t<img fetchpriority=\"high\" decoding=\"async\" width=\"750\" height=\"551\" src=\"https:\/\/wp.ull.es\/amoraditas\/wp-content\/uploads\/sites\/115\/2021\/11\/Pintura-previa-3-1-1024x752.jpg\" class=\"attachment-large size-large wp-image-544\" alt=\"\" srcset=\"https:\/\/wp.ull.es\/amoraditas\/wp-content\/uploads\/sites\/115\/2021\/11\/Pintura-previa-3-1-1024x752.jpg 1024w, https:\/\/wp.ull.es\/amoraditas\/wp-content\/uploads\/sites\/115\/2021\/11\/Pintura-previa-3-1-300x220.jpg 300w, https:\/\/wp.ull.es\/amoraditas\/wp-content\/uploads\/sites\/115\/2021\/11\/Pintura-previa-3-1-768x564.jpg 768w, https:\/\/wp.ull.es\/amoraditas\/wp-content\/uploads\/sites\/115\/2021\/11\/Pintura-previa-3-1-1536x1128.jpg 1536w, https:\/\/wp.ull.es\/amoraditas\/wp-content\/uploads\/sites\/115\/2021\/11\/Pintura-previa-3-1-2048x1503.jpg 2048w, https:\/\/wp.ull.es\/amoraditas\/wp-content\/uploads\/sites\/115\/2021\/11\/Pintura-previa-3-1-1080x793.jpg 1080w, https:\/\/wp.ull.es\/amoraditas\/wp-content\/uploads\/sites\/115\/2021\/11\/Pintura-previa-3-1-1280x940.jpg 1280w, https:\/\/wp.ull.es\/amoraditas\/wp-content\/uploads\/sites\/115\/2021\/11\/Pintura-previa-3-1-980x719.jpg 980w, https:\/\/wp.ull.es\/amoraditas\/wp-content\/uploads\/sites\/115\/2021\/11\/Pintura-previa-3-1-480x352.jpg 480w\" sizes=\"(max-width: 750px) 100vw, 750px\" style=\"width:100%;height:73.4%;max-width:2560px\" \/>\t\t\t\t\t\t\t\t\t\t\t\t\t\t\t<\/div>\n\t\t\t\t<\/div>\n\t\t\t\t\t<\/div>\n\t\t<\/div>\n\t\t\t\t\t<\/div>\n\t\t<\/section>\n\t\t\t\t<section class=\"elementor-section elementor-top-section elementor-element elementor-element-a7f595b elementor-section-boxed elementor-section-height-default elementor-section-height-default\" data-id=\"a7f595b\" data-element_type=\"section\" data-e-type=\"section\">\n\t\t\t\t\t\t<div class=\"elementor-container elementor-column-gap-default\">\n\t\t\t\t\t<div class=\"elementor-column elementor-col-100 elementor-top-column elementor-element elementor-element-ffebbdd\" data-id=\"ffebbdd\" data-element_type=\"column\" data-e-type=\"column\">\n\t\t\t<div class=\"elementor-widget-wrap elementor-element-populated\">\n\t\t\t\t\t\t<div class=\"elementor-element elementor-element-c90eeee elementor-widget elementor-widget-heading\" data-id=\"c90eeee\" data-element_type=\"widget\" data-e-type=\"widget\" data-widget_type=\"heading.default\">\n\t\t\t\t<div class=\"elementor-widget-container\">\n\t\t\t\t\t<h2 class=\"elementor-heading-title elementor-size-default\">Trabajamos en red<\/h2>\t\t\t\t<\/div>\n\t\t\t\t<\/div>\n\t\t\t\t\t<\/div>\n\t\t<\/div>\n\t\t\t\t\t<\/div>\n\t\t<\/section>\n\t\t\t\t<section class=\"elementor-section elementor-top-section elementor-element elementor-element-0c89e8d elementor-section-boxed elementor-section-height-default elementor-section-height-default\" data-id=\"0c89e8d\" data-element_type=\"section\" data-e-type=\"section\">\n\t\t\t\t\t\t<div class=\"elementor-container elementor-column-gap-default\">\n\t\t\t\t\t<div class=\"elementor-column elementor-col-100 elementor-top-column elementor-element elementor-element-5acb36b\" data-id=\"5acb36b\" data-element_type=\"column\" data-e-type=\"column\">\n\t\t\t<div class=\"elementor-widget-wrap elementor-element-populated\">\n\t\t\t\t\t\t<div class=\"elementor-element elementor-element-cac6107 elementor-widget elementor-widget-image\" data-id=\"cac6107\" data-element_type=\"widget\" data-e-type=\"widget\" data-widget_type=\"image.default\">\n\t\t\t\t<div class=\"elementor-widget-container\">\n\t\t\t\t\t\t\t\t\t\t\t\t\t\t\t<img decoding=\"async\" width=\"600\" height=\"338\" src=\"https:\/\/wp.ull.es\/amoraditas\/wp-content\/uploads\/sites\/115\/2025\/09\/b23f4e83-ce8e-47bd-875a-d8bf978cb289.jpg\" class=\"attachment-large size-large wp-image-1308\" alt=\"\" srcset=\"https:\/\/wp.ull.es\/amoraditas\/wp-content\/uploads\/sites\/115\/2025\/09\/b23f4e83-ce8e-47bd-875a-d8bf978cb289.jpg 600w, https:\/\/wp.ull.es\/amoraditas\/wp-content\/uploads\/sites\/115\/2025\/09\/b23f4e83-ce8e-47bd-875a-d8bf978cb289-300x169.jpg 300w, https:\/\/wp.ull.es\/amoraditas\/wp-content\/uploads\/sites\/115\/2025\/09\/b23f4e83-ce8e-47bd-875a-d8bf978cb289-100x56.jpg 100w, https:\/\/wp.ull.es\/amoraditas\/wp-content\/uploads\/sites\/115\/2025\/09\/b23f4e83-ce8e-47bd-875a-d8bf978cb289-150x85.jpg 150w, https:\/\/wp.ull.es\/amoraditas\/wp-content\/uploads\/sites\/115\/2025\/09\/b23f4e83-ce8e-47bd-875a-d8bf978cb289-200x113.jpg 200w, https:\/\/wp.ull.es\/amoraditas\/wp-content\/uploads\/sites\/115\/2025\/09\/b23f4e83-ce8e-47bd-875a-d8bf978cb289-450x254.jpg 450w\" sizes=\"(max-width: 600px) 100vw, 600px\" style=\"width:100%;height:56.33%;max-width:600px\" \/>\t\t\t\t\t\t\t\t\t\t\t\t\t\t\t<\/div>\n\t\t\t\t<\/div>\n\t\t\t\t\t<\/div>\n\t\t<\/div>\n\t\t\t\t\t<\/div>\n\t\t<\/section>\n\t\t\t\t<\/div>\n\t\t","protected":false},"excerpt":{"rendered":"<p>Somos Amoraditas lo promovemos alumnado y profesorado de la Facultad de Bellas Artes de La Universidad de La Laguna, conjuntamente con vecinas, vecinos y amigos del barrio. Es un proceso abierto al que todas y todos est\u00e1n invitadas e invitados a sumarse. Cada a\u00f1o, durante el curso acad\u00e9mico visitamos el barrio en varias ocasiones con&hellip; <a class=\"more-link\" href=\"https:\/\/wp.ull.es\/amoraditas\/somos\/\">Seguir leyendo <span class=\"screen-reader-text\">Somos<\/span><\/a><\/p>\n","protected":false},"author":282,"featured_media":0,"parent":0,"menu_order":0,"comment_status":"closed","ping_status":"closed","template":"elementor_header_footer","meta":{"footnotes":""},"class_list":["post-1284","page","type-page","status-publish","hentry","entry"],"_links":{"self":[{"href":"https:\/\/wp.ull.es\/amoraditas\/wp-json\/wp\/v2\/pages\/1284","targetHints":{"allow":["GET"]}}],"collection":[{"href":"https:\/\/wp.ull.es\/amoraditas\/wp-json\/wp\/v2\/pages"}],"about":[{"href":"https:\/\/wp.ull.es\/amoraditas\/wp-json\/wp\/v2\/types\/page"}],"author":[{"embeddable":true,"href":"https:\/\/wp.ull.es\/amoraditas\/wp-json\/wp\/v2\/users\/282"}],"replies":[{"embeddable":true,"href":"https:\/\/wp.ull.es\/amoraditas\/wp-json\/wp\/v2\/comments?post=1284"}],"version-history":[{"count":2,"href":"https:\/\/wp.ull.es\/amoraditas\/wp-json\/wp\/v2\/pages\/1284\/revisions"}],"predecessor-version":[{"id":1311,"href":"https:\/\/wp.ull.es\/amoraditas\/wp-json\/wp\/v2\/pages\/1284\/revisions\/1311"}],"wp:attachment":[{"href":"https:\/\/wp.ull.es\/amoraditas\/wp-json\/wp\/v2\/media?parent=1284"}],"curies":[{"name":"wp","href":"https:\/\/api.w.org\/{rel}","templated":true}]}}