{"id":2185,"date":"2021-04-02T15:26:27","date_gmt":"2021-04-02T15:26:27","guid":{"rendered":"https:\/\/wp.ull.es\/ambilab\/?page_id=2185"},"modified":"2025-07-21T16:55:03","modified_gmt":"2025-07-21T16:55:03","slug":"shepherds-and-farmers-in-la-palma-island","status":"publish","type":"page","link":"https:\/\/wp.ull.es\/ambilab\/shepherds-and-farmers-in-la-palma-island\/","title":{"rendered":"Shepherds and farmers in La Palma island"},"content":{"rendered":"\t\t<div data-elementor-type=\"wp-page\" data-elementor-id=\"2185\" class=\"elementor elementor-2185\">\n\t\t\t\t\t\t<section class=\"elementor-section elementor-top-section elementor-element elementor-element-f1439a3 elementor-section-boxed elementor-section-height-default elementor-section-height-default\" data-id=\"f1439a3\" data-element_type=\"section\" data-e-type=\"section\">\n\t\t\t\t\t\t<div class=\"elementor-container elementor-column-gap-default\">\n\t\t\t\t\t<div class=\"elementor-column elementor-col-100 elementor-top-column elementor-element elementor-element-afe6071\" data-id=\"afe6071\" data-element_type=\"column\" data-e-type=\"column\">\n\t\t\t<div class=\"elementor-widget-wrap elementor-element-populated\">\n\t\t\t\t\t\t<div class=\"elementor-element elementor-element-b245167 elementor-widget elementor-widget-heading\" data-id=\"b245167\" data-element_type=\"widget\" data-e-type=\"widget\" data-widget_type=\"heading.default\">\n\t\t\t\t<div class=\"elementor-widget-container\">\n\t\t\t\t\t<h1 class=\"elementor-heading-title elementor-size-default\">Shepherds and Farmers in La Palma Island<\/h1>\t\t\t\t<\/div>\n\t\t\t\t<\/div>\n\t\t\t\t\t<\/div>\n\t\t<\/div>\n\t\t\t\t\t<\/div>\n\t\t<\/section>\n\t\t\t\t<section class=\"elementor-section elementor-top-section elementor-element elementor-element-c6e9f32 elementor-section-boxed elementor-section-height-default elementor-section-height-default\" data-id=\"c6e9f32\" data-element_type=\"section\" data-e-type=\"section\">\n\t\t\t\t\t\t<div class=\"elementor-container elementor-column-gap-default\">\n\t\t\t\t\t<div class=\"elementor-column elementor-col-100 elementor-top-column elementor-element elementor-element-8068911\" data-id=\"8068911\" data-element_type=\"column\" data-e-type=\"column\">\n\t\t\t<div class=\"elementor-widget-wrap elementor-element-populated\">\n\t\t\t\t\t\t<div class=\"elementor-element elementor-element-7becae7 elementor-widget elementor-widget-image\" data-id=\"7becae7\" data-element_type=\"widget\" data-e-type=\"widget\" data-widget_type=\"image.default\">\n\t\t\t\t<div class=\"elementor-widget-container\">\n\t\t\t\t\t\t\t\t\t\t\t\t\t\t\t<img fetchpriority=\"high\" decoding=\"async\" width=\"812\" height=\"457\" src=\"https:\/\/wp.ull.es\/ambilab\/wp-content\/uploads\/sites\/86\/2021\/04\/20150315_155327-1024x576.jpg\" class=\"attachment-large size-large wp-image-2108\" alt=\"\" srcset=\"https:\/\/wp.ull.es\/ambilab\/wp-content\/uploads\/sites\/86\/2021\/04\/20150315_155327-1024x576.jpg 1024w, https:\/\/wp.ull.es\/ambilab\/wp-content\/uploads\/sites\/86\/2021\/04\/20150315_155327-300x169.jpg 300w, https:\/\/wp.ull.es\/ambilab\/wp-content\/uploads\/sites\/86\/2021\/04\/20150315_155327-768x432.jpg 768w, https:\/\/wp.ull.es\/ambilab\/wp-content\/uploads\/sites\/86\/2021\/04\/20150315_155327-1536x864.jpg 1536w, https:\/\/wp.ull.es\/ambilab\/wp-content\/uploads\/sites\/86\/2021\/04\/20150315_155327.jpg 2048w\" sizes=\"(max-width: 812px) 100vw, 812px\" \/>\t\t\t\t\t\t\t\t\t\t\t\t\t\t\t<\/div>\n\t\t\t\t<\/div>\n\t\t\t\t\t<\/div>\n\t\t<\/div>\n\t\t\t\t\t<\/div>\n\t\t<\/section>\n\t\t\t\t<section class=\"elementor-section elementor-top-section elementor-element elementor-element-3d2461d7 elementor-section-boxed elementor-section-height-default elementor-section-height-default\" data-id=\"3d2461d7\" data-element_type=\"section\" data-e-type=\"section\">\n\t\t\t\t\t\t<div class=\"elementor-container elementor-column-gap-default\">\n\t\t\t\t\t<div class=\"elementor-column elementor-col-100 elementor-top-column elementor-element elementor-element-3725bae0\" data-id=\"3725bae0\" data-element_type=\"column\" data-e-type=\"column\">\n\t\t\t<div class=\"elementor-widget-wrap elementor-element-populated\">\n\t\t\t\t\t\t<div class=\"elementor-element elementor-element-489e24d8 elementor-widget elementor-widget-text-editor\" data-id=\"489e24d8\" data-element_type=\"widget\" data-e-type=\"widget\" data-widget_type=\"text-editor.default\">\n\t\t\t\t<div class=\"elementor-widget-container\">\n\t\t\t\t\t\t\t\t\t\n<p>Belmaco Cave (Mazo, La Palma) is an archaeological complex from the times of the Benahoritas (aboriginal population of La Palma island). It comprises stone engravings and stratified sedimentary deposits preserving evidence of domestic activity and goat stabling dating to between \u00a0&#8212; and &#8212; years ago. The site has been excavated three different times: first by archaeologist Luis Diego Cuscoy in the 1950s, then by Alicante University Archaeology Professor Mauro Hern\u00e1ndez in the 1990s and last by ULL Archaeology Professor Juan Francisco Navarro y a rescue archaeology company (Prored) in &#8212;. This last excavation was to document a fallen piece of the deposit that was eroded after a storm event. A series of micromorphology blocks were collected at this time.<\/p>\n\t\t\t\t\t\t\t\t<\/div>\n\t\t\t\t<\/div>\n\t\t\t\t\t<\/div>\n\t\t<\/div>\n\t\t\t\t\t<\/div>\n\t\t<\/section>\n\t\t\t\t<section class=\"elementor-section elementor-top-section elementor-element elementor-element-b9fc455 elementor-section-boxed elementor-section-height-default elementor-section-height-default\" data-id=\"b9fc455\" data-element_type=\"section\" data-e-type=\"section\">\n\t\t\t\t\t\t<div class=\"elementor-container elementor-column-gap-default\">\n\t\t\t\t\t<div class=\"elementor-column elementor-col-100 elementor-top-column elementor-element elementor-element-e4ad743\" data-id=\"e4ad743\" data-element_type=\"column\" data-e-type=\"column\">\n\t\t\t<div class=\"elementor-widget-wrap elementor-element-populated\">\n\t\t\t\t\t\t<div class=\"elementor-element elementor-element-e3cae97 elementor-widget elementor-widget-image\" data-id=\"e3cae97\" data-element_type=\"widget\" data-e-type=\"widget\" data-widget_type=\"image.default\">\n\t\t\t\t<div class=\"elementor-widget-container\">\n\t\t\t\t\t\t\t\t\t\t\t\t\t\t\t<img decoding=\"async\" width=\"812\" height=\"457\" src=\"https:\/\/wp.ull.es\/ambilab\/wp-content\/uploads\/sites\/86\/2021\/04\/20150330_144701-1024x576.jpg\" class=\"attachment-large size-large wp-image-2207\" alt=\"\" srcset=\"https:\/\/wp.ull.es\/ambilab\/wp-content\/uploads\/sites\/86\/2021\/04\/20150330_144701-1024x576.jpg 1024w, https:\/\/wp.ull.es\/ambilab\/wp-content\/uploads\/sites\/86\/2021\/04\/20150330_144701-300x169.jpg 300w, https:\/\/wp.ull.es\/ambilab\/wp-content\/uploads\/sites\/86\/2021\/04\/20150330_144701-768x432.jpg 768w, https:\/\/wp.ull.es\/ambilab\/wp-content\/uploads\/sites\/86\/2021\/04\/20150330_144701-1536x864.jpg 1536w, https:\/\/wp.ull.es\/ambilab\/wp-content\/uploads\/sites\/86\/2021\/04\/20150330_144701.jpg 2048w\" sizes=\"(max-width: 812px) 100vw, 812px\" \/>\t\t\t\t\t\t\t\t\t\t\t\t\t\t\t<\/div>\n\t\t\t\t<\/div>\n\t\t\t\t\t<\/div>\n\t\t<\/div>\n\t\t\t\t\t<\/div>\n\t\t<\/section>\n\t\t\t\t<section class=\"elementor-section elementor-top-section elementor-element elementor-element-e7f5880 elementor-section-boxed elementor-section-height-default elementor-section-height-default\" data-id=\"e7f5880\" data-element_type=\"section\" data-e-type=\"section\">\n\t\t\t\t\t\t<div class=\"elementor-container elementor-column-gap-default\">\n\t\t\t\t\t<div class=\"elementor-column elementor-col-100 elementor-top-column elementor-element elementor-element-cd624b4\" data-id=\"cd624b4\" data-element_type=\"column\" data-e-type=\"column\">\n\t\t\t<div class=\"elementor-widget-wrap elementor-element-populated\">\n\t\t\t\t\t\t<div class=\"elementor-element elementor-element-addfe10 elementor-widget elementor-widget-text-editor\" data-id=\"addfe10\" data-element_type=\"widget\" data-e-type=\"widget\" data-widget_type=\"text-editor.default\">\n\t\t\t\t<div class=\"elementor-widget-container\">\n\t\t\t\t\t\t\t\t\t<p>Our study of the micromorphology samples, coupled with associated loose samples we collected later for lipid biomarker analysis, has allowed us to characterize the aboriginal goat stabling sequence. The sequence records a succession of stabling events made up of mixed dung and fodder. Our biomarker data suggest that the goats had a diet based on grassy vegetation, not the shurbs and woody plants from the site surroundings. Further research will elucidate if by this time, after several centuries of inhabiting the island and clearing fields for small-scale agriculture, the aboriginal population had already degraded the landscape and grasses prevailed. Our micromorphology data also indicate that the stabling deposits were periodically burned. This type of deposit is known as a fumier, and has been widely documented using micromorphology, especially in sites dating to the Bronze age and Neolithic. Belmaco is the first case of a \u00a0fumier in a recent Canarian aboriginal site. It also represents the first documented case of a fumier in a volcanic setting. Our analyses show that dung dissolution in contact with volcanic minerals may lead to the formation of specific authigenic minerals. This information will be useful for the study of similar deposits in other volcanic settings.<\/p>\t\t\t\t\t\t\t\t<\/div>\n\t\t\t\t<\/div>\n\t\t\t\t\t<\/div>\n\t\t<\/div>\n\t\t\t\t\t<\/div>\n\t\t<\/section>\n\t\t\t\t<section class=\"elementor-section elementor-top-section elementor-element elementor-element-ce9a945 elementor-section-boxed elementor-section-height-default elementor-section-height-default\" data-id=\"ce9a945\" data-element_type=\"section\" data-e-type=\"section\">\n\t\t\t\t\t\t<div class=\"elementor-container elementor-column-gap-default\">\n\t\t\t\t\t<div class=\"elementor-column elementor-col-100 elementor-top-column elementor-element elementor-element-d7ef6ca\" data-id=\"d7ef6ca\" data-element_type=\"column\" data-e-type=\"column\">\n\t\t\t<div class=\"elementor-widget-wrap elementor-element-populated\">\n\t\t\t\t\t\t<div class=\"elementor-element elementor-element-97337b1 elementor-widget elementor-widget-image\" data-id=\"97337b1\" data-element_type=\"widget\" data-e-type=\"widget\" data-widget_type=\"image.default\">\n\t\t\t\t<div class=\"elementor-widget-container\">\n\t\t\t\t\t\t\t\t\t\t\t\t\t\t\t<img decoding=\"async\" width=\"812\" height=\"457\" src=\"https:\/\/wp.ull.es\/ambilab\/wp-content\/uploads\/sites\/86\/2021\/04\/20150330_144706-1024x576.jpg\" class=\"attachment-large size-large wp-image-2107\" alt=\"\" srcset=\"https:\/\/wp.ull.es\/ambilab\/wp-content\/uploads\/sites\/86\/2021\/04\/20150330_144706-1024x576.jpg 1024w, https:\/\/wp.ull.es\/ambilab\/wp-content\/uploads\/sites\/86\/2021\/04\/20150330_144706-300x169.jpg 300w, https:\/\/wp.ull.es\/ambilab\/wp-content\/uploads\/sites\/86\/2021\/04\/20150330_144706-768x432.jpg 768w, https:\/\/wp.ull.es\/ambilab\/wp-content\/uploads\/sites\/86\/2021\/04\/20150330_144706-1536x864.jpg 1536w, https:\/\/wp.ull.es\/ambilab\/wp-content\/uploads\/sites\/86\/2021\/04\/20150330_144706.jpg 2048w\" sizes=\"(max-width: 812px) 100vw, 812px\" \/>\t\t\t\t\t\t\t\t\t\t\t\t\t\t\t<\/div>\n\t\t\t\t<\/div>\n\t\t\t\t\t<\/div>\n\t\t<\/div>\n\t\t\t\t\t<\/div>\n\t\t<\/section>\n\t\t\t\t<section class=\"elementor-section elementor-top-section elementor-element elementor-element-e3af3bc elementor-section-boxed elementor-section-height-default elementor-section-height-default\" data-id=\"e3af3bc\" data-element_type=\"section\" data-e-type=\"section\">\n\t\t\t\t\t\t<div class=\"elementor-container elementor-column-gap-default\">\n\t\t\t\t\t<div class=\"elementor-column elementor-col-100 elementor-top-column elementor-element elementor-element-eea8d14\" data-id=\"eea8d14\" data-element_type=\"column\" data-e-type=\"column\">\n\t\t\t<div class=\"elementor-widget-wrap elementor-element-populated\">\n\t\t\t\t\t\t<div class=\"elementor-element elementor-element-6ba7dcc elementor-widget-divider--view-line elementor-widget elementor-widget-divider\" data-id=\"6ba7dcc\" data-element_type=\"widget\" data-e-type=\"widget\" data-widget_type=\"divider.default\">\n\t\t\t\t<div class=\"elementor-widget-container\">\n\t\t\t\t\t\t\t<div class=\"elementor-divider\">\n\t\t\t<span class=\"elementor-divider-separator\">\n\t\t\t\t\t\t<\/span>\n\t\t<\/div>\n\t\t\t\t\t\t<\/div>\n\t\t\t\t<\/div>\n\t\t\t\t\t<\/div>\n\t\t<\/div>\n\t\t\t\t\t<\/div>\n\t\t<\/section>\n\t\t\t\t<section class=\"elementor-section elementor-top-section elementor-element elementor-element-351d860 elementor-section-boxed elementor-section-height-default elementor-section-height-default\" data-id=\"351d860\" data-element_type=\"section\" data-e-type=\"section\">\n\t\t\t\t\t\t<div class=\"elementor-container elementor-column-gap-default\">\n\t\t\t\t\t<div class=\"elementor-column elementor-col-100 elementor-top-column elementor-element elementor-element-8a41359\" data-id=\"8a41359\" data-element_type=\"column\" data-e-type=\"column\">\n\t\t\t<div class=\"elementor-widget-wrap elementor-element-populated\">\n\t\t\t\t\t\t<div class=\"elementor-element elementor-element-1d2da5d elementor-widget elementor-widget-heading\" data-id=\"1d2da5d\" data-element_type=\"widget\" data-e-type=\"widget\" data-widget_type=\"heading.default\">\n\t\t\t\t<div class=\"elementor-widget-container\">\n\t\t\t\t\t<h3 class=\"elementor-heading-title elementor-size-default\">Publications<\/h3>\t\t\t\t<\/div>\n\t\t\t\t<\/div>\n\t\t\t\t\t<\/div>\n\t\t<\/div>\n\t\t\t\t\t<\/div>\n\t\t<\/section>\n\t\t\t\t<section class=\"elementor-section elementor-top-section elementor-element elementor-element-84b674b elementor-section-boxed elementor-section-height-default elementor-section-height-default\" data-id=\"84b674b\" data-element_type=\"section\" data-e-type=\"section\">\n\t\t\t\t\t\t<div class=\"elementor-container elementor-column-gap-default\">\n\t\t\t\t\t<div class=\"elementor-column elementor-col-100 elementor-top-column elementor-element elementor-element-2af6c3d\" data-id=\"2af6c3d\" data-element_type=\"column\" data-e-type=\"column\">\n\t\t\t<div class=\"elementor-widget-wrap elementor-element-populated\">\n\t\t\t\t\t\t<div class=\"elementor-element elementor-element-b15a72d elementor-widget elementor-widget-text-editor\" data-id=\"b15a72d\" data-element_type=\"widget\" data-e-type=\"widget\" data-widget_type=\"text-editor.default\">\n\t\t\t\t<div class=\"elementor-widget-container\">\n\t\t\t\t\t\t\t\t\t<p>Fern\u00e1ndez-Palacios, E., Herrera-Herrera, A. V., Gilson, S.-P., \u00c9g\u00fcez, N., Jambrina-Enr\u00edquez, M., Santana, J., &amp; Mallol, C. (2023). Distinguishing between sheep and goat in archaeological fumiers through faecal lipid biomarkers: The case of Belmaco Cave (Canary Islands, Spain). <i>Quaternary International: The Journal of the International Union for Quaternary Research<\/i>. https:\/\/doi.org\/10.1016\/j.quaint.2023.08.012<br \/><br \/>Fern\u00e1ndez-Palacios, E., Jambrina-Enr\u00edquez, M., Mentzer, S. M., Rodr\u00edguez, C., Dinckal, A., \u00c9g\u00fcez, N., Herrera-Herrera, A. V., Navarro, J. F., Marrero, E., Miller, C., &amp; Mallol, C. (2023). Reconstructing formation processes at the Canary Islands indigenous site of Belmaco Cave (La Palma, Spain) through a multiproxy geoarchaeological approach. <i>Geoarchaeology<\/i>. https:\/\/doi.org\/10.1002\/gea.21972<\/p>\t\t\t\t\t\t\t\t<\/div>\n\t\t\t\t<\/div>\n\t\t\t\t\t<\/div>\n\t\t<\/div>\n\t\t\t\t\t<\/div>\n\t\t<\/section>\n\t\t\t\t<section class=\"elementor-section elementor-top-section elementor-element elementor-element-35726a0 elementor-section-boxed elementor-section-height-default elementor-section-height-default\" data-id=\"35726a0\" data-element_type=\"section\" data-e-type=\"section\">\n\t\t\t\t\t\t<div class=\"elementor-container elementor-column-gap-default\">\n\t\t\t\t\t<div class=\"elementor-column elementor-col-100 elementor-top-column elementor-element elementor-element-30b9f3d\" data-id=\"30b9f3d\" data-element_type=\"column\" data-e-type=\"column\">\n\t\t\t<div class=\"elementor-widget-wrap elementor-element-populated\">\n\t\t\t\t\t\t<div class=\"elementor-element elementor-element-9e0d9ef elementor-widget-divider--view-line elementor-widget elementor-widget-divider\" data-id=\"9e0d9ef\" data-element_type=\"widget\" data-e-type=\"widget\" data-widget_type=\"divider.default\">\n\t\t\t\t<div class=\"elementor-widget-container\">\n\t\t\t\t\t\t\t<div class=\"elementor-divider\">\n\t\t\t<span class=\"elementor-divider-separator\">\n\t\t\t\t\t\t<\/span>\n\t\t<\/div>\n\t\t\t\t\t\t<\/div>\n\t\t\t\t<\/div>\n\t\t\t\t\t<\/div>\n\t\t<\/div>\n\t\t\t\t\t<\/div>\n\t\t<\/section>\n\t\t\t\t<section class=\"elementor-section elementor-top-section elementor-element elementor-element-eac1a0a elementor-section-boxed elementor-section-height-default elementor-section-height-default\" data-id=\"eac1a0a\" data-element_type=\"section\" data-e-type=\"section\">\n\t\t\t\t\t\t<div class=\"elementor-container elementor-column-gap-default\">\n\t\t\t\t\t<div class=\"elementor-column elementor-col-100 elementor-top-column elementor-element elementor-element-3fdfe04\" data-id=\"3fdfe04\" data-element_type=\"column\" data-e-type=\"column\">\n\t\t\t<div class=\"elementor-widget-wrap elementor-element-populated\">\n\t\t\t\t\t\t<div class=\"elementor-element elementor-element-3e56130 elementor-widget elementor-widget-heading\" data-id=\"3e56130\" data-element_type=\"widget\" data-e-type=\"widget\" data-widget_type=\"heading.default\">\n\t\t\t\t<div class=\"elementor-widget-container\">\n\t\t\t\t\t<h3 class=\"elementor-heading-title elementor-size-default\">Funding<\/h3>\t\t\t\t<\/div>\n\t\t\t\t<\/div>\n\t\t\t\t\t<\/div>\n\t\t<\/div>\n\t\t\t\t\t<\/div>\n\t\t<\/section>\n\t\t\t\t<section class=\"elementor-section elementor-top-section elementor-element elementor-element-4b7b95e elementor-section-boxed elementor-section-height-default elementor-section-height-default\" data-id=\"4b7b95e\" data-element_type=\"section\" data-e-type=\"section\">\n\t\t\t\t\t\t<div class=\"elementor-container elementor-column-gap-default\">\n\t\t\t\t\t<div class=\"elementor-column elementor-col-100 elementor-top-column elementor-element elementor-element-0907dc2\" data-id=\"0907dc2\" data-element_type=\"column\" data-e-type=\"column\">\n\t\t\t<div class=\"elementor-widget-wrap elementor-element-populated\">\n\t\t\t\t\t\t<div class=\"elementor-element elementor-element-f20ff76 elementor-widget elementor-widget-image\" data-id=\"f20ff76\" data-element_type=\"widget\" data-e-type=\"widget\" data-widget_type=\"image.default\">\n\t\t\t\t<div class=\"elementor-widget-container\">\n\t\t\t\t\t\t\t\t\t\t\t\t\t\t\t<img decoding=\"async\" src=\"https:\/\/wp.ull.es\/ambilab\/wp-content\/uploads\/sites\/86\/elementor\/thumbs\/cajacanarias-p555itnq1biaorut6ewk1tac8wnlp1nl0137f997c8.jpg\" title=\"cajacanarias\" alt=\"cajacanarias\" loading=\"lazy\" \/>\t\t\t\t\t\t\t\t\t\t\t\t\t\t\t<\/div>\n\t\t\t\t<\/div>\n\t\t\t\t\t<\/div>\n\t\t<\/div>\n\t\t\t\t\t<\/div>\n\t\t<\/section>\n\t\t\t\t<section class=\"elementor-section elementor-top-section elementor-element elementor-element-af922c9 elementor-section-boxed elementor-section-height-default elementor-section-height-default\" data-id=\"af922c9\" data-element_type=\"section\" data-e-type=\"section\">\n\t\t\t\t\t\t<div class=\"elementor-container elementor-column-gap-default\">\n\t\t\t\t\t<div class=\"elementor-column elementor-col-100 elementor-top-column elementor-element elementor-element-818b9c6\" data-id=\"818b9c6\" data-element_type=\"column\" data-e-type=\"column\">\n\t\t\t<div class=\"elementor-widget-wrap elementor-element-populated\">\n\t\t\t\t\t\t<div class=\"elementor-element elementor-element-da4d13b elementor-widget elementor-widget-spacer\" data-id=\"da4d13b\" data-element_type=\"widget\" data-e-type=\"widget\" data-widget_type=\"spacer.default\">\n\t\t\t\t<div class=\"elementor-widget-container\">\n\t\t\t\t\t\t\t<div class=\"elementor-spacer\">\n\t\t\t<div class=\"elementor-spacer-inner\"><\/div>\n\t\t<\/div>\n\t\t\t\t\t\t<\/div>\n\t\t\t\t<\/div>\n\t\t\t\t\t<\/div>\n\t\t<\/div>\n\t\t\t\t\t<\/div>\n\t\t<\/section>\n\t\t\t\t<section class=\"elementor-section elementor-top-section elementor-element elementor-element-7d730bb elementor-section-boxed elementor-section-height-default elementor-section-height-default\" data-id=\"7d730bb\" data-element_type=\"section\" data-e-type=\"section\">\n\t\t\t\t\t\t<div class=\"elementor-container elementor-column-gap-default\">\n\t\t\t\t\t<div class=\"elementor-column elementor-col-50 elementor-top-column elementor-element elementor-element-9cf6fb9\" data-id=\"9cf6fb9\" data-element_type=\"column\" data-e-type=\"column\">\n\t\t\t<div class=\"elementor-widget-wrap elementor-element-populated\">\n\t\t\t\t\t\t<div class=\"elementor-element elementor-element-0cada7d elementor-align-center elementor-widget elementor-widget-button\" data-id=\"0cada7d\" data-element_type=\"widget\" data-e-type=\"widget\" data-widget_type=\"button.default\">\n\t\t\t\t<div class=\"elementor-widget-container\">\n\t\t\t\t\t\t\t\t\t<div class=\"elementor-button-wrapper\">\n\t\t\t\t\t<a class=\"elementor-button elementor-button-link elementor-size-sm\" href=\"https:\/\/wp.ull.es\/ambilab\/\">\n\t\t\t\t\t\t<span class=\"elementor-button-content-wrapper\">\n\t\t\t\t\t\t<span class=\"elementor-button-icon\">\n\t\t\t\t<i aria-hidden=\"true\" class=\"fas fa-home\"><\/i>\t\t\t<\/span>\n\t\t\t\t\t\t\t\t\t<span class=\"elementor-button-text\">Home<\/span>\n\t\t\t\t\t<\/span>\n\t\t\t\t\t<\/a>\n\t\t\t\t<\/div>\n\t\t\t\t\t\t\t\t<\/div>\n\t\t\t\t<\/div>\n\t\t\t\t\t<\/div>\n\t\t<\/div>\n\t\t\t\t<div class=\"elementor-column elementor-col-50 elementor-top-column elementor-element elementor-element-8c87863\" data-id=\"8c87863\" data-element_type=\"column\" data-e-type=\"column\">\n\t\t\t<div class=\"elementor-widget-wrap elementor-element-populated\">\n\t\t\t\t\t\t<div class=\"elementor-element elementor-element-110fd12 elementor-align-center elementor-widget elementor-widget-button\" data-id=\"110fd12\" data-element_type=\"widget\" data-e-type=\"widget\" data-widget_type=\"button.default\">\n\t\t\t\t<div class=\"elementor-widget-container\">\n\t\t\t\t\t\t\t\t\t<div class=\"elementor-button-wrapper\">\n\t\t\t\t\t<a class=\"elementor-button elementor-button-link elementor-size-sm\" href=\"https:\/\/wp.ull.es\/ambilab\/canary-island-geoarchaeology-2\/\">\n\t\t\t\t\t\t<span class=\"elementor-button-content-wrapper\">\n\t\t\t\t\t\t<span class=\"elementor-button-icon\">\n\t\t\t\t<i aria-hidden=\"true\" class=\"fas fa-step-backward\"><\/i>\t\t\t<\/span>\n\t\t\t\t\t\t\t\t\t<span class=\"elementor-button-text\">Canary Island Geoarchaeology<\/span>\n\t\t\t\t\t<\/span>\n\t\t\t\t\t<\/a>\n\t\t\t\t<\/div>\n\t\t\t\t\t\t\t\t<\/div>\n\t\t\t\t<\/div>\n\t\t\t\t\t<\/div>\n\t\t<\/div>\n\t\t\t\t\t<\/div>\n\t\t<\/section>\n\t\t\t\t<\/div>\n\t\t","protected":false},"excerpt":{"rendered":"<p>Shepherds and Farmers in La Palma Island Belmaco Cave (Mazo, La Palma) is an archaeological complex from the times of the Benahoritas (aboriginal population of La Palma island). It comprises stone engravings and stratified sedimentary deposits preserving evidence of domestic activity and goat stabling dating to between \u00a0&#8212; and &#8212; years ago. The site has [&hellip;]<\/p>\n","protected":false},"author":209,"featured_media":0,"parent":0,"menu_order":0,"comment_status":"closed","ping_status":"closed","template":"","meta":{"zakra_page_container_layout":"centered","zakra_page_sidebar_layout":"no_sidebar","zakra_remove_content_margin":false,"zakra_sidebar":"customizer","zakra_transparent_header":"customizer","zakra_logo":0,"zakra_main_header_style":"default","zakra_menu_item_color":"","zakra_menu_item_hover_color":"","zakra_menu_item_active_color":"","zakra_menu_active_style":"","zakra_page_header":true,"ngg_post_thumbnail":0,"footnotes":""},"class_list":["post-2185","page","type-page","status-publish","hentry"],"_links":{"self":[{"href":"https:\/\/wp.ull.es\/ambilab\/wp-json\/wp\/v2\/pages\/2185","targetHints":{"allow":["GET"]}}],"collection":[{"href":"https:\/\/wp.ull.es\/ambilab\/wp-json\/wp\/v2\/pages"}],"about":[{"href":"https:\/\/wp.ull.es\/ambilab\/wp-json\/wp\/v2\/types\/page"}],"author":[{"embeddable":true,"href":"https:\/\/wp.ull.es\/ambilab\/wp-json\/wp\/v2\/users\/209"}],"replies":[{"embeddable":true,"href":"https:\/\/wp.ull.es\/ambilab\/wp-json\/wp\/v2\/comments?post=2185"}],"version-history":[{"count":2,"href":"https:\/\/wp.ull.es\/ambilab\/wp-json\/wp\/v2\/pages\/2185\/revisions"}],"predecessor-version":[{"id":3442,"href":"https:\/\/wp.ull.es\/ambilab\/wp-json\/wp\/v2\/pages\/2185\/revisions\/3442"}],"wp:attachment":[{"href":"https:\/\/wp.ull.es\/ambilab\/wp-json\/wp\/v2\/media?parent=2185"}],"curies":[{"name":"wp","href":"https:\/\/api.w.org\/{rel}","templated":true}]}}