{"id":39,"date":"2025-07-20T23:00:24","date_gmt":"2025-07-20T21:00:24","guid":{"rendered":"https:\/\/wp.ull.es\/8ibmgmft\/?page_id=39"},"modified":"2026-01-27T21:42:54","modified_gmt":"2026-01-27T20:42:54","slug":"participants","status":"publish","type":"page","link":"https:\/\/wp.ull.es\/8ibmgmft\/participants\/","title":{"rendered":"PARTICIPANTS"},"content":{"rendered":"\t\t<div data-elementor-type=\"wp-page\" data-elementor-id=\"39\" class=\"elementor elementor-39\">\n\t\t\t\t<div class=\"elementor-element elementor-element-0b7efc9 e-flex e-con-boxed rael-particle-no e-con e-parent\" data-id=\"0b7efc9\" data-element_type=\"container\" data-e-type=\"container\" data-settings=\"{&quot;rae_animations_entrance&quot;:&quot;none&quot;}\">\n\t\t\t\t\t<div class=\"e-con-inner\">\n\t\t\t\t<div class=\"elementor-element elementor-element-ac6f280 elementor-widget elementor-widget-image\" data-id=\"ac6f280\" data-element_type=\"widget\" data-e-type=\"widget\" data-widget_type=\"image.default\">\n\t\t\t\t\t\t\t\t\t\t\t\t\t\t\t<img fetchpriority=\"high\" decoding=\"async\" width=\"1024\" height=\"526\" src=\"https:\/\/wp.ull.es\/8ibmgmft\/wp-content\/uploads\/sites\/231\/2026\/01\/5.jpg\" class=\"attachment-full size-full wp-image-587\" alt=\"\" srcset=\"https:\/\/wp.ull.es\/8ibmgmft\/wp-content\/uploads\/sites\/231\/2026\/01\/5.jpg 1024w, https:\/\/wp.ull.es\/8ibmgmft\/wp-content\/uploads\/sites\/231\/2026\/01\/5-300x154.jpg 300w, https:\/\/wp.ull.es\/8ibmgmft\/wp-content\/uploads\/sites\/231\/2026\/01\/5-768x395.jpg 768w, https:\/\/wp.ull.es\/8ibmgmft\/wp-content\/uploads\/sites\/231\/2026\/01\/5-100x51.jpg 100w, https:\/\/wp.ull.es\/8ibmgmft\/wp-content\/uploads\/sites\/231\/2026\/01\/5-150x77.jpg 150w, https:\/\/wp.ull.es\/8ibmgmft\/wp-content\/uploads\/sites\/231\/2026\/01\/5-200x103.jpg 200w, https:\/\/wp.ull.es\/8ibmgmft\/wp-content\/uploads\/sites\/231\/2026\/01\/5-450x231.jpg 450w, https:\/\/wp.ull.es\/8ibmgmft\/wp-content\/uploads\/sites\/231\/2026\/01\/5-600x308.jpg 600w, https:\/\/wp.ull.es\/8ibmgmft\/wp-content\/uploads\/sites\/231\/2026\/01\/5-900x462.jpg 900w\" sizes=\"(max-width: 1024px) 100vw, 1024px\" \/>\t\t\t\t\t\t\t\t\t\t\t\t\t\t\t<\/div>\n\t\t\t\t\t<\/div>\n\t\t\t\t<\/div>\n\t\t<div class=\"elementor-element elementor-element-43494b2 e-flex e-con-boxed rael-particle-no e-con e-parent\" data-id=\"43494b2\" data-element_type=\"container\" data-e-type=\"container\" data-settings=\"{&quot;rae_animations_entrance&quot;:&quot;none&quot;}\">\n\t\t\t\t\t<div class=\"e-con-inner\">\n\t\t\t\t<div class=\"elementor-element elementor-element-51ccded elementor-widget-divider--view-line elementor-widget elementor-widget-divider\" data-id=\"51ccded\" data-element_type=\"widget\" data-e-type=\"widget\" data-widget_type=\"divider.default\">\n\t\t\t\t\t\t\t<div class=\"elementor-divider\">\n\t\t\t<span class=\"elementor-divider-separator\">\n\t\t\t\t\t\t<\/span>\n\t\t<\/div>\n\t\t\t\t\t\t<\/div>\n\t\t\t\t\t<\/div>\n\t\t\t\t<\/div>\n\t\t<div class=\"elementor-element elementor-element-0a7ff31 e-flex e-con-boxed rael-particle-no e-con e-parent\" data-id=\"0a7ff31\" data-element_type=\"container\" data-e-type=\"container\" data-settings=\"{&quot;rae_animations_entrance&quot;:&quot;none&quot;}\">\n\t\t\t\t\t<div class=\"e-con-inner\">\n\t\t\t\t<div class=\"elementor-element elementor-element-06a1055 elementor-widget elementor-widget-text-editor\" data-id=\"06a1055\" data-element_type=\"widget\" data-e-type=\"widget\" data-widget_type=\"text-editor.default\">\n\t\t\t\t\t\t\t\t\t<table width=\"870\"><tbody><tr><td width=\"167\">Surname\u00a0<\/td><td width=\"135\">Name\u00a0<\/td><td width=\"429\">Institution\u00a0<\/td><td width=\"139\">Country\u00a0<\/td><\/tr><tr><td>Anahory Simoes<\/td><td>Alexandre<\/td><td>IE University<\/td><td>Espa\u00f1a<\/td><\/tr><tr><td>Ballesteros<\/td><td>Angel<\/td><td>Universidad de Burgos\u00a0<\/td><td>Espa\u00f1a<\/td><\/tr><tr><td>Balseiro<\/td><td>Paula\u00a0<\/td><td>Universidade Federal Fluminense<\/td><td>Brasil<\/td><\/tr><tr><td>Barbero<\/td><td>Mar\u00eda\u00a0<\/td><td>Universidad Polit\u00e9cnica de Catalu\u00f1a\u00a0<\/td><td>Espa\u00f1a<\/td><\/tr><tr><td>Benitez<\/td><td>Carla<\/td><td>Universidad de La Laguna<\/td><td>Espa\u00f1a<\/td><\/tr><tr><td>Berbel L\u00f3pez<\/td><td>Miguel \u00c1ngel<\/td><td>Universidad Pontificia Comillas<\/td><td>Espa\u00f1a<\/td><\/tr><tr><td>Bravetti<\/td><td>Alessandro\u00a0<\/td><td>University of Camerino<\/td><td>Italia\u00a0<\/td><\/tr><tr><td>Cabrera<\/td><td>Alejandro\u00a0<\/td><td>UFRJ<\/td><td>Brasil\u00a0<\/td><\/tr><tr><td>Capriotti<\/td><td>Santiago<\/td><td>Universidad Nacional del Sur<\/td><td>Argentina<\/td><\/tr><tr><td>Chinea\u00a0<\/td><td>Domingo<\/td><td>Universidad de La Laguna<\/td><td>Espa\u00f1a<\/td><\/tr><tr><td>Cosserat<\/td><td>Oscar\u00a0<\/td><td>ICMAT\u00a0<\/td><td>Espa\u00f1a<\/td><\/tr><tr><td>de Le\u00f3n<\/td><td>Manuel<\/td><td>ICMAT-CSIC and Real Academia de Ciencias de Espa\u00f1a<\/td><td>Espa\u00f1a<\/td><\/tr><tr><td>De Nicola<\/td><td>Antonio<\/td><td>Universit\u00e0 degli Studi di Salerno<\/td><td>Italia<\/td><\/tr><tr><td>Dell&#8217;Acqua<\/td><td>Matteo<\/td><td>University of Munich (LMU)\u00a0<\/td><td>Alemania<\/td><\/tr><tr><td>Diaz<\/td><td>Viviana Alejandra<\/td><td>Universidad Nacional del Sur<\/td><td>Argentina<\/td><\/tr><tr><td>D\u00edaz Maceda<\/td><td>Marco<\/td><td>CUNEF<\/td><td>Espa\u00f1a<\/td><\/tr><tr><td>Garc\u00eda R\u00edo<\/td><td>Eduardo<\/td><td>Universidad de Santiago de Compostela<\/td><td>Espa\u00f1a<\/td><\/tr><tr><td>Gaset Rif\u00e0<\/td><td>Jordi<\/td><td>CUNEF Universidad<\/td><td>Espa\u00f1a<\/td><\/tr><tr><td>Gay-Balmaz<\/td><td>Francoise<\/td><td>Nanyang Technological University<\/td><td>Singapur<\/td><\/tr><tr><td>Gonz\u00e1lez D\u00e1vila\u00a0<\/td><td>Candelaria<\/td><td>Universidad de La Laguna<\/td><td>Espa\u00f1a<\/td><\/tr><tr><td>Grabowska<\/td><td>Kasia\u00a0<\/td><td>Uniwersytet Warszawski<\/td><td>Polonia<\/td><\/tr><tr><td>Grabowski<\/td><td>Janusz\u00a0<\/td><td>Institute of Mathematics, Polish Academy of Sciences, Warsaw<\/td><td>Polonia<\/td><\/tr><tr><td>Gr\u00e0cia<\/td><td>Xavier<\/td><td>Universitat Polit\u00e8cnica de Catalunya<\/td><td>Espa\u00f1a<\/td><\/tr><tr><td>Grillo<\/td><td>Sergio<\/td><td>Instituto Balseiro<\/td><td>Argentina<\/td><\/tr><tr><td>Guti\u00e9rrez Sagredo<\/td><td>Iv\u00e1n\u00a0<\/td><td>Universidad de Burgos\u00a0<\/td><td>Espa\u00f1a<\/td><\/tr><tr><td>Ibort<\/td><td>Alberto<\/td><td>UC3M y ICMAT<\/td><td>Espa\u00f1a<\/td><\/tr><tr><td>Iglesias<\/td><td>David\u00a0<\/td><td>Universidad de La Laguna<\/td><td>Espa\u00f1a<\/td><\/tr><tr><td>Izquierdo-L\u00f3pez<\/td><td>Rub\u00e9n<\/td><td>UAM-ICMAT<\/td><td>Espa\u00f1a<\/td><\/tr><tr><td>Jim\u00e9nez<\/td><td>Victor<\/td><td>UNED<\/td><td>Espa\u00f1a<\/td><\/tr><tr><td>Jim\u00e9nez V\u00e1zquez<\/td><td>Mar\u00eda<\/td><td>Universidad Carlos III<\/td><td>Espa\u00f1a<\/td><\/tr><tr><td>Lainz<\/td><td>Manuel<\/td><td>CUNEF<\/td><td>Espa\u00f1a<\/td><\/tr><tr><td>L\u00f3pez Medel<\/td><td>Juan Manuel<\/td><td>ICMAT<\/td><td>Espa\u00f1a<\/td><\/tr><tr><td>L\u00f3pez-Gord\u00f3n<\/td><td>Asier<\/td><td>Instytut Matematyczny PAN<\/td><td>Polonia<\/td><\/tr><tr><td>M. Campos<\/td><td>C\u00e9dric\u00a0<\/td><td>Universidad de Valencia<\/td><td>Espa\u00f1a<\/td><\/tr><tr><td>Malika<\/td><td>Belrhazi<\/td><td>University of Antwerp<\/td><td>B\u00e9lgica\u00a0<\/td><\/tr><tr><td>Marmo\u00a0<\/td><td>Giuseppe\u00a0<\/td><td>Universit\u00e0 di Napoli \u00abFederico II\u00bb<\/td><td>Italia<\/td><\/tr><tr><td>Marrero<\/td><td>Juan Carlos<\/td><td>Universidad de La Laguna<\/td><td>Espa\u00f1a<\/td><\/tr><tr><td>Martin de Diego<\/td><td>David<\/td><td>ICMAT<\/td><td>Espa\u00f1a<\/td><\/tr><tr><td>Mart\u00ednez Mu\u00f1oz<\/td><td>\u00c1ngel<\/td><td>Universitat Rovira i Virgili<\/td><td>Espa\u00f1a<\/td><\/tr><tr><td>Mestdag\u00a0<\/td><td>Tom<\/td><td>University of Antwerp<\/td><td>B\u00e9lgica<\/td><\/tr><tr><td>Padr\u00f3n<\/td><td>Edith<\/td><td>Universidad de La Laguna<\/td><td>Espa\u00f1a<\/td><\/tr><tr><td>Rivas<\/td><td>Xavier<\/td><td>Universitat Rovira i Virgili<\/td><td>Espa\u00f1a<\/td><\/tr><tr><td>Rodr\u00edguez Abella<\/td><td>\u00c1lvaro<\/td><td>Universidad Pontificia de Comillas<\/td><td>Espa\u00f1a<\/td><\/tr><tr><td>Rom\u00e1n-Roy<\/td><td>Narciso<\/td><td>Universitat Polit\u00e8cnica de Catalunya<\/td><td>Espa\u00f1a<\/td><\/tr><tr><td>Sanders<\/td><td>Fraser<\/td><td>University of Manchester<\/td><td>Reino Unido<\/td><\/tr><tr><td>Sansonetto<\/td><td>Nicola<\/td><td>University of Verona<\/td><td>Italia<\/td><\/tr><tr><td>Straat<\/td><td>Jesse<\/td><td>Vrije Universiteit Amsterdam<\/td><td>Holanda<\/td><\/tr><tr><td>Torres Moral<\/td><td>Daniel<\/td><td>Universitat Polit\u00e8cnica de Catalunya<\/td><td>Espa\u00f1a<\/td><\/tr><tr><td>van der Schaft<\/td><td>Arjan\u00a0<\/td><td>University of Groningen<\/td><td>Holanda<\/td><\/tr><tr><td>Vaquero<\/td><td>Miguel<\/td><td>IE University<\/td><td>Espa\u00f1a<\/td><\/tr><tr><td>Vermeeren<\/td><td>Mats<\/td><td>Loughborough University<\/td><td>Reino Unido<\/td><\/tr><tr><td>Yasaka<\/td><td>Kenzo<\/td><td>University of Antwerp<\/td><td>B\u00e9lgica<\/td><\/tr><\/tbody><\/table>\t\t\t\t\t\t\t\t<\/div>\n\t\t\t\t\t<\/div>\n\t\t\t\t<\/div>\n\t\t\t\t<\/div>\n\t\t","protected":false},"excerpt":{"rendered":"<p>Surname\u00a0 Name\u00a0 Institution\u00a0 Country\u00a0 Anahory Simoes Alexandre IE University Espa\u00f1a Ballesteros Angel Universidad de Burgos\u00a0 Espa\u00f1a Balseiro Paula\u00a0 Universidade Federal Fluminense Brasil Barbero Mar\u00eda\u00a0 Universidad Polit\u00e9cnica de Catalu\u00f1a\u00a0 Espa\u00f1a Benitez Carla Universidad de La Laguna Espa\u00f1a Berbel L\u00f3pez Miguel \u00c1ngel &hellip;<\/p>\n<p class=\"read-more\"> <a class=\"more-link\" href=\"https:\/\/wp.ull.es\/8ibmgmft\/participants\/\"> <span class=\"screen-reader-text\">PARTICIPANTS<\/span> Leer m\u00e1s \u00bb<\/a><\/p>\n","protected":false},"author":460,"featured_media":0,"parent":0,"menu_order":0,"comment_status":"closed","ping_status":"closed","template":"elementor_header_footer","meta":{"footnotes":""},"class_list":["post-39","page","type-page","status-publish","hentry"],"_links":{"self":[{"href":"https:\/\/wp.ull.es\/8ibmgmft\/wp-json\/wp\/v2\/pages\/39","targetHints":{"allow":["GET"]}}],"collection":[{"href":"https:\/\/wp.ull.es\/8ibmgmft\/wp-json\/wp\/v2\/pages"}],"about":[{"href":"https:\/\/wp.ull.es\/8ibmgmft\/wp-json\/wp\/v2\/types\/page"}],"author":[{"embeddable":true,"href":"https:\/\/wp.ull.es\/8ibmgmft\/wp-json\/wp\/v2\/users\/460"}],"replies":[{"embeddable":true,"href":"https:\/\/wp.ull.es\/8ibmgmft\/wp-json\/wp\/v2\/comments?post=39"}],"version-history":[{"count":2,"href":"https:\/\/wp.ull.es\/8ibmgmft\/wp-json\/wp\/v2\/pages\/39\/revisions"}],"predecessor-version":[{"id":615,"href":"https:\/\/wp.ull.es\/8ibmgmft\/wp-json\/wp\/v2\/pages\/39\/revisions\/615"}],"wp:attachment":[{"href":"https:\/\/wp.ull.es\/8ibmgmft\/wp-json\/wp\/v2\/media?parent=39"}],"curies":[{"name":"wp","href":"https:\/\/api.w.org\/{rel}","templated":true}]}}