{"id":33,"date":"2025-07-20T22:57:33","date_gmt":"2025-07-20T20:57:33","guid":{"rendered":"https:\/\/wp.ull.es\/8ibmgmft\/?page_id=33"},"modified":"2026-01-27T21:10:35","modified_gmt":"2026-01-27T20:10:35","slug":"committees","status":"publish","type":"page","link":"https:\/\/wp.ull.es\/8ibmgmft\/committees\/","title":{"rendered":"COMMITTEES"},"content":{"rendered":"\t\t<div data-elementor-type=\"wp-page\" data-elementor-id=\"33\" class=\"elementor elementor-33\">\n\t\t\t\t<div class=\"elementor-element elementor-element-3cf78289 e-flex e-con-boxed rael-particle-no e-con e-parent\" data-id=\"3cf78289\" data-element_type=\"container\" data-e-type=\"container\" data-settings=\"{&quot;rae_animations_entrance&quot;:&quot;none&quot;}\">\n\t\t\t\t\t<div class=\"e-con-inner\">\n\t\t\t\t<div class=\"elementor-element elementor-element-f75996a elementor-widget elementor-widget-image\" data-id=\"f75996a\" data-element_type=\"widget\" data-e-type=\"widget\" data-widget_type=\"image.default\">\n\t\t\t\t\t\t\t\t\t\t\t\t\t\t\t<img fetchpriority=\"high\" decoding=\"async\" width=\"1024\" height=\"526\" src=\"https:\/\/wp.ull.es\/8ibmgmft\/wp-content\/uploads\/sites\/231\/2026\/01\/4.jpg\" class=\"attachment-full size-full wp-image-586\" alt=\"\" srcset=\"https:\/\/wp.ull.es\/8ibmgmft\/wp-content\/uploads\/sites\/231\/2026\/01\/4.jpg 1024w, https:\/\/wp.ull.es\/8ibmgmft\/wp-content\/uploads\/sites\/231\/2026\/01\/4-300x154.jpg 300w, https:\/\/wp.ull.es\/8ibmgmft\/wp-content\/uploads\/sites\/231\/2026\/01\/4-768x395.jpg 768w, https:\/\/wp.ull.es\/8ibmgmft\/wp-content\/uploads\/sites\/231\/2026\/01\/4-100x51.jpg 100w, https:\/\/wp.ull.es\/8ibmgmft\/wp-content\/uploads\/sites\/231\/2026\/01\/4-150x77.jpg 150w, https:\/\/wp.ull.es\/8ibmgmft\/wp-content\/uploads\/sites\/231\/2026\/01\/4-200x103.jpg 200w, https:\/\/wp.ull.es\/8ibmgmft\/wp-content\/uploads\/sites\/231\/2026\/01\/4-450x231.jpg 450w, https:\/\/wp.ull.es\/8ibmgmft\/wp-content\/uploads\/sites\/231\/2026\/01\/4-600x308.jpg 600w, https:\/\/wp.ull.es\/8ibmgmft\/wp-content\/uploads\/sites\/231\/2026\/01\/4-900x462.jpg 900w\" sizes=\"(max-width: 1024px) 100vw, 1024px\" \/>\t\t\t\t\t\t\t\t\t\t\t\t\t\t\t<\/div>\n\t\t\t\t<div class=\"elementor-element elementor-element-39c4bba4 elementor-widget elementor-widget-text-editor\" data-id=\"39c4bba4\" data-element_type=\"widget\" data-e-type=\"widget\" data-widget_type=\"text-editor.default\">\n\t\t\t\t\t\t\t\t\t<p><span style=\"text-decoration: underline\"><strong>ORGANIZING COMMITTEE<\/strong><\/span><\/p>\n<p><!-- \/wp:paragraph --><!-- wp:paragraph {\"kioblocks\":[]} --><\/p>\n<p><strong>David Iglesias Ponte ,\u00a0<\/strong>ULL<br \/><strong>David Mart\u00edn de Diego,<\/strong>\u00a0ICMAT<br \/><strong>Edith Padr\u00f3n Fern\u00e1ndez <\/strong>ULL<br \/><strong>Carla Benitez Garc\u00eda,<\/strong>\u00a0ULL<\/p>\n<p><!-- \/wp:paragraph --><!-- wp:paragraph {\"kioblocks\":[]} --><\/p>\n<p><strong><span style=\"text-decoration: underline\">SCIENTIFIC\u00a0 C<span style=\"font-family: Roboto, sans-serif;font-size: 16px;font-style: normal;text-transform: inherit\">OMMITTEE<\/span><\/span><\/strong><\/p>\n<p><!-- \/wp:paragraph --><!-- wp:paragraph {\"kioblocks\":[]} --><\/p>\n<p><strong>Paula Balseiro,<\/strong>\u00a0UFF, Rio de Janeiro, Brazil<br \/><strong>Luis C. Garc\u00eda Naranjo,<\/strong>\u00a0IIMAS, UNAM, Mexico City, Mexico<br \/><strong>Jair Koiller,<\/strong>\u00a0Universidade Federal de Juiz de Fora, Brazil<br \/><strong>Sergio Grillo,<\/strong>\u00a0Centro At\u00f3mico Bariloche, Argentina<br \/><strong>Manuel de Le\u00f3n<\/strong>, ICMAT, Madrid, Spain<br \/><strong>Eduardo Mart\u00ednez,<\/strong>\u00a0Universidad de Zaragoza, Spain<br \/><strong>Sonia Mart\u00ednez,<\/strong>\u00a0University of California, San Diego, USA<br \/><strong>Joana Nunes da Costa,<\/strong>\u00a0Universidade de Coimbra, Portugal<br \/><strong>Juan Pablo Ortega,<\/strong>\u00a0University of St. Gallen, Switzerland<br \/><strong>Ernesto P\u00e9rez-Chavela,<\/strong>\u00a0ITAM, Mexico City, Mexico<br \/><strong>Tudor Ratiu,<\/strong>\u00a0Shanghai Jiao Tong University, Shanghai, China<br \/><strong>Miguel Rodr\u00edguez Olmos,<\/strong>\u00a0UPC, Barcelona, Spain<br \/><strong>Narciso Rom\u00e1n-Roy,<\/strong>\u00a0\u00a0UPC, Barcelona, Spain<br \/><strong>Cristina Stoica,<\/strong>\u00a0Wilfrid Laurier University, CanadaS<\/p>\n<p><!-- \/wp:paragraph --><\/p>\t\t\t\t\t\t\t\t<\/div>\n\t\t\t\t\t<\/div>\n\t\t\t\t<\/div>\n\t\t<div class=\"elementor-element elementor-element-d278ced e-flex e-con-boxed rael-particle-no e-con e-parent\" data-id=\"d278ced\" data-element_type=\"container\" data-e-type=\"container\" data-settings=\"{&quot;rae_animations_entrance&quot;:&quot;none&quot;}\">\n\t\t\t\t\t<div class=\"e-con-inner\">\n\t\t\t\t\t<\/div>\n\t\t\t\t<\/div>\n\t\t\t\t<\/div>\n\t\t","protected":false},"excerpt":{"rendered":"<p>ORGANIZING COMMITTEE David Iglesias Ponte ,\u00a0ULLDavid Mart\u00edn de Diego,\u00a0ICMATEdith Padr\u00f3n Fern\u00e1ndez ULLCarla Benitez Garc\u00eda,\u00a0ULL SCIENTIFIC\u00a0 COMMITTEE Paula Balseiro,\u00a0UFF, Rio de Janeiro, BrazilLuis C. Garc\u00eda Naranjo,\u00a0IIMAS, UNAM, Mexico City, MexicoJair Koiller,\u00a0Universidade Federal de Juiz de Fora, BrazilSergio Grillo,\u00a0Centro At\u00f3mico Bariloche, ArgentinaManuel &hellip;<\/p>\n<p class=\"read-more\"> <a class=\"more-link\" href=\"https:\/\/wp.ull.es\/8ibmgmft\/committees\/\"> <span class=\"screen-reader-text\">COMMITTEES<\/span> Leer m\u00e1s \u00bb<\/a><\/p>\n","protected":false},"author":460,"featured_media":0,"parent":0,"menu_order":0,"comment_status":"closed","ping_status":"closed","template":"elementor_header_footer","meta":{"footnotes":""},"class_list":["post-33","page","type-page","status-publish","hentry"],"_links":{"self":[{"href":"https:\/\/wp.ull.es\/8ibmgmft\/wp-json\/wp\/v2\/pages\/33","targetHints":{"allow":["GET"]}}],"collection":[{"href":"https:\/\/wp.ull.es\/8ibmgmft\/wp-json\/wp\/v2\/pages"}],"about":[{"href":"https:\/\/wp.ull.es\/8ibmgmft\/wp-json\/wp\/v2\/types\/page"}],"author":[{"embeddable":true,"href":"https:\/\/wp.ull.es\/8ibmgmft\/wp-json\/wp\/v2\/users\/460"}],"replies":[{"embeddable":true,"href":"https:\/\/wp.ull.es\/8ibmgmft\/wp-json\/wp\/v2\/comments?post=33"}],"version-history":[{"count":2,"href":"https:\/\/wp.ull.es\/8ibmgmft\/wp-json\/wp\/v2\/pages\/33\/revisions"}],"predecessor-version":[{"id":591,"href":"https:\/\/wp.ull.es\/8ibmgmft\/wp-json\/wp\/v2\/pages\/33\/revisions\/591"}],"wp:attachment":[{"href":"https:\/\/wp.ull.es\/8ibmgmft\/wp-json\/wp\/v2\/media?parent=33"}],"curies":[{"name":"wp","href":"https:\/\/api.w.org\/{rel}","templated":true}]}}