{"id":51,"date":"2022-12-01T09:37:16","date_gmt":"2022-12-01T09:37:16","guid":{"rendered":"https:\/\/wp.ull.es\/36geofis\/?page_id=51"},"modified":"2023-02-20T09:13:33","modified_gmt":"2023-02-20T09:13:33","slug":"inscripciones","status":"publish","type":"page","link":"https:\/\/wp.ull.es\/36geofis\/inscripciones\/","title":{"rendered":"Inscripciones"},"content":{"rendered":"\t\t<div data-elementor-type=\"wp-page\" data-elementor-id=\"51\" class=\"elementor elementor-51\">\n\t\t\t\t\t\t<section class=\"elementor-section elementor-top-section elementor-element elementor-element-b1e5b92 elementor-section-boxed elementor-section-height-default elementor-section-height-default\" data-id=\"b1e5b92\" data-element_type=\"section\" data-e-type=\"section\" data-settings=\"{&quot;background_background&quot;:&quot;classic&quot;}\">\n\t\t\t\t\t\t<div class=\"elementor-container elementor-column-gap-no\">\n\t\t\t\t\t<div class=\"elementor-column elementor-col-100 elementor-top-column elementor-element elementor-element-fcee5a8\" data-id=\"fcee5a8\" data-element_type=\"column\" data-e-type=\"column\">\n\t\t\t<div class=\"elementor-widget-wrap elementor-element-populated\">\n\t\t\t\t\t\t<div class=\"elementor-element elementor-element-39676e8 elementor-alert-warning animated-slow elementor-invisible elementor-widget elementor-widget-alert\" data-id=\"39676e8\" data-element_type=\"widget\" data-e-type=\"widget\" data-settings=\"{&quot;_animation&quot;:&quot;pulse&quot;}\" data-widget_type=\"alert.default\">\n\t\t\t\t<div class=\"elementor-widget-container\">\n\t\t\t\t\t\t\t<div class=\"elementor-alert\" role=\"alert\">\n\n\t\t\t\t\t\t<span class=\"elementor-alert-title\">INSCRIPCIONES CERRADAS<\/span>\n\t\t\t\n\t\t\t\n\t\t\t\n\t\t<\/div>\n\t\t\t\t\t\t<\/div>\n\t\t\t\t<\/div>\n\t\t\t\t\t<\/div>\n\t\t<\/div>\n\t\t\t\t\t<\/div>\n\t\t<\/section>\n\t\t\t\t<section class=\"elementor-section elementor-top-section elementor-element elementor-element-ebfa9bc elementor-section-full_width elementor-section-height-default elementor-section-height-default\" data-id=\"ebfa9bc\" data-element_type=\"section\" data-e-type=\"section\">\n\t\t\t\t\t\t<div class=\"elementor-container elementor-column-gap-default\">\n\t\t\t\t\t<div class=\"elementor-column elementor-col-100 elementor-top-column elementor-element elementor-element-98fdf40\" data-id=\"98fdf40\" data-element_type=\"column\" data-e-type=\"column\">\n\t\t\t<div class=\"elementor-widget-wrap elementor-element-populated\">\n\t\t\t\t\t\t<div class=\"elementor-element elementor-element-2a55ae1 elementor-widget elementor-widget-text-editor\" data-id=\"2a55ae1\" data-element_type=\"widget\" data-e-type=\"widget\" data-widget_type=\"text-editor.default\">\n\t\t\t\t<div class=\"elementor-widget-container\">\n\t\t\t\t\t\t\t\t\t<p><br><\/p><ul><li style=\"list-style-type: none\"><ul><li style=\"list-style-type: none\"><ul>\n<\/ul>\n<\/li>\n<\/ul>\n<\/li>\n<\/ul>\t\t\t\t\t\t\t\t<\/div>\n\t\t\t\t<\/div>\n\t\t\t\t\t<\/div>\n\t\t<\/div>\n\t\t\t\t\t<\/div>\n\t\t<\/section>\n\t\t\t\t<section class=\"elementor-section elementor-top-section elementor-element elementor-element-a368e75 elementor-section-full_width elementor-section-height-min-height elementor-section-height-default elementor-section-items-middle\" data-id=\"a368e75\" data-element_type=\"section\" data-e-type=\"section\" data-settings=\"{&quot;background_background&quot;:&quot;classic&quot;}\">\n\t\t\t\t\t\t<div class=\"elementor-container elementor-column-gap-custom\">\n\t\t\t\t\t<div class=\"elementor-column elementor-col-100 elementor-top-column elementor-element elementor-element-6020746\" data-id=\"6020746\" data-element_type=\"column\" data-e-type=\"column\">\n\t\t\t<div class=\"elementor-widget-wrap elementor-element-populated\">\n\t\t\t\t\t\t<div class=\"elementor-element elementor-element-b2f8c9d elementor-widget elementor-widget-heading\" data-id=\"b2f8c9d\" data-element_type=\"widget\" data-e-type=\"widget\" data-widget_type=\"heading.default\">\n\t\t\t\t<div class=\"elementor-widget-container\">\n\t\t\t\t\t<h2 class=\"elementor-heading-title elementor-size-xxl\">Costes de inscripci\u00f3n<\/h2>\t\t\t\t<\/div>\n\t\t\t\t<\/div>\n\t\t\t\t\t<\/div>\n\t\t<\/div>\n\t\t\t\t\t<\/div>\n\t\t<\/section>\n\t\t\t\t<section class=\"elementor-section elementor-top-section elementor-element elementor-element-527de47 elementor-section-full_width elementor-section-height-default elementor-section-height-default\" data-id=\"527de47\" data-element_type=\"section\" data-e-type=\"section\">\n\t\t\t\t\t\t<div class=\"elementor-container elementor-column-gap-custom\">\n\t\t\t\t\t<div class=\"elementor-column elementor-col-20 elementor-top-column elementor-element elementor-element-ad92145\" data-id=\"ad92145\" data-element_type=\"column\" data-e-type=\"column\">\n\t\t\t<div class=\"elementor-widget-wrap elementor-element-populated\">\n\t\t\t\t\t\t<div class=\"elementor-element elementor-element-4d9b477 elementor-widget elementor-widget-text-editor\" data-id=\"4d9b477\" data-element_type=\"widget\" data-e-type=\"widget\" data-widget_type=\"text-editor.default\">\n\t\t\t\t<div class=\"elementor-widget-container\">\n\t\t\t\t\t\t\t\t\t<p><span style=\"color: #000000\"><strong><span style=\"font-size: 11.0pt;line-height: 107%;font-family: 'Segoe UI Semilight',sans-serif\">Personas del grupo de Geograf\u00eda F\u00edsica de la AGE<\/span><\/strong><\/span><\/p>\t\t\t\t\t\t\t\t<\/div>\n\t\t\t\t<\/div>\n\t\t\t\t<div class=\"elementor-element elementor-element-3f5d63c elementor-widget elementor-widget-text-editor\" data-id=\"3f5d63c\" data-element_type=\"widget\" data-e-type=\"widget\" data-widget_type=\"text-editor.default\">\n\t\t\t\t<div class=\"elementor-widget-container\">\n\t\t\t\t\t\t\t\t\t<h1><span style=\"color: #ffff00\"><strong>225\u20ac<\/strong><\/span><\/h1>\t\t\t\t\t\t\t\t<\/div>\n\t\t\t\t<\/div>\n\t\t\t\t\t<\/div>\n\t\t<\/div>\n\t\t\t\t<div class=\"elementor-column elementor-col-20 elementor-top-column elementor-element elementor-element-c537910\" data-id=\"c537910\" data-element_type=\"column\" data-e-type=\"column\">\n\t\t\t<div class=\"elementor-widget-wrap elementor-element-populated\">\n\t\t\t\t\t\t<div class=\"elementor-element elementor-element-1da630d elementor-widget elementor-widget-text-editor\" data-id=\"1da630d\" data-element_type=\"widget\" data-e-type=\"widget\" data-widget_type=\"text-editor.default\">\n\t\t\t\t<div class=\"elementor-widget-container\">\n\t\t\t\t\t\t\t\t\t<p><span style=\"color: #000000\"><strong><span style=\"font-size: 11.0pt;line-height: 107%;font-family: 'Segoe UI Semilight',sans-serif\">Personas pertenecientes a otros grupos de la AGE y Colegio de Ge\u00f3grafos<\/span><\/strong><\/span><\/p>\t\t\t\t\t\t\t\t<\/div>\n\t\t\t\t<\/div>\n\t\t\t\t<div class=\"elementor-element elementor-element-0be6ccb elementor-widget elementor-widget-text-editor\" data-id=\"0be6ccb\" data-element_type=\"widget\" data-e-type=\"widget\" data-widget_type=\"text-editor.default\">\n\t\t\t\t<div class=\"elementor-widget-container\">\n\t\t\t\t\t\t\t\t\t<h1><span style=\"color: #ffff00\"><strong>275\u20ac<\/strong><\/span><\/h1>\t\t\t\t\t\t\t\t<\/div>\n\t\t\t\t<\/div>\n\t\t\t\t\t<\/div>\n\t\t<\/div>\n\t\t\t\t<div class=\"elementor-column elementor-col-20 elementor-top-column elementor-element elementor-element-f339872\" data-id=\"f339872\" data-element_type=\"column\" data-e-type=\"column\">\n\t\t\t<div class=\"elementor-widget-wrap elementor-element-populated\">\n\t\t\t\t\t\t<div class=\"elementor-element elementor-element-66a1c13 elementor-widget elementor-widget-text-editor\" data-id=\"66a1c13\" data-element_type=\"widget\" data-e-type=\"widget\" data-widget_type=\"text-editor.default\">\n\t\t\t\t<div class=\"elementor-widget-container\">\n\t\t\t\t\t\t\t\t\t<p><span style=\"color: #000000\"><strong><span style=\"font-size: 11.5pt;line-height: 107%;font-family: Arial, sans-serif\">No socios\/No socias de la AGE<\/span><\/strong><\/span><\/p>\t\t\t\t\t\t\t\t<\/div>\n\t\t\t\t<\/div>\n\t\t\t\t<div class=\"elementor-element elementor-element-0b0a279 elementor-widget elementor-widget-text-editor\" data-id=\"0b0a279\" data-element_type=\"widget\" data-e-type=\"widget\" data-widget_type=\"text-editor.default\">\n\t\t\t\t<div class=\"elementor-widget-container\">\n\t\t\t\t\t\t\t\t\t<h1 style=\"text-align: center\"><span style=\"color: #ffff00\"><strong>325\u20ac<\/strong><\/span><\/h1>\t\t\t\t\t\t\t\t<\/div>\n\t\t\t\t<\/div>\n\t\t\t\t\t<\/div>\n\t\t<\/div>\n\t\t\t\t<div class=\"elementor-column elementor-col-20 elementor-top-column elementor-element elementor-element-d3e5e94\" data-id=\"d3e5e94\" data-element_type=\"column\" data-e-type=\"column\">\n\t\t\t<div class=\"elementor-widget-wrap elementor-element-populated\">\n\t\t\t\t\t\t<div class=\"elementor-element elementor-element-2a90249 elementor-widget elementor-widget-text-editor\" data-id=\"2a90249\" data-element_type=\"widget\" data-e-type=\"widget\" data-widget_type=\"text-editor.default\">\n\t\t\t\t<div class=\"elementor-widget-container\">\n\t\t\t\t\t\t\t\t\t<p><span style=\"color: #000000\"><strong><span style=\"font-size: 11.5pt;line-height: 107%;font-family: Arial, sans-serif\">Doctorandos\/Doctorandas, estudiantes de grado y m\u00e1ster o profesionales que sean socios\/socias de la AGE o se encuentren en situaci\u00f3n de desempleo*<\/span><\/strong><\/span><\/p>\t\t\t\t\t\t\t\t<\/div>\n\t\t\t\t<\/div>\n\t\t\t\t<div class=\"elementor-element elementor-element-80b519f elementor-widget elementor-widget-text-editor\" data-id=\"80b519f\" data-element_type=\"widget\" data-e-type=\"widget\" data-widget_type=\"text-editor.default\">\n\t\t\t\t<div class=\"elementor-widget-container\">\n\t\t\t\t\t\t\t\t\t<h1 style=\"text-align: center\"><span style=\"color: #ffff00\"><strong>125\u20ac<\/strong><\/span><\/h1>\t\t\t\t\t\t\t\t<\/div>\n\t\t\t\t<\/div>\n\t\t\t\t\t<\/div>\n\t\t<\/div>\n\t\t\t\t<div class=\"elementor-column elementor-col-20 elementor-top-column elementor-element elementor-element-0734cd5\" data-id=\"0734cd5\" data-element_type=\"column\" data-e-type=\"column\">\n\t\t\t<div class=\"elementor-widget-wrap elementor-element-populated\">\n\t\t\t\t\t\t<div class=\"elementor-element elementor-element-a617e57 elementor-widget elementor-widget-text-editor\" data-id=\"a617e57\" data-element_type=\"widget\" data-e-type=\"widget\" data-widget_type=\"text-editor.default\">\n\t\t\t\t<div class=\"elementor-widget-container\">\n\t\t\t\t\t\t\t\t\t<p><span style=\"color: #000000\"><strong>Doctorandos\/Doctorandas, estudiantes de grado y de m\u00e1ster y profesionales que, <span style=\"color: #ff0000\">NO sean socios\/socias de la AGE o se encuentren en situaci\u00f3n de desempleo*<\/span><\/strong><\/span><\/p>\t\t\t\t\t\t\t\t<\/div>\n\t\t\t\t<\/div>\n\t\t\t\t<div class=\"elementor-element elementor-element-3d25392 elementor-widget elementor-widget-text-editor\" data-id=\"3d25392\" data-element_type=\"widget\" data-e-type=\"widget\" data-widget_type=\"text-editor.default\">\n\t\t\t\t<div class=\"elementor-widget-container\">\n\t\t\t\t\t\t\t\t\t<h1 style=\"text-align: center\"><span style=\"color: #ffff00\"><strong>150\u20ac<\/strong><\/span><\/h1>\t\t\t\t\t\t\t\t<\/div>\n\t\t\t\t<\/div>\n\t\t\t\t\t<\/div>\n\t\t<\/div>\n\t\t\t\t\t<\/div>\n\t\t<\/section>\n\t\t\t\t<section class=\"elementor-section elementor-top-section elementor-element elementor-element-82b8915 elementor-section-full_width elementor-section-height-default elementor-section-height-default\" data-id=\"82b8915\" data-element_type=\"section\" data-e-type=\"section\">\n\t\t\t\t\t\t<div class=\"elementor-container elementor-column-gap-default\">\n\t\t\t\t\t<div class=\"elementor-column elementor-col-100 elementor-top-column elementor-element elementor-element-734bffd\" data-id=\"734bffd\" data-element_type=\"column\" data-e-type=\"column\">\n\t\t\t<div class=\"elementor-widget-wrap elementor-element-populated\">\n\t\t\t\t\t\t<div class=\"elementor-element elementor-element-5332ed0 elementor-widget elementor-widget-text-editor\" data-id=\"5332ed0\" data-element_type=\"widget\" data-e-type=\"widget\" data-widget_type=\"text-editor.default\">\n\t\t\t\t<div class=\"elementor-widget-container\">\n\t\t\t\t\t\t\t\t\t<p class=\"MsoNormal\"><strong><span style=\"color: #ff0000\">(*) Se deber\u00e1 aportar justificante de la condici\u00f3n de estudiante y, en su caso, de desempleo.<\/span><\/strong><\/p><p class=\"MsoNormal\"><span style=\"color: #000000\"><strong>La inscripci\u00f3n incluye los transportes de los diferentes recorridos, el material de las jornadas, y las comidas-picnic de todos los d\u00edas.<\/strong><\/span><\/p><hr \/><div>\u00a0<\/div>\t\t\t\t\t\t\t\t<\/div>\n\t\t\t\t<\/div>\n\t\t\t\t\t<\/div>\n\t\t<\/div>\n\t\t\t\t\t<\/div>\n\t\t<\/section>\n\t\t\t\t<section class=\"elementor-section elementor-top-section elementor-element elementor-element-92f0280 elementor-section-full_width elementor-section-height-min-height elementor-section-stretched elementor-section-height-default elementor-section-items-middle\" data-id=\"92f0280\" data-element_type=\"section\" data-e-type=\"section\" data-settings=\"{&quot;stretch_section&quot;:&quot;section-stretched&quot;,&quot;background_background&quot;:&quot;classic&quot;}\">\n\t\t\t\t\t\t\t<div class=\"elementor-background-overlay\"><\/div>\n\t\t\t\t\t\t\t<div class=\"elementor-container elementor-column-gap-default\">\n\t\t\t\t\t<div class=\"elementor-column elementor-col-100 elementor-top-column elementor-element elementor-element-1f9b2ae\" data-id=\"1f9b2ae\" data-element_type=\"column\" data-e-type=\"column\">\n\t\t\t<div class=\"elementor-widget-wrap elementor-element-populated\">\n\t\t\t\t\t\t<div class=\"elementor-element elementor-element-7f6e49f elementor-widget elementor-widget-heading\" data-id=\"7f6e49f\" data-element_type=\"widget\" data-e-type=\"widget\" data-widget_type=\"heading.default\">\n\t\t\t\t<div class=\"elementor-widget-container\">\n\t\t\t\t\t<h2 class=\"elementor-heading-title elementor-size-xxl\">INSCRIPCIONES CERRADAS<\/h2>\t\t\t\t<\/div>\n\t\t\t\t<\/div>\n\t\t\t\t<div class=\"elementor-element elementor-element-69f7f4d elementor-align-center elementor-widget elementor-widget-button\" data-id=\"69f7f4d\" data-element_type=\"widget\" data-e-type=\"widget\" data-widget_type=\"button.default\">\n\t\t\t\t<div class=\"elementor-widget-container\">\n\t\t\t\t\t\t\t\t\t<div class=\"elementor-button-wrapper\">\n\t\t\t\t\t<a class=\"elementor-button elementor-button-link elementor-size-xl\" href=\"https:\/\/forms.gle\/F1G9ucdXUvKALKicA\" target=\"_blank\">\n\t\t\t\t\t\t<span class=\"elementor-button-content-wrapper\">\n\t\t\t\t\t\t<span class=\"elementor-button-icon\">\n\t\t\t\t<i aria-hidden=\"true\" class=\"fab fa-wpforms\"><\/i>\t\t\t<\/span>\n\t\t\t\t\t\t\t\t\t<span class=\"elementor-button-text\">Ir al formulario de inscripciones<\/span>\n\t\t\t\t\t<\/span>\n\t\t\t\t\t<\/a>\n\t\t\t\t<\/div>\n\t\t\t\t\t\t\t\t<\/div>\n\t\t\t\t<\/div>\n\t\t\t\t\t<\/div>\n\t\t<\/div>\n\t\t\t\t\t<\/div>\n\t\t<\/section>\n\t\t\t\t<\/div>\n\t\t","protected":false},"excerpt":{"rendered":"<p>\/*! elementor &#8211; v3.11.1 &#8211; 15-02-2023 *\/ .elementor-alert{padding:15px;border-left:5px solid transparent;position:relative;text-align:left}.elementor-alert .elementor-alert-title{display:block;font-weight:700}.elementor-alert .elementor-alert-description{font-size:13px}.elementor-alert button.elementor-alert-dismiss{position:absolute;right:var(&#8211;dismiss-icon-horizontal-position,10px);top:var(&#8211;dismiss-icon-vertical-position,10px);padding:3px;font-size:var(&#8211;dismiss-icon-size,20px);line-height:1;background:transparent;color:var(&#8211;dismiss-icon-normal-color,inherit);border:none;cursor:pointer;transition-duration:var(&#8211;dismiss-icon-hover-transition-duration,.3s)}.elementor-alert button.elementor-alert-dismiss:hover{color:var(&#8211;dismiss-icon-hover-color,inherit)}.elementor-alert button.elementor-alert-dismiss svg{width:var(&#8211;dismiss-icon-size,20px);height:var(&#8211;dismiss-icon-size,20px);fill:var(&#8211;dismiss-icon-normal-color,currentColor);transition-duration:var(&#8211;dismiss-icon-hover-transition-duration,.3s)}.elementor-alert button.elementor-alert-dismiss svg:hover{fill:var(&#8211;dismiss-icon-hover-color,currentColor)}.elementor-alert.elementor-alert-info{color:#31708f;background-color:#d9edf7;border-color:#bcdff1}.elementor-alert.elementor-alert-success{color:#3c763d;background-color:#dff0d8;border-color:#cae6be}.elementor-alert.elementor-alert-warning{color:#8a6d3b;background-color:#fcf8e3;border-color:#f9f0c3}.elementor-alert.elementor-alert-danger{color:#a94442;background-color:#f2dede;border-color:#e8c4c4}@media (max-width:767px){.elementor-alert{padding:10px}.elementor-alert button.elementor-alert-dismiss{right:7px;top:7px}} INSCRIPCIONES CERRADAS \/*! elementor &#8211; v3.11.1 &#8211; 15-02-2023 *\/ .elementor-heading-title{padding:0;margin:0;line-height:1}.elementor-widget-heading .elementor-heading-title[class*=elementor-size-]&gt;a{color:inherit;font-size:inherit;line-height:inherit}.elementor-widget-heading .elementor-heading-title.elementor-size-small{font-size:15px}.elementor-widget-heading .elementor-heading-title.elementor-size-medium{font-size:19px}.elementor-widget-heading .elementor-heading-title.elementor-size-large{font-size:29px}.elementor-widget-heading .elementor-heading-title.elementor-size-xl{font-size:39px}.elementor-widget-heading .elementor-heading-title.elementor-size-xxl{font-size:59px} Costes de inscripci\u00f3n Personas del grupo de Geograf\u00eda F\u00edsica de la AGE 225\u20ac Personas pertenecientes a otros grupos de [&hellip;]<\/p>\n","protected":false},"author":345,"featured_media":0,"parent":0,"menu_order":0,"comment_status":"closed","ping_status":"closed","template":"elementor_header_footer","meta":{"ngg_post_thumbnail":0,"footnotes":""},"class_list":["post-51","page","type-page","status-publish","hentry"],"_links":{"self":[{"href":"https:\/\/wp.ull.es\/36geofis\/wp-json\/wp\/v2\/pages\/51","targetHints":{"allow":["GET"]}}],"collection":[{"href":"https:\/\/wp.ull.es\/36geofis\/wp-json\/wp\/v2\/pages"}],"about":[{"href":"https:\/\/wp.ull.es\/36geofis\/wp-json\/wp\/v2\/types\/page"}],"author":[{"embeddable":true,"href":"https:\/\/wp.ull.es\/36geofis\/wp-json\/wp\/v2\/users\/345"}],"replies":[{"embeddable":true,"href":"https:\/\/wp.ull.es\/36geofis\/wp-json\/wp\/v2\/comments?post=51"}],"version-history":[{"count":2,"href":"https:\/\/wp.ull.es\/36geofis\/wp-json\/wp\/v2\/pages\/51\/revisions"}],"predecessor-version":[{"id":817,"href":"https:\/\/wp.ull.es\/36geofis\/wp-json\/wp\/v2\/pages\/51\/revisions\/817"}],"wp:attachment":[{"href":"https:\/\/wp.ull.es\/36geofis\/wp-json\/wp\/v2\/media?parent=51"}],"curies":[{"name":"wp","href":"https:\/\/api.w.org\/{rel}","templated":true}]}}